{"id":5682,"date":"2021-07-13T10:10:01","date_gmt":"2021-07-13T07:10:01","guid":{"rendered":"https:\/\/portaltest.atauni.edu.tr\/bilgisayar-muhendisligi\/?page_id=5682"},"modified":"2024-02-13T14:51:33","modified_gmt":"2024-02-13T11:51:33","slug":"misyon-vizyon-ve-temel-degerler","status":"publish","type":"page","link":"https:\/\/atauni.edu.tr\/uluslararasi-iliskiler-bolumu\/misyon-vizyon-ve-temel-degerler\/","title":{"rendered":"Misyon, Vizyon ve Temel De\u011ferler"},"content":{"rendered":"\t\t<div data-elementor-type=\"wp-page\" data-elementor-id=\"5682\" class=\"elementor elementor-5682\" data-elementor-post-type=\"page\">\n\t\t\t\t\t\t<section class=\"elementor-section elementor-top-section elementor-element elementor-element-730d320 elementor-section-boxed elementor-section-height-default elementor-section-height-default\" data-id=\"730d320\" data-element_type=\"section\">\n\t\t\t\t\t\t<div class=\"elementor-container elementor-column-gap-default\">\n\t\t\t\t\t<div class=\"elementor-column elementor-col-100 elementor-top-column elementor-element elementor-element-753d0860\" data-id=\"753d0860\" data-element_type=\"column\">\n\t\t\t<div class=\"elementor-widget-wrap\">\n\t\t\t\t\t\t\t<\/div>\n\t\t<\/div>\n\t\t\t\t\t<\/div>\n\t\t<\/section>\n\t\t\t\t<section class=\"elementor-section elementor-top-section elementor-element elementor-element-9be811a elementor-section-boxed elementor-section-height-default elementor-section-height-default\" data-id=\"9be811a\" data-element_type=\"section\">\n\t\t\t\t\t\t<div class=\"elementor-container elementor-column-gap-default\">\n\t\t\t\t\t<div class=\"elementor-column elementor-col-100 elementor-top-column elementor-element elementor-element-1ed847b7\" data-id=\"1ed847b7\" data-element_type=\"column\">\n\t\t\t<div class=\"elementor-widget-wrap elementor-element-populated\">\n\t\t\t\t\t\t<div class=\"elementor-element elementor-element-4ce0d07f elementor-widget elementor-widget-heading\" data-id=\"4ce0d07f\" data-element_type=\"widget\" data-widget_type=\"heading.default\">\n\t\t\t\t<div class=\"elementor-widget-container\">\n\t\t\t\t\t<h2 class=\"elementor-heading-title elementor-size-default\">Misyon, Vizyon ve Temel De\u011ferler<\/h2>\t\t\t\t<\/div>\n\t\t\t\t<\/div>\n\t\t\t\t<div class=\"elementor-element elementor-element-63260862 elementor-widget-divider--view-line elementor-widget elementor-widget-divider\" data-id=\"63260862\" data-element_type=\"widget\" data-widget_type=\"divider.default\">\n\t\t\t\t<div class=\"elementor-widget-container\">\n\t\t\t\t\t\t\t<div class=\"elementor-divider\">\n\t\t\t<span class=\"elementor-divider-separator\">\n\t\t\t\t\t\t<\/span>\n\t\t<\/div>\n\t\t\t\t\t\t<\/div>\n\t\t\t\t<\/div>\n\t\t\t\t\t<\/div>\n\t\t<\/div>\n\t\t\t\t\t<\/div>\n\t\t<\/section>\n\t\t\t\t<section class=\"elementor-section elementor-top-section elementor-element elementor-element-681db8b elementor-section-boxed elementor-section-height-default elementor-section-height-default\" data-id=\"681db8b\" data-element_type=\"section\">\n\t\t\t\t\t\t<div class=\"elementor-container elementor-column-gap-default\">\n\t\t\t\t\t<div class=\"elementor-column elementor-col-100 elementor-top-column elementor-element elementor-element-ad4dac5\" data-id=\"ad4dac5\" data-element_type=\"column\">\n\t\t\t<div class=\"elementor-widget-wrap elementor-element-populated\">\n\t\t\t\t\t\t<div class=\"elementor-element elementor-element-2f96b3d elementor-widget__width-initial elementor-widget elementor-widget-text-editor\" data-id=\"2f96b3d\" data-element_type=\"widget\" data-widget_type=\"text-editor.default\">\n\t\t\t\t<div class=\"elementor-widget-container\">\n\t\t\t\t\t\t\t\t\t<div class=\"page\" title=\"Page 6\"><div class=\"layoutArea\"><div class=\"column\"><div class=\"layoutArea\"><div class=\"column\"><h4><strong>Misyon<\/strong><\/h4><\/div><\/div><div class=\"layoutArea\"><div class=\"column\"><p>Uluslararas\u0131 I\u0307lis\u0327kiler Bo\u0308lu\u0308mu\u0308, Atatu\u0308rk U\u0308niversitesi\u2019nin benimsedig\u0306i \u201co\u0308rgu\u0308n ve uzaktan eg\u0306itim yoluyla nitelikli bireyler yetis\u0327tirmek, bilime evrensel du\u0308zeyde deg\u0306er katan aras\u0327t\u0131rmalar yapmak, bo\u0308lgenin ve u\u0308lkenin su\u0308rdu\u0308ru\u0308lebilir kalk\u0131nmas\u0131na katk\u0131 sag\u0306lamak\u201d misyonunu u\u0308stlenmis\u0327tir. Bununla beraber bo\u0308lge u\u0308niversitesi fonksiyonunu yerine getirebilmek ad\u0131na;\u00a0 Kafkasya, Orta Asya ve Ortadog\u0306u bo\u0308lgeleri ic\u0327erisinde yer alan u\u0308lkelere y\u00f6nelik akademik ara\u015ft\u0131rmalar\u0131 desteklemek ve ilgili anabilim dallar\u0131nda \u00f6zg\u00fcn, yenilik\u00e7i \u00e7al\u0131\u015fmalar \u00fcretmek, b\u00f6l\u00fcm\u00fcm\u00fcz\u00fcn temel misyonlar\u0131 aras\u0131ndad\u0131r.<\/p><\/div><\/div><h4><strong>Vizyon<\/strong><\/h4><div class=\"page\" title=\"Page 7\"><div class=\"layoutArea\"><div class=\"column\"><p>B\u00f6l\u00fcm\u00fcm\u00fcz\u00fcn temel vizyonu; gu\u0308nu\u0308mu\u0308zu\u0308n c\u0327ag\u0306das\u0327 bilgi ve becerileriyle donat\u0131lm\u0131s\u0327, Tu\u0308rkiye\u2019nin ve du\u0308nyan\u0131n ic\u0327inde bulundug\u0306u kos\u0327ullar\u0131 ve gelis\u0327meleri yak\u0131ndan izleyebilen Tu\u0308rk ve yabanc\u0131 o\u0308g\u0306rencilerin yetis\u0327tirilmesini sa\u011flamak ve bu alandaki akademik ara\u015ft\u0131rmalara katk\u0131 sunmakt\u0131r.<\/p><h4><strong>Temel De\u011ferler<\/strong><\/h4><ul><li>Evrensel bilim ilkelerine uymak<\/li><li>Etik ve ahlak de\u011ferlerini \u00f6ncelemek<\/li><li>Kurumsal k\u00fclt\u00fcr\u00fc geli\u015ftirmek<\/li><li>Hesap verebilirlik<\/li><li>S\u00fcrd\u00fcr\u00fclebilir e\u011fitim-\u00f6\u011fretim yap\u0131s\u0131 olu\u015fturmak<\/li><li>S\u00fcrekli daha iyiyi hedeflemek<\/li><li>Payda\u015flarla i\u015fbirli\u011fi<\/li><\/ul><h4>Hedefler<\/h4><ul><li>Atat\u00fcrk \u00dcniversitesinin stratejik hedeflerine katk\u0131 yapmak<\/li><li>Nitelikli b\u00fcy\u00fcme<\/li><li>Toplumsal katk\u0131 d\u00fczeyini art\u0131rmak<\/li><li>Nitelikli insan g\u00fcc\u00fc yeti\u015ftirmek<\/li><li>Bilimsel geli\u015fme<\/li><li>Ulusal ve uluslararas\u0131 \u00fcniversitelerin \u00f6zde\u015f b\u00f6l\u00fcmleriyle i\u015fbirli\u011fi<\/li><li>Payda\u015flarla her konuda ileti\u015fimi geli\u015ftirmek<\/li><li>Ulusal ve uluslararas\u0131 d\u00fczeyde \u00f6\u011frenci hareketlili\u011fini art\u0131rmak<\/li><li>\u00d6\u011frencilerimizin kariyer planlamalar\u0131na aktif katk\u0131 sa\u011flamak<\/li><li>Tercih edilme d\u00fczeyini art\u0131rmak<\/li><li>\u00d6\u011frenci memnuniyet d\u00fczeyini art\u0131rmak<\/li><\/ul><h4>Stratejik Ama\u00e7lar<\/h4><ul><li>Kafkasya, Orta Asya ve Orta Do\u011fu \u00fclkelerindeki \u00fcniversitelerle ortakl\u0131klar geli\u015ftirerek fak\u00fclte ve \u00fcniversitenin uluslararas\u0131la\u015fma stratejisine katk\u0131 sa\u011flamak<\/li><li>B\u00f6l\u00fcm \u00f6\u011fretim \u00fcyelerinin yurt d\u0131\u015f\u0131ndaki \u00e7e\u015fitli \u00fcniversitelerde ara\u015ft\u0131rma ama\u00e7l\u0131 ziyaretlerde bulunmas\u0131<\/li><li>De\u011fi\u015fim programlar\u0131 vas\u0131tas\u0131yla yurt d\u0131\u015f\u0131ndan gelen \u00f6\u011frencilere \u00e7a\u011fda\u015f bir e\u011fitim sunulmas\u0131<\/li><li>Atat\u00fcrk \u00dcniversitesi b\u00fcnyesindeki \u00e7e\u015fitli b\u00f6lgesel ara\u015ft\u0131rma merkezleriyle yak\u0131n co\u011frafyay\u0131 dikkate alan ortak \u00e7al\u0131\u015fma projeleri olu\u015fturmak<\/li><\/ul><\/div><\/div><div class=\"layoutArea\"><div class=\"column\"><div class=\"page\" title=\"Page 8\"><div class=\"layoutArea\"><div class=\"column\">\u00a0<\/div><\/div><\/div><\/div><\/div><\/div><\/div><\/div><\/div>\t\t\t\t\t\t\t\t<\/div>\n\t\t\t\t<\/div>\n\t\t\t\t\t<\/div>\n\t\t<\/div>\n\t\t\t\t\t<\/div>\n\t\t<\/section>\n\t\t\t\t<\/div>\n\t\t","protected":false},"excerpt":{"rendered":"<p>Misyon, Vizyon ve Temel De\u011ferler Misyon Uluslararas\u0131 I\u0307lis\u0327kiler Bo\u0308lu\u0308mu\u0308, Atatu\u0308rk U\u0308niversitesi\u2019nin benimsedig\u0306i \u201co\u0308rgu\u0308n ve uzaktan eg\u0306itim yoluyla nitelikli bireyler yetis\u0327tirmek, bilime evrensel du\u0308zeyde deg\u0306er katan aras\u0327t\u0131rmalar yapmak, bo\u0308lgenin ve u\u0308lkenin su\u0308rdu\u0308ru\u0308lebilir kalk\u0131nmas\u0131na katk\u0131 sag\u0306lamak\u201d misyonunu u\u0308stlenmis\u0327tir. Bununla beraber bo\u0308lge u\u0308niversitesi fonksiyonunu yerine getirebilmek ad\u0131na;\u00a0 Kafkasya, Orta Asya ve Ortadog\u0306u bo\u0308lgeleri ic\u0327erisinde yer alan u\u0308lkelere y\u00f6nelik [&hellip;]<\/p>\n","protected":false},"author":1,"featured_media":0,"parent":0,"menu_order":0,"comment_status":"closed","ping_status":"closed","template":"elementor_header_footer","meta":{"footnotes":""},"class_list":["post-5682","page","type-page","status-publish","hentry"],"_links":{"self":[{"href":"https:\/\/atauni.edu.tr\/uluslararasi-iliskiler-bolumu\/wp-json\/wp\/v2\/pages\/5682","targetHints":{"allow":["GET"]}}],"collection":[{"href":"https:\/\/atauni.edu.tr\/uluslararasi-iliskiler-bolumu\/wp-json\/wp\/v2\/pages"}],"about":[{"href":"https:\/\/atauni.edu.tr\/uluslararasi-iliskiler-bolumu\/wp-json\/wp\/v2\/types\/page"}],"author":[{"embeddable":true,"href":"https:\/\/atauni.edu.tr\/uluslararasi-iliskiler-bolumu\/wp-json\/wp\/v2\/users\/1"}],"replies":[{"embeddable":true,"href":"https:\/\/atauni.edu.tr\/uluslararasi-iliskiler-bolumu\/wp-json\/wp\/v2\/comments?post=5682"}],"version-history":[{"count":26,"href":"https:\/\/atauni.edu.tr\/uluslararasi-iliskiler-bolumu\/wp-json\/wp\/v2\/pages\/5682\/revisions"}],"predecessor-version":[{"id":6852,"href":"https:\/\/atauni.edu.tr\/uluslararasi-iliskiler-bolumu\/wp-json\/wp\/v2\/pages\/5682\/revisions\/6852"}],"wp:attachment":[{"href":"https:\/\/atauni.edu.tr\/uluslararasi-iliskiler-bolumu\/wp-json\/wp\/v2\/media?parent=5682"}],"curies":[{"name":"wp","href":"https:\/\/api.w.org\/{rel}","templated":true}]}}