{"id":5688,"date":"2021-07-13T10:13:48","date_gmt":"2021-07-13T07:13:48","guid":{"rendered":"https:\/\/portaltest.atauni.edu.tr\/bilgisayar-muhendisligi\/?page_id=5688"},"modified":"2026-02-18T15:32:34","modified_gmt":"2026-02-18T12:32:34","slug":"akademik-personel","status":"publish","type":"page","link":"https:\/\/atauni.edu.tr\/uluslararasi-iliskiler-bolumu\/akademik-personel\/","title":{"rendered":"Akademik Personel"},"content":{"rendered":"\t\t<div data-elementor-type=\"wp-page\" data-elementor-id=\"5688\" class=\"elementor elementor-5688\" data-elementor-post-type=\"page\">\n\t\t\t\t\t\t<section class=\"elementor-section elementor-top-section elementor-element elementor-element-22b96024 elementor-section-boxed elementor-section-height-default elementor-section-height-default\" data-id=\"22b96024\" data-element_type=\"section\">\n\t\t\t\t\t\t<div class=\"elementor-container elementor-column-gap-default\">\n\t\t\t\t\t<div class=\"elementor-column elementor-col-100 elementor-top-column elementor-element elementor-element-5a1f7769\" data-id=\"5a1f7769\" data-element_type=\"column\">\n\t\t\t<div class=\"elementor-widget-wrap elementor-element-populated\">\n\t\t\t\t\t\t<div class=\"elementor-element elementor-element-3b3e2d4a elementor-widget elementor-widget-heading\" data-id=\"3b3e2d4a\" data-element_type=\"widget\" data-widget_type=\"heading.default\">\n\t\t\t\t<div class=\"elementor-widget-container\">\n\t\t\t\t\t<h2 class=\"elementor-heading-title elementor-size-default\">Akademik Personel<\/h2>\t\t\t\t<\/div>\n\t\t\t\t<\/div>\n\t\t\t\t<div class=\"elementor-element elementor-element-35223868 elementor-widget-divider--view-line elementor-widget elementor-widget-divider\" data-id=\"35223868\" data-element_type=\"widget\" data-widget_type=\"divider.default\">\n\t\t\t\t<div class=\"elementor-widget-container\">\n\t\t\t\t\t\t\t<div class=\"elementor-divider\">\n\t\t\t<span class=\"elementor-divider-separator\">\n\t\t\t\t\t\t<\/span>\n\t\t<\/div>\n\t\t\t\t\t\t<\/div>\n\t\t\t\t<\/div>\n\t\t\t\t\t<\/div>\n\t\t<\/div>\n\t\t\t\t\t<\/div>\n\t\t<\/section>\n\t\t\t\t<section class=\"elementor-section elementor-top-section elementor-element elementor-element-09c9719 elementor-section-boxed elementor-section-height-default elementor-section-height-default\" data-id=\"09c9719\" data-element_type=\"section\">\n\t\t\t\t\t\t<div class=\"elementor-container elementor-column-gap-default\">\n\t\t\t\t\t<div class=\"elementor-column elementor-col-100 elementor-top-column elementor-element elementor-element-102b4dd\" data-id=\"102b4dd\" data-element_type=\"column\">\n\t\t\t<div class=\"elementor-widget-wrap elementor-element-populated\">\n\t\t\t\t\t\t<section class=\"elementor-section elementor-inner-section elementor-element elementor-element-a1bb382 elementor-section-boxed elementor-section-height-default elementor-section-height-default\" data-id=\"a1bb382\" data-element_type=\"section\">\n\t\t\t\t\t\t<div class=\"elementor-container elementor-column-gap-default\">\n\t\t\t\t\t<div class=\"elementor-column elementor-col-50 elementor-inner-column elementor-element elementor-element-71d7256\" data-id=\"71d7256\" data-element_type=\"column\">\n\t\t\t<div class=\"elementor-widget-wrap elementor-element-populated\">\n\t\t\t\t\t\t<div class=\"elementor-element elementor-element-351c342 elementor-widget elementor-widget-text-editor\" data-id=\"351c342\" data-element_type=\"widget\" data-widget_type=\"text-editor.default\">\n\t\t\t\t<div class=\"elementor-widget-container\">\n\t\t\t\t\t\t\t\t\t<p><strong>B\u00d6L\u00dcM BA\u015eKANI\u00a0<\/strong><\/p><p><a href=\"https:\/\/avesis.atauni.edu.tr\/msdilek\">Prof. Dr. Mehmet Sait D\u0130LEK<\/a><\/p><p><strong>B\u00d6L\u00dcM BA\u015eKAN YARDIMCILARI\u00a0<\/strong><\/p><p><a href=\"https:\/\/avesis.atauni.edu.tr\/sinem.tan\">Do\u00e7. Dr. Sinem \u00c7EL\u0130K<\/a><\/p><p><a href=\"https:\/\/avesis.atauni.edu.tr\/ertugrul.umudum\">Dr. \u00d6\u011fr. \u00dcyesi Hulusi Ertu\u011frul UMUDUM<\/a><\/p>\t\t\t\t\t\t\t\t<\/div>\n\t\t\t\t<\/div>\n\t\t\t\t\t<\/div>\n\t\t<\/div>\n\t\t\t\t<div class=\"elementor-column elementor-col-50 elementor-inner-column elementor-element elementor-element-e2b95f9\" data-id=\"e2b95f9\" data-element_type=\"column\">\n\t\t\t<div class=\"elementor-widget-wrap elementor-element-populated\">\n\t\t\t\t\t\t<div class=\"elementor-element elementor-element-cf54c96 elementor-widget elementor-widget-text-editor\" data-id=\"cf54c96\" data-element_type=\"widget\" data-widget_type=\"text-editor.default\">\n\t\t\t\t<div class=\"elementor-widget-container\">\n\t\t\t\t\t\t\t\t\t<p><strong>AKADEM\u0130K PERSONEL<\/strong><\/p><p><a href=\"https:\/\/avesis.atauni.edu.tr\/msdilek\">Prof. Dr. Mehmet Sait D\u0130LEK\u00a0<\/a><\/p><p><a href=\"https:\/\/avesis.atauni.edu.tr\/aliservetoncu\">Prof. Dr. Ali Servet \u00d6NC\u00dc<\/a><\/p><p><a href=\"https:\/\/avesis.atauni.edu.tr\/gulsenaydin\">Do\u00e7. Dr. G\u00fcl\u015fen AYDIN<\/a><\/p><p><a href=\"https:\/\/avesis.atauni.edu.tr\/tayfun.ustun\">Do\u00e7. Dr. Mustafa Tayfun \u00dcST\u00dcN<\/a><\/p><p><a href=\"https:\/\/avesis.atauni.edu.tr\/sinem.tan\">Do\u00e7. Dr. Sinem \u00c7EL\u0130K<\/a><\/p><p><a href=\"https:\/\/avesis.atauni.edu.tr\/muge.yuce\">Do\u00e7. Dr. M\u00fcge Y\u00dcCE<\/a>\u00a0<\/p><p><a href=\"https:\/\/avesis.atauni.edu.tr\/ertugrul.umudum\">Dr. \u00d6\u011fr. \u00dcyesi Hulusi Ertu\u011frul UMUDUM<\/a><\/p><p><a href=\"https:\/\/avesis.atauni.edu.tr\/murat.kurun\">Dr. \u00d6\u011fr. \u00dcyesi Murat KURUN<\/a><\/p><p><a href=\"https:\/\/avesis.atauni.edu.tr\/fahri.danis\">Dr. \u00d6\u011fr. \u00dcyesi Mehmet Fahri DANI\u015e<\/a><\/p><p><a style=\"background-color: #ffffff\" href=\"https:\/\/avesis.atauni.edu.tr\/oguzhanozdemir\">Dr. \u00d6\u011fr. \u00dcyesi O\u011fuzhan \u00d6ZDEM\u0130R<\/a><\/p><p><a href=\"https:\/\/avesis.atauni.edu.tr\/kemal.gokcay\">Dr. \u00d6\u011fr. \u00dcyesi Kemal G\u00d6K\u00c7AY<\/a><\/p><p><a href=\"https:\/\/avesis.atauni.edu.tr\/nazlionder\">Dr. \u00d6\u011fr. \u00dcyesi Nazl\u0131 M\u00fcge \u00d6NDER<\/a><\/p><p><a href=\"https:\/\/avesis.atauni.edu.tr\/ahmetfozyakar\">Dr. \u00d6\u011fr. \u00dcyesi Ahmet Furkan \u00d6ZYAKAR<\/a><\/p><p><a href=\"https:\/\/avesis.atauni.edu.tr\/asiye.s\/iletisim\">\u00d6\u011fr. G\u00f6r. <\/a><a href=\"https:\/\/avesis.atauni.edu.tr\/asiye.s\/iletisim\">Dr. <\/a><a href=\"https:\/\/avesis.atauni.edu.tr\/asiye.s\/iletisim\">Asiye \u015e\u0130M\u015eEK ADEM\u0130<\/a><\/p><p><a href=\"https:\/\/avesis.atauni.edu.tr\/asiye.s\/iletisim\">\u00d6\u011fr. G\u00f6r. <\/a><a href=\"https:\/\/avesis.atauni.edu.tr\/asiye.s\/iletisim\">Dr. <\/a><a href=\"https:\/\/avesis.atauni.edu.tr\/busraerimli\"> B\u00fc\u015fra ER\u0130ML\u0130<\/a><\/p><p><a href=\"https:\/\/avesis.atauni.edu.tr\/selma.imamoglu\/iletisim\">\u00d6\u011fr. G\u00f6r. Dr. Selma \u0130MAMO\u011eLU<\/a><\/p><p><a href=\"https:\/\/avesis.atauni.edu.tr\/lokmancomert\">\u00d6\u011fr. G\u00f6r. Lokman C\u00d6MERT<\/a><\/p><p><a href=\"https:\/\/avesis.atauni.edu.tr\/s.bicerhazir\">\u00d6\u011fr. G\u00f6r. \u015eeyma B\u0130\u00c7ER HAZIR<\/a><\/p><p><a href=\"https:\/\/avesis.atauni.edu.tr\/mehmetakgul\">\u00d6\u011fr. G\u00f6r. Mehmet AKG\u00dcL<\/a><\/p><p><a href=\"https:\/\/avesis.atauni.edu.tr\/kubra.caglar\">Ar\u015f. G\u00f6r. Dr. K\u00fcbra \u00c7A\u011eLAR HEK\u0130MO\u011eLU<\/a><\/p><p><a href=\"https:\/\/avesis.atauni.edu.tr\/recepkemalkuzu\">Ar\u015f. G\u00f6r. Recep Kemal KUZU<\/a><\/p><p><a href=\"https:\/\/avesis.atauni.edu.tr\/hasan.bekdes\/iletisim\" target=\"_blank\" rel=\"noopener\">Ar\u015f. G\u00f6r.\u00a0Hasan BEKDE\u015e<\/a><\/p><p><a href=\"https:\/\/avesis.atauni.edu.tr\/mehmetkaradabag\">Ar\u015f. G\u00f6r. Mehmet O\u011fulcan KARADABA\u011e<\/a><\/p>\t\t\t\t\t\t\t\t<\/div>\n\t\t\t\t<\/div>\n\t\t\t\t\t<\/div>\n\t\t<\/div>\n\t\t\t\t\t<\/div>\n\t\t<\/section>\n\t\t\t\t\t<\/div>\n\t\t<\/div>\n\t\t\t\t\t<\/div>\n\t\t<\/section>\n\t\t\t\t<\/div>\n\t\t","protected":false},"excerpt":{"rendered":"<p>Akademik Personel B\u00d6L\u00dcM BA\u015eKANI\u00a0 Prof. Dr. Mehmet Sait D\u0130LEK B\u00d6L\u00dcM BA\u015eKAN YARDIMCILARI\u00a0 Do\u00e7. Dr. Sinem \u00c7EL\u0130K Dr. \u00d6\u011fr. \u00dcyesi Hulusi Ertu\u011frul UMUDUM AKADEM\u0130K PERSONEL Prof. Dr. Mehmet Sait D\u0130LEK\u00a0 Prof. Dr. Ali Servet \u00d6NC\u00dc Do\u00e7. Dr. G\u00fcl\u015fen AYDIN Do\u00e7. Dr. Mustafa Tayfun \u00dcST\u00dcN Do\u00e7. Dr. Sinem \u00c7EL\u0130K Do\u00e7. Dr. M\u00fcge Y\u00dcCE\u00a0 Dr. \u00d6\u011fr. \u00dcyesi Hulusi [&hellip;]<\/p>\n","protected":false},"author":1,"featured_media":0,"parent":0,"menu_order":0,"comment_status":"closed","ping_status":"closed","template":"elementor_header_footer","meta":{"footnotes":""},"class_list":["post-5688","page","type-page","status-publish","hentry"],"_links":{"self":[{"href":"https:\/\/atauni.edu.tr\/uluslararasi-iliskiler-bolumu\/wp-json\/wp\/v2\/pages\/5688","targetHints":{"allow":["GET"]}}],"collection":[{"href":"https:\/\/atauni.edu.tr\/uluslararasi-iliskiler-bolumu\/wp-json\/wp\/v2\/pages"}],"about":[{"href":"https:\/\/atauni.edu.tr\/uluslararasi-iliskiler-bolumu\/wp-json\/wp\/v2\/types\/page"}],"author":[{"embeddable":true,"href":"https:\/\/atauni.edu.tr\/uluslararasi-iliskiler-bolumu\/wp-json\/wp\/v2\/users\/1"}],"replies":[{"embeddable":true,"href":"https:\/\/atauni.edu.tr\/uluslararasi-iliskiler-bolumu\/wp-json\/wp\/v2\/comments?post=5688"}],"version-history":[{"count":140,"href":"https:\/\/atauni.edu.tr\/uluslararasi-iliskiler-bolumu\/wp-json\/wp\/v2\/pages\/5688\/revisions"}],"predecessor-version":[{"id":7160,"href":"https:\/\/atauni.edu.tr\/uluslararasi-iliskiler-bolumu\/wp-json\/wp\/v2\/pages\/5688\/revisions\/7160"}],"wp:attachment":[{"href":"https:\/\/atauni.edu.tr\/uluslararasi-iliskiler-bolumu\/wp-json\/wp\/v2\/media?parent=5688"}],"curies":[{"name":"wp","href":"https:\/\/api.w.org\/{rel}","templated":true}]}}