{"id":5734,"date":"2021-07-13T11:37:45","date_gmt":"2021-07-13T08:37:45","guid":{"rendered":"https:\/\/portaltest.atauni.edu.tr\/bilgisayar-muhendisligi\/?page_id=5734"},"modified":"2023-07-24T19:48:22","modified_gmt":"2023-07-24T16:48:22","slug":"ogrenci-deneyimi","status":"publish","type":"page","link":"https:\/\/atauni.edu.tr\/uluslararasi-iliskiler-bolumu\/ogrenci-deneyimi\/","title":{"rendered":"\u00d6\u011frenci Deneyimi"},"content":{"rendered":"\t\t<div data-elementor-type=\"wp-page\" data-elementor-id=\"5734\" class=\"elementor elementor-5734\" data-elementor-post-type=\"page\">\n\t\t\t\t\t\t<section class=\"elementor-section elementor-top-section elementor-element elementor-element-730d320 elementor-section-boxed elementor-section-height-default elementor-section-height-default\" data-id=\"730d320\" data-element_type=\"section\">\n\t\t\t\t\t\t<div class=\"elementor-container elementor-column-gap-default\">\n\t\t\t\t\t<div class=\"elementor-column elementor-col-100 elementor-top-column elementor-element elementor-element-753d0860\" data-id=\"753d0860\" data-element_type=\"column\">\n\t\t\t<div class=\"elementor-widget-wrap\">\n\t\t\t\t\t\t\t<\/div>\n\t\t<\/div>\n\t\t\t\t\t<\/div>\n\t\t<\/section>\n\t\t\t\t<section class=\"elementor-section elementor-top-section elementor-element elementor-element-9be811a elementor-section-boxed elementor-section-height-default elementor-section-height-default\" data-id=\"9be811a\" data-element_type=\"section\">\n\t\t\t\t\t\t<div class=\"elementor-container elementor-column-gap-default\">\n\t\t\t\t\t<div class=\"elementor-column elementor-col-100 elementor-top-column elementor-element elementor-element-1ed847b7\" data-id=\"1ed847b7\" data-element_type=\"column\">\n\t\t\t<div class=\"elementor-widget-wrap elementor-element-populated\">\n\t\t\t\t\t\t<div class=\"elementor-element elementor-element-4ce0d07f elementor-widget elementor-widget-heading\" data-id=\"4ce0d07f\" data-element_type=\"widget\" data-widget_type=\"heading.default\">\n\t\t\t\t<div class=\"elementor-widget-container\">\n\t\t\t\t\t<h2 class=\"elementor-heading-title elementor-size-default\">\u00d6\u011frenci Deneyimi<\/h2>\t\t\t\t<\/div>\n\t\t\t\t<\/div>\n\t\t\t\t<div class=\"elementor-element elementor-element-63260862 elementor-widget-divider--view-line elementor-widget elementor-widget-divider\" data-id=\"63260862\" data-element_type=\"widget\" data-widget_type=\"divider.default\">\n\t\t\t\t<div class=\"elementor-widget-container\">\n\t\t\t\t\t\t\t<div class=\"elementor-divider\">\n\t\t\t<span class=\"elementor-divider-separator\">\n\t\t\t\t\t\t<\/span>\n\t\t<\/div>\n\t\t\t\t\t\t<\/div>\n\t\t\t\t<\/div>\n\t\t\t\t\t<\/div>\n\t\t<\/div>\n\t\t\t\t\t<\/div>\n\t\t<\/section>\n\t\t\t\t<section class=\"elementor-section elementor-top-section elementor-element elementor-element-4debb41 elementor-section-boxed elementor-section-height-default elementor-section-height-default\" data-id=\"4debb41\" data-element_type=\"section\">\n\t\t\t\t\t\t<div class=\"elementor-container elementor-column-gap-default\">\n\t\t\t\t\t<div class=\"elementor-column elementor-col-100 elementor-top-column elementor-element elementor-element-28420b1\" data-id=\"28420b1\" data-element_type=\"column\">\n\t\t\t<div class=\"elementor-widget-wrap elementor-element-populated\">\n\t\t\t\t\t\t<div class=\"elementor-element elementor-element-4e71640 elementor-widget elementor-widget-text-editor\" data-id=\"4e71640\" data-element_type=\"widget\" data-widget_type=\"text-editor.default\">\n\t\t\t\t<div class=\"elementor-widget-container\">\n\t\t\t\t\t\t\t\t\t<p><strong>Adrien Jao (<em>\u00d6zel Sekt\u00f6r<\/em>)<\/strong><\/p><p>\u2026.Madagaskar\u2019dan gelip Atat\u00fcrk \u00dcniversitesi\u2019nin \u00f6\u011frenci i\u015flerinde kay\u0131t yapt\u0131rd\u0131\u011f\u0131m zaman ki heyecan\u0131m\u0131 hala hat\u0131rl\u0131yorum. Daha \u00f6nce ya\u015famad\u0131\u011f\u0131m bir \u00fclkeye geliyorum acaba buraya uyum sa\u011flayabilecek miyim? Derslerimde ba\u015far\u0131 g\u00f6sterebilecek miyim? gibi sorular akl\u0131ma tak\u0131l\u0131yordu. Ya\u015fad\u0131k\u00e7a g\u00f6rd\u00fcm ki bunlar g\u00f6z\u00fcmde b\u00fcy\u00fctmeye gerek olmayan duygularm\u0131\u015f. Atat\u00fcrk \u00dcniversitesi\u2019nin akademik ve sosyal olanaklarla dolu kamp\u00fcs\u00fc ve buradaki ya\u015fam sayesinde harika bir \u00fcniversite hayat\u0131 ge\u00e7irmekle birlikte bir\u00e7ok \u00fclkeden \u00e7ok iyi dostlar edindim. Mezuniyet hayat\u0131m\u0131 fak\u00fclte \u00fc\u00e7\u00fcnc\u00fcs\u00fc ve b\u00f6l\u00fcm ikincisi olarak tamamlad\u0131m.\u00a0<\/p><p>Atat\u00fcrk \u00dcniversitesi\u2019nde \u00f6\u011freniminiz boyunca yabanc\u0131 olsan\u0131z da hi\u00e7 yabanc\u0131l\u0131k \u00e7ekmeyece\u011finizi s\u00f6z verebilirim. \u00c7\u00fcnk\u00fc \u00f6\u011frenim s\u00fcrecinde Hocalar\u0131n hi\u00e7 ayr\u0131m yapmadan e\u011fitim verdiklerini tan\u0131kl\u0131k oldum. Sizlere tavsiyem \u00fcniversite s\u00fcrecinde yeteneklerinizin fark\u0131na varman\u0131z, neleri yapmaktan keyif ald\u0131\u011f\u0131n\u0131z\u0131 ke\u015ffetmeniz ve zaman\u0131n\u0131z\u0131 iyi y\u00f6netmeyi \u00f6\u011frenmeniz olacakt\u0131r\u2026<\/p><p><strong>K\u00fcbra \u00d6zyuval\u0131 (<em>Y\u00fcksek Lisans \u00d6\u011frencisi<\/em>)<\/strong><\/p><p>\u2026Atat\u00fcrk \u00dcniversitesi\u2019nin T\u00fcrkiye&#8217;nin k\u00f6kl\u00fc \u00fcniversitelerinden oldu\u011fu ger\u00e7e\u011fi ile b\u00f6l\u00fcme ba\u015flad\u0131\u011f\u0131m an itibari ile hocalar\u0131m\u0131z\u0131n bilgilerinden yararland\u0131\u011f\u0131m gerek alan\u0131m\u0131z ile ilgili gerek ki\u015fisel hayat\u0131m\u0131zda desteklerini esirgemeyen bir akademik kadro ile lisans e\u011fitimimi tamamlad\u0131m. Hocalar\u0131m\u0131n bilgi birikimleri ve bizimle ileti\u015fimleri do\u011frultusunda akademiye ilgi duymaya ba\u015flad\u0131m ve \u015fu an y\u00fcksek lisans program\u0131nda e\u011fitimimi devam ettiriyorum. Ayr\u0131ca Atat\u00fcrk \u00fcniversitesi kamp\u00fcs\u00fcn\u00fcn sosyal etkinlikleri ile e\u011flenceli bir e\u011fitim d\u00f6nemi ge\u00e7irmek isterseniz \u00f6\u011frenci kul\u00fcpleri, spor faaliyetleri, bahar \u015fenlikleri, kamp\u00fcse ho\u015f geldin etkinlikleri gibi bir\u00e7ok sosyalle\u015fme imk\u00e2n\u0131 sundu\u011funu da belirtmek isterim. Kariyer yolunda ataca\u011f\u0131m\u0131z ad\u0131mlar yapaca\u011f\u0131m\u0131z do\u011fru se\u00e7imlerle belirlenir. B\u00f6l\u00fcme ilgi duyan her arkada\u015fa tavsiye ederim\u2026<\/p><p><strong>Ekrem Ok (<em>\u00d6\u011fretim G\u00f6revlisi<\/em>)<\/strong><\/p><p>\u2026\u00dcniversite okumak insani bilgi sahibi yapar, fakat daha da \u00f6nemlisi bize katt\u0131\u011f\u0131 vizyondur. De\u011fi\u015fen d\u00fcnyay\u0131 anlama, de\u011fi\u015fikliklere, yeniliklere ayak uydurabilme vizyonu. S\u00fcrekli yenilenen, rekabetin \u00e7ok y\u00fcksek oldu\u011fu g\u00fcn\u00fcm\u00fczde bu vizyona sahip olmayanlar\u0131n ayakta kalmas\u0131 m\u00fcmk\u00fcn de\u011fildir. Uluslararas\u0131 ili\u015fkiler b\u00f6l\u00fcm\u00fc ise bu vizyonu en iyi \u015fekilde edinebilece\u011finiz b\u00f6l\u00fcmd\u00fcr. Yabanc\u0131 dil bilmek, d\u00fcnyay\u0131, farkl\u0131 k\u00fclt\u00fcrleri tan\u0131mak, \u00fclkeler aras\u0131 politik, ekonomik, toplumsal ili\u015fkileri bilmek, uluslararas\u0131 sistemin i\u015fleyi\u015fini anlayabilmek g\u00fcn\u00fcm\u00fczde sizi bir ad\u0131m \u00f6ne ge\u00e7irecek \u00f6zelliklerdir. Atat\u00fcrk \u00dcniversitesi ise, yetkin kadrosu, e\u015fsiz kamp\u00fcs\u00fc, sosyal-k\u00fclt\u00fcrel imkanlar\u0131yla t\u00fcm bu \u00f6zellikleri edinebilmek, iyi bir gelecek vizyonuna sahip olabilmeniz i\u00e7in gerekli t\u00fcm \u015fartlara sahiptir\u2026<\/p>\t\t\t\t\t\t\t\t<\/div>\n\t\t\t\t<\/div>\n\t\t\t\t\t<\/div>\n\t\t<\/div>\n\t\t\t\t\t<\/div>\n\t\t<\/section>\n\t\t\t\t<\/div>\n\t\t","protected":false},"excerpt":{"rendered":"<p>\u00d6\u011frenci Deneyimi Adrien Jao (\u00d6zel Sekt\u00f6r) \u2026.Madagaskar\u2019dan gelip Atat\u00fcrk \u00dcniversitesi\u2019nin \u00f6\u011frenci i\u015flerinde kay\u0131t yapt\u0131rd\u0131\u011f\u0131m zaman ki heyecan\u0131m\u0131 hala hat\u0131rl\u0131yorum. Daha \u00f6nce ya\u015famad\u0131\u011f\u0131m bir \u00fclkeye geliyorum acaba buraya uyum sa\u011flayabilecek miyim? Derslerimde ba\u015far\u0131 g\u00f6sterebilecek miyim? gibi sorular akl\u0131ma tak\u0131l\u0131yordu. Ya\u015fad\u0131k\u00e7a g\u00f6rd\u00fcm ki bunlar g\u00f6z\u00fcmde b\u00fcy\u00fctmeye gerek olmayan duygularm\u0131\u015f. Atat\u00fcrk \u00dcniversitesi\u2019nin akademik ve sosyal olanaklarla dolu kamp\u00fcs\u00fc [&hellip;]<\/p>\n","protected":false},"author":1,"featured_media":0,"parent":0,"menu_order":0,"comment_status":"closed","ping_status":"closed","template":"elementor_header_footer","meta":{"footnotes":""},"class_list":["post-5734","page","type-page","status-publish","hentry"],"_links":{"self":[{"href":"https:\/\/atauni.edu.tr\/uluslararasi-iliskiler-bolumu\/wp-json\/wp\/v2\/pages\/5734","targetHints":{"allow":["GET"]}}],"collection":[{"href":"https:\/\/atauni.edu.tr\/uluslararasi-iliskiler-bolumu\/wp-json\/wp\/v2\/pages"}],"about":[{"href":"https:\/\/atauni.edu.tr\/uluslararasi-iliskiler-bolumu\/wp-json\/wp\/v2\/types\/page"}],"author":[{"embeddable":true,"href":"https:\/\/atauni.edu.tr\/uluslararasi-iliskiler-bolumu\/wp-json\/wp\/v2\/users\/1"}],"replies":[{"embeddable":true,"href":"https:\/\/atauni.edu.tr\/uluslararasi-iliskiler-bolumu\/wp-json\/wp\/v2\/comments?post=5734"}],"version-history":[{"count":26,"href":"https:\/\/atauni.edu.tr\/uluslararasi-iliskiler-bolumu\/wp-json\/wp\/v2\/pages\/5734\/revisions"}],"predecessor-version":[{"id":6649,"href":"https:\/\/atauni.edu.tr\/uluslararasi-iliskiler-bolumu\/wp-json\/wp\/v2\/pages\/5734\/revisions\/6649"}],"wp:attachment":[{"href":"https:\/\/atauni.edu.tr\/uluslararasi-iliskiler-bolumu\/wp-json\/wp\/v2\/media?parent=5734"}],"curies":[{"name":"wp","href":"https:\/\/api.w.org\/{rel}","templated":true}]}}