{"id":6450,"date":"2023-06-08T15:14:47","date_gmt":"2023-06-08T12:14:47","guid":{"rendered":"https:\/\/birimler.atauni.edu.tr\/uluslararasi-iliskiler-bolumu\/?page_id=6450"},"modified":"2023-12-02T12:02:57","modified_gmt":"2023-12-02T09:02:57","slug":"program-ogretim-ciktilari","status":"publish","type":"page","link":"https:\/\/atauni.edu.tr\/uluslararasi-iliskiler-bolumu\/anasayfa\/program-ogretim-ciktilari\/","title":{"rendered":"Program \u00d6\u011fretim \u00c7\u0131kt\u0131lar\u0131"},"content":{"rendered":"\t\t<div data-elementor-type=\"wp-page\" data-elementor-id=\"6450\" class=\"elementor elementor-6450\" data-elementor-post-type=\"page\">\n\t\t\t\t\t\t<section class=\"elementor-section elementor-top-section elementor-element elementor-element-b3cd965 elementor-section-boxed elementor-section-height-default elementor-section-height-default\" data-id=\"b3cd965\" data-element_type=\"section\">\n\t\t\t\t\t\t<div class=\"elementor-container elementor-column-gap-default\">\n\t\t\t\t\t<div class=\"elementor-column elementor-col-100 elementor-top-column elementor-element elementor-element-db9ce88\" data-id=\"db9ce88\" data-element_type=\"column\">\n\t\t\t<div class=\"elementor-widget-wrap elementor-element-populated\">\n\t\t\t\t\t\t<div class=\"elementor-element elementor-element-06f0459 elementor-widget elementor-widget-heading\" data-id=\"06f0459\" data-element_type=\"widget\" data-widget_type=\"heading.default\">\n\t\t\t\t<div class=\"elementor-widget-container\">\n\t\t\t\t\t<h2 class=\"elementor-heading-title elementor-size-default\">Programa \u00d6\u011fretim \u00c7\u0131kt\u0131lar\u0131<\/h2>\t\t\t\t<\/div>\n\t\t\t\t<\/div>\n\t\t\t\t\t<\/div>\n\t\t<\/div>\n\t\t\t\t\t<\/div>\n\t\t<\/section>\n\t\t\t\t<section class=\"elementor-section elementor-top-section elementor-element elementor-element-8003ce8 elementor-section-boxed elementor-section-height-default elementor-section-height-default\" data-id=\"8003ce8\" data-element_type=\"section\">\n\t\t\t\t\t\t<div class=\"elementor-container elementor-column-gap-default\">\n\t\t\t\t\t<div class=\"elementor-column elementor-col-100 elementor-top-column elementor-element elementor-element-f1fef2e\" data-id=\"f1fef2e\" data-element_type=\"column\">\n\t\t\t<div class=\"elementor-widget-wrap elementor-element-populated\">\n\t\t\t\t\t\t<div class=\"elementor-element elementor-element-b8e9b22 elementor-widget-divider--view-line elementor-widget elementor-widget-divider\" data-id=\"b8e9b22\" data-element_type=\"widget\" data-widget_type=\"divider.default\">\n\t\t\t\t<div class=\"elementor-widget-container\">\n\t\t\t\t\t\t\t<div class=\"elementor-divider\">\n\t\t\t<span class=\"elementor-divider-separator\">\n\t\t\t\t\t\t<\/span>\n\t\t<\/div>\n\t\t\t\t\t\t<\/div>\n\t\t\t\t<\/div>\n\t\t\t\t\t<\/div>\n\t\t<\/div>\n\t\t\t\t\t<\/div>\n\t\t<\/section>\n\t\t\t\t<section class=\"elementor-section elementor-top-section elementor-element elementor-element-c5dc71c elementor-section-boxed elementor-section-height-default elementor-section-height-default\" data-id=\"c5dc71c\" data-element_type=\"section\">\n\t\t\t\t\t\t<div class=\"elementor-container elementor-column-gap-default\">\n\t\t\t\t\t<div class=\"elementor-column elementor-col-100 elementor-top-column elementor-element elementor-element-b7ac11d\" data-id=\"b7ac11d\" data-element_type=\"column\">\n\t\t\t<div class=\"elementor-widget-wrap elementor-element-populated\">\n\t\t\t\t\t\t<div class=\"elementor-element elementor-element-67f3f3d elementor-widget elementor-widget-text-editor\" data-id=\"67f3f3d\" data-element_type=\"widget\" data-widget_type=\"text-editor.default\">\n\t\t\t\t<div class=\"elementor-widget-container\">\n\t\t\t\t\t\t\t\t\t<p>1. Program; Uluslararas\u0131 \u0130li\u015fkiler disiplininin temel bile\u015fenleri olan Uluslararas\u0131 Siyaset, Siyasi Tarih ve Uluslararas\u0131 Hukuk alanlar\u0131nda kuramsal, tarihsel, kavramsal ve metodolojik donan\u0131m sa\u011flar.<br \/>2. G\u00fcncel, evrensel, multi-disipliner ve ele\u015ftirel bak\u0131\u015f a\u00e7\u0131s\u0131 sunar, ya\u015fam boyu \u00f6\u011frenmeyi te\u015fvik eder.<br \/>3. Uluslararas\u0131 \u0130li\u015fkilerdeki g\u00fcncel sorunlara ve ara\u015ft\u0131rma konular\u0131na ili\u015fkin bireysel ve tak\u0131m olarak temel kaynaklar\u0131 tarama, ara\u015ft\u0131rma ve sunum yapma becerisi kazand\u0131r\u0131r.<br \/>4. E\u011fitim ve meslek hayat\u0131nda bilimsel ve etik de\u011ferlere azami \u00f6l\u00e7\u00fcde uygun hareket etme konusunda fark\u0131ndal\u0131k sa\u011flar.<br \/>5. Yabanc\u0131 bir dil kullanarak uluslararas\u0131 ili\u015fkiler alan\u0131ndaki kuramsal ve olgusal d\u00fczeyde geli\u015fmeleri izleyebilme ve analitik bak\u0131\u015f a\u00e7\u0131s\u0131yla yorumlayabilme becerisi kazand\u0131r\u0131r.<br \/>6. Alanla ilgili ulusal ve uluslararas\u0131 kurumlarda \u00e7al\u0131\u015fabilecek yetkinli\u011fe sahip nitelikli uzman yeti\u015ftirilebilmesine imk\u00e2n tan\u0131r.<br \/>7. Dijital d\u00f6n\u00fc\u015f\u00fcm alan\u0131ndaki yans\u0131malar\u0131 takip edebilecek gerekli teknolojileri kullanabilme becerisi sunar.<br \/>8. \u0130nsan haklar\u0131n\u0131n evrenselli\u011fi, toplumsal cinsiyet e\u015fitli\u011fi, ekolojik dengenin korunmas\u0131 ve s\u00fcrd\u00fcr\u00fclebilir kalk\u0131nma hedeflerine ula\u015f\u0131labilmesine katk\u0131da bulunur.<\/p>\t\t\t\t\t\t\t\t<\/div>\n\t\t\t\t<\/div>\n\t\t\t\t\t<\/div>\n\t\t<\/div>\n\t\t\t\t\t<\/div>\n\t\t<\/section>\n\t\t\t\t<\/div>\n\t\t","protected":false},"excerpt":{"rendered":"<p>Programa \u00d6\u011fretim \u00c7\u0131kt\u0131lar\u0131 1. Program; Uluslararas\u0131 \u0130li\u015fkiler disiplininin temel bile\u015fenleri olan Uluslararas\u0131 Siyaset, Siyasi Tarih ve Uluslararas\u0131 Hukuk alanlar\u0131nda kuramsal, tarihsel, kavramsal ve metodolojik donan\u0131m sa\u011flar.2. G\u00fcncel, evrensel, multi-disipliner ve ele\u015ftirel bak\u0131\u015f a\u00e7\u0131s\u0131 sunar, ya\u015fam boyu \u00f6\u011frenmeyi te\u015fvik eder.3. Uluslararas\u0131 \u0130li\u015fkilerdeki g\u00fcncel sorunlara ve ara\u015ft\u0131rma konular\u0131na ili\u015fkin bireysel ve tak\u0131m olarak temel kaynaklar\u0131 tarama, ara\u015ft\u0131rma [&hellip;]<\/p>\n","protected":false},"author":513,"featured_media":0,"parent":68,"menu_order":0,"comment_status":"closed","ping_status":"closed","template":"elementor_header_footer","meta":{"footnotes":""},"class_list":["post-6450","page","type-page","status-publish","hentry"],"_links":{"self":[{"href":"https:\/\/atauni.edu.tr\/uluslararasi-iliskiler-bolumu\/wp-json\/wp\/v2\/pages\/6450","targetHints":{"allow":["GET"]}}],"collection":[{"href":"https:\/\/atauni.edu.tr\/uluslararasi-iliskiler-bolumu\/wp-json\/wp\/v2\/pages"}],"about":[{"href":"https:\/\/atauni.edu.tr\/uluslararasi-iliskiler-bolumu\/wp-json\/wp\/v2\/types\/page"}],"author":[{"embeddable":true,"href":"https:\/\/atauni.edu.tr\/uluslararasi-iliskiler-bolumu\/wp-json\/wp\/v2\/users\/513"}],"replies":[{"embeddable":true,"href":"https:\/\/atauni.edu.tr\/uluslararasi-iliskiler-bolumu\/wp-json\/wp\/v2\/comments?post=6450"}],"version-history":[{"count":13,"href":"https:\/\/atauni.edu.tr\/uluslararasi-iliskiler-bolumu\/wp-json\/wp\/v2\/pages\/6450\/revisions"}],"predecessor-version":[{"id":6822,"href":"https:\/\/atauni.edu.tr\/uluslararasi-iliskiler-bolumu\/wp-json\/wp\/v2\/pages\/6450\/revisions\/6822"}],"up":[{"embeddable":true,"href":"https:\/\/atauni.edu.tr\/uluslararasi-iliskiler-bolumu\/wp-json\/wp\/v2\/pages\/68"}],"wp:attachment":[{"href":"https:\/\/atauni.edu.tr\/uluslararasi-iliskiler-bolumu\/wp-json\/wp\/v2\/media?parent=6450"}],"curies":[{"name":"wp","href":"https:\/\/api.w.org\/{rel}","templated":true}]}}