{"id":6472,"date":"2023-06-08T16:02:41","date_gmt":"2023-06-08T13:02:41","guid":{"rendered":"https:\/\/birimler.atauni.edu.tr\/uluslararasi-iliskiler-bolumu\/?page_id=6472"},"modified":"2023-11-29T19:30:49","modified_gmt":"2023-11-29T16:30:49","slug":"cift-anadal-yandal","status":"publish","type":"page","link":"https:\/\/atauni.edu.tr\/uluslararasi-iliskiler-bolumu\/cift-anadal-yandal\/","title":{"rendered":"\u00c7ift Anadal &#8211; Yandal"},"content":{"rendered":"\t\t<div data-elementor-type=\"wp-page\" data-elementor-id=\"6472\" class=\"elementor elementor-6472\" data-elementor-post-type=\"page\">\n\t\t\t\t\t\t<section class=\"elementor-section elementor-top-section elementor-element elementor-element-c5e9c5d elementor-section-boxed elementor-section-height-default elementor-section-height-default\" data-id=\"c5e9c5d\" data-element_type=\"section\">\n\t\t\t\t\t\t<div class=\"elementor-container elementor-column-gap-default\">\n\t\t\t\t\t<div class=\"elementor-column elementor-col-100 elementor-top-column elementor-element elementor-element-a2006d3\" data-id=\"a2006d3\" data-element_type=\"column\">\n\t\t\t<div class=\"elementor-widget-wrap elementor-element-populated\">\n\t\t\t\t\t\t<div class=\"elementor-element elementor-element-777df28 elementor-widget elementor-widget-heading\" data-id=\"777df28\" data-element_type=\"widget\" data-widget_type=\"heading.default\">\n\t\t\t\t<div class=\"elementor-widget-container\">\n\t\t\t\t\t<h2 class=\"elementor-heading-title elementor-size-default\">\u00c7ift Anadal - Yandal<\/h2>\t\t\t\t<\/div>\n\t\t\t\t<\/div>\n\t\t\t\t<div class=\"elementor-element elementor-element-d9a72c4 elementor-widget-divider--view-line elementor-widget elementor-widget-divider\" data-id=\"d9a72c4\" data-element_type=\"widget\" data-widget_type=\"divider.default\">\n\t\t\t\t<div class=\"elementor-widget-container\">\n\t\t\t\t\t\t\t<div class=\"elementor-divider\">\n\t\t\t<span class=\"elementor-divider-separator\">\n\t\t\t\t\t\t<\/span>\n\t\t<\/div>\n\t\t\t\t\t\t<\/div>\n\t\t\t\t<\/div>\n\t\t\t\t\t<\/div>\n\t\t<\/div>\n\t\t\t\t\t<\/div>\n\t\t<\/section>\n\t\t\t\t<section class=\"elementor-section elementor-top-section elementor-element elementor-element-bb99027 elementor-section-boxed elementor-section-height-default elementor-section-height-default\" data-id=\"bb99027\" data-element_type=\"section\">\n\t\t\t\t\t\t<div class=\"elementor-container elementor-column-gap-default\">\n\t\t\t\t\t<div class=\"elementor-column elementor-col-100 elementor-top-column elementor-element elementor-element-dd3b5e5\" data-id=\"dd3b5e5\" data-element_type=\"column\">\n\t\t\t<div class=\"elementor-widget-wrap elementor-element-populated\">\n\t\t\t\t\t\t<div class=\"elementor-element elementor-element-4abffa3 elementor-widget elementor-widget-text-editor\" data-id=\"4abffa3\" data-element_type=\"widget\" data-widget_type=\"text-editor.default\">\n\t\t\t\t<div class=\"elementor-widget-container\">\n\t\t\t\t\t\t\t\t\t<p>\u0130ktisadi ve \u0130dari bilimler Fak\u00fcltesi b\u00fcnyesinde \u00c7ift Anadal ve Yan Dal Program\u0131 imkan\u0131 bulunmaktad\u0131r. \u00c7ift Anadal Program\u0131 ve Yan Dal Program\u0131 Uygulama Esaslar\u0131 do\u011frultusunda fak\u00fcltemizde bulunan 8 b\u00f6l\u00fcm kendi aralar\u0131nda programlar aras\u0131 benzerlik ve uygunluklar\u0131na g\u00f6re \u00c7ift Anadal ve Yan Dal programlar\u0131n\u0131 olu\u015fturmu\u015ftur.<\/p><p>Bu kapsamda Uluslararas\u0131 \u0130li\u015fkiler B\u00f6l\u00fcm\u00fc olarak Kamu Y\u00f6netimi B\u00f6l\u00fcm\u00fc ile \u00c7ift Anadal yap\u0131lmas\u0131 y\u00f6n\u00fcnde karar al\u0131nm\u0131\u015f ve fark derslerinin yer ald\u0131\u011f\u0131 m\u00fcfredat sunulmu\u015ftur. Ayr\u0131ca Yandal program\u0131 i\u00e7in gerekli fark dersleri de sunulmu\u015ftur.<\/p><p>Uluslararas\u0131 \u0130li\u015fkiler B\u00f6l\u00fcm\u00fc \u00f6\u011frencileri ayr\u0131ca, Turizm Fak\u00fcltesi&#8217;ndeki Turizm \u0130\u015fletmecili\u011fi b\u00f6l\u00fcm\u00fc ile \u00c7ift Anadal ve Yandal, Edebiyat Fak\u00fcltesi b\u00fcnyesindeki Rus Dili ve Edebiyat\u0131 ile Sosyoloji B\u00f6l\u00fcmlerinde Yandal, Tarih B\u00f6l\u00fcm\u00fcnde ise \u00c7ift Anadal yapabilmektedir.<\/p><p><strong>Programlara ba\u015fvurmay\u0131 d\u00fc\u015f\u00fcnen \u00f6\u011frencilerimiz \u00d6\u011fr.G\u00f6r.Dr. Nazl\u0131 M\u00fcge \u00d6NDER (<\/strong><a href=\"mailto:nazlionder@atauni.edu.tr\"><strong>nazlionder@atauni.edu.tr<\/strong><\/a><strong>) ile ileti\u015fime ge\u00e7ebilirler. <\/strong><\/p>\t\t\t\t\t\t\t\t<\/div>\n\t\t\t\t<\/div>\n\t\t\t\t\t<\/div>\n\t\t<\/div>\n\t\t\t\t\t<\/div>\n\t\t<\/section>\n\t\t\t\t<section class=\"elementor-section elementor-top-section elementor-element elementor-element-882ff3c elementor-section-boxed elementor-section-height-default elementor-section-height-default\" data-id=\"882ff3c\" data-element_type=\"section\">\n\t\t\t\t\t\t<div class=\"elementor-container elementor-column-gap-default\">\n\t\t\t\t\t<div class=\"elementor-column elementor-col-100 elementor-top-column elementor-element elementor-element-61ecb51\" data-id=\"61ecb51\" data-element_type=\"column\">\n\t\t\t<div class=\"elementor-widget-wrap elementor-element-populated\">\n\t\t\t\t\t\t<div class=\"elementor-element elementor-element-bd5a348 elementor-widget elementor-widget-pdf_viewer\" data-id=\"bd5a348\" data-element_type=\"widget\" data-widget_type=\"pdf_viewer.default\">\n\t\t\t\t<div class=\"elementor-widget-container\">\n\t\t\t\t\t<iframe src=\"https:\/\/docs.google.com\/viewer?url=http:\/\/birimler.atauni.edu.tr\/uluslararasi-iliskiler-bolumu\/wp-content\/uploads\/sites\/170\/2023\/06\/Kamu-Anadal-ve-Yandal-Fark-Dersleri.pdf&amp;embedded=true\" style=\"display: block; margin-left: auto; margin-right: auto; width: 640px; height: 1020px;\" frameborder=\"1\" marginheight=\"0px\" marginwidth=\"0px\" allowfullscreen><\/iframe>\t\t\t\t<\/div>\n\t\t\t\t<\/div>\n\t\t\t\t\t<\/div>\n\t\t<\/div>\n\t\t\t\t\t<\/div>\n\t\t<\/section>\n\t\t\t\t<section class=\"elementor-section elementor-top-section elementor-element elementor-element-adf3634 elementor-section-boxed elementor-section-height-default elementor-section-height-default\" data-id=\"adf3634\" data-element_type=\"section\">\n\t\t\t\t\t\t<div class=\"elementor-container elementor-column-gap-default\">\n\t\t\t\t\t<div class=\"elementor-column elementor-col-100 elementor-top-column elementor-element elementor-element-60bdbdd\" data-id=\"60bdbdd\" data-element_type=\"column\">\n\t\t\t<div class=\"elementor-widget-wrap elementor-element-populated\">\n\t\t\t\t\t\t<div class=\"elementor-element elementor-element-9fa355e elementor-align-center elementor-widget elementor-widget-button\" data-id=\"9fa355e\" data-element_type=\"widget\" data-widget_type=\"button.default\">\n\t\t\t\t<div class=\"elementor-widget-container\">\n\t\t\t\t\t\t\t\t\t<div class=\"elementor-button-wrapper\">\n\t\t\t\t\t<a class=\"elementor-button elementor-button-link elementor-size-sm\" href=\"https:\/\/birimler.atauni.edu.tr\/iktisadi-ve-idari-bilimler-fakultesi\/wp-content\/uploads\/sites\/64\/2023\/01\/Ataturk-Universitesi-Cift-Anadal-Yandal-Uygulama-Esaslari.pdf\">\n\t\t\t\t\t\t<span class=\"elementor-button-content-wrapper\">\n\t\t\t\t\t\t\t\t\t<span class=\"elementor-button-text\">Uygulama Esaslar\u0131 \u0130\u00e7in T\u0131klay\u0131n\u0131z<\/span>\n\t\t\t\t\t<\/span>\n\t\t\t\t\t<\/a>\n\t\t\t\t<\/div>\n\t\t\t\t\t\t\t\t<\/div>\n\t\t\t\t<\/div>\n\t\t\t\t\t<\/div>\n\t\t<\/div>\n\t\t\t\t\t<\/div>\n\t\t<\/section>\n\t\t\t\t<section class=\"elementor-section elementor-top-section elementor-element elementor-element-f5f08a9 elementor-section-boxed elementor-section-height-default elementor-section-height-default\" data-id=\"f5f08a9\" data-element_type=\"section\">\n\t\t\t\t\t\t<div class=\"elementor-container elementor-column-gap-default\">\n\t\t\t\t\t<div class=\"elementor-column elementor-col-100 elementor-top-column elementor-element elementor-element-a8696fe\" data-id=\"a8696fe\" data-element_type=\"column\">\n\t\t\t<div class=\"elementor-widget-wrap elementor-element-populated\">\n\t\t\t\t\t\t<div class=\"elementor-element elementor-element-d41e453 elementor-align-center elementor-widget elementor-widget-button\" data-id=\"d41e453\" data-element_type=\"widget\" data-widget_type=\"button.default\">\n\t\t\t\t<div class=\"elementor-widget-container\">\n\t\t\t\t\t\t\t\t\t<div class=\"elementor-button-wrapper\">\n\t\t\t\t\t<a class=\"elementor-button elementor-button-link elementor-size-sm\" href=\"https:\/\/birimler.atauni.edu.tr\/iktisadi-ve-idari-bilimler-fakultesi\/2022\/12\/28\/toplumsal-duyarlilik-dersi-kapsaminda-mobbing-ile-mucadele\/\">\n\t\t\t\t\t\t<span class=\"elementor-button-content-wrapper\">\n\t\t\t\t\t\t\t\t\t<span class=\"elementor-button-text\">Ba\u015fvuru Formu \u0130\u00e7in T\u0131klay\u0131n\u0131z<\/span>\n\t\t\t\t\t<\/span>\n\t\t\t\t\t<\/a>\n\t\t\t\t<\/div>\n\t\t\t\t\t\t\t\t<\/div>\n\t\t\t\t<\/div>\n\t\t\t\t\t<\/div>\n\t\t<\/div>\n\t\t\t\t\t<\/div>\n\t\t<\/section>\n\t\t\t\t<section class=\"elementor-section elementor-top-section elementor-element elementor-element-f080286 elementor-section-boxed elementor-section-height-default elementor-section-height-default\" data-id=\"f080286\" data-element_type=\"section\">\n\t\t\t\t\t\t<div class=\"elementor-container elementor-column-gap-default\">\n\t\t\t\t\t<div class=\"elementor-column elementor-col-100 elementor-top-column elementor-element elementor-element-4d87316\" data-id=\"4d87316\" data-element_type=\"column\">\n\t\t\t<div class=\"elementor-widget-wrap elementor-element-populated\">\n\t\t\t\t\t\t<div class=\"elementor-element elementor-element-c618429 elementor-widget elementor-widget-pdf_viewer\" data-id=\"c618429\" data-element_type=\"widget\" data-widget_type=\"pdf_viewer.default\">\n\t\t\t\t<div class=\"elementor-widget-container\">\n\t\t\t\t\t<iframe src=\"https:\/\/docs.google.com\/viewer?url=http:\/\/birimler.atauni.edu.tr\/uluslararasi-iliskiler-bolumu\/wp-content\/uploads\/sites\/170\/2023\/06\/1.pdf&amp;embedded=true\" style=\"display: block; margin-left: auto; margin-right: auto; width: 640px; height: 1020px;\" frameborder=\"1\" marginheight=\"0px\" marginwidth=\"0px\" allowfullscreen><\/iframe>\t\t\t\t<\/div>\n\t\t\t\t<\/div>\n\t\t\t\t<div class=\"elementor-element elementor-element-60288b6 elementor-widget elementor-widget-heading\" data-id=\"60288b6\" data-element_type=\"widget\" data-widget_type=\"heading.default\">\n\t\t\t\t<div class=\"elementor-widget-container\">\n\t\t\t\t\t<h2 class=\"elementor-heading-title elementor-size-default\">\u00c7ift Anadal - Yandal Tan\u0131t\u0131m Videolar\u0131<\/h2>\t\t\t\t<\/div>\n\t\t\t\t<\/div>\n\t\t\t\t<div class=\"elementor-element elementor-element-ef74532 elementor-widget-divider--view-line elementor-widget elementor-widget-divider\" data-id=\"ef74532\" data-element_type=\"widget\" data-widget_type=\"divider.default\">\n\t\t\t\t<div class=\"elementor-widget-container\">\n\t\t\t\t\t\t\t<div class=\"elementor-divider\">\n\t\t\t<span class=\"elementor-divider-separator\">\n\t\t\t\t\t\t<\/span>\n\t\t<\/div>\n\t\t\t\t\t\t<\/div>\n\t\t\t\t<\/div>\n\t\t\t\t\t<\/div>\n\t\t<\/div>\n\t\t\t\t\t<\/div>\n\t\t<\/section>\n\t\t\t\t<section class=\"elementor-section elementor-top-section elementor-element elementor-element-e255d1c elementor-section-boxed elementor-section-height-default elementor-section-height-default\" data-id=\"e255d1c\" data-element_type=\"section\">\n\t\t\t\t\t\t<div class=\"elementor-container elementor-column-gap-default\">\n\t\t\t\t\t<div class=\"elementor-column elementor-col-100 elementor-top-column elementor-element elementor-element-a3e2595\" data-id=\"a3e2595\" data-element_type=\"column\">\n\t\t\t<div class=\"elementor-widget-wrap elementor-element-populated\">\n\t\t\t\t\t\t<div class=\"elementor-element elementor-element-bc32839 elementor-widget elementor-widget-video\" data-id=\"bc32839\" data-element_type=\"widget\" data-settings=\"{&quot;video_type&quot;:&quot;hosted&quot;,&quot;controls&quot;:&quot;yes&quot;}\" data-widget_type=\"video.default\">\n\t\t\t\t<div class=\"elementor-widget-container\">\n\t\t\t\t\t\t\t<div class=\"e-hosted-video elementor-wrapper elementor-open-inline\">\n\t\t\t\t\t<video class=\"elementor-video\" src=\"http:\/\/birimler.atauni.edu.tr\/uluslararasi-iliskiler-bolumu\/wp-content\/uploads\/sites\/170\/2023\/06\/UI-BOLUMU-CIFT-ANADAL-TANITIM.mp4\" controls=\"\" preload=\"metadata\" controlsList=\"nodownload\"><\/video>\n\t\t\t\t<\/div>\n\t\t\t\t\t\t<\/div>\n\t\t\t\t<\/div>\n\t\t\t\t\t<\/div>\n\t\t<\/div>\n\t\t\t\t\t<\/div>\n\t\t<\/section>\n\t\t\t\t<section class=\"elementor-section elementor-top-section elementor-element elementor-element-848be70 elementor-section-boxed elementor-section-height-default elementor-section-height-default\" data-id=\"848be70\" data-element_type=\"section\">\n\t\t\t\t\t\t<div class=\"elementor-container elementor-column-gap-default\">\n\t\t\t\t\t<div class=\"elementor-column elementor-col-100 elementor-top-column elementor-element elementor-element-4db26be\" data-id=\"4db26be\" data-element_type=\"column\">\n\t\t\t<div class=\"elementor-widget-wrap elementor-element-populated\">\n\t\t\t\t\t\t<div class=\"elementor-element elementor-element-8934262 elementor-widget elementor-widget-video\" data-id=\"8934262\" data-element_type=\"widget\" data-settings=\"{&quot;video_type&quot;:&quot;hosted&quot;,&quot;controls&quot;:&quot;yes&quot;}\" data-widget_type=\"video.default\">\n\t\t\t\t<div class=\"elementor-widget-container\">\n\t\t\t\t\t\t\t<div class=\"e-hosted-video elementor-wrapper elementor-open-inline\">\n\t\t\t\t\t<video class=\"elementor-video\" src=\"http:\/\/birimler.atauni.edu.tr\/uluslararasi-iliskiler-bolumu\/wp-content\/uploads\/sites\/170\/2023\/06\/UI-BOLUMU-YANDAL-PROGRAMI.mp4\" controls=\"\" preload=\"metadata\" controlsList=\"nodownload\"><\/video>\n\t\t\t\t<\/div>\n\t\t\t\t\t\t<\/div>\n\t\t\t\t<\/div>\n\t\t\t\t\t<\/div>\n\t\t<\/div>\n\t\t\t\t\t<\/div>\n\t\t<\/section>\n\t\t\t\t<\/div>\n\t\t","protected":false},"excerpt":{"rendered":"<p>\u00c7ift Anadal &#8211; Yandal \u0130ktisadi ve \u0130dari bilimler Fak\u00fcltesi b\u00fcnyesinde \u00c7ift Anadal ve Yan Dal Program\u0131 imkan\u0131 bulunmaktad\u0131r. \u00c7ift Anadal Program\u0131 ve Yan Dal Program\u0131 Uygulama Esaslar\u0131 do\u011frultusunda fak\u00fcltemizde bulunan 8 b\u00f6l\u00fcm kendi aralar\u0131nda programlar aras\u0131 benzerlik ve uygunluklar\u0131na g\u00f6re \u00c7ift Anadal ve Yan Dal programlar\u0131n\u0131 olu\u015fturmu\u015ftur. Bu kapsamda Uluslararas\u0131 \u0130li\u015fkiler B\u00f6l\u00fcm\u00fc olarak Kamu Y\u00f6netimi [&hellip;]<\/p>\n","protected":false},"author":513,"featured_media":0,"parent":0,"menu_order":0,"comment_status":"closed","ping_status":"closed","template":"elementor_header_footer","meta":{"footnotes":""},"class_list":["post-6472","page","type-page","status-publish","hentry"],"_links":{"self":[{"href":"https:\/\/atauni.edu.tr\/uluslararasi-iliskiler-bolumu\/wp-json\/wp\/v2\/pages\/6472","targetHints":{"allow":["GET"]}}],"collection":[{"href":"https:\/\/atauni.edu.tr\/uluslararasi-iliskiler-bolumu\/wp-json\/wp\/v2\/pages"}],"about":[{"href":"https:\/\/atauni.edu.tr\/uluslararasi-iliskiler-bolumu\/wp-json\/wp\/v2\/types\/page"}],"author":[{"embeddable":true,"href":"https:\/\/atauni.edu.tr\/uluslararasi-iliskiler-bolumu\/wp-json\/wp\/v2\/users\/513"}],"replies":[{"embeddable":true,"href":"https:\/\/atauni.edu.tr\/uluslararasi-iliskiler-bolumu\/wp-json\/wp\/v2\/comments?post=6472"}],"version-history":[{"count":10,"href":"https:\/\/atauni.edu.tr\/uluslararasi-iliskiler-bolumu\/wp-json\/wp\/v2\/pages\/6472\/revisions"}],"predecessor-version":[{"id":6798,"href":"https:\/\/atauni.edu.tr\/uluslararasi-iliskiler-bolumu\/wp-json\/wp\/v2\/pages\/6472\/revisions\/6798"}],"wp:attachment":[{"href":"https:\/\/atauni.edu.tr\/uluslararasi-iliskiler-bolumu\/wp-json\/wp\/v2\/media?parent=6472"}],"curies":[{"name":"wp","href":"https:\/\/api.w.org\/{rel}","templated":true}]}}