{"id":6480,"date":"2023-06-08T16:03:28","date_gmt":"2023-06-08T13:03:28","guid":{"rendered":"https:\/\/birimler.atauni.edu.tr\/uluslararasi-iliskiler-bolumu\/?page_id=6480"},"modified":"2023-06-08T16:46:52","modified_gmt":"2023-06-08T13:46:52","slug":"akran-danismanligi","status":"publish","type":"page","link":"https:\/\/atauni.edu.tr\/uluslararasi-iliskiler-bolumu\/akran-danismanligi\/","title":{"rendered":"Akran Dan\u0131\u015fmanl\u0131\u011f\u0131"},"content":{"rendered":"\n<p>B\u00f6l\u00fcm\u00fcm\u00fcz \u00f6\u011frencilerinden s\u0131ras\u0131yla 4., 3. ve 2. s\u0131n\u0131flar\u0131nda bulunan Y\u00fcksek Onur ve Onur \u00f6\u011frencilerinin akademik hayata yeni giri\u015f yapan 1. s\u0131n\u0131f \u00f6\u011frencilerimize \u00fcniversite, fak\u00fclte, b\u00f6l\u00fcm, \u015fehir hayat\u0131 vb. konularda Akran Dan\u0131\u015fmanl\u0131\u011f\u0131 yapmas\u0131 hedeflenmi\u015ftir. Bu kapsamda Akran Dan\u0131\u015fmanl\u0131\u011f\u0131 sistemi i\u00e7erisinde \u00fcst s\u0131n\u0131flarda \u00f6\u011frenimlerine devam eden Y\u00fcksek Onur, Onur ve 1. S\u0131n\u0131f \u00d6\u011frenci e\u015fle\u015ftirmeleri sunulmu\u015ftur.<\/p>\n\n\n\n<div data-wp-interactive=\"core\/file\" class=\"wp-block-file\"><object data-wp-bind--hidden=\"!state.hasPdfPreview\" hidden class=\"wp-block-file__embed\" data=\"https:\/\/birimler.atauni.edu.tr\/uluslararasi-iliskiler-bolumu\/wp-content\/uploads\/sites\/170\/2023\/06\/Akran-Danismanligi.pdf\" type=\"application\/pdf\" style=\"width:100%;height:600px\" aria-label=\"PDF g\u00f6mme\"><\/object><a href=\"https:\/\/birimler.atauni.edu.tr\/uluslararasi-iliskiler-bolumu\/wp-content\/uploads\/sites\/170\/2023\/06\/Akran-Danismanligi.pdf\" class=\"wp-block-file__button wp-element-button\" download>\u0130ndir<\/a><\/div>\n","protected":false},"excerpt":{"rendered":"<p>B\u00f6l\u00fcm\u00fcm\u00fcz \u00f6\u011frencilerinden s\u0131ras\u0131yla 4., 3. ve 2. s\u0131n\u0131flar\u0131nda bulunan Y\u00fcksek Onur ve Onur \u00f6\u011frencilerinin akademik hayata yeni giri\u015f yapan 1. s\u0131n\u0131f \u00f6\u011frencilerimize \u00fcniversite, fak\u00fclte, b\u00f6l\u00fcm, \u015fehir hayat\u0131 vb. konularda Akran Dan\u0131\u015fmanl\u0131\u011f\u0131 yapmas\u0131 hedeflenmi\u015ftir. Bu kapsamda Akran Dan\u0131\u015fmanl\u0131\u011f\u0131 sistemi i\u00e7erisinde \u00fcst s\u0131n\u0131flarda \u00f6\u011frenimlerine devam eden Y\u00fcksek Onur, Onur ve 1. S\u0131n\u0131f \u00d6\u011frenci e\u015fle\u015ftirmeleri sunulmu\u015ftur.<\/p>\n","protected":false},"author":513,"featured_media":0,"parent":0,"menu_order":0,"comment_status":"closed","ping_status":"closed","template":"","meta":{"footnotes":""},"class_list":["post-6480","page","type-page","status-publish","hentry"],"_links":{"self":[{"href":"https:\/\/atauni.edu.tr\/uluslararasi-iliskiler-bolumu\/wp-json\/wp\/v2\/pages\/6480","targetHints":{"allow":["GET"]}}],"collection":[{"href":"https:\/\/atauni.edu.tr\/uluslararasi-iliskiler-bolumu\/wp-json\/wp\/v2\/pages"}],"about":[{"href":"https:\/\/atauni.edu.tr\/uluslararasi-iliskiler-bolumu\/wp-json\/wp\/v2\/types\/page"}],"author":[{"embeddable":true,"href":"https:\/\/atauni.edu.tr\/uluslararasi-iliskiler-bolumu\/wp-json\/wp\/v2\/users\/513"}],"replies":[{"embeddable":true,"href":"https:\/\/atauni.edu.tr\/uluslararasi-iliskiler-bolumu\/wp-json\/wp\/v2\/comments?post=6480"}],"version-history":[{"count":2,"href":"https:\/\/atauni.edu.tr\/uluslararasi-iliskiler-bolumu\/wp-json\/wp\/v2\/pages\/6480\/revisions"}],"predecessor-version":[{"id":6508,"href":"https:\/\/atauni.edu.tr\/uluslararasi-iliskiler-bolumu\/wp-json\/wp\/v2\/pages\/6480\/revisions\/6508"}],"wp:attachment":[{"href":"https:\/\/atauni.edu.tr\/uluslararasi-iliskiler-bolumu\/wp-json\/wp\/v2\/media?parent=6480"}],"curies":[{"name":"wp","href":"https:\/\/api.w.org\/{rel}","templated":true}]}}