{"id":6484,"date":"2023-06-08T16:03:53","date_gmt":"2023-06-08T13:03:53","guid":{"rendered":"https:\/\/birimler.atauni.edu.tr\/uluslararasi-iliskiler-bolumu\/?page_id=6484"},"modified":"2023-06-19T12:04:59","modified_gmt":"2023-06-19T09:04:59","slug":"degisim-programlari","status":"publish","type":"page","link":"https:\/\/atauni.edu.tr\/uluslararasi-iliskiler-bolumu\/degisim-programlari\/","title":{"rendered":"De\u011fi\u015fim Programlar\u0131"},"content":{"rendered":"\t\t<div data-elementor-type=\"wp-page\" data-elementor-id=\"6484\" class=\"elementor elementor-6484\" data-elementor-post-type=\"page\">\n\t\t\t\t\t\t<section class=\"elementor-section elementor-top-section elementor-element elementor-element-3adc2a8 elementor-section-boxed elementor-section-height-default elementor-section-height-default\" data-id=\"3adc2a8\" data-element_type=\"section\">\n\t\t\t\t\t\t<div class=\"elementor-container elementor-column-gap-default\">\n\t\t\t\t\t<div class=\"elementor-column elementor-col-100 elementor-top-column elementor-element elementor-element-fc3817e\" data-id=\"fc3817e\" data-element_type=\"column\">\n\t\t\t<div class=\"elementor-widget-wrap elementor-element-populated\">\n\t\t\t\t\t\t<div class=\"elementor-element elementor-element-8f3e2fc elementor-widget elementor-widget-heading\" data-id=\"8f3e2fc\" data-element_type=\"widget\" data-widget_type=\"heading.default\">\n\t\t\t\t<div class=\"elementor-widget-container\">\n\t\t\t\t\t<h2 class=\"elementor-heading-title elementor-size-default\">De\u011fi\u015fim Programlar\u0131<\/h2>\t\t\t\t<\/div>\n\t\t\t\t<\/div>\n\t\t\t\t<div class=\"elementor-element elementor-element-f3b9c42 elementor-widget-divider--view-line elementor-widget elementor-widget-divider\" data-id=\"f3b9c42\" data-element_type=\"widget\" data-widget_type=\"divider.default\">\n\t\t\t\t<div class=\"elementor-widget-container\">\n\t\t\t\t\t\t\t<div class=\"elementor-divider\">\n\t\t\t<span class=\"elementor-divider-separator\">\n\t\t\t\t\t\t<\/span>\n\t\t<\/div>\n\t\t\t\t\t\t<\/div>\n\t\t\t\t<\/div>\n\t\t\t\t\t<\/div>\n\t\t<\/div>\n\t\t\t\t\t<\/div>\n\t\t<\/section>\n\t\t\t\t<section class=\"elementor-section elementor-top-section elementor-element elementor-element-72f922a elementor-section-boxed elementor-section-height-default elementor-section-height-default\" data-id=\"72f922a\" data-element_type=\"section\">\n\t\t\t\t\t\t<div class=\"elementor-container elementor-column-gap-default\">\n\t\t\t\t\t<div class=\"elementor-column elementor-col-100 elementor-top-column elementor-element elementor-element-b46b4c2\" data-id=\"b46b4c2\" data-element_type=\"column\">\n\t\t\t<div class=\"elementor-widget-wrap elementor-element-populated\">\n\t\t\t\t\t\t<div class=\"elementor-element elementor-element-c148216 elementor-widget elementor-widget-text-editor\" data-id=\"c148216\" data-element_type=\"widget\" data-widget_type=\"text-editor.default\">\n\t\t\t\t<div class=\"elementor-widget-container\">\n\t\t\t\t\t\t\t\t\t<p>Atat\u00fcrk \u00dcniversitesi, b\u00fcnyesinde e\u011fitim alan lisans ve lisans\u00fcst\u00fc \u00f6\u011frencilerine geni\u015f imk\u00e2nlar i\u00e7eren de\u011fi\u015fim programlar\u0131ndan faydalanma f\u0131rsat\u0131 tan\u0131maktad\u0131r.\u00a0<\/p><p>Atat\u00fcrk \u00dcniversitesi\u2019nin bir bile\u015feni olarak Uluslararas\u0131 \u0130li\u015fkiler B\u00f6l\u00fcm\u00fc \u00f6\u011frencileri yurti\u00e7i ve yurtd\u0131\u015f\u0131, Avrupa, Balkanlar ve Asya gibi \u00e7e\u015fitli se\u00e7eneklere sahip olduklar\u0131 bu programlara ba\u015fvurma hakk\u0131na sahiptir.<\/p><p>De\u011fi\u015fim programlar\u0131na ba\u015fvuru, g\u00fcncel duyurular\u0131n ilan\u0131 ve etkinlikler i\u00e7in Atat\u00fcrk \u00dcniversitesi D\u0131\u015f \u0130li\u015fkiler Ofisi\u2019nin web sayfas\u0131n\u0131 <a href=\"https:\/\/oia.atauni.edu.tr\/new\/\">takip edebilir<\/a>, b\u00f6l\u00fcm koordinat\u00f6r\u00fc <a href=\"https:\/\/avesis.atauni.edu.tr\/muge.yuce\">Dr. \u00d6\u011fr. \u00dcyesi M\u00fcge Y\u00dcCE<\/a>\u2019yi ziyaret edebilir ve Fak\u00fclte Koordinat\u00f6r\u00fc <a href=\"https:\/\/avesis.atauni.edu.tr\/gulsenaydin\">Do\u00e7. Dr. G\u00fcl\u015fen AYDIN<\/a> ile ileti\u015fime ge\u00e7ebilirsiniz.<\/p><p>\u00dcniversitemizin yapm\u0131\u015f oldu\u011fu ikili anla\u015fmalar do\u011frultusunda Erasmus programlar\u0131 ile Avrupa \u00fclkelerine, Orhun program\u0131 ile Do\u011fu Avrupa ve Orta Asya \u00fclkelerine, PAX program\u0131 ile Tayvan\u2019a gidebilir, \u00fcniversite \u00f6\u011freniminizin bir d\u00f6nemini bu \u00fclkelerde ge\u00e7irebilirsiniz. Di\u011fer yandan Avrupa Dayan\u0131\u015fma Sistemi ile daha k\u0131sa s\u00fcre ile Avrupa \u00fclkelerinde g\u00f6n\u00fcll\u00fcl\u00fck hizmetlerine kat\u0131labilirsiniz.<\/p><p>Yurtd\u0131\u015f\u0131 programlar\u0131n\u0131n yan\u0131nda Farabi de\u011fi\u015fim program\u0131 ile yurti\u00e7indeki bir \u00fcniversitede bir veya iki y\u0131l e\u011fitim alabilirsiniz.<\/p><p>Erasmus program\u0131 kapsam\u0131nda Uluslararas\u0131 \u0130li\u015fkiler B\u00f6l\u00fcm\u00fc \u00f6\u011frencileri Finlandiya, Polonya, Romanya ve Macaristan\u2019a, Mevlana program\u0131 ile Rusya, Kazakistan, K\u0131rg\u0131zistan, Nah\u00e7\u0131van, Azerbaycan, G\u00fcrcistan\u2019a, PAX Program\u0131 ile Tayvan\u2019a, Farabi program\u0131 ile T\u00fcrkiye\u2019den 99 farkl\u0131 \u00fcniversite aras\u0131ndan se\u00e7im yapabilirler.<\/p>\t\t\t\t\t\t\t\t<\/div>\n\t\t\t\t<\/div>\n\t\t\t\t<div class=\"elementor-element elementor-element-cb51f83 elementor-widget elementor-widget-heading\" data-id=\"cb51f83\" data-element_type=\"widget\" data-widget_type=\"heading.default\">\n\t\t\t\t<div class=\"elementor-widget-container\">\n\t\t\t\t\t<h2 class=\"elementor-heading-title elementor-size-default\">De\u011fi\u015fim Programlar\u0131 Tan\u0131t\u0131m Videosu<\/h2>\t\t\t\t<\/div>\n\t\t\t\t<\/div>\n\t\t\t\t<div class=\"elementor-element elementor-element-2edac83 elementor-widget-divider--view-line elementor-widget elementor-widget-divider\" data-id=\"2edac83\" data-element_type=\"widget\" data-widget_type=\"divider.default\">\n\t\t\t\t<div class=\"elementor-widget-container\">\n\t\t\t\t\t\t\t<div class=\"elementor-divider\">\n\t\t\t<span class=\"elementor-divider-separator\">\n\t\t\t\t\t\t<\/span>\n\t\t<\/div>\n\t\t\t\t\t\t<\/div>\n\t\t\t\t<\/div>\n\t\t\t\t\t<\/div>\n\t\t<\/div>\n\t\t\t\t\t<\/div>\n\t\t<\/section>\n\t\t\t\t<section class=\"elementor-section elementor-top-section elementor-element elementor-element-a5ec450 elementor-section-boxed elementor-section-height-default elementor-section-height-default\" data-id=\"a5ec450\" data-element_type=\"section\">\n\t\t\t\t\t\t<div class=\"elementor-container elementor-column-gap-default\">\n\t\t\t\t\t<div class=\"elementor-column elementor-col-100 elementor-top-column elementor-element elementor-element-73e2d86\" data-id=\"73e2d86\" data-element_type=\"column\">\n\t\t\t<div class=\"elementor-widget-wrap elementor-element-populated\">\n\t\t\t\t\t\t<div class=\"elementor-element elementor-element-47f1d83 elementor-widget elementor-widget-video\" data-id=\"47f1d83\" data-element_type=\"widget\" data-settings=\"{&quot;video_type&quot;:&quot;hosted&quot;,&quot;controls&quot;:&quot;yes&quot;}\" data-widget_type=\"video.default\">\n\t\t\t\t<div class=\"elementor-widget-container\">\n\t\t\t\t\t\t\t<div class=\"e-hosted-video elementor-wrapper elementor-open-inline\">\n\t\t\t\t\t<video class=\"elementor-video\" src=\"http:\/\/birimler.atauni.edu.tr\/uluslararasi-iliskiler-bolumu\/wp-content\/uploads\/sites\/170\/2023\/06\/UI-BOLUMU-DEGISIM-PROGRAMLARI.mp4\" controls=\"\" preload=\"metadata\" controlsList=\"nodownload\"><\/video>\n\t\t\t\t<\/div>\n\t\t\t\t\t\t<\/div>\n\t\t\t\t<\/div>\n\t\t\t\t\t<\/div>\n\t\t<\/div>\n\t\t\t\t\t<\/div>\n\t\t<\/section>\n\t\t\t\t<\/div>\n\t\t","protected":false},"excerpt":{"rendered":"<p>De\u011fi\u015fim Programlar\u0131 Atat\u00fcrk \u00dcniversitesi, b\u00fcnyesinde e\u011fitim alan lisans ve lisans\u00fcst\u00fc \u00f6\u011frencilerine geni\u015f imk\u00e2nlar i\u00e7eren de\u011fi\u015fim programlar\u0131ndan faydalanma f\u0131rsat\u0131 tan\u0131maktad\u0131r.\u00a0 Atat\u00fcrk \u00dcniversitesi\u2019nin bir bile\u015feni olarak Uluslararas\u0131 \u0130li\u015fkiler B\u00f6l\u00fcm\u00fc \u00f6\u011frencileri yurti\u00e7i ve yurtd\u0131\u015f\u0131, Avrupa, Balkanlar ve Asya gibi \u00e7e\u015fitli se\u00e7eneklere sahip olduklar\u0131 bu programlara ba\u015fvurma hakk\u0131na sahiptir. De\u011fi\u015fim programlar\u0131na ba\u015fvuru, g\u00fcncel duyurular\u0131n ilan\u0131 ve etkinlikler i\u00e7in Atat\u00fcrk [&hellip;]<\/p>\n","protected":false},"author":513,"featured_media":0,"parent":0,"menu_order":0,"comment_status":"closed","ping_status":"closed","template":"elementor_header_footer","meta":{"footnotes":""},"class_list":["post-6484","page","type-page","status-publish","hentry"],"_links":{"self":[{"href":"https:\/\/atauni.edu.tr\/uluslararasi-iliskiler-bolumu\/wp-json\/wp\/v2\/pages\/6484","targetHints":{"allow":["GET"]}}],"collection":[{"href":"https:\/\/atauni.edu.tr\/uluslararasi-iliskiler-bolumu\/wp-json\/wp\/v2\/pages"}],"about":[{"href":"https:\/\/atauni.edu.tr\/uluslararasi-iliskiler-bolumu\/wp-json\/wp\/v2\/types\/page"}],"author":[{"embeddable":true,"href":"https:\/\/atauni.edu.tr\/uluslararasi-iliskiler-bolumu\/wp-json\/wp\/v2\/users\/513"}],"replies":[{"embeddable":true,"href":"https:\/\/atauni.edu.tr\/uluslararasi-iliskiler-bolumu\/wp-json\/wp\/v2\/comments?post=6484"}],"version-history":[{"count":4,"href":"https:\/\/atauni.edu.tr\/uluslararasi-iliskiler-bolumu\/wp-json\/wp\/v2\/pages\/6484\/revisions"}],"predecessor-version":[{"id":6556,"href":"https:\/\/atauni.edu.tr\/uluslararasi-iliskiler-bolumu\/wp-json\/wp\/v2\/pages\/6484\/revisions\/6556"}],"wp:attachment":[{"href":"https:\/\/atauni.edu.tr\/uluslararasi-iliskiler-bolumu\/wp-json\/wp\/v2\/media?parent=6484"}],"curies":[{"name":"wp","href":"https:\/\/api.w.org\/{rel}","templated":true}]}}