{"id":6486,"date":"2023-06-16T12:43:47","date_gmt":"2023-06-16T09:43:47","guid":{"rendered":"https:\/\/birimler.atauni.edu.tr\/uluslararasi-iliskiler-bolumu\/?page_id=6486"},"modified":"2023-06-16T12:53:17","modified_gmt":"2023-06-16T09:53:17","slug":"ogrenci-kulupleri","status":"publish","type":"page","link":"https:\/\/atauni.edu.tr\/uluslararasi-iliskiler-bolumu\/ogrenci-kulupleri\/","title":{"rendered":"\u00d6\u011frenci Kul\u00fcpleri"},"content":{"rendered":"\t\t<div data-elementor-type=\"wp-page\" data-elementor-id=\"6486\" class=\"elementor elementor-6486\" data-elementor-post-type=\"page\">\n\t\t\t\t\t\t<section class=\"elementor-section elementor-top-section elementor-element elementor-element-7b67f7d elementor-section-boxed elementor-section-height-default elementor-section-height-default\" data-id=\"7b67f7d\" data-element_type=\"section\">\n\t\t\t\t\t\t<div class=\"elementor-container elementor-column-gap-default\">\n\t\t\t\t\t<div class=\"elementor-column elementor-col-100 elementor-top-column elementor-element elementor-element-367e243\" data-id=\"367e243\" data-element_type=\"column\">\n\t\t\t<div class=\"elementor-widget-wrap elementor-element-populated\">\n\t\t\t\t\t\t<div class=\"elementor-element elementor-element-8517d7a elementor-widget elementor-widget-heading\" data-id=\"8517d7a\" data-element_type=\"widget\" data-widget_type=\"heading.default\">\n\t\t\t\t<div class=\"elementor-widget-container\">\n\t\t\t\t\t<h2 class=\"elementor-heading-title elementor-size-default\">Atat\u00fcrk \u00dcniversitesi K\u00fcresel Geli\u015fim ve Etkile\u015fim Kul\u00fcb\u00fc<\/h2>\t\t\t\t<\/div>\n\t\t\t\t<\/div>\n\t\t\t\t<div class=\"elementor-element elementor-element-3910b7d elementor-widget-divider--view-line elementor-widget elementor-widget-divider\" data-id=\"3910b7d\" data-element_type=\"widget\" data-widget_type=\"divider.default\">\n\t\t\t\t<div class=\"elementor-widget-container\">\n\t\t\t\t\t\t\t<div class=\"elementor-divider\">\n\t\t\t<span class=\"elementor-divider-separator\">\n\t\t\t\t\t\t<\/span>\n\t\t<\/div>\n\t\t\t\t\t\t<\/div>\n\t\t\t\t<\/div>\n\t\t\t\t\t<\/div>\n\t\t<\/div>\n\t\t\t\t\t<\/div>\n\t\t<\/section>\n\t\t\t\t<section class=\"elementor-section elementor-top-section elementor-element elementor-element-dd22c37 elementor-section-boxed elementor-section-height-default elementor-section-height-default\" data-id=\"dd22c37\" data-element_type=\"section\">\n\t\t\t\t\t\t<div class=\"elementor-container elementor-column-gap-default\">\n\t\t\t\t\t<div class=\"elementor-column elementor-col-100 elementor-top-column elementor-element elementor-element-a419364\" data-id=\"a419364\" data-element_type=\"column\">\n\t\t\t<div class=\"elementor-widget-wrap elementor-element-populated\">\n\t\t\t\t\t\t<div class=\"elementor-element elementor-element-92a507c elementor-widget elementor-widget-text-editor\" data-id=\"92a507c\" data-element_type=\"widget\" data-widget_type=\"text-editor.default\">\n\t\t\t\t<div class=\"elementor-widget-container\">\n\t\t\t\t\t\t\t\t\t<p>B\u00f6l\u00fcm\u00fcm\u00fcz b\u00fcnyesinde faaliyetlerini s\u00fcrd\u00fcrmekte olan \u201cAtat\u00fcrk \u00dcniversitesi K\u00fcresel Geli\u015fim ve Etkile\u015fim Kul\u00fcb\u00fc\u201d fak\u00fcltemizin aktif \u00f6\u011frenci topluluklar\u0131ndan biridir. 2022 y\u0131l\u0131 itibariyle kurulan kul\u00fcb\u00fcn dan\u0131\u015fmanl\u0131\u011f\u0131n\u0131 Dr. \u00d6\u011fr. \u00dcyesi Sinem \u00c7EL\u0130K \u00fcstlenmektedir. Kul\u00fcb\u00fcn halihaz\u0131rda 114 aktif \u00fcyesi bulunmaktad\u0131r. Kul\u00fcp, ilerleyen d\u00f6nemlerde akran toplant\u0131lar\u0131, \u00e7al\u0131\u015ftaylar, tarihi geziler, kariyer ve tan\u0131t\u0131m toplant\u0131lar\u0131 gibi bir\u00e7ok etkinlik ger\u00e7ekle\u015ftirme hedefindedir.<\/p>\t\t\t\t\t\t\t\t<\/div>\n\t\t\t\t<\/div>\n\t\t\t\t<div class=\"elementor-element elementor-element-27a8abd elementor-widget elementor-widget-image\" data-id=\"27a8abd\" data-element_type=\"widget\" data-widget_type=\"image.default\">\n\t\t\t\t<div class=\"elementor-widget-container\">\n\t\t\t\t\t\t\t\t\t\t\t\t\t\t\t<img fetchpriority=\"high\" decoding=\"async\" width=\"768\" height=\"412\" src=\"https:\/\/atauni.edu.tr\/uluslararasi-iliskiler-bolumu\/wp-content\/uploads\/sites\/170\/2023\/06\/WhatsApp-Gorsel-2023-06-09-saat-09.55.01-768x412.jpg\" class=\"attachment-medium_large size-medium_large wp-image-6542\" alt=\"\" srcset=\"https:\/\/atauni.edu.tr\/uluslararasi-iliskiler-bolumu\/wp-content\/uploads\/sites\/170\/2023\/06\/WhatsApp-Gorsel-2023-06-09-saat-09.55.01-768x412.jpg 768w, https:\/\/atauni.edu.tr\/uluslararasi-iliskiler-bolumu\/wp-content\/uploads\/sites\/170\/2023\/06\/WhatsApp-Gorsel-2023-06-09-saat-09.55.01-300x161.jpg 300w, https:\/\/atauni.edu.tr\/uluslararasi-iliskiler-bolumu\/wp-content\/uploads\/sites\/170\/2023\/06\/WhatsApp-Gorsel-2023-06-09-saat-09.55.01-600x322.jpg 600w, https:\/\/atauni.edu.tr\/uluslararasi-iliskiler-bolumu\/wp-content\/uploads\/sites\/170\/2023\/06\/WhatsApp-Gorsel-2023-06-09-saat-09.55.01-560x300.jpg 560w, https:\/\/atauni.edu.tr\/uluslararasi-iliskiler-bolumu\/wp-content\/uploads\/sites\/170\/2023\/06\/WhatsApp-Gorsel-2023-06-09-saat-09.55.01.jpg 1024w\" sizes=\"(max-width: 768px) 100vw, 768px\" \/>\t\t\t\t\t\t\t\t\t\t\t\t\t\t\t<\/div>\n\t\t\t\t<\/div>\n\t\t\t\t\t<\/div>\n\t\t<\/div>\n\t\t\t\t\t<\/div>\n\t\t<\/section>\n\t\t\t\t<\/div>\n\t\t","protected":false},"excerpt":{"rendered":"<p>Atat\u00fcrk \u00dcniversitesi K\u00fcresel Geli\u015fim ve Etkile\u015fim Kul\u00fcb\u00fc B\u00f6l\u00fcm\u00fcm\u00fcz b\u00fcnyesinde faaliyetlerini s\u00fcrd\u00fcrmekte olan \u201cAtat\u00fcrk \u00dcniversitesi K\u00fcresel Geli\u015fim ve Etkile\u015fim Kul\u00fcb\u00fc\u201d fak\u00fcltemizin aktif \u00f6\u011frenci topluluklar\u0131ndan biridir. 2022 y\u0131l\u0131 itibariyle kurulan kul\u00fcb\u00fcn dan\u0131\u015fmanl\u0131\u011f\u0131n\u0131 Dr. \u00d6\u011fr. \u00dcyesi Sinem \u00c7EL\u0130K \u00fcstlenmektedir. Kul\u00fcb\u00fcn halihaz\u0131rda 114 aktif \u00fcyesi bulunmaktad\u0131r. Kul\u00fcp, ilerleyen d\u00f6nemlerde akran toplant\u0131lar\u0131, \u00e7al\u0131\u015ftaylar, tarihi geziler, kariyer ve tan\u0131t\u0131m toplant\u0131lar\u0131 gibi [&hellip;]<\/p>\n","protected":false},"author":513,"featured_media":0,"parent":0,"menu_order":0,"comment_status":"closed","ping_status":"closed","template":"","meta":{"footnotes":""},"class_list":["post-6486","page","type-page","status-publish","hentry"],"_links":{"self":[{"href":"https:\/\/atauni.edu.tr\/uluslararasi-iliskiler-bolumu\/wp-json\/wp\/v2\/pages\/6486","targetHints":{"allow":["GET"]}}],"collection":[{"href":"https:\/\/atauni.edu.tr\/uluslararasi-iliskiler-bolumu\/wp-json\/wp\/v2\/pages"}],"about":[{"href":"https:\/\/atauni.edu.tr\/uluslararasi-iliskiler-bolumu\/wp-json\/wp\/v2\/types\/page"}],"author":[{"embeddable":true,"href":"https:\/\/atauni.edu.tr\/uluslararasi-iliskiler-bolumu\/wp-json\/wp\/v2\/users\/513"}],"replies":[{"embeddable":true,"href":"https:\/\/atauni.edu.tr\/uluslararasi-iliskiler-bolumu\/wp-json\/wp\/v2\/comments?post=6486"}],"version-history":[{"count":5,"href":"https:\/\/atauni.edu.tr\/uluslararasi-iliskiler-bolumu\/wp-json\/wp\/v2\/pages\/6486\/revisions"}],"predecessor-version":[{"id":6549,"href":"https:\/\/atauni.edu.tr\/uluslararasi-iliskiler-bolumu\/wp-json\/wp\/v2\/pages\/6486\/revisions\/6549"}],"wp:attachment":[{"href":"https:\/\/atauni.edu.tr\/uluslararasi-iliskiler-bolumu\/wp-json\/wp\/v2\/media?parent=6486"}],"curies":[{"name":"wp","href":"https:\/\/api.w.org\/{rel}","templated":true}]}}