{"id":6694,"date":"2023-08-31T00:35:07","date_gmt":"2023-08-30T21:35:07","guid":{"rendered":"https:\/\/birimler.atauni.edu.tr\/uluslararasi-iliskiler-bolumu\/?page_id=6694"},"modified":"2023-08-31T00:38:51","modified_gmt":"2023-08-30T21:38:51","slug":"program-egitim-amaclari","status":"publish","type":"page","link":"https:\/\/atauni.edu.tr\/uluslararasi-iliskiler-bolumu\/program-egitim-amaclari\/","title":{"rendered":"Program E\u011fitim Ama\u00e7lar\u0131"},"content":{"rendered":"\t\t<div data-elementor-type=\"wp-page\" data-elementor-id=\"6694\" class=\"elementor elementor-6694\" data-elementor-post-type=\"page\">\n\t\t\t\t\t\t<section class=\"elementor-section elementor-top-section elementor-element elementor-element-08c5511 elementor-section-boxed elementor-section-height-default elementor-section-height-default\" data-id=\"08c5511\" data-element_type=\"section\">\n\t\t\t\t\t\t<div class=\"elementor-container elementor-column-gap-default\">\n\t\t\t\t\t<div class=\"elementor-column elementor-col-100 elementor-top-column elementor-element elementor-element-1a4842f\" data-id=\"1a4842f\" data-element_type=\"column\">\n\t\t\t<div class=\"elementor-widget-wrap elementor-element-populated\">\n\t\t\t\t\t\t<div class=\"elementor-element elementor-element-b44dc51 elementor-widget elementor-widget-heading\" data-id=\"b44dc51\" data-element_type=\"widget\" data-widget_type=\"heading.default\">\n\t\t\t\t<div class=\"elementor-widget-container\">\n\t\t\t\t\t<h2 class=\"elementor-heading-title elementor-size-default\">Program E\u011fitim Ama\u00e7lar\u0131<\/h2>\t\t\t\t<\/div>\n\t\t\t\t<\/div>\n\t\t\t\t<div class=\"elementor-element elementor-element-cc08ca3 elementor-widget-divider--view-line elementor-widget elementor-widget-divider\" data-id=\"cc08ca3\" data-element_type=\"widget\" data-widget_type=\"divider.default\">\n\t\t\t\t<div class=\"elementor-widget-container\">\n\t\t\t\t\t\t\t<div class=\"elementor-divider\">\n\t\t\t<span class=\"elementor-divider-separator\">\n\t\t\t\t\t\t<\/span>\n\t\t<\/div>\n\t\t\t\t\t\t<\/div>\n\t\t\t\t<\/div>\n\t\t\t\t\t<\/div>\n\t\t<\/div>\n\t\t\t\t\t<\/div>\n\t\t<\/section>\n\t\t\t\t<section class=\"elementor-section elementor-top-section elementor-element elementor-element-9ce6ed4 elementor-section-boxed elementor-section-height-default elementor-section-height-default\" data-id=\"9ce6ed4\" data-element_type=\"section\">\n\t\t\t\t\t\t<div class=\"elementor-container elementor-column-gap-default\">\n\t\t\t\t\t<div class=\"elementor-column elementor-col-100 elementor-top-column elementor-element elementor-element-746e7e3\" data-id=\"746e7e3\" data-element_type=\"column\">\n\t\t\t<div class=\"elementor-widget-wrap elementor-element-populated\">\n\t\t\t\t\t\t<div class=\"elementor-element elementor-element-a745be9 elementor-widget elementor-widget-text-editor\" data-id=\"a745be9\" data-element_type=\"widget\" data-widget_type=\"text-editor.default\">\n\t\t\t\t<div class=\"elementor-widget-container\">\n\t\t\t\t\t\t\t\t\t<table><tbody><tr><td rowspan=\"3\"><p><strong><br \/>E\u011fitim\u00a0<\/strong><\/p><p><strong>Ama\u00e7lar\u0131<\/strong><\/p><\/td><td><p><strong>EA1<\/strong><\/p><\/td><td><p>Sosyal bilimler formasyonunu alm\u0131\u015f, evrensel etik de\u011ferlere sahip, ele\u015ftirel d\u00fc\u015f\u00fcnebilen, g\u00fcncel uluslararas\u0131 konular\u0131 analitik bir \u00e7er\u00e7eveden de\u011ferlendirerek i\u015f ya\u015fam\u0131na katk\u0131 sa\u011flarlar.\u00a0<\/p><\/td><\/tr><tr><td><p><strong>EA2<\/strong><\/p><\/td><td><p>Disiplinde ve disiplinleraras\u0131 y\u00fcksek lisans ve doktora programlar\u0131nda \u00f6zg\u00fcn ara\u015ft\u0131rmalar yaparlar.\u00a0<\/p><\/td><\/tr><tr><td><p><strong>EA3<\/strong><\/p><\/td><td><p>Kamu ve \u00f6zel sekt\u00f6rde uzmanl\u0131k, yurti\u00e7i ve\/veya yurtd\u0131\u015f\u0131 dan\u0131\u015fmanl\u0131k, halkla ili\u015fkiler, profesyonel sivil toplum ve diplomasi alanlar\u0131nda faaliyetler y\u00fcr\u00fct\u00fcrler.<\/p><\/td><\/tr><\/tbody><\/table>\t\t\t\t\t\t\t\t<\/div>\n\t\t\t\t<\/div>\n\t\t\t\t\t<\/div>\n\t\t<\/div>\n\t\t\t\t\t<\/div>\n\t\t<\/section>\n\t\t\t\t<\/div>\n\t\t","protected":false},"excerpt":{"rendered":"<p>Program E\u011fitim Ama\u00e7lar\u0131 E\u011fitim\u00a0 Ama\u00e7lar\u0131 EA1 Sosyal bilimler formasyonunu alm\u0131\u015f, evrensel etik de\u011ferlere sahip, ele\u015ftirel d\u00fc\u015f\u00fcnebilen, g\u00fcncel uluslararas\u0131 konular\u0131 analitik bir \u00e7er\u00e7eveden de\u011ferlendirerek i\u015f ya\u015fam\u0131na katk\u0131 sa\u011flarlar. EA2 Disiplinde ve disiplinleraras\u0131 y\u00fcksek lisans ve doktora programlar\u0131nda \u00f6zg\u00fcn ara\u015ft\u0131rmalar yaparlar. EA3 Kamu ve \u00f6zel sekt\u00f6rde uzmanl\u0131k, yurti\u00e7i ve\/veya yurtd\u0131\u015f\u0131 dan\u0131\u015fmanl\u0131k, halkla ili\u015fkiler, profesyonel sivil toplum ve [&hellip;]<\/p>\n","protected":false},"author":513,"featured_media":0,"parent":0,"menu_order":0,"comment_status":"closed","ping_status":"closed","template":"","meta":{"footnotes":""},"class_list":["post-6694","page","type-page","status-publish","hentry"],"_links":{"self":[{"href":"https:\/\/atauni.edu.tr\/uluslararasi-iliskiler-bolumu\/wp-json\/wp\/v2\/pages\/6694","targetHints":{"allow":["GET"]}}],"collection":[{"href":"https:\/\/atauni.edu.tr\/uluslararasi-iliskiler-bolumu\/wp-json\/wp\/v2\/pages"}],"about":[{"href":"https:\/\/atauni.edu.tr\/uluslararasi-iliskiler-bolumu\/wp-json\/wp\/v2\/types\/page"}],"author":[{"embeddable":true,"href":"https:\/\/atauni.edu.tr\/uluslararasi-iliskiler-bolumu\/wp-json\/wp\/v2\/users\/513"}],"replies":[{"embeddable":true,"href":"https:\/\/atauni.edu.tr\/uluslararasi-iliskiler-bolumu\/wp-json\/wp\/v2\/comments?post=6694"}],"version-history":[{"count":5,"href":"https:\/\/atauni.edu.tr\/uluslararasi-iliskiler-bolumu\/wp-json\/wp\/v2\/pages\/6694\/revisions"}],"predecessor-version":[{"id":6699,"href":"https:\/\/atauni.edu.tr\/uluslararasi-iliskiler-bolumu\/wp-json\/wp\/v2\/pages\/6694\/revisions\/6699"}],"wp:attachment":[{"href":"https:\/\/atauni.edu.tr\/uluslararasi-iliskiler-bolumu\/wp-json\/wp\/v2\/media?parent=6694"}],"curies":[{"name":"wp","href":"https:\/\/api.w.org\/{rel}","templated":true}]}}