{"id":6808,"date":"2023-12-02T11:55:45","date_gmt":"2023-12-02T08:55:45","guid":{"rendered":"https:\/\/birimler.atauni.edu.tr\/uluslararasi-iliskiler-bolumu\/?page_id=6808"},"modified":"2023-12-02T11:57:19","modified_gmt":"2023-12-02T08:57:19","slug":"programa-ozgu-olcutler","status":"publish","type":"page","link":"https:\/\/atauni.edu.tr\/uluslararasi-iliskiler-bolumu\/anasayfa\/programa-ozgu-olcutler\/","title":{"rendered":"Programa \u00d6zg\u00fc \u00d6l\u00e7\u00fctler"},"content":{"rendered":"\t\t<div data-elementor-type=\"wp-page\" data-elementor-id=\"6808\" class=\"elementor elementor-6808\" data-elementor-post-type=\"page\">\n\t\t\t\t\t\t<section class=\"elementor-section elementor-top-section elementor-element elementor-element-b3cd965 elementor-section-boxed elementor-section-height-default elementor-section-height-default\" data-id=\"b3cd965\" data-element_type=\"section\">\n\t\t\t\t\t\t<div class=\"elementor-container elementor-column-gap-default\">\n\t\t\t\t\t<div class=\"elementor-column elementor-col-100 elementor-top-column elementor-element elementor-element-db9ce88\" data-id=\"db9ce88\" data-element_type=\"column\">\n\t\t\t<div class=\"elementor-widget-wrap elementor-element-populated\">\n\t\t\t\t\t\t<div class=\"elementor-element elementor-element-06f0459 elementor-widget elementor-widget-heading\" data-id=\"06f0459\" data-element_type=\"widget\" data-widget_type=\"heading.default\">\n\t\t\t\t<div class=\"elementor-widget-container\">\n\t\t\t\t\t<h2 class=\"elementor-heading-title elementor-size-default\">Programa \u00d6zg\u00fc \u00d6l\u00e7\u00fctler<\/h2>\t\t\t\t<\/div>\n\t\t\t\t<\/div>\n\t\t\t\t\t<\/div>\n\t\t<\/div>\n\t\t\t\t\t<\/div>\n\t\t<\/section>\n\t\t\t\t<section class=\"elementor-section elementor-top-section elementor-element elementor-element-8003ce8 elementor-section-boxed elementor-section-height-default elementor-section-height-default\" data-id=\"8003ce8\" data-element_type=\"section\">\n\t\t\t\t\t\t<div class=\"elementor-container elementor-column-gap-default\">\n\t\t\t\t\t<div class=\"elementor-column elementor-col-100 elementor-top-column elementor-element elementor-element-f1fef2e\" data-id=\"f1fef2e\" data-element_type=\"column\">\n\t\t\t<div class=\"elementor-widget-wrap elementor-element-populated\">\n\t\t\t\t\t\t<div class=\"elementor-element elementor-element-b8e9b22 elementor-widget-divider--view-line elementor-widget elementor-widget-divider\" data-id=\"b8e9b22\" data-element_type=\"widget\" data-widget_type=\"divider.default\">\n\t\t\t\t<div class=\"elementor-widget-container\">\n\t\t\t\t\t\t\t<div class=\"elementor-divider\">\n\t\t\t<span class=\"elementor-divider-separator\">\n\t\t\t\t\t\t<\/span>\n\t\t<\/div>\n\t\t\t\t\t\t<\/div>\n\t\t\t\t<\/div>\n\t\t\t\t\t<\/div>\n\t\t<\/div>\n\t\t\t\t\t<\/div>\n\t\t<\/section>\n\t\t\t\t<section class=\"elementor-section elementor-top-section elementor-element elementor-element-c5dc71c elementor-section-boxed elementor-section-height-default elementor-section-height-default\" data-id=\"c5dc71c\" data-element_type=\"section\">\n\t\t\t\t\t\t<div class=\"elementor-container elementor-column-gap-default\">\n\t\t\t\t\t<div class=\"elementor-column elementor-col-100 elementor-top-column elementor-element elementor-element-b7ac11d\" data-id=\"b7ac11d\" data-element_type=\"column\">\n\t\t\t<div class=\"elementor-widget-wrap elementor-element-populated\">\n\t\t\t\t\t\t<div class=\"elementor-element elementor-element-67f3f3d elementor-widget elementor-widget-text-editor\" data-id=\"67f3f3d\" data-element_type=\"widget\" data-widget_type=\"text-editor.default\">\n\t\t\t\t<div class=\"elementor-widget-container\">\n\t\t\t\t\t\t\t\t\t<ol><li>Uluslararas\u0131 \u0130li\u015fkiler alan\u0131nda temel kavramlar\u0131 anlama, kavramlararas\u0131 ili\u015fkileri kurabilme ve disiplinin alt konular\u0131 hakk\u0131ndaki bilgileri edinebilme<\/li><li>Uluslararas\u0131 \u0130li\u015fkiler alan\u0131ndaki kuramlar\u0131 ba\u011fda\u015ft\u0131rabilme ve bu kuramlarla insan ve toplum ili\u015fkilerini analiz edebilme<\/li><li>G\u00fcncel ve tarihi siyaset ve uluslararas\u0131 ili\u015fkiler alan\u0131ndaki geli\u015fmeleri neden-sonu\u00e7 ili\u015fkileri ba\u011flam\u0131nda de\u011ferlendirebilme<\/li><li>Siyasi ve uluslararas\u0131 ili\u015fkilerle ilgili kurumlar\u0131 temel modeller \u0131\u015f\u0131\u011f\u0131nda analiz edebilme g\u00fcncel geli\u015fmelerle ili\u015fki kurabilme<\/li><li>Uluslararas\u0131 \u0130li\u015fkiler alan\u0131nda problem \u00e7\u00f6zme yetene\u011fini ve ilgili teknikleri kullanma becerisini elde edebilme<\/li><li>Yerel, b\u00f6lgesel ve k\u00fcresel geli\u015fmeleri izleme ve bunlar aras\u0131nda ili\u015fki kurabilme<\/li><li>T\u00fcrk Dilini etkin olarak kullanabilme ara\u015ft\u0131rma yapmada en az bir yabanc\u0131 dil bilgisine sahip olabilme<\/li><li>Siyaset Bilimi ve Uluslararas\u0131 \u0130li\u015fkileri sosyolojik iktisadi, felsefi, teknolojik ve di\u011fer disiplinlerin temel kavramlar\u0131yla ili\u015fkilendirebilme<\/li><li>\u00d6\u011frenme s\u00fcrecinde ve bilimsel ara\u015ft\u0131rmada etik de\u011ferleri, tak\u0131m \u00e7al\u0131\u015fmas\u0131 ve giri\u015fim yetene\u011fi edinme ve kendini s\u00fcrekli yenileme becerisi kazanabilme<\/li><\/ol>\t\t\t\t\t\t\t\t<\/div>\n\t\t\t\t<\/div>\n\t\t\t\t\t<\/div>\n\t\t<\/div>\n\t\t\t\t\t<\/div>\n\t\t<\/section>\n\t\t\t\t<\/div>\n\t\t","protected":false},"excerpt":{"rendered":"<p>Programa \u00d6zg\u00fc \u00d6l\u00e7\u00fctler Uluslararas\u0131 \u0130li\u015fkiler alan\u0131nda temel kavramlar\u0131 anlama, kavramlararas\u0131 ili\u015fkileri kurabilme ve disiplinin alt konular\u0131 hakk\u0131ndaki bilgileri edinebilme Uluslararas\u0131 \u0130li\u015fkiler alan\u0131ndaki kuramlar\u0131 ba\u011fda\u015ft\u0131rabilme ve bu kuramlarla insan ve toplum ili\u015fkilerini analiz edebilme G\u00fcncel ve tarihi siyaset ve uluslararas\u0131 ili\u015fkiler alan\u0131ndaki geli\u015fmeleri neden-sonu\u00e7 ili\u015fkileri ba\u011flam\u0131nda de\u011ferlendirebilme Siyasi ve uluslararas\u0131 ili\u015fkilerle ilgili kurumlar\u0131 temel modeller \u0131\u015f\u0131\u011f\u0131nda [&hellip;]<\/p>\n","protected":false},"author":513,"featured_media":0,"parent":68,"menu_order":0,"comment_status":"closed","ping_status":"closed","template":"elementor_header_footer","meta":{"footnotes":""},"class_list":["post-6808","page","type-page","status-publish","hentry"],"_links":{"self":[{"href":"https:\/\/atauni.edu.tr\/uluslararasi-iliskiler-bolumu\/wp-json\/wp\/v2\/pages\/6808","targetHints":{"allow":["GET"]}}],"collection":[{"href":"https:\/\/atauni.edu.tr\/uluslararasi-iliskiler-bolumu\/wp-json\/wp\/v2\/pages"}],"about":[{"href":"https:\/\/atauni.edu.tr\/uluslararasi-iliskiler-bolumu\/wp-json\/wp\/v2\/types\/page"}],"author":[{"embeddable":true,"href":"https:\/\/atauni.edu.tr\/uluslararasi-iliskiler-bolumu\/wp-json\/wp\/v2\/users\/513"}],"replies":[{"embeddable":true,"href":"https:\/\/atauni.edu.tr\/uluslararasi-iliskiler-bolumu\/wp-json\/wp\/v2\/comments?post=6808"}],"version-history":[{"count":4,"href":"https:\/\/atauni.edu.tr\/uluslararasi-iliskiler-bolumu\/wp-json\/wp\/v2\/pages\/6808\/revisions"}],"predecessor-version":[{"id":6818,"href":"https:\/\/atauni.edu.tr\/uluslararasi-iliskiler-bolumu\/wp-json\/wp\/v2\/pages\/6808\/revisions\/6818"}],"up":[{"embeddable":true,"href":"https:\/\/atauni.edu.tr\/uluslararasi-iliskiler-bolumu\/wp-json\/wp\/v2\/pages\/68"}],"wp:attachment":[{"href":"https:\/\/atauni.edu.tr\/uluslararasi-iliskiler-bolumu\/wp-json\/wp\/v2\/media?parent=6808"}],"curies":[{"name":"wp","href":"https:\/\/api.w.org\/{rel}","templated":true}]}}