{"id":5688,"date":"2021-07-13T10:13:48","date_gmt":"2021-07-13T07:13:48","guid":{"rendered":"https:\/\/portaltest.atauni.edu.tr\/bilgisayar-muhendisligi\/?page_id=5688"},"modified":"2026-02-06T18:49:06","modified_gmt":"2026-02-06T15:49:06","slug":"akademik-personel","status":"publish","type":"page","link":"https:\/\/atauni.edu.tr\/uluslararasi-ticaret-ve-lojistik-bolumu\/akademik-personel\/","title":{"rendered":"Akademik Personel"},"content":{"rendered":"\t\t<div data-elementor-type=\"wp-page\" data-elementor-id=\"5688\" class=\"elementor elementor-5688\" data-elementor-post-type=\"page\">\n\t\t\t\t\t\t<section class=\"elementor-section elementor-top-section elementor-element elementor-element-79f7578 elementor-section-boxed elementor-section-height-default elementor-section-height-default\" data-id=\"79f7578\" data-element_type=\"section\">\n\t\t\t\t\t\t<div class=\"elementor-container elementor-column-gap-default\">\n\t\t\t\t\t<div class=\"elementor-column elementor-col-100 elementor-top-column elementor-element elementor-element-f434841\" data-id=\"f434841\" data-element_type=\"column\">\n\t\t\t<div class=\"elementor-widget-wrap elementor-element-populated\">\n\t\t\t\t\t\t<div class=\"elementor-element elementor-element-75b636a elementor-widget elementor-widget-heading\" data-id=\"75b636a\" data-element_type=\"widget\" data-widget_type=\"heading.default\">\n\t\t\t\t<div class=\"elementor-widget-container\">\n\t\t\t\t\t<h2 class=\"elementor-heading-title elementor-size-medium\"><a href=\"https:\/\/avesis.atauni.edu.tr\/hkutlu\">Prof. Dr. Abdullah TAKIM <\/a><\/h2>\t\t\t\t<\/div>\n\t\t\t\t<\/div>\n\t\t\t\t<div class=\"elementor-element elementor-element-0db8a7c elementor-widget elementor-widget-heading\" data-id=\"0db8a7c\" data-element_type=\"widget\" data-widget_type=\"heading.default\">\n\t\t\t\t<div class=\"elementor-widget-container\">\n\t\t\t\t\t<h2 class=\"elementor-heading-title elementor-size-medium\"><a href=\"https:\/\/avesis.atauni.edu.tr\/fehim.bakirci\">Prof. Dr. Fehim BAKIRCI <br><\/a><\/h2>\t\t\t\t<\/div>\n\t\t\t\t<\/div>\n\t\t\t\t<div class=\"elementor-element elementor-element-6a25846 elementor-widget elementor-widget-heading\" data-id=\"6a25846\" data-element_type=\"widget\" data-widget_type=\"heading.default\">\n\t\t\t\t<div class=\"elementor-widget-container\">\n\t\t\t\t\t<h2 class=\"elementor-heading-title elementor-size-medium\"><a href=\"https:\/\/avesis.atauni.edu.tr\/fehim.bakirci\">Prof. Dr. H\u00fcseyin Ali KUTLU<\/a><\/h2>\t\t\t\t<\/div>\n\t\t\t\t<\/div>\n\t\t\t\t<div class=\"elementor-element elementor-element-2f35694 elementor-widget elementor-widget-heading\" data-id=\"2f35694\" data-element_type=\"widget\" data-widget_type=\"heading.default\">\n\t\t\t\t<div class=\"elementor-widget-container\">\n\t\t\t\t\t<h2 class=\"elementor-heading-title elementor-size-medium\"><a href=\"https:\/\/avesis.atauni.edu.tr\/abdullahtakim\">Prof. Dr. Eda BOZKURT<br><\/a><\/h2>\t\t\t\t<\/div>\n\t\t\t\t<\/div>\n\t\t\t\t<div class=\"elementor-element elementor-element-aab32cc elementor-widget elementor-widget-heading\" data-id=\"aab32cc\" data-element_type=\"widget\" data-widget_type=\"heading.default\">\n\t\t\t\t<div class=\"elementor-widget-container\">\n\t\t\t\t\t<h2 class=\"elementor-heading-title elementor-size-medium\"><a href=\"https:\/\/avesis.atauni.edu.tr\/aydemir\"><span style=\"letter-spacing: 0px\">Do\u00e7. Dr. Muhammed \u0130hsan \u00c7UBUKCU<\/span><br><\/a><\/h2>\t\t\t\t<\/div>\n\t\t\t\t<\/div>\n\t\t\t\t<div class=\"elementor-element elementor-element-bca8b6f elementor-widget elementor-widget-heading\" data-id=\"bca8b6f\" data-element_type=\"widget\" data-widget_type=\"heading.default\">\n\t\t\t\t<div class=\"elementor-widget-container\">\n\t\t\t\t\t<h2 class=\"elementor-heading-title elementor-size-medium\"><a href=\"https:\/\/avesis.atauni.edu.tr\/icubukcu\"><span style=\"letter-spacing: 0px\">Do\u00e7. Dr. A. Fatih AYDEM\u0130R<\/span><br><\/a><\/h2>\t\t\t\t<\/div>\n\t\t\t\t<\/div>\n\t\t\t\t<div class=\"elementor-element elementor-element-e2c4a7a elementor-widget elementor-widget-heading\" data-id=\"e2c4a7a\" data-element_type=\"widget\" data-widget_type=\"heading.default\">\n\t\t\t\t<div class=\"elementor-widget-container\">\n\t\t\t\t\t<h2 class=\"elementor-heading-title elementor-size-medium\"><a href=\"https:\/\/avesis.atauni.edu.tr\/abdullah.tuzemen\">Do\u00e7. Dr. Meryem \u00d6ZT\u00dcRK<br><\/a><\/h2>\t\t\t\t<\/div>\n\t\t\t\t<\/div>\n\t\t\t\t<div class=\"elementor-element elementor-element-acf1c29 elementor-widget elementor-widget-heading\" data-id=\"acf1c29\" data-element_type=\"widget\" data-widget_type=\"heading.default\">\n\t\t\t\t<div class=\"elementor-widget-container\">\n\t\t\t\t\t<h2 class=\"elementor-heading-title elementor-size-medium\"><a href=\"https:\/\/avesis.atauni.edu.tr\/abdullah.tuzemen\">Dr. \u00d6\u011fr. \u00dcyesi Abdullah T\u00dcZEMEN<br><\/a><\/h2>\t\t\t\t<\/div>\n\t\t\t\t<\/div>\n\t\t\t\t<div class=\"elementor-element elementor-element-3cbc20e elementor-widget elementor-widget-heading\" data-id=\"3cbc20e\" data-element_type=\"widget\" data-widget_type=\"heading.default\">\n\t\t\t\t<div class=\"elementor-widget-container\">\n\t\t\t\t\t<h2 class=\"elementor-heading-title elementor-size-medium\"><a href=\"https:\/\/avesis.atauni.edu.tr\/ebubekir.karabacak\">Dr. \u00d6\u011fr. \u00dcyesi Ebubekir KARABACAK<br><\/a><\/h2>\t\t\t\t<\/div>\n\t\t\t\t<\/div>\n\t\t\t\t<div class=\"elementor-element elementor-element-bca5ca5 elementor-widget elementor-widget-heading\" data-id=\"bca5ca5\" data-element_type=\"widget\" data-widget_type=\"heading.default\">\n\t\t\t\t<div class=\"elementor-widget-container\">\n\t\t\t\t\t<h2 class=\"elementor-heading-title elementor-size-medium\">Ar\u015f. G\u00f6r. Senanur \u015e\u0130\u015eMAN<br><\/h2>\t\t\t\t<\/div>\n\t\t\t\t<\/div>\n\t\t\t\t\t<\/div>\n\t\t<\/div>\n\t\t\t\t\t<\/div>\n\t\t<\/section>\n\t\t\t\t<\/div>\n\t\t","protected":false},"excerpt":{"rendered":"<p>Prof. Dr. Abdullah TAKIM Prof. Dr. Fehim BAKIRCI Prof. Dr. H\u00fcseyin Ali KUTLU Prof. Dr. Eda BOZKURT Do\u00e7. Dr. Muhammed \u0130hsan \u00c7UBUKCU Do\u00e7. Dr. A. Fatih AYDEM\u0130R Do\u00e7. Dr. Meryem \u00d6ZT\u00dcRK Dr. \u00d6\u011fr. \u00dcyesi Abdullah T\u00dcZEMEN Dr. \u00d6\u011fr. \u00dcyesi Ebubekir KARABACAK Ar\u015f. G\u00f6r. Senanur \u015e\u0130\u015eMAN<\/p>\n","protected":false},"author":1,"featured_media":0,"parent":0,"menu_order":0,"comment_status":"closed","ping_status":"closed","template":"","meta":{"footnotes":""},"class_list":["post-5688","page","type-page","status-publish","hentry"],"_links":{"self":[{"href":"https:\/\/atauni.edu.tr\/uluslararasi-ticaret-ve-lojistik-bolumu\/wp-json\/wp\/v2\/pages\/5688","targetHints":{"allow":["GET"]}}],"collection":[{"href":"https:\/\/atauni.edu.tr\/uluslararasi-ticaret-ve-lojistik-bolumu\/wp-json\/wp\/v2\/pages"}],"about":[{"href":"https:\/\/atauni.edu.tr\/uluslararasi-ticaret-ve-lojistik-bolumu\/wp-json\/wp\/v2\/types\/page"}],"author":[{"embeddable":true,"href":"https:\/\/atauni.edu.tr\/uluslararasi-ticaret-ve-lojistik-bolumu\/wp-json\/wp\/v2\/users\/1"}],"replies":[{"embeddable":true,"href":"https:\/\/atauni.edu.tr\/uluslararasi-ticaret-ve-lojistik-bolumu\/wp-json\/wp\/v2\/comments?post=5688"}],"version-history":[{"count":76,"href":"https:\/\/atauni.edu.tr\/uluslararasi-ticaret-ve-lojistik-bolumu\/wp-json\/wp\/v2\/pages\/5688\/revisions"}],"predecessor-version":[{"id":7020,"href":"https:\/\/atauni.edu.tr\/uluslararasi-ticaret-ve-lojistik-bolumu\/wp-json\/wp\/v2\/pages\/5688\/revisions\/7020"}],"wp:attachment":[{"href":"https:\/\/atauni.edu.tr\/uluslararasi-ticaret-ve-lojistik-bolumu\/wp-json\/wp\/v2\/media?parent=5688"}],"curies":[{"name":"wp","href":"https:\/\/api.w.org\/{rel}","templated":true}]}}