{"id":5728,"date":"2021-07-13T11:33:38","date_gmt":"2021-07-13T08:33:38","guid":{"rendered":"https:\/\/portaltest.atauni.edu.tr\/bilgisayar-muhendisligi\/?page_id=5728"},"modified":"2026-01-30T10:58:45","modified_gmt":"2026-01-30T07:58:45","slug":"bolum-tanitimi","status":"publish","type":"page","link":"https:\/\/atauni.edu.tr\/uluslararasi-ticaret-ve-lojistik-bolumu\/bolum-tanitimi\/","title":{"rendered":"B\u00f6l\u00fcm Tan\u0131t\u0131m\u0131"},"content":{"rendered":"\t\t<div data-elementor-type=\"wp-page\" data-elementor-id=\"5728\" class=\"elementor elementor-5728\" data-elementor-post-type=\"page\">\n\t\t\t\t\t\t<section class=\"elementor-section elementor-top-section elementor-element elementor-element-730d320 elementor-section-boxed elementor-section-height-default elementor-section-height-default\" data-id=\"730d320\" data-element_type=\"section\">\n\t\t\t\t\t\t<div class=\"elementor-container elementor-column-gap-default\">\n\t\t\t\t\t<div class=\"elementor-column elementor-col-100 elementor-top-column elementor-element elementor-element-753d0860\" data-id=\"753d0860\" data-element_type=\"column\">\n\t\t\t<div class=\"elementor-widget-wrap\">\n\t\t\t\t\t\t\t<\/div>\n\t\t<\/div>\n\t\t\t\t\t<\/div>\n\t\t<\/section>\n\t\t\t\t<section class=\"elementor-section elementor-top-section elementor-element elementor-element-681db8b elementor-section-boxed elementor-section-height-default elementor-section-height-default\" data-id=\"681db8b\" data-element_type=\"section\">\n\t\t\t\t\t\t<div class=\"elementor-container elementor-column-gap-default\">\n\t\t\t\t\t<div class=\"elementor-column elementor-col-100 elementor-top-column elementor-element elementor-element-ad4dac5\" data-id=\"ad4dac5\" data-element_type=\"column\">\n\t\t\t<div class=\"elementor-widget-wrap elementor-element-populated\">\n\t\t\t\t\t\t<div class=\"elementor-element elementor-element-2f96b3d elementor-widget elementor-widget-text-editor\" data-id=\"2f96b3d\" data-element_type=\"widget\" data-widget_type=\"text-editor.default\">\n\t\t\t\t<div class=\"elementor-widget-container\">\n\t\t\t\t\t\t\t\t\t<div>\n<p>Atat\u00fcrk \u00dcniversitesi \u0130ktisadi ve \u0130dari Bilimler Fak\u00fcltesi b\u00fcnyesinde 2013 y\u0131l\u0131nda kurulan Uluslararas\u0131 Ticaret ve Lojistik B\u00f6l\u00fcm\u00fc; 2015-2016 d\u00f6neminde Lisans d\u00fczeyinde \u00f6rg\u00fcn ve ikinci \u00f6\u011fretimde ilk \u00f6\u011frenci kabul\u00fcn\u00fc ger\u00e7ekle\u015ftirerek e\u011fitim-\u00f6\u011fretim faaliyetlerine ba\u015flam\u0131\u015ft\u0131r. \u0130lk mezunlar\u0131n\u0131 2018-2019 d\u00f6neminde vermi\u015ftir. Atat\u00fcrk \u00dcniversitesi Sosyal Bilimler Enstit\u00fcs\u00fc b\u00fcnyesinde 2017-2018 d\u00f6neminde Uluslararas\u0131 Ticaret ve Lojistik y\u00fcksek lisans program\u0131n\u0131n, 2020-2021 d\u00f6neminde de Uluslararas\u0131 Ticaret ve Lojistik doktora program\u0131n\u0131n aktive edilmesiyle birlikte lisans\u00fcst\u00fc d\u00fczeyde \u00f6\u011frenci kabul\u00fcn\u00fc ger\u00e7ekle\u015ftirmi\u015ftir. Multidisipliner bir alan olarak lisans ve lisans\u00fcst\u00fc faaliyetlerini fak\u00fclte i\u00e7i ve d\u0131\u015f\u0131 \u00e7ok say\u0131da farkl\u0131 b\u00f6l\u00fcm, program ve \u00f6\u011fretim elemanlar\u0131n\u0131n katk\u0131lar\u0131yla y\u00fcr\u00fcten b\u00f6l\u00fcm akademik personeli ile e\u011fitim-\u00f6\u011fretim faaliyetini s\u00fcrd\u00fcrmektedir.<\/p>\n<h1><strong>&nbsp; &nbsp; &nbsp; &nbsp; &nbsp; &nbsp; &nbsp; &nbsp; &nbsp;<\/strong><\/h1>\n<\/div>\n<div><br>\n<\/div>\t\t\t\t\t\t\t\t<\/div>\n\t\t\t\t<\/div>\n\t\t\t\t\t<\/div>\n\t\t<\/div>\n\t\t\t\t\t<\/div>\n\t\t<\/section>\n\t\t\t\t<\/div>\n\t\t","protected":false},"excerpt":{"rendered":"<p>Atat\u00fcrk \u00dcniversitesi \u0130ktisadi ve \u0130dari Bilimler Fak\u00fcltesi b\u00fcnyesinde 2013 y\u0131l\u0131nda kurulan Uluslararas\u0131 Ticaret ve Lojistik B\u00f6l\u00fcm\u00fc; 2015-2016 d\u00f6neminde Lisans d\u00fczeyinde \u00f6rg\u00fcn ve ikinci \u00f6\u011fretimde ilk \u00f6\u011frenci kabul\u00fcn\u00fc ger\u00e7ekle\u015ftirerek e\u011fitim-\u00f6\u011fretim faaliyetlerine ba\u015flam\u0131\u015ft\u0131r. \u0130lk mezunlar\u0131n\u0131 2018-2019 d\u00f6neminde vermi\u015ftir. Atat\u00fcrk \u00dcniversitesi Sosyal Bilimler Enstit\u00fcs\u00fc b\u00fcnyesinde 2017-2018 d\u00f6neminde Uluslararas\u0131 Ticaret ve Lojistik y\u00fcksek lisans program\u0131n\u0131n, 2020-2021 d\u00f6neminde de Uluslararas\u0131 [&hellip;]<\/p>\n","protected":false},"author":1,"featured_media":0,"parent":0,"menu_order":0,"comment_status":"closed","ping_status":"closed","template":"elementor_header_footer","meta":{"footnotes":""},"class_list":["post-5728","page","type-page","status-publish","hentry"],"_links":{"self":[{"href":"https:\/\/atauni.edu.tr\/uluslararasi-ticaret-ve-lojistik-bolumu\/wp-json\/wp\/v2\/pages\/5728","targetHints":{"allow":["GET"]}}],"collection":[{"href":"https:\/\/atauni.edu.tr\/uluslararasi-ticaret-ve-lojistik-bolumu\/wp-json\/wp\/v2\/pages"}],"about":[{"href":"https:\/\/atauni.edu.tr\/uluslararasi-ticaret-ve-lojistik-bolumu\/wp-json\/wp\/v2\/types\/page"}],"author":[{"embeddable":true,"href":"https:\/\/atauni.edu.tr\/uluslararasi-ticaret-ve-lojistik-bolumu\/wp-json\/wp\/v2\/users\/1"}],"replies":[{"embeddable":true,"href":"https:\/\/atauni.edu.tr\/uluslararasi-ticaret-ve-lojistik-bolumu\/wp-json\/wp\/v2\/comments?post=5728"}],"version-history":[{"count":35,"href":"https:\/\/atauni.edu.tr\/uluslararasi-ticaret-ve-lojistik-bolumu\/wp-json\/wp\/v2\/pages\/5728\/revisions"}],"predecessor-version":[{"id":6956,"href":"https:\/\/atauni.edu.tr\/uluslararasi-ticaret-ve-lojistik-bolumu\/wp-json\/wp\/v2\/pages\/5728\/revisions\/6956"}],"wp:attachment":[{"href":"https:\/\/atauni.edu.tr\/uluslararasi-ticaret-ve-lojistik-bolumu\/wp-json\/wp\/v2\/media?parent=5728"}],"curies":[{"name":"wp","href":"https:\/\/api.w.org\/{rel}","templated":true}]}}