{"id":6071,"date":"2021-08-27T15:45:02","date_gmt":"2021-08-27T12:45:02","guid":{"rendered":"http:\/\/birimler.atauni.edu.tr\/uluslararasi-ticaret-ve-lojistik-bolumu\/?page_id=6071"},"modified":"2026-01-14T16:05:15","modified_gmt":"2026-01-14T13:05:15","slug":"program-ogretim-amaclari","status":"publish","type":"page","link":"https:\/\/atauni.edu.tr\/uluslararasi-ticaret-ve-lojistik-bolumu\/program-ogretim-amaclari\/","title":{"rendered":"Program E\u011fitim Ama\u00e7lar\u0131"},"content":{"rendered":"\t\t<div data-elementor-type=\"wp-page\" data-elementor-id=\"6071\" class=\"elementor elementor-6071\" data-elementor-post-type=\"page\">\n\t\t\t\t\t\t<section class=\"elementor-section elementor-top-section elementor-element elementor-element-730d320 elementor-section-boxed elementor-section-height-default elementor-section-height-default\" data-id=\"730d320\" data-element_type=\"section\">\n\t\t\t\t\t\t<div class=\"elementor-container elementor-column-gap-default\">\n\t\t\t\t\t<div class=\"elementor-column elementor-col-100 elementor-top-column elementor-element elementor-element-753d0860\" data-id=\"753d0860\" data-element_type=\"column\">\n\t\t\t<div class=\"elementor-widget-wrap\">\n\t\t\t\t\t\t\t<\/div>\n\t\t<\/div>\n\t\t\t\t\t<\/div>\n\t\t<\/section>\n\t\t\t\t<section class=\"elementor-section elementor-top-section elementor-element elementor-element-ce60b88 elementor-section-boxed elementor-section-height-default elementor-section-height-default\" data-id=\"ce60b88\" data-element_type=\"section\">\n\t\t\t\t\t\t<div class=\"elementor-container elementor-column-gap-default\">\n\t\t\t\t\t<div class=\"elementor-column elementor-col-100 elementor-top-column elementor-element elementor-element-de639c6\" data-id=\"de639c6\" data-element_type=\"column\">\n\t\t\t<div class=\"elementor-widget-wrap elementor-element-populated\">\n\t\t\t\t\t\t<div class=\"elementor-element elementor-element-816d59a elementor-widget elementor-widget-heading\" data-id=\"816d59a\" data-element_type=\"widget\" data-widget_type=\"heading.default\">\n\t\t\t\t<div class=\"elementor-widget-container\">\n\t\t\t\t\t<h2 class=\"elementor-heading-title elementor-size-default\">Program E\u011fitim Ama\u00e7lar\u0131<\/h2>\t\t\t\t<\/div>\n\t\t\t\t<\/div>\n\t\t\t\t\t<\/div>\n\t\t<\/div>\n\t\t\t\t\t<\/div>\n\t\t<\/section>\n\t\t\t\t<section class=\"elementor-section elementor-top-section elementor-element elementor-element-c173d6c elementor-section-boxed elementor-section-height-default elementor-section-height-default\" data-id=\"c173d6c\" data-element_type=\"section\">\n\t\t\t\t\t\t<div class=\"elementor-container elementor-column-gap-default\">\n\t\t\t\t\t<div class=\"elementor-column elementor-col-100 elementor-top-column elementor-element elementor-element-bb992ee\" data-id=\"bb992ee\" data-element_type=\"column\">\n\t\t\t<div class=\"elementor-widget-wrap elementor-element-populated\">\n\t\t\t\t\t\t<div class=\"elementor-element elementor-element-e9c91ff elementor-widget elementor-widget-text-editor\" data-id=\"e9c91ff\" data-element_type=\"widget\" data-widget_type=\"text-editor.default\">\n\t\t\t\t<div class=\"elementor-widget-container\">\n\t\t\t\t\t\t\t\t\t<p>PEA1. \u0130htiya\u00e7 duydu\u011fu bilgiye nas\u0131l ula\u015faca\u011f\u0131n\u0131 bilen, disiplin i\u00e7i ve disiplinler aras\u0131 \u00e7al\u0131\u015fma yapabilen \u00f6\u011frenciler yeti\u015ftirmek.&nbsp;<\/p><p>PEA2. \u00d6\u011frencilerimize mesleki alanda teknolojiye dayal\u0131 yenilikleri takip edip uygulayarak \u00fclkenin toplumsal ve iktisadi geli\u015fmesine azami katk\u0131 sa\u011flayacak yetkinlikler kazand\u0131rmak.&nbsp;<\/p><p>PEA3. K\u00fcresel boyutta politik ve co\u011frafik olarak de\u011fi\u015fen ve farkl\u0131la\u015fan uluslararas\u0131 ticaret ve lojistik s\u00fcre\u00e7 ve eylemlerini alg\u0131lay\u0131p, analiz ederek ve yorumlayabilen \u00f6\u011frenciler yeti\u015ftirmek.<\/p><p>PEA4. Uluslararas\u0131 Ticaret ve Lojistik alanlar\u0131nda, teorik ve uygulamal\u0131 bilgilere sahip olup bu bilgileri kullanarak toplumsal katk\u0131 \u00fcretebilme yetisi kazand\u0131rmak.&nbsp;<\/p><p>PEA5. Piyasan\u0131n beklentilerini kar\u015f\u0131layabilecek bilgi ve beceri donan\u0131m\u0131na sahip olmalar\u0131n\u0131, etik de\u011ferler ve mesleki sorumluluk bilinci ile uygulamaya ge\u00e7irebilmelerini sa\u011flamak.&nbsp;<\/p><p>PEA6. \u00d6\u011frencilerin, uluslararas\u0131 ticaret s\u00fcre\u00e7lerini ger\u00e7ekle\u015ftirebilecek mesleki yabanc\u0131 dil bilgisine sahip olmalar\u0131n\u0131 sa\u011flamak.&nbsp;<\/p><p>PEA7. Kamu ve \u00f6zel alanlar\u0131nda, kendi kariyerlerine y\u00f6nelik etkinlikleri planlay\u0131p y\u00f6netebilmeleri ve mesleki s\u0131navlarda (KPSS, ALES vb) ba\u015far\u0131l\u0131 olmalar\u0131n\u0131 sa\u011flamak.<\/p>\t\t\t\t\t\t\t\t<\/div>\n\t\t\t\t<\/div>\n\t\t\t\t\t<\/div>\n\t\t<\/div>\n\t\t\t\t\t<\/div>\n\t\t<\/section>\n\t\t\t\t<\/div>\n\t\t","protected":false},"excerpt":{"rendered":"<p>Program E\u011fitim Ama\u00e7lar\u0131 PEA1. \u0130htiya\u00e7 duydu\u011fu bilgiye nas\u0131l ula\u015faca\u011f\u0131n\u0131 bilen, disiplin i\u00e7i ve disiplinler aras\u0131 \u00e7al\u0131\u015fma yapabilen \u00f6\u011frenciler yeti\u015ftirmek.&nbsp; PEA2. \u00d6\u011frencilerimize mesleki alanda teknolojiye dayal\u0131 yenilikleri takip edip uygulayarak \u00fclkenin toplumsal ve iktisadi geli\u015fmesine azami katk\u0131 sa\u011flayacak yetkinlikler kazand\u0131rmak.&nbsp; PEA3. K\u00fcresel boyutta politik ve co\u011frafik olarak de\u011fi\u015fen ve farkl\u0131la\u015fan uluslararas\u0131 ticaret ve lojistik s\u00fcre\u00e7 ve [&hellip;]<\/p>\n","protected":false},"author":1,"featured_media":0,"parent":0,"menu_order":0,"comment_status":"closed","ping_status":"closed","template":"elementor_header_footer","meta":{"footnotes":""},"class_list":["post-6071","page","type-page","status-publish","hentry"],"_links":{"self":[{"href":"https:\/\/atauni.edu.tr\/uluslararasi-ticaret-ve-lojistik-bolumu\/wp-json\/wp\/v2\/pages\/6071","targetHints":{"allow":["GET"]}}],"collection":[{"href":"https:\/\/atauni.edu.tr\/uluslararasi-ticaret-ve-lojistik-bolumu\/wp-json\/wp\/v2\/pages"}],"about":[{"href":"https:\/\/atauni.edu.tr\/uluslararasi-ticaret-ve-lojistik-bolumu\/wp-json\/wp\/v2\/types\/page"}],"author":[{"embeddable":true,"href":"https:\/\/atauni.edu.tr\/uluslararasi-ticaret-ve-lojistik-bolumu\/wp-json\/wp\/v2\/users\/1"}],"replies":[{"embeddable":true,"href":"https:\/\/atauni.edu.tr\/uluslararasi-ticaret-ve-lojistik-bolumu\/wp-json\/wp\/v2\/comments?post=6071"}],"version-history":[{"count":39,"href":"https:\/\/atauni.edu.tr\/uluslararasi-ticaret-ve-lojistik-bolumu\/wp-json\/wp\/v2\/pages\/6071\/revisions"}],"predecessor-version":[{"id":6876,"href":"https:\/\/atauni.edu.tr\/uluslararasi-ticaret-ve-lojistik-bolumu\/wp-json\/wp\/v2\/pages\/6071\/revisions\/6876"}],"wp:attachment":[{"href":"https:\/\/atauni.edu.tr\/uluslararasi-ticaret-ve-lojistik-bolumu\/wp-json\/wp\/v2\/media?parent=6071"}],"curies":[{"name":"wp","href":"https:\/\/api.w.org\/{rel}","templated":true}]}}