{"id":6341,"date":"2022-11-18T15:25:34","date_gmt":"2022-11-18T12:25:34","guid":{"rendered":"https:\/\/birimler.atauni.edu.tr\/uluslararasi-ticaret-ve-lojistik-bolumu\/?page_id=6341"},"modified":"2022-12-12T21:51:03","modified_gmt":"2022-12-12T18:51:03","slug":"akran-danismanligi","status":"publish","type":"page","link":"https:\/\/atauni.edu.tr\/uluslararasi-ticaret-ve-lojistik-bolumu\/akran-danismanligi\/","title":{"rendered":"Akran Dan\u0131\u015fmanl\u0131\u011f\u0131"},"content":{"rendered":"\t\t<div data-elementor-type=\"wp-page\" data-elementor-id=\"6341\" class=\"elementor elementor-6341\" data-elementor-post-type=\"page\">\n\t\t\t\t\t\t<section class=\"elementor-section elementor-top-section elementor-element elementor-element-2a8ebf5 elementor-section-boxed elementor-section-height-default elementor-section-height-default\" data-id=\"2a8ebf5\" data-element_type=\"section\">\n\t\t\t\t\t\t<div class=\"elementor-container elementor-column-gap-default\">\n\t\t\t\t\t<div class=\"elementor-column elementor-col-100 elementor-top-column elementor-element elementor-element-42fb41c\" data-id=\"42fb41c\" data-element_type=\"column\">\n\t\t\t<div class=\"elementor-widget-wrap elementor-element-populated\">\n\t\t\t\t\t\t<div class=\"elementor-element elementor-element-ca331b4 elementor-widget elementor-widget-text-editor\" data-id=\"ca331b4\" data-element_type=\"widget\" data-widget_type=\"text-editor.default\">\n\t\t\t\t<div class=\"elementor-widget-container\">\n\t\t\t\t\t\t\t\t\t<p>B\u00f6l\u00fcm\u00fcm\u00fcz \u00f6\u011frencilerinden s\u0131ras\u0131yla 4., 3. ve 2. s\u0131n\u0131flar\u0131nda bulunan Y\u00fcksek Onur ve Onur \u00f6\u011frencilerinin akademik hayata yeni giri\u015f yapan 1. s\u0131n\u0131f \u00f6\u011frencilerimize \u00fcniversite, fak\u00fclte, b\u00f6l\u00fcm, \u015fehir hayat\u0131 vb. konularda Akran Dan\u0131\u015fmanl\u0131\u011f\u0131 yapmas\u0131 hedeflenmi\u015ftir. Bu kapsamda Akran Dan\u0131\u015fmanl\u0131\u011f\u0131 sistemi i\u00e7erisinde \u00fcst s\u0131n\u0131flarda \u00f6\u011frenimlerine devam eden Y\u00fcksek Onur, Onur ve 1. S\u0131n\u0131f \u00d6\u011frenci e\u015fle\u015ftirmeleri sunulmu\u015ftur.<\/p>\t\t\t\t\t\t\t\t<\/div>\n\t\t\t\t<\/div>\n\t\t\t\t\t<\/div>\n\t\t<\/div>\n\t\t\t\t\t<\/div>\n\t\t<\/section>\n\t\t\t\t<section class=\"elementor-section elementor-top-section elementor-element elementor-element-274b1ba elementor-section-boxed elementor-section-height-default elementor-section-height-default\" data-id=\"274b1ba\" data-element_type=\"section\">\n\t\t\t\t\t\t<div class=\"elementor-container elementor-column-gap-default\">\n\t\t\t\t\t<div class=\"elementor-column elementor-col-100 elementor-top-column elementor-element elementor-element-fa61598\" data-id=\"fa61598\" data-element_type=\"column\">\n\t\t\t<div class=\"elementor-widget-wrap elementor-element-populated\">\n\t\t\t\t\t\t<div class=\"elementor-element elementor-element-a4bb12f elementor-align-center elementor-widget elementor-widget-button\" data-id=\"a4bb12f\" data-element_type=\"widget\" download=\"\" data-widget_type=\"button.default\">\n\t\t\t\t<div class=\"elementor-widget-container\">\n\t\t\t\t\t\t\t\t\t<div class=\"elementor-button-wrapper\">\n\t\t\t\t\t<a class=\"elementor-button elementor-button-link elementor-size-md\" href=\"http:\/\/birimler.atauni.edu.tr\/uluslararasi-ticaret-ve-lojistik-bolumu\/wp-content\/uploads\/sites\/171\/2022\/11\/Akran-Danismanligi-Listesi-.pdf\" download=\"\">\n\t\t\t\t\t\t<span class=\"elementor-button-content-wrapper\">\n\t\t\t\t\t\t<span class=\"elementor-button-icon\">\n\t\t\t\t<i aria-hidden=\"true\" class=\"far fa-arrow-alt-circle-down\"><\/i>\t\t\t<\/span>\n\t\t\t\t\t\t\t\t\t<span class=\"elementor-button-text\">indirmek i\u00e7in t\u0131klay\u0131\u0131n\u0131z....<\/span>\n\t\t\t\t\t<\/span>\n\t\t\t\t\t<\/a>\n\t\t\t\t<\/div>\n\t\t\t\t\t\t\t\t<\/div>\n\t\t\t\t<\/div>\n\t\t\t\t\t<\/div>\n\t\t<\/div>\n\t\t\t\t\t<\/div>\n\t\t<\/section>\n\t\t\t\t<section class=\"elementor-section elementor-top-section elementor-element elementor-element-cd79985 elementor-section-boxed elementor-section-height-default elementor-section-height-default\" data-id=\"cd79985\" data-element_type=\"section\">\n\t\t\t\t\t\t<div class=\"elementor-container elementor-column-gap-default\">\n\t\t\t\t\t<div class=\"elementor-column elementor-col-100 elementor-top-column elementor-element elementor-element-23b6b58\" data-id=\"23b6b58\" data-element_type=\"column\">\n\t\t\t<div class=\"elementor-widget-wrap elementor-element-populated\">\n\t\t\t\t\t\t<div class=\"elementor-element elementor-element-cb3fce4 elementor-widget elementor-widget-pdf_viewer\" data-id=\"cb3fce4\" data-element_type=\"widget\" data-widget_type=\"pdf_viewer.default\">\n\t\t\t\t<div class=\"elementor-widget-container\">\n\t\t\t\t\t<iframe src=\"https:\/\/docs.google.com\/viewer?url=http:\/\/birimler.atauni.edu.tr\/uluslararasi-ticaret-ve-lojistik-bolumu\/wp-content\/uploads\/sites\/171\/2022\/11\/Akran-Danismanligi-Listesi-.pdf&amp;embedded=true\" style=\"display: block; margin-left: auto; margin-right: auto; width: 640px; height: 1020px;\" frameborder=\"1\" marginheight=\"0px\" marginwidth=\"0px\" allowfullscreen><\/iframe>\t\t\t\t<\/div>\n\t\t\t\t<\/div>\n\t\t\t\t\t<\/div>\n\t\t<\/div>\n\t\t\t\t\t<\/div>\n\t\t<\/section>\n\t\t\t\t<\/div>\n\t\t","protected":false},"excerpt":{"rendered":"<p>B\u00f6l\u00fcm\u00fcm\u00fcz \u00f6\u011frencilerinden s\u0131ras\u0131yla 4., 3. ve 2. s\u0131n\u0131flar\u0131nda bulunan Y\u00fcksek Onur ve Onur \u00f6\u011frencilerinin akademik hayata yeni giri\u015f yapan 1. s\u0131n\u0131f \u00f6\u011frencilerimize \u00fcniversite, fak\u00fclte, b\u00f6l\u00fcm, \u015fehir hayat\u0131 vb. konularda Akran Dan\u0131\u015fmanl\u0131\u011f\u0131 yapmas\u0131 hedeflenmi\u015ftir. Bu kapsamda Akran Dan\u0131\u015fmanl\u0131\u011f\u0131 sistemi i\u00e7erisinde \u00fcst s\u0131n\u0131flarda \u00f6\u011frenimlerine devam eden Y\u00fcksek Onur, Onur ve 1. S\u0131n\u0131f \u00d6\u011frenci e\u015fle\u015ftirmeleri sunulmu\u015ftur. indirmek i\u00e7in [&hellip;]<\/p>\n","protected":false},"author":514,"featured_media":0,"parent":0,"menu_order":0,"comment_status":"closed","ping_status":"closed","template":"","meta":{"footnotes":""},"class_list":["post-6341","page","type-page","status-publish","hentry"],"_links":{"self":[{"href":"https:\/\/atauni.edu.tr\/uluslararasi-ticaret-ve-lojistik-bolumu\/wp-json\/wp\/v2\/pages\/6341","targetHints":{"allow":["GET"]}}],"collection":[{"href":"https:\/\/atauni.edu.tr\/uluslararasi-ticaret-ve-lojistik-bolumu\/wp-json\/wp\/v2\/pages"}],"about":[{"href":"https:\/\/atauni.edu.tr\/uluslararasi-ticaret-ve-lojistik-bolumu\/wp-json\/wp\/v2\/types\/page"}],"author":[{"embeddable":true,"href":"https:\/\/atauni.edu.tr\/uluslararasi-ticaret-ve-lojistik-bolumu\/wp-json\/wp\/v2\/users\/514"}],"replies":[{"embeddable":true,"href":"https:\/\/atauni.edu.tr\/uluslararasi-ticaret-ve-lojistik-bolumu\/wp-json\/wp\/v2\/comments?post=6341"}],"version-history":[{"count":8,"href":"https:\/\/atauni.edu.tr\/uluslararasi-ticaret-ve-lojistik-bolumu\/wp-json\/wp\/v2\/pages\/6341\/revisions"}],"predecessor-version":[{"id":6652,"href":"https:\/\/atauni.edu.tr\/uluslararasi-ticaret-ve-lojistik-bolumu\/wp-json\/wp\/v2\/pages\/6341\/revisions\/6652"}],"wp:attachment":[{"href":"https:\/\/atauni.edu.tr\/uluslararasi-ticaret-ve-lojistik-bolumu\/wp-json\/wp\/v2\/media?parent=6341"}],"curies":[{"name":"wp","href":"https:\/\/api.w.org\/{rel}","templated":true}]}}