{"id":6349,"date":"2022-11-18T15:52:14","date_gmt":"2022-11-18T12:52:14","guid":{"rendered":"https:\/\/birimler.atauni.edu.tr\/uluslararasi-ticaret-ve-lojistik-bolumu\/?page_id=6349"},"modified":"2026-01-14T16:10:47","modified_gmt":"2026-01-14T13:10:47","slug":"program-ogrenme-ciktilari","status":"publish","type":"page","link":"https:\/\/atauni.edu.tr\/uluslararasi-ticaret-ve-lojistik-bolumu\/program-ogrenme-ciktilari\/","title":{"rendered":"Program \u00d6\u011frenme \u00c7\u0131kt\u0131lar\u0131"},"content":{"rendered":"\t\t<div data-elementor-type=\"wp-page\" data-elementor-id=\"6349\" class=\"elementor elementor-6349\" data-elementor-post-type=\"page\">\n\t\t\t\t\t\t<section class=\"elementor-section elementor-top-section elementor-element elementor-element-284d40d elementor-section-boxed elementor-section-height-default elementor-section-height-default\" data-id=\"284d40d\" data-element_type=\"section\">\n\t\t\t\t\t\t<div class=\"elementor-container elementor-column-gap-default\">\n\t\t\t\t\t<div class=\"elementor-column elementor-col-100 elementor-top-column elementor-element elementor-element-35d69ba\" data-id=\"35d69ba\" data-element_type=\"column\">\n\t\t\t<div class=\"elementor-widget-wrap elementor-element-populated\">\n\t\t\t\t\t\t<div class=\"elementor-element elementor-element-41a179a elementor-widget elementor-widget-text-editor\" data-id=\"41a179a\" data-element_type=\"widget\" data-widget_type=\"text-editor.default\">\n\t\t\t\t<div class=\"elementor-widget-container\">\n\t\t\t\t\t\t\t\t\t<p>1.Programda ald\u0131\u011f\u0131 alanla ilgili kuramsal ve uygulamal\u0131 bilgilere yeterli \u00f6l\u00e7\u00fcde sahip olma, sahip oldu\u011fu bilgileri e\u011fitim ve i\u015f alan\u0131nda kullanabilme.\u00a0<\/p>\n<p>2.T\u00fcrk\u00e7eyi etkin kullanarak yaz\u0131l\u0131 ve s\u00f6zl\u00fc ileti\u015fim kurabilme, en az bir yabanc\u0131 dil bilgisine sahip olma.\u00a0<\/p>\n<p>3.Mesleki sorumluluk bilinci ile hareket edebilme. Bu ba\u011flamda programda ald\u0131\u011f\u0131 teorik bilgiler \u0131\u015f\u0131\u011f\u0131nda uygulamalar\u0131 etik \u00e7er\u00e7evede de\u011ferlendirebilme yetene\u011fine sahip olma.\u00a0<\/p>\n<p>4.Uluslararas\u0131 ticaret ve lojistikle ilgili temel kavramlara, faaliyetlere ve s\u00fcre\u00e7lere h\u00e2kim olma.\u00a0<\/p>\n<p>5.Alanla ilgili yaz\u0131l\u0131mlar\u0131 kullanabilme, farkl\u0131 bilgi kaynaklar\u0131na eri\u015fip say\u0131sal analiz ve ara\u015ft\u0131rma yapabilme.<\/p>\n<p>6.G\u00fcmr\u00fck ve kambiyo i\u015flemleri, muhasebe, tedarik zinciri, da\u011f\u0131t\u0131m kanallar\u0131, global pazarlar konular\u0131nda donan\u0131m sahibi olma.\u00a0<\/p>\n<p>7.Ticari, ekonomik ve mali konularda de\u011ferlendirme ve yorum yapabilme, g\u00f6r\u00fc\u015f bildirebilme.\u00a0<\/p>\n<p>8.Alanla ilgili mevzuat konusunda temel bilgilere sahibi olma.\u00a0<\/p>\n<p>9.Kalite bilincine sahip, giri\u015fimci, \u00e7evreye duyarl\u0131, \u00f6zg\u00fcvenli, yeniliklere a\u00e7\u0131k, ahlaki de\u011ferlere ve mesleki sorumlulu\u011fa sahip olma.<\/p>\t\t\t\t\t\t\t\t<\/div>\n\t\t\t\t<\/div>\n\t\t\t\t\t<\/div>\n\t\t<\/div>\n\t\t\t\t\t<\/div>\n\t\t<\/section>\n\t\t\t\t<\/div>\n\t\t","protected":false},"excerpt":{"rendered":"<p>1.Programda ald\u0131\u011f\u0131 alanla ilgili kuramsal ve uygulamal\u0131 bilgilere yeterli \u00f6l\u00e7\u00fcde sahip olma, sahip oldu\u011fu bilgileri e\u011fitim ve i\u015f alan\u0131nda kullanabilme.\u00a0 2.T\u00fcrk\u00e7eyi etkin kullanarak yaz\u0131l\u0131 ve s\u00f6zl\u00fc ileti\u015fim kurabilme, en az bir yabanc\u0131 dil bilgisine sahip olma.\u00a0 3.Mesleki sorumluluk bilinci ile hareket edebilme. Bu ba\u011flamda programda ald\u0131\u011f\u0131 teorik bilgiler \u0131\u015f\u0131\u011f\u0131nda uygulamalar\u0131 etik \u00e7er\u00e7evede de\u011ferlendirebilme yetene\u011fine sahip [&hellip;]<\/p>\n","protected":false},"author":514,"featured_media":0,"parent":0,"menu_order":0,"comment_status":"closed","ping_status":"closed","template":"","meta":{"footnotes":""},"class_list":["post-6349","page","type-page","status-publish","hentry"],"_links":{"self":[{"href":"https:\/\/atauni.edu.tr\/uluslararasi-ticaret-ve-lojistik-bolumu\/wp-json\/wp\/v2\/pages\/6349","targetHints":{"allow":["GET"]}}],"collection":[{"href":"https:\/\/atauni.edu.tr\/uluslararasi-ticaret-ve-lojistik-bolumu\/wp-json\/wp\/v2\/pages"}],"about":[{"href":"https:\/\/atauni.edu.tr\/uluslararasi-ticaret-ve-lojistik-bolumu\/wp-json\/wp\/v2\/types\/page"}],"author":[{"embeddable":true,"href":"https:\/\/atauni.edu.tr\/uluslararasi-ticaret-ve-lojistik-bolumu\/wp-json\/wp\/v2\/users\/514"}],"replies":[{"embeddable":true,"href":"https:\/\/atauni.edu.tr\/uluslararasi-ticaret-ve-lojistik-bolumu\/wp-json\/wp\/v2\/comments?post=6349"}],"version-history":[{"count":17,"href":"https:\/\/atauni.edu.tr\/uluslararasi-ticaret-ve-lojistik-bolumu\/wp-json\/wp\/v2\/pages\/6349\/revisions"}],"predecessor-version":[{"id":6884,"href":"https:\/\/atauni.edu.tr\/uluslararasi-ticaret-ve-lojistik-bolumu\/wp-json\/wp\/v2\/pages\/6349\/revisions\/6884"}],"wp:attachment":[{"href":"https:\/\/atauni.edu.tr\/uluslararasi-ticaret-ve-lojistik-bolumu\/wp-json\/wp\/v2\/media?parent=6349"}],"curies":[{"name":"wp","href":"https:\/\/api.w.org\/{rel}","templated":true}]}}