{"id":6352,"date":"2022-11-18T15:52:14","date_gmt":"2022-11-18T12:52:14","guid":{"rendered":"https:\/\/birimler.atauni.edu.tr\/uluslararasi-ticaret-ve-lojistik-bolumu\/?page_id=6352"},"modified":"2026-01-29T13:22:41","modified_gmt":"2026-01-29T10:22:41","slug":"degisim-programlari","status":"publish","type":"page","link":"https:\/\/atauni.edu.tr\/uluslararasi-ticaret-ve-lojistik-bolumu\/degisim-programlari\/","title":{"rendered":"De\u011fi\u015fim Programlar\u0131"},"content":{"rendered":"\t\t<div data-elementor-type=\"wp-page\" data-elementor-id=\"6352\" class=\"elementor elementor-6352\" data-elementor-post-type=\"page\">\n\t\t\t\t\t\t<section class=\"elementor-section elementor-top-section elementor-element elementor-element-0b5d0ea elementor-section-boxed elementor-section-height-default elementor-section-height-default\" data-id=\"0b5d0ea\" data-element_type=\"section\">\n\t\t\t\t\t\t<div class=\"elementor-container elementor-column-gap-default\">\n\t\t\t\t\t<div class=\"elementor-column elementor-col-100 elementor-top-column elementor-element elementor-element-cf9e013\" data-id=\"cf9e013\" data-element_type=\"column\">\n\t\t\t<div class=\"elementor-widget-wrap elementor-element-populated\">\n\t\t\t\t\t\t<div class=\"elementor-element elementor-element-fc12667 elementor-widget elementor-widget-text-editor\" data-id=\"fc12667\" data-element_type=\"widget\" data-widget_type=\"text-editor.default\">\n\t\t\t\t<div class=\"elementor-widget-container\">\n\t\t\t\t\t\t\t\t\t<p>\u00dcniversitemizde Rekt\u00f6rl\u00fck b\u00fcnyesinde D\u0131\u015f \u0130li\u015fkiler Ofisi taraf\u0131ndan uluslararas\u0131 de\u011fi\u015fim programlar\u0131 ba\u015far\u0131l\u0131 bir \u015fekilde y\u00fcr\u00fct\u00fclmektedir. B\u00f6l\u00fcm d\u00fczeyinde ise g\u00f6revlendirilmi\u015f de\u011fi\u015fim programlar\u0131 koordinat\u00f6r\u00fc bulunmaktad\u0131r. B\u00f6l\u00fcm\u00fcm\u00fcz \u00f6\u011frencilerinden istekli olanlar, Atat\u00fcrk \u00dcniversitesinin d\u00e2hil oldu\u011fu Erasmus+, Mevlana, Farabi, EVS(AGH), Orhun ve PAX \u00f6\u011frenci de\u011fi\u015fim programlar\u0131ndan gerekli \u015fartlar\u0131 sa\u011flad\u0131klar\u0131 takdirde faydalanabilmektedirler. Birinci s\u0131n\u0131fa ba\u015flayan \u00f6\u011frencilere Atat\u00fcrk \u00dcniversitesinin d\u00e2hil oldu\u011fu de\u011fi\u015fim programlar\u0131 ile ilgili birinci d\u00f6nemin ba\u015flar\u0131nda tan\u0131t\u0131m programlar\u0131 yap\u0131larak \u00f6\u011frencilerin elde edecekleri kazan\u0131mlar anlat\u0131l\u0131r ve \u00f6\u011frenciler yap\u0131lan sunumlarla motive edilmeye \u00e7al\u0131\u015f\u0131l\u0131r. Ayr\u0131ca istekli \u00f6\u011frenciler tespit edilerek b\u00f6l\u00fcm de\u011fi\u015fim programlar\u0131 koordinat\u00f6r\u00fc arac\u0131l\u0131\u011f\u0131yla detayl\u0131 bilgiler verilir. De\u011fi\u015fim programlar\u0131n\u0131n tan\u0131t\u0131m\u0131 ve \u00f6\u011frencilerin konu hakk\u0131nda fark\u0131ndal\u0131klar\u0131n\u0131 y\u00fckseltmek maksad\u0131yla e\u011fitim\/\u00f6\u011fretim y\u0131l\u0131 ba\u015flang\u0131c\u0131nda D\u0131\u015f \u0130li\u015fkiler Ofisi b\u00fcnyesinde gerek \u00f6\u011frenci gerekse de \u00f6\u011fretim elamanlar\u0131ndan y\u00fcksek kat\u0131l\u0131ml\u0131 bilgilendirme, tan\u0131t\u0131m ve oryantasyon etkinli\u011fi d\u00fczenlenmektedir. Bu toplant\u0131lara kat\u0131l\u0131m noktas\u0131nda B\u00f6l\u00fcm De\u011fi\u015fim Programlar\u0131 koordinat\u00f6r\u00fcm\u00fcz \u00f6\u011frencileri ve \u00f6\u011fretim elamanlar\u0131n\u0131 bilgilendirmektedir.&nbsp;<\/p>\n<p>De\u011fi\u015fim programlar\u0131na ili\u015fkin bilgilere ilgili linkten ula\u015f\u0131labilir;<\/p>\n<p><span style=\", sans-serif;font-size: 14px\">https:\/\/birimler.atauni.edu.tr\/dis-iliskiler-ofisi\/erasmus-bilgi\/<\/span><\/p>\n<p><span style=\", sans-serif;font-size: 14px\">https:\/\/birimler.atauni.edu.tr\/dis-iliskiler-ofisi\/giden-ogrenci-rehberi\/<\/span><span style=\", sans-serif;font-size: 14px\"><\/span><\/p>\t\t\t\t\t\t\t\t<\/div>\n\t\t\t\t<\/div>\n\t\t\t\t\t<\/div>\n\t\t<\/div>\n\t\t\t\t\t<\/div>\n\t\t<\/section>\n\t\t\t\t<section class=\"elementor-section elementor-top-section elementor-element elementor-element-ee014fd elementor-section-boxed elementor-section-height-default elementor-section-height-default\" data-id=\"ee014fd\" data-element_type=\"section\">\n\t\t\t\t\t\t<div class=\"elementor-container elementor-column-gap-default\">\n\t\t\t\t\t<div class=\"elementor-column elementor-col-100 elementor-top-column elementor-element elementor-element-58c6cc6\" data-id=\"58c6cc6\" data-element_type=\"column\">\n\t\t\t<div class=\"elementor-widget-wrap elementor-element-populated\">\n\t\t\t\t\t\t<div class=\"elementor-element elementor-element-1beb895 elementor-widget elementor-widget-button\" data-id=\"1beb895\" data-element_type=\"widget\" data-widget_type=\"button.default\">\n\t\t\t\t<div class=\"elementor-widget-container\">\n\t\t\t\t\t\t\t\t\t<div class=\"elementor-button-wrapper\">\n\t\t\t\t\t<a class=\"elementor-button elementor-button-link elementor-size-sm\" href=\"https:\/\/oia.atauni.edu.tr\/new\/erasmus-bilgi\/\">\n\t\t\t\t\t\t<span class=\"elementor-button-content-wrapper\">\n\t\t\t\t\t\t\t\t\t<span class=\"elementor-button-text\">D\u0131\u015f \u0130li\u015fikler Ofisi<\/span>\n\t\t\t\t\t<\/span>\n\t\t\t\t\t<\/a>\n\t\t\t\t<\/div>\n\t\t\t\t\t\t\t\t<\/div>\n\t\t\t\t<\/div>\n\t\t\t\t\t<\/div>\n\t\t<\/div>\n\t\t\t\t\t<\/div>\n\t\t<\/section>\n\t\t\t\t<\/div>\n\t\t","protected":false},"excerpt":{"rendered":"<p>\u00dcniversitemizde Rekt\u00f6rl\u00fck b\u00fcnyesinde D\u0131\u015f \u0130li\u015fkiler Ofisi taraf\u0131ndan uluslararas\u0131 de\u011fi\u015fim programlar\u0131 ba\u015far\u0131l\u0131 bir \u015fekilde y\u00fcr\u00fct\u00fclmektedir. B\u00f6l\u00fcm d\u00fczeyinde ise g\u00f6revlendirilmi\u015f de\u011fi\u015fim programlar\u0131 koordinat\u00f6r\u00fc bulunmaktad\u0131r. B\u00f6l\u00fcm\u00fcm\u00fcz \u00f6\u011frencilerinden istekli olanlar, Atat\u00fcrk \u00dcniversitesinin d\u00e2hil oldu\u011fu Erasmus+, Mevlana, Farabi, EVS(AGH), Orhun ve PAX \u00f6\u011frenci de\u011fi\u015fim programlar\u0131ndan gerekli \u015fartlar\u0131 sa\u011flad\u0131klar\u0131 takdirde faydalanabilmektedirler. Birinci s\u0131n\u0131fa ba\u015flayan \u00f6\u011frencilere Atat\u00fcrk \u00dcniversitesinin d\u00e2hil oldu\u011fu de\u011fi\u015fim programlar\u0131 [&hellip;]<\/p>\n","protected":false},"author":514,"featured_media":0,"parent":0,"menu_order":0,"comment_status":"closed","ping_status":"closed","template":"","meta":{"footnotes":""},"class_list":["post-6352","page","type-page","status-publish","hentry"],"_links":{"self":[{"href":"https:\/\/atauni.edu.tr\/uluslararasi-ticaret-ve-lojistik-bolumu\/wp-json\/wp\/v2\/pages\/6352","targetHints":{"allow":["GET"]}}],"collection":[{"href":"https:\/\/atauni.edu.tr\/uluslararasi-ticaret-ve-lojistik-bolumu\/wp-json\/wp\/v2\/pages"}],"about":[{"href":"https:\/\/atauni.edu.tr\/uluslararasi-ticaret-ve-lojistik-bolumu\/wp-json\/wp\/v2\/types\/page"}],"author":[{"embeddable":true,"href":"https:\/\/atauni.edu.tr\/uluslararasi-ticaret-ve-lojistik-bolumu\/wp-json\/wp\/v2\/users\/514"}],"replies":[{"embeddable":true,"href":"https:\/\/atauni.edu.tr\/uluslararasi-ticaret-ve-lojistik-bolumu\/wp-json\/wp\/v2\/comments?post=6352"}],"version-history":[{"count":19,"href":"https:\/\/atauni.edu.tr\/uluslararasi-ticaret-ve-lojistik-bolumu\/wp-json\/wp\/v2\/pages\/6352\/revisions"}],"predecessor-version":[{"id":6907,"href":"https:\/\/atauni.edu.tr\/uluslararasi-ticaret-ve-lojistik-bolumu\/wp-json\/wp\/v2\/pages\/6352\/revisions\/6907"}],"wp:attachment":[{"href":"https:\/\/atauni.edu.tr\/uluslararasi-ticaret-ve-lojistik-bolumu\/wp-json\/wp\/v2\/media?parent=6352"}],"curies":[{"name":"wp","href":"https:\/\/api.w.org\/{rel}","templated":true}]}}