{"id":6849,"date":"2025-06-26T14:39:42","date_gmt":"2025-06-26T11:39:42","guid":{"rendered":"https:\/\/birimler.atauni.edu.tr\/uluslararasi-ticaret-ve-lojistik-bolumu\/?page_id=6849"},"modified":"2026-04-15T14:39:17","modified_gmt":"2026-04-15T11:39:17","slug":"duyurular","status":"publish","type":"page","link":"https:\/\/atauni.edu.tr\/uluslararasi-ticaret-ve-lojistik-bolumu\/duyurular\/","title":{"rendered":"Duyurular"},"content":{"rendered":"<form method=\"get\" class=\"row g-3\" style=\"margin-bottom: 20px;\"><div class=\"col-md-3\"><input type=\"text\" name=\"Duyuru_ara\" class=\"form-control\" placeholder=\"Duyuru ara...\" value=\"\"><\/div><div class=\"col-md-3\"><input type=\"date\" name=\"baslangic_tarihi\" class=\"form-control\" value=\"\"><\/div><div class=\"col-md-3\"><input type=\"date\" name=\"bitis_tarihi\" class=\"form-control\" value=\"\"><\/div><div class=\"col-md-3\"><button type=\"submit\" class=\"btn btn-secondary w-50\">Filtrele<\/button><\/div><\/form><ul class=\"kategori-yazilari-liste\"><li style=\"display: flex; margin-bottom: 10px; align-items: center;\"><div class=\"post-content\" style=\"flex-grow: 1;\"><span class=\"post-date Duyurutarih\" style=\"display: block; font-weight: bold; margin-bottom: 5px;\">20 Nisan 2026<\/span><a class=\"Duyurubaslik\" href=\"https:\/\/atauni.edu.tr\/uluslararasi-ticaret-ve-lojistik-bolumu\/2026\/04\/20\/kudakaf-2026-basliyor\/\">KUDAKAF 2026 Ba\u015fl\u0131yor<\/a><\/div><\/li><li style=\"display: flex; margin-bottom: 10px; align-items: center;\"><div class=\"post-content\" style=\"flex-grow: 1;\"><span class=\"post-date Duyurutarih\" style=\"display: block; font-weight: bold; margin-bottom: 5px;\">15 Nisan 2026<\/span><a class=\"Duyurubaslik\" href=\"https:\/\/atauni.edu.tr\/uluslararasi-ticaret-ve-lojistik-bolumu\/2026\/04\/15\/lisansustu-ders-programi-yayinlanmistir\/\">Lisans\u00fcst\u00fc Ders Program\u0131 Yay\u0131nlanm\u0131\u015ft\u0131r.<\/a><\/div><\/li><li style=\"display: flex; margin-bottom: 10px; align-items: center;\"><div class=\"post-content\" style=\"flex-grow: 1;\"><span class=\"post-date Duyurutarih\" style=\"display: block; font-weight: bold; margin-bottom: 5px;\">27 \u015eubat 2026<\/span><a class=\"Duyurubaslik\" href=\"https:\/\/atauni.edu.tr\/uluslararasi-ticaret-ve-lojistik-bolumu\/2026\/02\/27\/staj-ile-ilgili-sorulariniza-yanit-sunmak-icin-staj-esaslari-paylasima-sunulmustur-asagidan-ulasabilirsiniz\/\">Staj ile ilgili sorular\u0131n\u0131za yan\u0131t sunmak i\u00e7in staj esaslar\u0131 payla\u015f\u0131ma sunulmu\u015ftur. A\u015fa\u011f\u0131dan ula\u015fabilirsiniz.<\/a><\/div><\/li><li style=\"display: flex; margin-bottom: 10px; align-items: center;\"><div class=\"post-content\" style=\"flex-grow: 1;\"><span class=\"post-date Duyurutarih\" style=\"display: block; font-weight: bold; margin-bottom: 5px;\">27 \u015eubat 2026<\/span><a class=\"Duyurubaslik\" href=\"https:\/\/atauni.edu.tr\/uluslararasi-ticaret-ve-lojistik-bolumu\/2026\/02\/27\/yaz-okulu-basvuru-dilekcesi-paylasima-sunulmustur-asagidan-ulasabilirsiniz\/\">Yaz okulu ba\u015fvuru dilek\u00e7esi payla\u015f\u0131ma sunulmu\u015ftur, a\u015fa\u011f\u0131dan ula\u015fabilirsiniz.<\/a><\/div><\/li><li style=\"display: flex; margin-bottom: 10px; align-items: center;\"><div class=\"post-content\" style=\"flex-grow: 1;\"><span class=\"post-date Duyurutarih\" style=\"display: block; font-weight: bold; margin-bottom: 5px;\">27 \u015eubat 2026<\/span><a class=\"Duyurubaslik\" href=\"https:\/\/atauni.edu.tr\/uluslararasi-ticaret-ve-lojistik-bolumu\/2026\/02\/27\/fakulte-staj-yonergesi-yayimlanmistir-ilgili-yonergeye-asagidan-ulasabilirsiniz\/\">Fak\u00fclte Staj y\u00f6nergesi yay\u0131mlanm\u0131\u015ft\u0131r. \u0130lgili y\u00f6nergeye a\u015fa\u011f\u0131dan ula\u015fabilirsiniz.<\/a><\/div><\/li><li style=\"display: flex; margin-bottom: 10px; align-items: center;\"><div class=\"post-content\" style=\"flex-grow: 1;\"><span class=\"post-date Duyurutarih\" style=\"display: block; font-weight: bold; margin-bottom: 5px;\">27 \u015eubat 2026<\/span><a class=\"Duyurubaslik\" href=\"https:\/\/atauni.edu.tr\/uluslararasi-ticaret-ve-lojistik-bolumu\/2026\/02\/27\/akran-danismanligi-listesi-yayinlanmis-olup-asagidan-ulasabilirsiniz\/\">Akran Dan\u0131\u015fmanl\u0131\u011f\u0131 listesi yay\u0131nlanm\u0131\u015f olup a\u015fa\u011f\u0131dan ula\u015fabilirsiniz.<\/a><\/div><\/li><li style=\"display: flex; margin-bottom: 10px; align-items: center;\"><div class=\"post-content\" style=\"flex-grow: 1;\"><span class=\"post-date Duyurutarih\" style=\"display: block; font-weight: bold; margin-bottom: 5px;\">27 \u015eubat 2026<\/span><a class=\"Duyurubaslik\" href=\"https:\/\/atauni.edu.tr\/uluslararasi-ticaret-ve-lojistik-bolumu\/2026\/02\/27\/staj-surecinin-baslatilip-saglikli-bir-sekilde-tamamlanmasi-icin-gerekli-olan-belgeler-siz-degerli-ogrencilerimizle-paylasilmistir-belgelere-asagidan-ulasabilirsiniz\/\">Staj s\u00fcrecinin ba\u015flat\u0131l\u0131p sa\u011fl\u0131kl\u0131 bir \u015fekilde tamamlanmas\u0131 i\u00e7in gerekli olan belgeler siz de\u011ferli \u00f6\u011frencilerimizle payla\u015f\u0131lm\u0131\u015ft\u0131r. Belgelere a\u015fa\u011f\u0131dan ula\u015fabilirsiniz.<\/a><\/div><\/li><li style=\"display: flex; margin-bottom: 10px; align-items: center;\"><div class=\"post-content\" style=\"flex-grow: 1;\"><span class=\"post-date Duyurutarih\" style=\"display: block; font-weight: bold; margin-bottom: 5px;\">27 \u015eubat 2026<\/span><a class=\"Duyurubaslik\" href=\"https:\/\/atauni.edu.tr\/uluslararasi-ticaret-ve-lojistik-bolumu\/2026\/02\/27\/staj-ile-ilgili-fikir-edinmek-icin-staj-akis-semasi-yayimlanmistir-soz-konusu-semaya-asagidan-ulasabilirsiniz\/\">Staj \u0130le ilgili Fikir edinmek i\u00e7in staj ak\u0131\u015f \u015femas\u0131 yay\u0131mlanm\u0131\u015ft\u0131r. S\u00f6z konusu \u015femaya a\u015fa\u011f\u0131dan ula\u015fabilirsiniz.<\/a><\/div><\/li><li style=\"display: flex; margin-bottom: 10px; align-items: center;\"><div class=\"post-content\" style=\"flex-grow: 1;\"><span class=\"post-date Duyurutarih\" style=\"display: block; font-weight: bold; margin-bottom: 5px;\">27 \u015eubat 2026<\/span><a class=\"Duyurubaslik\" href=\"https:\/\/atauni.edu.tr\/uluslararasi-ticaret-ve-lojistik-bolumu\/2026\/02\/27\/yuksek-lisans-ders-icerikleri-yayimlanmis-olup-ilgili-dosyaya-asagidan-ulasabilirsiniz\/\">Y\u00fcksek Lisans Ders \u0130\u00e7erikleri Yay\u0131mlanm\u0131\u015f olup ilgili dosyaya a\u015fa\u011f\u0131dan ula\u015fabilirsiniz.<\/a><\/div><\/li><li style=\"display: flex; margin-bottom: 10px; align-items: center;\"><div class=\"post-content\" style=\"flex-grow: 1;\"><span class=\"post-date Duyurutarih\" style=\"display: block; font-weight: bold; margin-bottom: 5px;\">27 \u015eubat 2026<\/span><a class=\"Duyurubaslik\" href=\"https:\/\/atauni.edu.tr\/uluslararasi-ticaret-ve-lojistik-bolumu\/2026\/02\/27\/doktora-ders-icerikleri-yayimlanmistir\/\">Doktora Ders \u0130\u00e7erikleri Yay\u0131mlanm\u0131\u015ft\u0131r.<\/a><\/div><\/li><\/ul><nav class=\"pagination\" style=\"margin-top: 20px;\"><ul class='page-numbers'>\n\t<li><span aria-current=\"page\" class=\"page-numbers current\">1<\/span><\/li>\n\t<li><a class=\"page-numbers\" href=\"https:\/\/atauni.edu.tr\/uluslararasi-ticaret-ve-lojistik-bolumu\/wp-json\/wp\/v2\/pages\/6849\/page\/2\/\">2<\/a><\/li>\n\t<li><a class=\"next page-numbers\" href=\"https:\/\/atauni.edu.tr\/uluslararasi-ticaret-ve-lojistik-bolumu\/wp-json\/wp\/v2\/pages\/6849\/page\/2\/\">Sonraki &raquo;<\/a><\/li>\n<\/ul>\n<\/nav>\n\n\n\n<p><\/p>\n","protected":false},"excerpt":{"rendered":"","protected":false},"author":8,"featured_media":0,"parent":0,"menu_order":0,"comment_status":"closed","ping_status":"closed","template":"","meta":{"footnotes":""},"class_list":["post-6849","page","type-page","status-publish","hentry"],"_links":{"self":[{"href":"https:\/\/atauni.edu.tr\/uluslararasi-ticaret-ve-lojistik-bolumu\/wp-json\/wp\/v2\/pages\/6849","targetHints":{"allow":["GET"]}}],"collection":[{"href":"https:\/\/atauni.edu.tr\/uluslararasi-ticaret-ve-lojistik-bolumu\/wp-json\/wp\/v2\/pages"}],"about":[{"href":"https:\/\/atauni.edu.tr\/uluslararasi-ticaret-ve-lojistik-bolumu\/wp-json\/wp\/v2\/types\/page"}],"author":[{"embeddable":true,"href":"https:\/\/atauni.edu.tr\/uluslararasi-ticaret-ve-lojistik-bolumu\/wp-json\/wp\/v2\/users\/8"}],"replies":[{"embeddable":true,"href":"https:\/\/atauni.edu.tr\/uluslararasi-ticaret-ve-lojistik-bolumu\/wp-json\/wp\/v2\/comments?post=6849"}],"version-history":[{"count":7,"href":"https:\/\/atauni.edu.tr\/uluslararasi-ticaret-ve-lojistik-bolumu\/wp-json\/wp\/v2\/pages\/6849\/revisions"}],"predecessor-version":[{"id":7234,"href":"https:\/\/atauni.edu.tr\/uluslararasi-ticaret-ve-lojistik-bolumu\/wp-json\/wp\/v2\/pages\/6849\/revisions\/7234"}],"wp:attachment":[{"href":"https:\/\/atauni.edu.tr\/uluslararasi-ticaret-ve-lojistik-bolumu\/wp-json\/wp\/v2\/media?parent=6849"}],"curies":[{"name":"wp","href":"https:\/\/api.w.org\/{rel}","templated":true}]}}