{"id":6908,"date":"2026-01-29T13:24:17","date_gmt":"2026-01-29T10:24:17","guid":{"rendered":"https:\/\/birimler.atauni.edu.tr\/uluslararasi-ticaret-ve-lojistik-bolumu\/?page_id=6908"},"modified":"2026-01-29T13:24:17","modified_gmt":"2026-01-29T10:24:17","slug":"kariyer","status":"publish","type":"page","link":"https:\/\/atauni.edu.tr\/uluslararasi-ticaret-ve-lojistik-bolumu\/kariyer\/","title":{"rendered":"Kariyer"},"content":{"rendered":"\n<figure class=\"wp-block-embed is-type-wp-embed is-provider-kariyer-planlama-ve-mezun-i-zleme-uygulama-ve-ara-t-rma-merkezi wp-block-embed-kariyer-planlama-ve-mezun-i-zleme-uygulama-ve-ara-t-rma-merkezi\"><div class=\"wp-block-embed__wrapper\">\n<blockquote class=\"wp-embedded-content\" data-secret=\"zU1bl99aIJ\"><a href=\"https:\/\/birimler.atauni.edu.tr\/kariyer\/\">Anasayfa<\/a><\/blockquote><iframe class=\"wp-embedded-content\" sandbox=\"allow-scripts\" security=\"restricted\" style=\"position: absolute; visibility: hidden;\" title=\"&#8220;Anasayfa&#8221; &#8212; Kariyer Planlama ve Mezun \u0130zleme Uygulama ve Ara\u015ft\u0131rma Merkezi\" src=\"https:\/\/birimler.atauni.edu.tr\/kariyer\/embed\/#?secret=Ikz3heV96i#?secret=zU1bl99aIJ\" data-secret=\"zU1bl99aIJ\" width=\"500\" height=\"282\" frameborder=\"0\" marginwidth=\"0\" marginheight=\"0\" scrolling=\"no\"><\/iframe>\n<\/div><\/figure>\n","protected":false},"excerpt":{"rendered":"","protected":false},"author":514,"featured_media":0,"parent":0,"menu_order":0,"comment_status":"closed","ping_status":"closed","template":"","meta":{"footnotes":""},"class_list":["post-6908","page","type-page","status-publish","hentry"],"_links":{"self":[{"href":"https:\/\/atauni.edu.tr\/uluslararasi-ticaret-ve-lojistik-bolumu\/wp-json\/wp\/v2\/pages\/6908","targetHints":{"allow":["GET"]}}],"collection":[{"href":"https:\/\/atauni.edu.tr\/uluslararasi-ticaret-ve-lojistik-bolumu\/wp-json\/wp\/v2\/pages"}],"about":[{"href":"https:\/\/atauni.edu.tr\/uluslararasi-ticaret-ve-lojistik-bolumu\/wp-json\/wp\/v2\/types\/page"}],"author":[{"embeddable":true,"href":"https:\/\/atauni.edu.tr\/uluslararasi-ticaret-ve-lojistik-bolumu\/wp-json\/wp\/v2\/users\/514"}],"replies":[{"embeddable":true,"href":"https:\/\/atauni.edu.tr\/uluslararasi-ticaret-ve-lojistik-bolumu\/wp-json\/wp\/v2\/comments?post=6908"}],"version-history":[{"count":1,"href":"https:\/\/atauni.edu.tr\/uluslararasi-ticaret-ve-lojistik-bolumu\/wp-json\/wp\/v2\/pages\/6908\/revisions"}],"predecessor-version":[{"id":6909,"href":"https:\/\/atauni.edu.tr\/uluslararasi-ticaret-ve-lojistik-bolumu\/wp-json\/wp\/v2\/pages\/6908\/revisions\/6909"}],"wp:attachment":[{"href":"https:\/\/atauni.edu.tr\/uluslararasi-ticaret-ve-lojistik-bolumu\/wp-json\/wp\/v2\/media?parent=6908"}],"curies":[{"name":"wp","href":"https:\/\/api.w.org\/{rel}","templated":true}]}}