{"id":6946,"date":"2026-01-30T10:26:09","date_gmt":"2026-01-30T07:26:09","guid":{"rendered":"https:\/\/birimler.atauni.edu.tr\/uluslararasi-ticaret-ve-lojistik-bolumu\/?page_id=6946"},"modified":"2026-01-30T16:39:38","modified_gmt":"2026-01-30T13:39:38","slug":"ogrencilerin-ders-ve-ders-disi-etkinliklerindeki-basari-olcum-mekanizmalari","status":"publish","type":"page","link":"https:\/\/atauni.edu.tr\/uluslararasi-ticaret-ve-lojistik-bolumu\/ogrencilerin-ders-ve-ders-disi-etkinliklerindeki-basari-olcum-mekanizmalari\/","title":{"rendered":"\u00d6\u011frencilerin Ders ve Ders D\u0131\u015f\u0131 Etkinliklerindeki Ba\u015far\u0131 \u00d6l\u00e7\u00fcm Mekanizmalar\u0131"},"content":{"rendered":"\t\t<div data-elementor-type=\"wp-page\" data-elementor-id=\"6946\" class=\"elementor elementor-6946\" data-elementor-post-type=\"page\">\n\t\t\t\t\t\t<section class=\"elementor-section elementor-top-section elementor-element elementor-element-5fb59d9a elementor-section-boxed elementor-section-height-default elementor-section-height-default\" data-id=\"5fb59d9a\" data-element_type=\"section\">\n\t\t\t\t\t\t<div class=\"elementor-container elementor-column-gap-default\">\n\t\t\t\t\t<div class=\"elementor-column elementor-col-100 elementor-top-column elementor-element elementor-element-52b01083\" data-id=\"52b01083\" data-element_type=\"column\">\n\t\t\t<div class=\"elementor-widget-wrap elementor-element-populated\">\n\t\t\t\t\t\t<div class=\"elementor-element elementor-element-23f91ca6 elementor-widget elementor-widget-text-editor\" data-id=\"23f91ca6\" data-element_type=\"widget\" data-widget_type=\"text-editor.default\">\n\t\t\t\t<div class=\"elementor-widget-container\">\n\t\t\t\t\t\t\t\t\t<p>Ders D\u0131\u015f\u0131 \u00d6\u011frenme Kay\u0131tlar\u0131<\/p>\n<p>\u00a0Liderlik<\/p>\n<p>Tak\u0131m \u00e7al\u0131\u015fmas\u0131<\/p>\n<p>\u00a0\u0130leti\u015fim<\/p>\n<p>Sosyal sorumluluk<\/p>\n<p>Akademik ve bilimsel fark\u0131ndal\u0131k<\/p>\t\t\t\t\t\t\t\t<\/div>\n\t\t\t\t<\/div>\n\t\t\t\t\t<\/div>\n\t\t<\/div>\n\t\t\t\t\t<\/div>\n\t\t<\/section>\n\t\t\t\t<\/div>\n\t\t","protected":false},"excerpt":{"rendered":"<p>Ders D\u0131\u015f\u0131 \u00d6\u011frenme Kay\u0131tlar\u0131 \u00a0Liderlik Tak\u0131m \u00e7al\u0131\u015fmas\u0131 \u00a0\u0130leti\u015fim Sosyal sorumluluk Akademik ve bilimsel fark\u0131ndal\u0131k<\/p>\n","protected":false},"author":514,"featured_media":0,"parent":0,"menu_order":0,"comment_status":"closed","ping_status":"closed","template":"","meta":{"footnotes":""},"class_list":["post-6946","page","type-page","status-publish","hentry"],"_links":{"self":[{"href":"https:\/\/atauni.edu.tr\/uluslararasi-ticaret-ve-lojistik-bolumu\/wp-json\/wp\/v2\/pages\/6946","targetHints":{"allow":["GET"]}}],"collection":[{"href":"https:\/\/atauni.edu.tr\/uluslararasi-ticaret-ve-lojistik-bolumu\/wp-json\/wp\/v2\/pages"}],"about":[{"href":"https:\/\/atauni.edu.tr\/uluslararasi-ticaret-ve-lojistik-bolumu\/wp-json\/wp\/v2\/types\/page"}],"author":[{"embeddable":true,"href":"https:\/\/atauni.edu.tr\/uluslararasi-ticaret-ve-lojistik-bolumu\/wp-json\/wp\/v2\/users\/514"}],"replies":[{"embeddable":true,"href":"https:\/\/atauni.edu.tr\/uluslararasi-ticaret-ve-lojistik-bolumu\/wp-json\/wp\/v2\/comments?post=6946"}],"version-history":[{"count":5,"href":"https:\/\/atauni.edu.tr\/uluslararasi-ticaret-ve-lojistik-bolumu\/wp-json\/wp\/v2\/pages\/6946\/revisions"}],"predecessor-version":[{"id":7000,"href":"https:\/\/atauni.edu.tr\/uluslararasi-ticaret-ve-lojistik-bolumu\/wp-json\/wp\/v2\/pages\/6946\/revisions\/7000"}],"wp:attachment":[{"href":"https:\/\/atauni.edu.tr\/uluslararasi-ticaret-ve-lojistik-bolumu\/wp-json\/wp\/v2\/media?parent=6946"}],"curies":[{"name":"wp","href":"https:\/\/api.w.org\/{rel}","templated":true}]}}