{"id":6961,"date":"2026-01-30T11:09:08","date_gmt":"2026-01-30T08:09:08","guid":{"rendered":"https:\/\/birimler.atauni.edu.tr\/uluslararasi-ticaret-ve-lojistik-bolumu\/?page_id=6961"},"modified":"2026-01-30T11:09:08","modified_gmt":"2026-01-30T08:09:08","slug":"altyapi","status":"publish","type":"page","link":"https:\/\/atauni.edu.tr\/uluslararasi-ticaret-ve-lojistik-bolumu\/altyapi\/","title":{"rendered":"Altyap\u0131"},"content":{"rendered":"\n<figure class=\"wp-block-embed is-type-wp-embed is-provider-i-ktisadi-ve-i-dari-bilimler-fak-ltesi wp-block-embed-i-ktisadi-ve-i-dari-bilimler-fak-ltesi\"><div class=\"wp-block-embed__wrapper\">\n<blockquote class=\"wp-embedded-content\" data-secret=\"O9UYZAFLui\"><a href=\"https:\/\/birimler.atauni.edu.tr\/iktisadi-ve-idari-bilimler-fakultesi\/2024\/03\/25\/alt-yapi\/\">Alt Yap\u0131<\/a><\/blockquote><iframe class=\"wp-embedded-content\" sandbox=\"allow-scripts\" security=\"restricted\" style=\"position: absolute; visibility: hidden;\" title=\"&#8220;Alt Yap\u0131&#8221; &#8212; \u0130ktisadi ve \u0130dari Bilimler Fak\u00fcltesi\" src=\"https:\/\/birimler.atauni.edu.tr\/iktisadi-ve-idari-bilimler-fakultesi\/2024\/03\/25\/alt-yapi\/embed\/#?secret=Y9z99uxTBh#?secret=O9UYZAFLui\" data-secret=\"O9UYZAFLui\" width=\"500\" height=\"282\" frameborder=\"0\" marginwidth=\"0\" marginheight=\"0\" scrolling=\"no\"><\/iframe>\n<\/div><\/figure>\n","protected":false},"excerpt":{"rendered":"","protected":false},"author":514,"featured_media":0,"parent":0,"menu_order":0,"comment_status":"closed","ping_status":"closed","template":"","meta":{"footnotes":""},"class_list":["post-6961","page","type-page","status-publish","hentry"],"_links":{"self":[{"href":"https:\/\/atauni.edu.tr\/uluslararasi-ticaret-ve-lojistik-bolumu\/wp-json\/wp\/v2\/pages\/6961","targetHints":{"allow":["GET"]}}],"collection":[{"href":"https:\/\/atauni.edu.tr\/uluslararasi-ticaret-ve-lojistik-bolumu\/wp-json\/wp\/v2\/pages"}],"about":[{"href":"https:\/\/atauni.edu.tr\/uluslararasi-ticaret-ve-lojistik-bolumu\/wp-json\/wp\/v2\/types\/page"}],"author":[{"embeddable":true,"href":"https:\/\/atauni.edu.tr\/uluslararasi-ticaret-ve-lojistik-bolumu\/wp-json\/wp\/v2\/users\/514"}],"replies":[{"embeddable":true,"href":"https:\/\/atauni.edu.tr\/uluslararasi-ticaret-ve-lojistik-bolumu\/wp-json\/wp\/v2\/comments?post=6961"}],"version-history":[{"count":1,"href":"https:\/\/atauni.edu.tr\/uluslararasi-ticaret-ve-lojistik-bolumu\/wp-json\/wp\/v2\/pages\/6961\/revisions"}],"predecessor-version":[{"id":6962,"href":"https:\/\/atauni.edu.tr\/uluslararasi-ticaret-ve-lojistik-bolumu\/wp-json\/wp\/v2\/pages\/6961\/revisions\/6962"}],"wp:attachment":[{"href":"https:\/\/atauni.edu.tr\/uluslararasi-ticaret-ve-lojistik-bolumu\/wp-json\/wp\/v2\/media?parent=6961"}],"curies":[{"name":"wp","href":"https:\/\/api.w.org\/{rel}","templated":true}]}}