{"id":7032,"date":"2026-02-06T19:15:41","date_gmt":"2026-02-06T16:15:41","guid":{"rendered":"https:\/\/birimler.atauni.edu.tr\/uluslararasi-ticaret-ve-lojistik-bolumu\/?page_id=7032"},"modified":"2026-02-06T19:15:41","modified_gmt":"2026-02-06T16:15:41","slug":"programa-ozgu-olcutler-2","status":"publish","type":"page","link":"https:\/\/atauni.edu.tr\/uluslararasi-ticaret-ve-lojistik-bolumu\/programa-ozgu-olcutler-2\/","title":{"rendered":"Programa \u00d6zg\u00fc \u00d6l\u00e7\u00fctler"},"content":{"rendered":"\n<p>Programa \u00d6zg\u00fc \u00d6l\u00e7\u00fctler<\/p>\n\n\n\n<p>Programa \u00d6zg\u00fc \u00d6l\u00e7\u00fctler (P\u00d6\u00d6)<\/p>\n\n\n\n<p><strong>P\u00d6\u00d61.&nbsp;<\/strong>Uluslararas\u0131 ticaretin ekonomik, y\u00f6netsel, operasyonel ve hukuki boyutlar\u0131n\u0131 b\u00fct\u00fcnc\u00fcl bir bak\u0131\u015f a\u00e7\u0131s\u0131yla kavram\u0131\u015f olmal\u0131d\u0131r.<\/p>\n\n\n\n<p><strong>P\u00d6\u00d62.<\/strong>&nbsp;Uluslararas\u0131 ticaretin d\u00fc\u015f\u00fcnsel altyap\u0131s\u0131n\u0131 olu\u015fturan a\u00e7\u0131klama bi\u00e7imlerini ve modelleme yakla\u015f\u0131mlar\u0131n\u0131 sorgulayarak de\u011ferlendirme yetkinli\u011fi kazanm\u0131\u015f olmal\u0131d\u0131r.<\/p>\n\n\n\n<p><strong>P\u00d6\u00d63.<\/strong>&nbsp;Uluslararas\u0131 ticarete ait nicel ve nitel verileri inceleyerek analitik \u00e7\u0131kar\u0131mlar yapabilmeli ve bu \u00e7\u0131kar\u0131mlar\u0131 sistematik bi\u00e7imde sunabilmelidir.<\/p>\n\n\n\n<p><strong>P\u00d6\u00d64.<\/strong>&nbsp;Program\u0131n \u00f6ng\u00f6rd\u00fc\u011f\u00fc temel alan dersleri arac\u0131l\u0131\u011f\u0131yla uluslararas\u0131 ticarete ili\u015fkin gerekli akademik ve mesleki altyap\u0131y\u0131 edinmi\u015f olmal\u0131d\u0131r.<\/p>\n\n\n\n<p><strong>Uluslararas\u0131 Ticaret ve &nbsp;Lojistik Lisans Program\u0131 M\u00fcfredat-P\u00d6\u00d6 \u0130li\u015fkisi&nbsp;<\/strong><\/p>\n\n\n\n<figure class=\"wp-block-table\"><table class=\"has-fixed-layout\"><tbody><tr><td><strong>S\u0131n\u0131f \/ D\u00f6nem<\/strong><\/td><td><strong>Ders Kodu<\/strong><\/td><td><strong>Ders Ad\u0131<\/strong><\/td><td><strong>P\u00d6\u00d6-1<\/strong><\/td><td><strong>P\u00d6\u00d6-2<\/strong><\/td><td><strong>P\u00d6\u00d6-3<\/strong><\/td><td><strong>P\u00d6\u00d6-4<\/strong><\/td><\/tr><tr><td>1. S\u0131n\u0131f \u2013 G\u00fcz<\/td><td>TDZ101<\/td><td>T\u00fcrk Dili I<\/td><td><\/td><td><\/td><td><\/td><td>X<\/td><\/tr><tr><td>1. S\u0131n\u0131f \u2013 G\u00fcz<\/td><td>AIT101<\/td><td>Atat\u00fcrk \u0130lkeleri ve \u0130nk\u0131laplar\u0131 Tarihi I<\/td><td><\/td><td><\/td><td><\/td><td>X<\/td><\/tr><tr><td>1. S\u0131n\u0131f \u2013 G\u00fcz<\/td><td>IUT101<\/td><td>Lojistik I<\/td><td>X<\/td><td><\/td><td><\/td><td>X<\/td><\/tr><tr><td>1. S\u0131n\u0131f \u2013 G\u00fcz<\/td><td>IKT101<\/td><td>\u0130ktisada Giri\u015f I<\/td><td>X<\/td><td><\/td><td>X<\/td><td>X<\/td><\/tr><tr><td>1. S\u0131n\u0131f \u2013 G\u00fcz<\/td><td>ISL103<\/td><td>Genel Muhasebe I<\/td><td>X<\/td><td><\/td><td>X<\/td><td>X<\/td><\/tr><tr><td>1. S\u0131n\u0131f \u2013 G\u00fcz<\/td><td>IYB105<\/td><td>Temel Bilgi Teknolojileri<\/td><td><\/td><td><\/td><td>X<\/td><td>X<\/td><\/tr><tr><td>1. S\u0131n\u0131f \u2013 G\u00fcz<\/td><td>HUK136<\/td><td>Hukukun Temel Kavramlar\u0131<\/td><td>X<\/td><td><\/td><td><\/td><td>X<\/td><\/tr><tr><td>1. S\u0131n\u0131f \u2013 G\u00fcz<\/td><td>YDY101<\/td><td>\u0130ngilizce Dilbilgisi I<\/td><td><\/td><td><\/td><td><\/td><td>X<\/td><\/tr><tr><td>1. S\u0131n\u0131f \u2013 Bahar<\/td><td>TDZ102<\/td><td>T\u00fcrk Dili II<\/td><td><\/td><td><\/td><td>X<\/td><td>X<\/td><\/tr><tr><td>1. S\u0131n\u0131f \u2013 Bahar<\/td><td>AIT102<\/td><td>Atat\u00fcrk \u0130lkeleri ve \u0130nk\u0131laplar\u0131 Tarihi II<\/td><td><\/td><td><\/td><td><\/td><td>X<\/td><\/tr><tr><td>1. S\u0131n\u0131f \u2013 Bahar<\/td><td>IUT102<\/td><td>Lojistik II<\/td><td>X<\/td><td><\/td><td><\/td><td>X<\/td><\/tr><tr><td>1. S\u0131n\u0131f \u2013 Bahar<\/td><td>IKT102<\/td><td>\u0130ktisada Giri\u015f II<\/td><td>X<\/td><td><\/td><td>X<\/td><td>X<\/td><\/tr><tr><td>1. S\u0131n\u0131f \u2013 Bahar<\/td><td>ISL102<\/td><td>Genel Muhasebe II<\/td><td>X<\/td><td><\/td><td>X<\/td><td>X<\/td><\/tr><tr><td>1. S\u0131n\u0131f \u2013 Bahar<\/td><td>ISL105<\/td><td>Genel \u0130\u015fletme<\/td><td>X<\/td><td><\/td><td>X<\/td><td>X<\/td><\/tr><tr><td>1. S\u0131n\u0131f \u2013 Bahar<\/td><td>FMT157<\/td><td>Temel Matematik<\/td><td><\/td><td>X<\/td><td>X<\/td><td>X<\/td><\/tr><tr><td>1. S\u0131n\u0131f \u2013 Bahar<\/td><td>YDY102<\/td><td>\u0130ngilizce Dilbilgisi II<\/td><td><\/td><td><\/td><td><\/td><td>X<\/td><\/tr><tr><td>2. S\u0131n\u0131f \u2013 G\u00fcz<\/td><td>IUT201<\/td><td>Lojistik Merkezler<\/td><td>X<\/td><td><\/td><td>X<\/td><td>X<\/td><\/tr><tr><td>2. S\u0131n\u0131f \u2013 G\u00fcz<\/td><td>IUT203<\/td><td>Uluslararas\u0131 Ticaret I<\/td><td>X<\/td><td>X<\/td><td>X<\/td><td>X<\/td><\/tr><tr><td>2. S\u0131n\u0131f \u2013 G\u00fcz<\/td><td>IKT207<\/td><td>Mikro \u0130ktisat<\/td><td>X<\/td><td>X<\/td><td>X<\/td><td>X<\/td><\/tr><tr><td>2. S\u0131n\u0131f \u2013 G\u00fcz<\/td><td>ISL217<\/td><td>Pazarlama \u0130lkeleri<\/td><td>X<\/td><td>X<\/td><td>X<\/td><td>X<\/td><\/tr><tr><td>2. S\u0131n\u0131f \u2013 G\u00fcz<\/td><td>YDY201<\/td><td>\u0130ngilizce Dinleme ve Konu\u015fma<\/td><td><\/td><td><\/td><td><\/td><td>X<\/td><\/tr><tr><td>2. S\u0131n\u0131f \u2013 G\u00fcz<\/td><td>IUT205<\/td><td>Uluslararas\u0131 Ticari ve Ekonomik Kurulu\u015flar<\/td><td>X<\/td><td>X<\/td><td>X<\/td><td>X<\/td><\/tr><tr><td>2. S\u0131n\u0131f \u2013 G\u00fcz<\/td><td>IUT207<\/td><td>Lojistikte G\u00fcncel Geli\u015fmeler<\/td><td>X<\/td><td><\/td><td>X<\/td><td>X<\/td><\/tr><tr><td>2. S\u0131n\u0131f \u2013 G\u00fcz<\/td><td>IUT209<\/td><td>Lojistik ve Uluslararas\u0131 Ticaret Co\u011frafyas\u0131<\/td><td>X<\/td><td>X<\/td><td><\/td><td>X<\/td><\/tr><tr><td>2. S\u0131n\u0131f \u2013 G\u00fcz<\/td><td>IUT211<\/td><td>Uluslararas\u0131 Ticarette Kalite ve Standardizasyon<\/td><td>X<\/td><td>X<\/td><td>X<\/td><td>X<\/td><\/tr><tr><td>2. S\u0131n\u0131f \u2013 Bahar<\/td><td>IUT202<\/td><td>G\u00fcmr\u00fck ve Serbest B\u00f6lgeler<\/td><td>X<\/td><td>X<\/td><td>X<\/td><td>X<\/td><\/tr><tr><td>2. S\u0131n\u0131f \u2013 Bahar<\/td><td>IUT204<\/td><td>Uluslararas\u0131 Ticaret II<\/td><td>X<\/td><td>X<\/td><td>X<\/td><td>X<\/td><\/tr><tr><td>2. S\u0131n\u0131f \u2013 Bahar<\/td><td>IKT206<\/td><td>Makroiktisat<\/td><td>X<\/td><td>X<\/td><td>X<\/td><td>X<\/td><\/tr><tr><td>2. S\u0131n\u0131f \u2013 Bahar<\/td><td>IBF201<\/td><td>Toplumsal Duyarl\u0131l\u0131k<\/td><td><\/td><td><\/td><td><\/td><td>X<\/td><\/tr><tr><td>2. S\u0131n\u0131f \u2013 Bahar<\/td><td>YDY202<\/td><td>\u0130ngilizce Okuma ve Yazma<\/td><td><\/td><td><\/td><td><\/td><td>X<\/td><\/tr><tr><td>2. S\u0131n\u0131f \u2013 Bahar<\/td><td>IUT206<\/td><td>Lojistik Hizmet Pazarlamas\u0131<\/td><td>X<\/td><td><\/td><td>X<\/td><td>X<\/td><\/tr><tr><td>2. S\u0131n\u0131f \u2013 Bahar<\/td><td>IUT208<\/td><td>Lojistikte Karar Verme S\u00fcre\u00e7leri ve Y\u00f6netimi<\/td><td>X<\/td><td>X<\/td><td>X<\/td><td>X<\/td><\/tr><tr><td>2. S\u0131n\u0131f \u2013 Bahar<\/td><td>IUT210<\/td><td>Uluslararas\u0131 Ticarette G\u00fcncel Geli\u015fmeler<\/td><td>X<\/td><td>X<\/td><td>X<\/td><td>X<\/td><\/tr><tr><td>2. S\u0131n\u0131f \u2013 Bahar<\/td><td>IUT212<\/td><td>Lojistikte D\u0131\u015f Kaynak Kullan\u0131m\u0131<\/td><td>X<\/td><td><\/td><td>X<\/td><td>X<\/td><\/tr><tr><td>3. S\u0131n\u0131f \u2013 G\u00fcz<\/td><td>IUT301<\/td><td>Tedarik Zinciri Y\u00f6netimi<\/td><td>X<\/td><td><\/td><td>X<\/td><td>X<\/td><\/tr><tr><td>3. S\u0131n\u0131f \u2013 G\u00fcz<\/td><td>IUT303<\/td><td>Mesleki \u0130ngilizce I<\/td><td>X<\/td><td><\/td><td>X<\/td><td>X<\/td><\/tr><tr><td>3. S\u0131n\u0131f \u2013 G\u00fcz<\/td><td>HUK313<\/td><td>Ticaret Hukuku<\/td><td>X<\/td><td><\/td><td>X<\/td><td>X<\/td><\/tr><tr><td>3. S\u0131n\u0131f \u2013 G\u00fcz<\/td><td>IEK303<\/td><td>Y\u00f6neylem Ara\u015ft\u0131rmas\u0131<\/td><td>X<\/td><td>X<\/td><td>X<\/td><td>X<\/td><\/tr><tr><td>3. S\u0131n\u0131f \u2013 G\u00fcz<\/td><td>IUT305<\/td><td>D\u0131\u015f Ticarette G\u00f6r\u00fc\u015fme ve Yaz\u0131\u015fma Teknikleri<\/td><td>X<\/td><td><\/td><td>X<\/td><td>X<\/td><\/tr><tr><td>3. S\u0131n\u0131f \u2013 G\u00fcz<\/td><td>IUT307<\/td><td>T\u00fcrkiye\u2019nin D\u0131\u015f Ticaret \u0130li\u015fkileri<\/td><td>X<\/td><td>X<\/td><td>X<\/td><td>X<\/td><\/tr><tr><td>3. S\u0131n\u0131f \u2013 G\u00fcz<\/td><td>IUT309<\/td><td>Uluslararas\u0131 Ticaret Finansman\u0131<\/td><td>X<\/td><td>X<\/td><td>X<\/td><td>X<\/td><\/tr><tr><td>3. S\u0131n\u0131f \u2013 G\u00fcz<\/td><td>IUT311<\/td><td>Lojistik Bili\u015fim Sistemleri<\/td><td>X<\/td><td>X<\/td><td>X<\/td><td>X<\/td><\/tr><tr><td>3. S\u0131n\u0131f \u2013 G\u00fcz<\/td><td>IUT313<\/td><td>Tehlikeli ve \u00d6zel Maddeler Lojisti\u011fi<\/td><td><\/td><td><\/td><td><\/td><td>X<\/td><\/tr><tr><td>3. S\u0131n\u0131f \u2013 Bahar<\/td><td>IUT302<\/td><td>Uluslararas\u0131 Ticarette Kullan\u0131lan Belgeler<\/td><td>X<\/td><td><\/td><td>X<\/td><td>X<\/td><\/tr><tr><td>3. S\u0131n\u0131f \u2013 Bahar<\/td><td>IUT304<\/td><td>Mesleki \u0130ngilizce II<\/td><td>X<\/td><td><\/td><td>X<\/td><td>X<\/td><\/tr><tr><td>3. S\u0131n\u0131f \u2013 Bahar<\/td><td>IUT306<\/td><td>Depolama ve Stok Y\u00f6netimi<\/td><td>X<\/td><td><\/td><td>X<\/td><td>X<\/td><\/tr><tr><td>3. S\u0131n\u0131f \u2013 Bahar<\/td><td>IUT308<\/td><td>Uluslararas\u0131 Ta\u015f\u0131mac\u0131l\u0131k ve Ula\u015ft\u0131rma Mevzuat\u0131<\/td><td>X<\/td><td>X<\/td><td>X<\/td><td>X<\/td><\/tr><tr><td>3. S\u0131n\u0131f \u2013 Bahar<\/td><td>IUT310<\/td><td>Hizmet Ekonomisi<\/td><td>X<\/td><td>X<\/td><td>X<\/td><td>X<\/td><\/tr><tr><td>3. S\u0131n\u0131f \u2013 Bahar<\/td><td>IUT312<\/td><td>Uluslararas\u0131 Ticarette Vergilendirme<\/td><td>X<\/td><td>X<\/td><td>X<\/td><td>X<\/td><\/tr><tr><td>3. S\u0131n\u0131f \u2013 Bahar<\/td><td>IUT314<\/td><td>D\u0131\u015f Ticaret Te\u015fvikleri<\/td><td><\/td><td><\/td><td><\/td><td>X<\/td><\/tr><tr><td>3. S\u0131n\u0131f \u2013 Bahar<\/td><td>IUT316<\/td><td>Lojistik Optimizasyon ve Modelleme<\/td><td>X<\/td><td>X<\/td><td>X<\/td><td>X<\/td><\/tr><tr><td>3. S\u0131n\u0131f \u2013 Bahar<\/td><td>IUT318<\/td><td>Deniz Ta\u015f\u0131mac\u0131l\u0131\u011f\u0131 ve Liman Y\u00f6netimi<\/td><td>X<\/td><td><\/td><td>X<\/td><td>X<\/td><\/tr><tr><td>4. S\u0131n\u0131f \u2013 G\u00fcz<\/td><td>IUT401<\/td><td>G\u00fcmr\u00fck ve Kambiyo \u0130\u015flemleri<\/td><td>X<\/td><td>X<\/td><td>X<\/td><td>X<\/td><\/tr><tr><td>4. S\u0131n\u0131f \u2013 G\u00fcz<\/td><td>IUT403<\/td><td>D\u0131\u015f Ticaret \u0130\u015flemleri Muhasebesi<\/td><td>X<\/td><td><\/td><td>X<\/td><td>X<\/td><\/tr><tr><td>4. S\u0131n\u0131f \u2013 G\u00fcz<\/td><td>IUT405<\/td><td>Kargo Ta\u015f\u0131mac\u0131l\u0131\u011f\u0131 ve Y\u00f6netimi<\/td><td>X<\/td><td><\/td><td>X<\/td><td>X<\/td><\/tr><tr><td>4. S\u0131n\u0131f \u2013 G\u00fcz<\/td><td>IUT407<\/td><td>Lojistik Maliyet Analizi<\/td><td>X<\/td><td>X<\/td><td>X<\/td><td>X<\/td><\/tr><tr><td>4. S\u0131n\u0131f \u2013 G\u00fcz<\/td><td>IUT409<\/td><td>Mesleki S\u0131navlar I<\/td><td><\/td><td><\/td><td>X<\/td><td>X<\/td><\/tr><tr><td>4. S\u0131n\u0131f \u2013 G\u00fcz<\/td><td>IUT411<\/td><td>Uluslararas\u0131 Ticarette Finansal Raporlama Standartlar\u0131<\/td><td>X<\/td><td>X<\/td><td>X<\/td><td>X<\/td><\/tr><tr><td>4. S\u0131n\u0131f \u2013 G\u00fcz<\/td><td>IUT413<\/td><td>Enerji Lojisti\u011fi<\/td><td><\/td><td><\/td><td><\/td><td>X<\/td><\/tr><tr><td>4. S\u0131n\u0131f \u2013 G\u00fcz<\/td><td>IUT415<\/td><td>Lojistik Paket Program Uygulamalar\u0131<\/td><td>X<\/td><td><\/td><td>X<\/td><td>X<\/td><\/tr><tr><td>4. S\u0131n\u0131f \u2013 G\u00fcz<\/td><td>IUT417<\/td><td>Ula\u015ft\u0131rma Ekonomisi<\/td><td>X<\/td><td>X<\/td><td>X<\/td><td>X<\/td><\/tr><tr><td>4. S\u0131n\u0131f \u2013 G\u00fcz<\/td><td>IUT419<\/td><td>A\u011f Optimizasyonu ve Lojistik Sistem Tasar\u0131m\u0131<\/td><td>X<\/td><td>X<\/td><td>X<\/td><td>X<\/td><\/tr><tr><td>4. S\u0131n\u0131f \u2013 Bahar<\/td><td>IUT402<\/td><td>Da\u011f\u0131t\u0131m Kanallar\u0131 Y\u00f6netimi<\/td><td>X<\/td><td><\/td><td>X<\/td><td>X<\/td><\/tr><tr><td>4. S\u0131n\u0131f \u2013 Bahar<\/td><td>IUT404<\/td><td>\u0130thalat ve \u0130hracat Uygulamalar\u0131<\/td><td>X<\/td><td><\/td><td>X<\/td><td>X<\/td><\/tr><tr><td>4. S\u0131n\u0131f \u2013 Bahar<\/td><td>IUT406<\/td><td>E-Ticaret Lojisti\u011fi<\/td><td>X<\/td><td>X<\/td><td>X<\/td><td>X<\/td><\/tr><tr><td>4. S\u0131n\u0131f \u2013 Bahar<\/td><td>IUT408<\/td><td>Uluslararas\u0131 Ticarette Denetim Standartlar\u0131<\/td><td>X<\/td><td>X<\/td><td>X<\/td><td>X<\/td><\/tr><tr><td>4. S\u0131n\u0131f \u2013 Bahar<\/td><td>IUT410<\/td><td>Mesleki S\u0131navlar II<\/td><td><\/td><td><\/td><td>X<\/td><td>X<\/td><\/tr><tr><td>4. S\u0131n\u0131f \u2013 Bahar<\/td><td>IUT412<\/td><td>Uluslararas\u0131 Ticaret ve Lojistikte Sigortama ve Risk<\/td><td>X<\/td><td>X<\/td><td>X<\/td><td>X<\/td><\/tr><tr><td>4. S\u0131n\u0131f \u2013 Bahar<\/td><td>IUT414<\/td><td>Entegre Lojistik<\/td><td>X<\/td><td><\/td><td><\/td><td>X<\/td><\/tr><tr><td>4. S\u0131n\u0131f \u2013 Bahar<\/td><td>IUT416<\/td><td>Kentsel Lojistik ve Ak\u0131ll\u0131 Ula\u015f\u0131m Sistemleri<\/td><td>X<\/td><td><\/td><td><\/td><td>X<\/td><\/tr><tr><td>4. S\u0131n\u0131f \u2013 Bahar<\/td><td>IUT418<\/td><td>Afet ve \u0130nsani Yard\u0131m Lojisti\u011fi<\/td><td>X<\/td><td><\/td><td><\/td><td>X<\/td><\/tr><tr><td>4. S\u0131n\u0131f \u2013 Bahar<\/td><td>IUT420<\/td><td>Uluslararas\u0131 Ticaret ve Lojistikte Vaka Analizi<\/td><td>X<\/td><td>X<\/td><td>X<\/td><td>X<\/td><\/tr><\/tbody><\/table><\/figure>\n","protected":false},"excerpt":{"rendered":"<p>Programa \u00d6zg\u00fc \u00d6l\u00e7\u00fctler Programa \u00d6zg\u00fc \u00d6l\u00e7\u00fctler (P\u00d6\u00d6) P\u00d6\u00d61.&nbsp;Uluslararas\u0131 ticaretin ekonomik, y\u00f6netsel, operasyonel ve hukuki boyutlar\u0131n\u0131 b\u00fct\u00fcnc\u00fcl bir bak\u0131\u015f a\u00e7\u0131s\u0131yla kavram\u0131\u015f olmal\u0131d\u0131r. P\u00d6\u00d62.&nbsp;Uluslararas\u0131 ticaretin d\u00fc\u015f\u00fcnsel altyap\u0131s\u0131n\u0131 olu\u015fturan a\u00e7\u0131klama bi\u00e7imlerini ve modelleme yakla\u015f\u0131mlar\u0131n\u0131 sorgulayarak de\u011ferlendirme yetkinli\u011fi kazanm\u0131\u015f olmal\u0131d\u0131r. P\u00d6\u00d63.&nbsp;Uluslararas\u0131 ticarete ait nicel ve nitel verileri inceleyerek analitik \u00e7\u0131kar\u0131mlar yapabilmeli ve bu \u00e7\u0131kar\u0131mlar\u0131 sistematik bi\u00e7imde sunabilmelidir. P\u00d6\u00d64.&nbsp;Program\u0131n \u00f6ng\u00f6rd\u00fc\u011f\u00fc [&hellip;]<\/p>\n","protected":false},"author":514,"featured_media":0,"parent":0,"menu_order":0,"comment_status":"closed","ping_status":"closed","template":"","meta":{"footnotes":""},"class_list":["post-7032","page","type-page","status-publish","hentry"],"_links":{"self":[{"href":"https:\/\/atauni.edu.tr\/uluslararasi-ticaret-ve-lojistik-bolumu\/wp-json\/wp\/v2\/pages\/7032","targetHints":{"allow":["GET"]}}],"collection":[{"href":"https:\/\/atauni.edu.tr\/uluslararasi-ticaret-ve-lojistik-bolumu\/wp-json\/wp\/v2\/pages"}],"about":[{"href":"https:\/\/atauni.edu.tr\/uluslararasi-ticaret-ve-lojistik-bolumu\/wp-json\/wp\/v2\/types\/page"}],"author":[{"embeddable":true,"href":"https:\/\/atauni.edu.tr\/uluslararasi-ticaret-ve-lojistik-bolumu\/wp-json\/wp\/v2\/users\/514"}],"replies":[{"embeddable":true,"href":"https:\/\/atauni.edu.tr\/uluslararasi-ticaret-ve-lojistik-bolumu\/wp-json\/wp\/v2\/comments?post=7032"}],"version-history":[{"count":1,"href":"https:\/\/atauni.edu.tr\/uluslararasi-ticaret-ve-lojistik-bolumu\/wp-json\/wp\/v2\/pages\/7032\/revisions"}],"predecessor-version":[{"id":7033,"href":"https:\/\/atauni.edu.tr\/uluslararasi-ticaret-ve-lojistik-bolumu\/wp-json\/wp\/v2\/pages\/7032\/revisions\/7033"}],"wp:attachment":[{"href":"https:\/\/atauni.edu.tr\/uluslararasi-ticaret-ve-lojistik-bolumu\/wp-json\/wp\/v2\/media?parent=7032"}],"curies":[{"name":"wp","href":"https:\/\/api.w.org\/{rel}","templated":true}]}}