{"id":10177,"date":"2023-05-20T17:29:12","date_gmt":"2023-05-20T14:29:12","guid":{"rendered":"https:\/\/birimler.atauni.edu.tr\/uygulamali-bilimler-fakultesi\/?page_id=10177"},"modified":"2023-07-27T13:31:16","modified_gmt":"2023-07-27T10:31:16","slug":"staj-defteri","status":"publish","type":"page","link":"https:\/\/atauni.edu.tr\/uygulamali-bilimler-fakultesi\/staj-defteri\/","title":{"rendered":"Staj Defteri"},"content":{"rendered":"\t\t<div data-elementor-type=\"wp-page\" data-elementor-id=\"10177\" class=\"elementor elementor-10177\" data-elementor-post-type=\"page\">\n\t\t\t\t\t\t<section class=\"elementor-section elementor-top-section elementor-element elementor-element-acf5ede elementor-section-boxed elementor-section-height-default elementor-section-height-default\" data-id=\"acf5ede\" data-element_type=\"section\">\n\t\t\t\t\t\t<div class=\"elementor-container elementor-column-gap-default\">\n\t\t\t\t\t<div class=\"elementor-column elementor-col-100 elementor-top-column elementor-element elementor-element-75c5b2a\" data-id=\"75c5b2a\" data-element_type=\"column\">\n\t\t\t<div class=\"elementor-widget-wrap elementor-element-populated\">\n\t\t\t\t\t\t<div class=\"elementor-element elementor-element-c737843 elementor-widget elementor-widget-text-editor\" data-id=\"c737843\" data-element_type=\"widget\" data-widget_type=\"text-editor.default\">\n\t\t\t\t<div class=\"elementor-widget-container\">\n\t\t\t\t\t\t\t\t\t<p><a href=\"http:\/\/birimler.atauni.edu.tr\/uygulamali-bilimler-fakultesi\/wp-content\/uploads\/sites\/225\/2020\/07\/Staj-Defteri-Acil-Yardim-ve-Afet-Yonetimi.pdf\">Staj Defteri-Acil Yard\u0131m ve Afet Y\u00f6netimi<\/a>\u00a0<\/p><p><a href=\"http:\/\/birimler.atauni.edu.tr\/uygulamali-bilimler-fakultesi\/wp-content\/uploads\/sites\/225\/2020\/07\/Staj-Defteri-Bilisim-Sistemleri-ve-Teknolojileri.pdf\">Staj Defteri-Bili\u015fim Sistemleri ve Teknolojileri<\/a><\/p>\t\t\t\t\t\t\t\t<\/div>\n\t\t\t\t<\/div>\n\t\t\t\t\t<\/div>\n\t\t<\/div>\n\t\t\t\t\t<\/div>\n\t\t<\/section>\n\t\t\t\t<\/div>\n\t\t","protected":false},"excerpt":{"rendered":"<p>Staj Defteri-Acil Yard\u0131m ve Afet Y\u00f6netimi&nbsp; Staj Defteri-Bili\u015fim Sistemleri ve Teknolojileri<\/p>\n","protected":false},"author":442,"featured_media":0,"parent":0,"menu_order":0,"comment_status":"closed","ping_status":"closed","template":"","meta":{"footnotes":""},"class_list":["post-10177","page","type-page","status-publish","hentry"],"_links":{"self":[{"href":"https:\/\/atauni.edu.tr\/uygulamali-bilimler-fakultesi\/wp-json\/wp\/v2\/pages\/10177","targetHints":{"allow":["GET"]}}],"collection":[{"href":"https:\/\/atauni.edu.tr\/uygulamali-bilimler-fakultesi\/wp-json\/wp\/v2\/pages"}],"about":[{"href":"https:\/\/atauni.edu.tr\/uygulamali-bilimler-fakultesi\/wp-json\/wp\/v2\/types\/page"}],"author":[{"embeddable":true,"href":"https:\/\/atauni.edu.tr\/uygulamali-bilimler-fakultesi\/wp-json\/wp\/v2\/users\/442"}],"replies":[{"embeddable":true,"href":"https:\/\/atauni.edu.tr\/uygulamali-bilimler-fakultesi\/wp-json\/wp\/v2\/comments?post=10177"}],"version-history":[{"count":30,"href":"https:\/\/atauni.edu.tr\/uygulamali-bilimler-fakultesi\/wp-json\/wp\/v2\/pages\/10177\/revisions"}],"predecessor-version":[{"id":10289,"href":"https:\/\/atauni.edu.tr\/uygulamali-bilimler-fakultesi\/wp-json\/wp\/v2\/pages\/10177\/revisions\/10289"}],"wp:attachment":[{"href":"https:\/\/atauni.edu.tr\/uygulamali-bilimler-fakultesi\/wp-json\/wp\/v2\/media?parent=10177"}],"curies":[{"name":"wp","href":"https:\/\/api.w.org\/{rel}","templated":true}]}}