{"id":10184,"date":"2023-05-20T17:31:52","date_gmt":"2023-05-20T14:31:52","guid":{"rendered":"https:\/\/birimler.atauni.edu.tr\/uygulamali-bilimler-fakultesi\/?page_id=10184"},"modified":"2024-04-01T10:35:23","modified_gmt":"2024-04-01T07:35:23","slug":"yol-haritasi","status":"publish","type":"page","link":"https:\/\/atauni.edu.tr\/uygulamali-bilimler-fakultesi\/yol-haritasi\/","title":{"rendered":"Staj Yol Haritas\u0131"},"content":{"rendered":"\t\t<div data-elementor-type=\"wp-page\" data-elementor-id=\"10184\" class=\"elementor elementor-10184\" data-elementor-post-type=\"page\">\n\t\t\t\t\t\t<section class=\"elementor-section elementor-top-section elementor-element elementor-element-cabc12b elementor-section-boxed elementor-section-height-default elementor-section-height-default\" data-id=\"cabc12b\" data-element_type=\"section\">\n\t\t\t\t\t\t<div class=\"elementor-container elementor-column-gap-default\">\n\t\t\t\t\t<div class=\"elementor-column elementor-col-100 elementor-top-column elementor-element elementor-element-1c14764\" data-id=\"1c14764\" data-element_type=\"column\">\n\t\t\t<div class=\"elementor-widget-wrap elementor-element-populated\">\n\t\t\t\t\t\t<div class=\"elementor-element elementor-element-ad7db0f elementor-widget elementor-widget-text-editor\" data-id=\"ad7db0f\" data-element_type=\"widget\" data-widget_type=\"text-editor.default\">\n\t\t\t\t<div class=\"elementor-widget-container\">\n\t\t\t\t\t\t\t\t\t<p><a href=\"http:\/\/birimler.atauni.edu.tr\/uygulamali-bilimler-fakultesi\/wp-content\/uploads\/sites\/225\/2020\/07\/Staj-Yol-Haritasi-Acil-Yardim-ve-Afet-Yonetimi-2.pdf\">Staj Yol Haritas\u0131-Acil Yard\u0131m ve Afet Y\u00f6netimi<\/a><\/p><p><a href=\"http:\/\/birimler.atauni.edu.tr\/uygulamali-bilimler-fakultesi\/wp-content\/uploads\/sites\/225\/2020\/07\/Staj-Yol-Haritasi-Bilisim-Sistemleri-ve-Teknolojileri-2.pdf\">Staj Yol Haritas\u0131-Bili\u015fim Sistemleri ve Teknolojileri<\/a><\/p><p><a href=\"http:\/\/birimler.atauni.edu.tr\/uygulamali-bilimler-fakultesi\/wp-content\/uploads\/sites\/225\/2020\/07\/Ulusal-Staj-Programi-1.pdf\">Ulusal Staj Program\u0131<\/a><\/p><p><a href=\"http:\/\/birimler.atauni.edu.tr\/uygulamali-bilimler-fakultesi\/wp-content\/uploads\/sites\/225\/2020\/07\/Diger-Hususlar.pdf\">Di\u011fer Hususlar<\/a><\/p><p><a href=\"http:\/\/birimler.atauni.edu.tr\/uygulamali-bilimler-fakultesi\/wp-content\/uploads\/sites\/225\/2020\/07\/Sikca-Sorulan-Sorular.pdf\">S\u0131k\u00e7a Sorulan Sorular<\/a><\/p>\t\t\t\t\t\t\t\t<\/div>\n\t\t\t\t<\/div>\n\t\t\t\t\t<\/div>\n\t\t<\/div>\n\t\t\t\t\t<\/div>\n\t\t<\/section>\n\t\t\t\t<\/div>\n\t\t","protected":false},"excerpt":{"rendered":"<p>Staj Yol Haritas\u0131-Acil Yard\u0131m ve Afet Y\u00f6netimi Staj Yol Haritas\u0131-Bili\u015fim Sistemleri ve Teknolojileri Ulusal Staj Program\u0131 Di\u011fer Hususlar S\u0131k\u00e7a Sorulan Sorular<\/p>\n","protected":false},"author":442,"featured_media":0,"parent":0,"menu_order":0,"comment_status":"closed","ping_status":"closed","template":"","meta":{"footnotes":""},"class_list":["post-10184","page","type-page","status-publish","hentry"],"_links":{"self":[{"href":"https:\/\/atauni.edu.tr\/uygulamali-bilimler-fakultesi\/wp-json\/wp\/v2\/pages\/10184","targetHints":{"allow":["GET"]}}],"collection":[{"href":"https:\/\/atauni.edu.tr\/uygulamali-bilimler-fakultesi\/wp-json\/wp\/v2\/pages"}],"about":[{"href":"https:\/\/atauni.edu.tr\/uygulamali-bilimler-fakultesi\/wp-json\/wp\/v2\/types\/page"}],"author":[{"embeddable":true,"href":"https:\/\/atauni.edu.tr\/uygulamali-bilimler-fakultesi\/wp-json\/wp\/v2\/users\/442"}],"replies":[{"embeddable":true,"href":"https:\/\/atauni.edu.tr\/uygulamali-bilimler-fakultesi\/wp-json\/wp\/v2\/comments?post=10184"}],"version-history":[{"count":11,"href":"https:\/\/atauni.edu.tr\/uygulamali-bilimler-fakultesi\/wp-json\/wp\/v2\/pages\/10184\/revisions"}],"predecessor-version":[{"id":11005,"href":"https:\/\/atauni.edu.tr\/uygulamali-bilimler-fakultesi\/wp-json\/wp\/v2\/pages\/10184\/revisions\/11005"}],"wp:attachment":[{"href":"https:\/\/atauni.edu.tr\/uygulamali-bilimler-fakultesi\/wp-json\/wp\/v2\/media?parent=10184"}],"curies":[{"name":"wp","href":"https:\/\/api.w.org\/{rel}","templated":true}]}}