{"id":10291,"date":"2023-08-03T16:41:41","date_gmt":"2023-08-03T13:41:41","guid":{"rendered":"https:\/\/birimler.atauni.edu.tr\/uygulamali-bilimler-fakultesi\/?page_id=10291"},"modified":"2026-01-20T08:59:00","modified_gmt":"2026-01-20T05:59:00","slug":"lisans-mufredati","status":"publish","type":"page","link":"https:\/\/atauni.edu.tr\/uygulamali-bilimler-fakultesi\/lisans-mufredati\/","title":{"rendered":"Lisans M\u00fcfredat\u0131"},"content":{"rendered":"\t\t<div data-elementor-type=\"wp-page\" data-elementor-id=\"10291\" class=\"elementor elementor-10291\" data-elementor-post-type=\"page\">\n\t\t\t\t\t\t<section class=\"elementor-section elementor-top-section elementor-element elementor-element-d20930b elementor-section-boxed elementor-section-height-default elementor-section-height-default\" data-id=\"d20930b\" data-element_type=\"section\">\n\t\t\t\t\t\t<div class=\"elementor-container elementor-column-gap-default\">\n\t\t\t\t\t<div class=\"elementor-column elementor-col-100 elementor-top-column elementor-element elementor-element-60e2cbe\" data-id=\"60e2cbe\" data-element_type=\"column\">\n\t\t\t<div class=\"elementor-widget-wrap elementor-element-populated\">\n\t\t\t\t\t\t<section class=\"elementor-section elementor-inner-section elementor-element elementor-element-485e34f elementor-section-boxed elementor-section-height-default elementor-section-height-default\" data-id=\"485e34f\" data-element_type=\"section\">\n\t\t\t\t\t\t<div class=\"elementor-container elementor-column-gap-default\">\n\t\t\t\t\t<div class=\"elementor-column elementor-col-50 elementor-inner-column elementor-element elementor-element-01326a3\" data-id=\"01326a3\" data-element_type=\"column\">\n\t\t\t<div class=\"elementor-widget-wrap elementor-element-populated\">\n\t\t\t\t\t\t<div class=\"elementor-element elementor-element-dd699a3 elementor-widget elementor-widget-text-editor\" data-id=\"dd699a3\" data-element_type=\"widget\" data-widget_type=\"text-editor.default\">\n\t\t\t\t<div class=\"elementor-widget-container\">\n\t\t\t\t\t\t\t\t\t<p><a href=\"http:\/\/birimler.atauni.edu.tr\/uygulamali-bilimler-fakultesi\/wp-content\/uploads\/sites\/225\/2020\/07\/Acil-Yardim-ve-Afet-Yo\u0308netimi.pdf\">Acil Yard\u0131m ve Afet Y\u00f6netimi <\/a><\/p><p><a href=\"http:\/\/birimler.atauni.edu.tr\/uygulamali-bilimler-fakultesi\/wp-content\/uploads\/sites\/225\/2020\/07\/Lisans-Mufredati-BST.pdf\">Bili\u015fim Sistemleri ve Teknolojileri<\/a><\/p><p><a href=\"http:\/\/birimler.atauni.edu.tr\/uygulamali-bilimler-fakultesi\/wp-content\/uploads\/sites\/225\/2026\/01\/UVB_VERI-BILIMI-VE-ANALITIGI-Onayli.pdf\">Veri Bilimi ve Analiti\u011fi<\/a><\/p><p><a href=\"http:\/\/birimler.atauni.edu.tr\/uygulamali-bilimler-fakultesi\/wp-content\/uploads\/sites\/225\/2026\/01\/Ogretim-Plani.pdf\">Yapay Zek\u00e2 ve Makine \u00d6\u011frenmesi<\/a><\/p><p><a href=\"http:\/\/birimler.atauni.edu.tr\/uygulamali-bilimler-fakultesi\/wp-content\/uploads\/sites\/225\/2026\/01\/USD-Grup-Bilgileri.pdf\">2025-2026 Akademik Y\u0131l\u0131 \u00dcniversite Se\u00e7meli Ders Listesi<\/a><\/p>\t\t\t\t\t\t\t\t<\/div>\n\t\t\t\t<\/div>\n\t\t\t\t\t<\/div>\n\t\t<\/div>\n\t\t\t\t<div class=\"elementor-column elementor-col-50 elementor-inner-column elementor-element elementor-element-f3958cb\" data-id=\"f3958cb\" data-element_type=\"column\">\n\t\t\t<div class=\"elementor-widget-wrap elementor-element-populated\">\n\t\t\t\t\t\t\t<\/div>\n\t\t<\/div>\n\t\t\t\t\t<\/div>\n\t\t<\/section>\n\t\t\t\t\t<\/div>\n\t\t<\/div>\n\t\t\t\t\t<\/div>\n\t\t<\/section>\n\t\t\t\t<section class=\"elementor-section elementor-top-section elementor-element elementor-element-a667cd0 elementor-section-boxed elementor-section-height-default elementor-section-height-default\" data-id=\"a667cd0\" data-element_type=\"section\">\n\t\t\t\t\t\t<div class=\"elementor-container elementor-column-gap-default\">\n\t\t\t\t\t<div class=\"elementor-column elementor-col-100 elementor-top-column elementor-element elementor-element-b352620\" data-id=\"b352620\" data-element_type=\"column\">\n\t\t\t<div class=\"elementor-widget-wrap elementor-element-populated\">\n\t\t\t\t\t\t\t<\/div>\n\t\t<\/div>\n\t\t\t\t\t<\/div>\n\t\t<\/section>\n\t\t\t\t<\/div>\n\t\t","protected":false},"excerpt":{"rendered":"<p>Acil Yard\u0131m ve Afet Y\u00f6netimi Bili\u015fim Sistemleri ve Teknolojileri Veri Bilimi ve Analiti\u011fi Yapay Zek\u00e2 ve Makine \u00d6\u011frenmesi 2025-2026 Akademik Y\u0131l\u0131 \u00dcniversite Se\u00e7meli Ders Listesi<\/p>\n","protected":false},"author":442,"featured_media":0,"parent":0,"menu_order":0,"comment_status":"closed","ping_status":"closed","template":"","meta":{"footnotes":""},"class_list":["post-10291","page","type-page","status-publish","hentry"],"_links":{"self":[{"href":"https:\/\/atauni.edu.tr\/uygulamali-bilimler-fakultesi\/wp-json\/wp\/v2\/pages\/10291","targetHints":{"allow":["GET"]}}],"collection":[{"href":"https:\/\/atauni.edu.tr\/uygulamali-bilimler-fakultesi\/wp-json\/wp\/v2\/pages"}],"about":[{"href":"https:\/\/atauni.edu.tr\/uygulamali-bilimler-fakultesi\/wp-json\/wp\/v2\/types\/page"}],"author":[{"embeddable":true,"href":"https:\/\/atauni.edu.tr\/uygulamali-bilimler-fakultesi\/wp-json\/wp\/v2\/users\/442"}],"replies":[{"embeddable":true,"href":"https:\/\/atauni.edu.tr\/uygulamali-bilimler-fakultesi\/wp-json\/wp\/v2\/comments?post=10291"}],"version-history":[{"count":36,"href":"https:\/\/atauni.edu.tr\/uygulamali-bilimler-fakultesi\/wp-json\/wp\/v2\/pages\/10291\/revisions"}],"predecessor-version":[{"id":12453,"href":"https:\/\/atauni.edu.tr\/uygulamali-bilimler-fakultesi\/wp-json\/wp\/v2\/pages\/10291\/revisions\/12453"}],"wp:attachment":[{"href":"https:\/\/atauni.edu.tr\/uygulamali-bilimler-fakultesi\/wp-json\/wp\/v2\/media?parent=10291"}],"curies":[{"name":"wp","href":"https:\/\/api.w.org\/{rel}","templated":true}]}}