{"id":10767,"date":"2024-01-01T14:57:35","date_gmt":"2024-01-01T11:57:35","guid":{"rendered":"https:\/\/birimler.atauni.edu.tr\/uygulamali-bilimler-fakultesi\/?page_id=10767"},"modified":"2026-04-01T21:16:24","modified_gmt":"2026-04-01T18:16:24","slug":"sinav-programlari","status":"publish","type":"page","link":"https:\/\/atauni.edu.tr\/uygulamali-bilimler-fakultesi\/sinav-programlari\/","title":{"rendered":"S\u0131nav Programlar\u0131"},"content":{"rendered":"\t\t<div data-elementor-type=\"wp-page\" data-elementor-id=\"10767\" class=\"elementor elementor-10767\" data-elementor-post-type=\"page\">\n\t\t\t\t\t\t<section class=\"elementor-section elementor-top-section elementor-element elementor-element-9353f47 elementor-section-boxed elementor-section-height-default elementor-section-height-default\" data-id=\"9353f47\" data-element_type=\"section\">\n\t\t\t\t\t\t<div class=\"elementor-container elementor-column-gap-default\">\n\t\t\t\t\t<div class=\"elementor-column elementor-col-100 elementor-top-column elementor-element elementor-element-438bb7a\" data-id=\"438bb7a\" data-element_type=\"column\">\n\t\t\t<div class=\"elementor-widget-wrap elementor-element-populated\">\n\t\t\t\t\t\t<div class=\"elementor-element elementor-element-7bfa92f elementor-widget elementor-widget-text-editor\" data-id=\"7bfa92f\" data-element_type=\"widget\" data-widget_type=\"text-editor.default\">\n\t\t\t\t<div class=\"elementor-widget-container\">\n\t\t\t\t\t\t\t\t\t<p><strong>2025-2026 AKADEM\u0130K YILI SINAV PROGRAMLARI<\/strong><\/p>\t\t\t\t\t\t\t\t<\/div>\n\t\t\t\t<\/div>\n\t\t\t\t\t<\/div>\n\t\t<\/div>\n\t\t\t\t\t<\/div>\n\t\t<\/section>\n\t\t\t\t<section class=\"elementor-section elementor-top-section elementor-element elementor-element-11f42d1 elementor-section-boxed elementor-section-height-default elementor-section-height-default\" data-id=\"11f42d1\" data-element_type=\"section\">\n\t\t\t\t\t\t<div class=\"elementor-container elementor-column-gap-default\">\n\t\t\t\t\t<div class=\"elementor-column elementor-col-100 elementor-top-column elementor-element elementor-element-465fe0c\" data-id=\"465fe0c\" data-element_type=\"column\">\n\t\t\t<div class=\"elementor-widget-wrap elementor-element-populated\">\n\t\t\t\t\t\t<section class=\"elementor-section elementor-inner-section elementor-element elementor-element-2592492 elementor-section-boxed elementor-section-height-default elementor-section-height-default\" data-id=\"2592492\" data-element_type=\"section\">\n\t\t\t\t\t\t<div class=\"elementor-container elementor-column-gap-default\">\n\t\t\t\t\t<div class=\"elementor-column elementor-col-50 elementor-inner-column elementor-element elementor-element-d6c0b40\" data-id=\"d6c0b40\" data-element_type=\"column\">\n\t\t\t<div class=\"elementor-widget-wrap elementor-element-populated\">\n\t\t\t\t\t\t<div class=\"elementor-element elementor-element-1f92b0c elementor-widget elementor-widget-text-editor\" data-id=\"1f92b0c\" data-element_type=\"widget\" data-widget_type=\"text-editor.default\">\n\t\t\t\t<div class=\"elementor-widget-container\">\n\t\t\t\t\t\t\t\t\t<p><span style=\"text-decoration: underline\"><strong>Acil Yard\u0131m ve Afet Y\u00f6netimi<\/strong><\/span><\/p><p><a href=\"http:\/\/birimler.atauni.edu.tr\/uygulamali-bilimler-fakultesi\/wp-content\/uploads\/sites\/225\/2025\/11\/AYAY-Vize-25-26-Guz.pdf\">G\u00fcz Yar\u0131y\u0131l\u0131-Vize<\/a><\/p><p><a href=\"http:\/\/birimler.atauni.edu.tr\/uygulamali-bilimler-fakultesi\/wp-content\/uploads\/sites\/225\/2025\/12\/AYAY-Final-25-26-Guz.pdf\">G\u00fcz Yar\u0131y\u0131l\u0131-Final<\/a><\/p><p><a href=\"http:\/\/birimler.atauni.edu.tr\/uygulamali-bilimler-fakultesi\/wp-content\/uploads\/sites\/225\/2025\/12\/AYAY-Butunleme-25-26-Guz.pdf\">G\u00fcz Yar\u0131y\u0131l\u0131-B\u00fct\u00fcnleme<\/a><\/p><p><a href=\"http:\/\/atauni.edu.tr\/uygulamali-bilimler-fakultesi\/wp-content\/uploads\/sites\/225\/2026\/03\/AYAY-Vize-25-26-Bahar.pdf\">Bahar Yar\u0131y\u0131l\u0131-Vize<\/a><\/p><p>Bahar Yar\u0131y\u0131l\u0131-Final ve B\u00fct\u00fcnleme<\/p>\t\t\t\t\t\t\t\t<\/div>\n\t\t\t\t<\/div>\n\t\t\t\t\t<\/div>\n\t\t<\/div>\n\t\t\t\t<div class=\"elementor-column elementor-col-50 elementor-inner-column elementor-element elementor-element-8580471\" data-id=\"8580471\" data-element_type=\"column\">\n\t\t\t<div class=\"elementor-widget-wrap elementor-element-populated\">\n\t\t\t\t\t\t<div class=\"elementor-element elementor-element-7b0a21a elementor-widget elementor-widget-text-editor\" data-id=\"7b0a21a\" data-element_type=\"widget\" data-widget_type=\"text-editor.default\">\n\t\t\t\t<div class=\"elementor-widget-container\">\n\t\t\t\t\t\t\t\t\t<p><span style=\"text-decoration: underline\"><strong>Bili\u015fim Sistemleri ve Teknolojileri<\/strong><\/span><\/p><p><a href=\"http:\/\/birimler.atauni.edu.tr\/uygulamali-bilimler-fakultesi\/wp-content\/uploads\/sites\/225\/2025\/11\/BST-Vize-25-26-Guz.pdf\">G\u00fcz Yar\u0131y\u0131l\u0131-Vize<\/a><\/p><p><a href=\"http:\/\/birimler.atauni.edu.tr\/uygulamali-bilimler-fakultesi\/wp-content\/uploads\/sites\/225\/2025\/12\/BST-Final-25-26-Guz.pdf\">G\u00fcz Yar\u0131y\u0131l\u0131-Final<\/a><\/p><p><a href=\"http:\/\/birimler.atauni.edu.tr\/uygulamali-bilimler-fakultesi\/wp-content\/uploads\/sites\/225\/2025\/12\/BST-Butunleme-25-26-Guz.pdf\">G\u00fcz Yar\u0131y\u0131l\u0131-B\u00fct\u00fcnleme<\/a><\/p><p><a href=\"http:\/\/atauni.edu.tr\/uygulamali-bilimler-fakultesi\/wp-content\/uploads\/sites\/225\/2026\/03\/BST-Vize-25-26-Bahar.pdf\">Bahar Yar\u0131y\u0131l\u0131-Vize<\/a><\/p><p>Bahar Yar\u0131y\u0131l\u0131-Final ve B\u00fct\u00fcnleme<\/p>\t\t\t\t\t\t\t\t<\/div>\n\t\t\t\t<\/div>\n\t\t\t\t\t<\/div>\n\t\t<\/div>\n\t\t\t\t\t<\/div>\n\t\t<\/section>\n\t\t\t\t\t<\/div>\n\t\t<\/div>\n\t\t\t\t\t<\/div>\n\t\t<\/section>\n\t\t\t\t<section class=\"elementor-section elementor-top-section elementor-element elementor-element-2768edd elementor-section-boxed elementor-section-height-default elementor-section-height-default\" data-id=\"2768edd\" data-element_type=\"section\">\n\t\t\t\t\t\t<div class=\"elementor-container elementor-column-gap-default\">\n\t\t\t\t\t<div class=\"elementor-column elementor-col-100 elementor-top-column elementor-element elementor-element-3b165be\" data-id=\"3b165be\" data-element_type=\"column\">\n\t\t\t<div class=\"elementor-widget-wrap elementor-element-populated\">\n\t\t\t\t\t\t<section class=\"elementor-section elementor-inner-section elementor-element elementor-element-94df96d elementor-section-boxed elementor-section-height-default elementor-section-height-default\" data-id=\"94df96d\" data-element_type=\"section\">\n\t\t\t\t\t\t<div class=\"elementor-container elementor-column-gap-default\">\n\t\t\t\t\t<div class=\"elementor-column elementor-col-50 elementor-inner-column elementor-element elementor-element-4d16543\" data-id=\"4d16543\" data-element_type=\"column\">\n\t\t\t<div class=\"elementor-widget-wrap elementor-element-populated\">\n\t\t\t\t\t\t<div class=\"elementor-element elementor-element-864ee9f elementor-widget elementor-widget-text-editor\" data-id=\"864ee9f\" data-element_type=\"widget\" data-widget_type=\"text-editor.default\">\n\t\t\t\t<div class=\"elementor-widget-container\">\n\t\t\t\t\t\t\t\t\t<p><span style=\"text-decoration: underline\"><strong>Veri Bilimi ve Analiti\u011fi<\/strong><\/span><\/p><p><a href=\"http:\/\/birimler.atauni.edu.tr\/uygulamali-bilimler-fakultesi\/wp-content\/uploads\/sites\/225\/2025\/11\/VBA-Vize-25-26-Guz.pdf\">G\u00fcz Yar\u0131y\u0131l\u0131-Vize<\/a><\/p><p><a href=\"http:\/\/birimler.atauni.edu.tr\/uygulamali-bilimler-fakultesi\/wp-content\/uploads\/sites\/225\/2025\/12\/VBA-Final-25-26-Guz.pdf\">G\u00fcz Yar\u0131y\u0131l\u0131-Final<\/a><\/p><p><a href=\"http:\/\/birimler.atauni.edu.tr\/uygulamali-bilimler-fakultesi\/wp-content\/uploads\/sites\/225\/2025\/12\/VBA-Butunleme-25-26-Guz.pdf\">G\u00fcz Yar\u0131y\u0131l\u0131-B\u00fct\u00fcnleme<\/a><\/p><p><a href=\"http:\/\/atauni.edu.tr\/uygulamali-bilimler-fakultesi\/wp-content\/uploads\/sites\/225\/2026\/03\/VBA-Vize-25-26-Bahar.pdf\">Bahar Yar\u0131y\u0131l\u0131-Vize<\/a><\/p><p>Bahar Yar\u0131y\u0131l\u0131-Final ve B\u00fct\u00fcnleme<\/p>\t\t\t\t\t\t\t\t<\/div>\n\t\t\t\t<\/div>\n\t\t\t\t\t<\/div>\n\t\t<\/div>\n\t\t\t\t<div class=\"elementor-column elementor-col-50 elementor-inner-column elementor-element elementor-element-909a125\" data-id=\"909a125\" data-element_type=\"column\">\n\t\t\t<div class=\"elementor-widget-wrap elementor-element-populated\">\n\t\t\t\t\t\t<div class=\"elementor-element elementor-element-be7de5a elementor-widget elementor-widget-text-editor\" data-id=\"be7de5a\" data-element_type=\"widget\" data-widget_type=\"text-editor.default\">\n\t\t\t\t<div class=\"elementor-widget-container\">\n\t\t\t\t\t\t\t\t\t<p><span style=\"text-decoration: underline\"><strong>Yapay Zeka ve Makine \u00d6\u011frenmesi<\/strong><\/span><\/p><p><a href=\"http:\/\/birimler.atauni.edu.tr\/uygulamali-bilimler-fakultesi\/wp-content\/uploads\/sites\/225\/2025\/11\/YZ-Vize-25-26-Guz.pdf\">G\u00fcz Yar\u0131y\u0131l\u0131-Vize<\/a><\/p><p><a href=\"http:\/\/birimler.atauni.edu.tr\/uygulamali-bilimler-fakultesi\/wp-content\/uploads\/sites\/225\/2025\/12\/YZ-Final-25-26-Guz.pdf\">G\u00fcz Yar\u0131y\u0131l\u0131-Final<\/a><\/p><p><a href=\"http:\/\/birimler.atauni.edu.tr\/uygulamali-bilimler-fakultesi\/wp-content\/uploads\/sites\/225\/2025\/12\/YZ-Butunleme-25-26-Guz.pdf\">G\u00fcz Yar\u0131y\u0131l\u0131-B\u00fct\u00fcnleme<\/a><\/p><p><a href=\"http:\/\/atauni.edu.tr\/uygulamali-bilimler-fakultesi\/wp-content\/uploads\/sites\/225\/2026\/03\/YZ-Vize-25-26-Bahar.pdf\">Bahar Yar\u0131y\u0131l\u0131-Vize<\/a><\/p><p>Bahar Yar\u0131y\u0131l\u0131-Final ve B\u00fct\u00fcnleme<\/p>\t\t\t\t\t\t\t\t<\/div>\n\t\t\t\t<\/div>\n\t\t\t\t\t<\/div>\n\t\t<\/div>\n\t\t\t\t\t<\/div>\n\t\t<\/section>\n\t\t\t\t\t<\/div>\n\t\t<\/div>\n\t\t\t\t\t<\/div>\n\t\t<\/section>\n\t\t\t\t<section class=\"elementor-section elementor-top-section elementor-element elementor-element-7ede913 elementor-section-boxed elementor-section-height-default elementor-section-height-default\" data-id=\"7ede913\" data-element_type=\"section\">\n\t\t\t\t\t\t<div class=\"elementor-container elementor-column-gap-default\">\n\t\t\t\t\t<div class=\"elementor-column elementor-col-100 elementor-top-column elementor-element elementor-element-442e16d\" data-id=\"442e16d\" data-element_type=\"column\">\n\t\t\t<div class=\"elementor-widget-wrap elementor-element-populated\">\n\t\t\t\t\t\t<div class=\"elementor-element elementor-element-26a0615 elementor-widget elementor-widget-heading\" data-id=\"26a0615\" data-element_type=\"widget\" data-widget_type=\"heading.default\">\n\t\t\t\t<div class=\"elementor-widget-container\">\n\t\t\t\t\t<h2 class=\"elementor-heading-title elementor-size-default\"><a href=\"http:\/\/atauni.edu.tr\/uygulamali-bilimler-fakultesi\/wp-content\/uploads\/sites\/225\/2026\/04\/USD_Grup_Bilgileri.pdf\" target=\"_blank\">\u00dcniversite Se\u00e7meli Dersleri Grup ve Derslik Bilgileri (G\u00fcncellendi!!!)<\/a><\/h2>\t\t\t\t<\/div>\n\t\t\t\t<\/div>\n\t\t\t\t\t<\/div>\n\t\t<\/div>\n\t\t\t\t\t<\/div>\n\t\t<\/section>\n\t\t\t\t<\/div>\n\t\t","protected":false},"excerpt":{"rendered":"<p>2025-2026 AKADEM\u0130K YILI SINAV PROGRAMLARI Acil Yard\u0131m ve Afet Y\u00f6netimi G\u00fcz Yar\u0131y\u0131l\u0131-Vize G\u00fcz Yar\u0131y\u0131l\u0131-Final G\u00fcz Yar\u0131y\u0131l\u0131-B\u00fct\u00fcnleme Bahar Yar\u0131y\u0131l\u0131-Vize Bahar Yar\u0131y\u0131l\u0131-Final ve B\u00fct\u00fcnleme Bili\u015fim Sistemleri ve Teknolojileri G\u00fcz Yar\u0131y\u0131l\u0131-Vize G\u00fcz Yar\u0131y\u0131l\u0131-Final G\u00fcz Yar\u0131y\u0131l\u0131-B\u00fct\u00fcnleme Bahar Yar\u0131y\u0131l\u0131-Vize Bahar Yar\u0131y\u0131l\u0131-Final ve B\u00fct\u00fcnleme Veri Bilimi ve Analiti\u011fi G\u00fcz Yar\u0131y\u0131l\u0131-Vize G\u00fcz Yar\u0131y\u0131l\u0131-Final G\u00fcz Yar\u0131y\u0131l\u0131-B\u00fct\u00fcnleme Bahar Yar\u0131y\u0131l\u0131-Vize Bahar Yar\u0131y\u0131l\u0131-Final ve B\u00fct\u00fcnleme Yapay [&hellip;]<\/p>\n","protected":false},"author":442,"featured_media":0,"parent":0,"menu_order":0,"comment_status":"closed","ping_status":"closed","template":"","meta":{"footnotes":""},"class_list":["post-10767","page","type-page","status-publish","hentry"],"_links":{"self":[{"href":"https:\/\/atauni.edu.tr\/uygulamali-bilimler-fakultesi\/wp-json\/wp\/v2\/pages\/10767","targetHints":{"allow":["GET"]}}],"collection":[{"href":"https:\/\/atauni.edu.tr\/uygulamali-bilimler-fakultesi\/wp-json\/wp\/v2\/pages"}],"about":[{"href":"https:\/\/atauni.edu.tr\/uygulamali-bilimler-fakultesi\/wp-json\/wp\/v2\/types\/page"}],"author":[{"embeddable":true,"href":"https:\/\/atauni.edu.tr\/uygulamali-bilimler-fakultesi\/wp-json\/wp\/v2\/users\/442"}],"replies":[{"embeddable":true,"href":"https:\/\/atauni.edu.tr\/uygulamali-bilimler-fakultesi\/wp-json\/wp\/v2\/comments?post=10767"}],"version-history":[{"count":157,"href":"https:\/\/atauni.edu.tr\/uygulamali-bilimler-fakultesi\/wp-json\/wp\/v2\/pages\/10767\/revisions"}],"predecessor-version":[{"id":12568,"href":"https:\/\/atauni.edu.tr\/uygulamali-bilimler-fakultesi\/wp-json\/wp\/v2\/pages\/10767\/revisions\/12568"}],"wp:attachment":[{"href":"https:\/\/atauni.edu.tr\/uygulamali-bilimler-fakultesi\/wp-json\/wp\/v2\/media?parent=10767"}],"curies":[{"name":"wp","href":"https:\/\/api.w.org\/{rel}","templated":true}]}}