{"id":5691,"date":"2021-07-13T10:56:29","date_gmt":"2021-07-13T07:56:29","guid":{"rendered":"https:\/\/portaltest.atauni.edu.tr\/muhendislik-fakultesi\/?page_id=5691"},"modified":"2026-02-19T13:40:36","modified_gmt":"2026-02-19T10:40:36","slug":"yonetim-kurulu","status":"publish","type":"page","link":"https:\/\/atauni.edu.tr\/uygulamali-bilimler-fakultesi\/yonetim-kurulu\/","title":{"rendered":"Y\u00f6netim Kurulu"},"content":{"rendered":"\t\t<div data-elementor-type=\"wp-page\" data-elementor-id=\"5691\" class=\"elementor elementor-5691\" data-elementor-post-type=\"page\">\n\t\t\t\t\t\t<section class=\"elementor-section elementor-top-section elementor-element elementor-element-46c2cb5d elementor-section-boxed elementor-section-height-default elementor-section-height-default\" data-id=\"46c2cb5d\" data-element_type=\"section\">\n\t\t\t\t\t\t<div class=\"elementor-container elementor-column-gap-default\">\n\t\t\t\t\t<div class=\"elementor-column elementor-col-100 elementor-top-column elementor-element elementor-element-299813e7\" data-id=\"299813e7\" data-element_type=\"column\">\n\t\t\t<div class=\"elementor-widget-wrap elementor-element-populated\">\n\t\t\t\t\t\t<div class=\"elementor-element elementor-element-3ec495a9 elementor-widget elementor-widget-heading\" data-id=\"3ec495a9\" data-element_type=\"widget\" data-widget_type=\"heading.default\">\n\t\t\t\t<div class=\"elementor-widget-container\">\n\t\t\t\t\t<h2 class=\"elementor-heading-title elementor-size-default\">Y\u00f6netim Kurulu<\/h2>\t\t\t\t<\/div>\n\t\t\t\t<\/div>\n\t\t\t\t<div class=\"elementor-element elementor-element-2092e3b3 elementor-widget-divider--view-line elementor-widget elementor-widget-divider\" data-id=\"2092e3b3\" data-element_type=\"widget\" data-widget_type=\"divider.default\">\n\t\t\t\t<div class=\"elementor-widget-container\">\n\t\t\t\t\t\t\t<div class=\"elementor-divider\">\n\t\t\t<span class=\"elementor-divider-separator\">\n\t\t\t\t\t\t<\/span>\n\t\t<\/div>\n\t\t\t\t\t\t<\/div>\n\t\t\t\t<\/div>\n\t\t\t\t\t<\/div>\n\t\t<\/div>\n\t\t\t\t\t<\/div>\n\t\t<\/section>\n\t\t\t\t<section class=\"elementor-section elementor-top-section elementor-element elementor-element-e5dfdc3 elementor-section-boxed elementor-section-height-default elementor-section-height-default\" data-id=\"e5dfdc3\" data-element_type=\"section\">\n\t\t\t\t\t\t<div class=\"elementor-container elementor-column-gap-default\">\n\t\t\t\t\t<div class=\"elementor-column elementor-col-100 elementor-top-column elementor-element elementor-element-0e7cb33\" data-id=\"0e7cb33\" data-element_type=\"column\">\n\t\t\t<div class=\"elementor-widget-wrap elementor-element-populated\">\n\t\t\t\t\t\t<div class=\"elementor-element elementor-element-e23f401 elementor-widget elementor-widget-text-editor\" data-id=\"e23f401\" data-element_type=\"widget\" data-widget_type=\"text-editor.default\">\n\t\t\t\t<div class=\"elementor-widget-container\">\n\t\t\t\t\t\t\t\t\t<table style=\"border-collapse: collapse;width: 100%;height: 252px\" border=\"1\">\n<tbody>\n<tr style=\"height: 36px\">\n<td style=\"width: 50%;height: 36px\">Prof. Dr. Muhammet Dursun KAYA<\/td>\n<td style=\"width: 50%;height: 36px\">Ba\u015fkan<\/td>\n<\/tr>\n<tr style=\"height: 18px\">\n<td style=\"width: 50%;height: 18px\">Prof. Dr. Hayrunnisa NADARO\u011eLU<\/td>\n<td style=\"width: 50%;height: 18px\">\u00dcye<\/td>\n<\/tr>\n<tr style=\"height: 18px\">\n<td style=\"width: 50%;height: 18px\">Prof. Dr. Serhat VAN\u00c7EL\u0130K<\/td>\n<td style=\"width: 50%;height: 18px\">\u00dcye<\/td>\n<\/tr>\n<tr style=\"height: 18px\">\n<td style=\"width: 50%;height: 18px\">Prof. Dr. Zekerya AKKU\u015e<\/td>\n<td style=\"width: 50%;height: 18px\">\u00dcye<\/td>\n<\/tr>\n<tr style=\"height: 18px\">\n<td style=\"width: 50%;height: 18px\">Do\u00e7. Dr. Abdullatif KABAN<\/td>\n<td style=\"width: 50%;height: 18px\">\u00dcye<\/td>\n<\/tr>\n<tr style=\"height: 18px\">\n<td style=\"width: 50%;height: 18px\">Do\u00e7. Dr. Hamza POLAT<\/td>\n<td style=\"width: 50%;height: 18px\">\u00dcye<\/td>\n<\/tr>\n<tr style=\"height: 18px\">\n<td style=\"width: 50%;height: 18px\">Dr. \u00d6\u011fr. \u00dcyesi \u00d6mer B\u0130LEN<\/td>\n<td style=\"width: 50%;height: 18px\">\u00dcye<\/td>\n<\/tr>\n<tr style=\"height: 18px\">\n<td style=\"width: 50%;height: 18px\">Ya\u015far MARAL<\/td>\n<td style=\"width: 50%;height: 18px\">Raport\u00f6r<\/td>\n<\/tr>\n<\/tbody>\n<\/table>\t\t\t\t\t\t\t\t<\/div>\n\t\t\t\t<\/div>\n\t\t\t\t\t<\/div>\n\t\t<\/div>\n\t\t\t\t\t<\/div>\n\t\t<\/section>\n\t\t\t\t<\/div>\n\t\t","protected":false},"excerpt":{"rendered":"<p>Y\u00f6netim Kurulu Prof. Dr. Muhammet Dursun KAYA Ba\u015fkan Prof. Dr. Hayrunnisa NADARO\u011eLU \u00dcye Prof. Dr. Serhat VAN\u00c7EL\u0130K \u00dcye Prof. Dr. Zekerya AKKU\u015e \u00dcye Do\u00e7. Dr. Abdullatif KABAN \u00dcye Do\u00e7. Dr. Hamza POLAT \u00dcye Dr. \u00d6\u011fr. \u00dcyesi \u00d6mer B\u0130LEN \u00dcye Ya\u015far MARAL Raport\u00f6r<\/p>\n","protected":false},"author":1,"featured_media":0,"parent":0,"menu_order":0,"comment_status":"closed","ping_status":"closed","template":"elementor_header_footer","meta":{"footnotes":""},"class_list":["post-5691","page","type-page","status-publish","hentry"],"_links":{"self":[{"href":"https:\/\/atauni.edu.tr\/uygulamali-bilimler-fakultesi\/wp-json\/wp\/v2\/pages\/5691","targetHints":{"allow":["GET"]}}],"collection":[{"href":"https:\/\/atauni.edu.tr\/uygulamali-bilimler-fakultesi\/wp-json\/wp\/v2\/pages"}],"about":[{"href":"https:\/\/atauni.edu.tr\/uygulamali-bilimler-fakultesi\/wp-json\/wp\/v2\/types\/page"}],"author":[{"embeddable":true,"href":"https:\/\/atauni.edu.tr\/uygulamali-bilimler-fakultesi\/wp-json\/wp\/v2\/users\/1"}],"replies":[{"embeddable":true,"href":"https:\/\/atauni.edu.tr\/uygulamali-bilimler-fakultesi\/wp-json\/wp\/v2\/comments?post=5691"}],"version-history":[{"count":38,"href":"https:\/\/atauni.edu.tr\/uygulamali-bilimler-fakultesi\/wp-json\/wp\/v2\/pages\/5691\/revisions"}],"predecessor-version":[{"id":12495,"href":"https:\/\/atauni.edu.tr\/uygulamali-bilimler-fakultesi\/wp-json\/wp\/v2\/pages\/5691\/revisions\/12495"}],"wp:attachment":[{"href":"https:\/\/atauni.edu.tr\/uygulamali-bilimler-fakultesi\/wp-json\/wp\/v2\/media?parent=5691"}],"curies":[{"name":"wp","href":"https:\/\/api.w.org\/{rel}","templated":true}]}}