{"id":5743,"date":"2021-07-13T11:47:21","date_gmt":"2021-07-13T08:47:21","guid":{"rendered":"https:\/\/portaltest.atauni.edu.tr\/muhendislik-fakultesi\/?page_id=5743"},"modified":"2022-11-03T13:51:10","modified_gmt":"2022-11-03T10:51:10","slug":"misyon-vizyon-ve-temel-degerler","status":"publish","type":"page","link":"https:\/\/atauni.edu.tr\/uygulamali-bilimler-fakultesi\/misyon-vizyon-ve-temel-degerler\/","title":{"rendered":"Misyon, Vizyon ve Temel De\u011ferler"},"content":{"rendered":"\t\t<div data-elementor-type=\"wp-page\" data-elementor-id=\"5743\" class=\"elementor elementor-5743\" data-elementor-post-type=\"page\">\n\t\t\t\t\t\t<section class=\"elementor-section elementor-top-section elementor-element elementor-element-46c2cb5d elementor-section-boxed elementor-section-height-default elementor-section-height-default\" data-id=\"46c2cb5d\" data-element_type=\"section\">\n\t\t\t\t\t\t<div class=\"elementor-container elementor-column-gap-default\">\n\t\t\t\t\t<div class=\"elementor-column elementor-col-100 elementor-top-column elementor-element elementor-element-299813e7\" data-id=\"299813e7\" data-element_type=\"column\">\n\t\t\t<div class=\"elementor-widget-wrap elementor-element-populated\">\n\t\t\t\t\t\t<div class=\"elementor-element elementor-element-3ec495a9 elementor-widget elementor-widget-heading\" data-id=\"3ec495a9\" data-element_type=\"widget\" data-widget_type=\"heading.default\">\n\t\t\t\t<div class=\"elementor-widget-container\">\n\t\t\t\t\t<h2 class=\"elementor-heading-title elementor-size-default\">Misyon, Vizyon ve Temel De\u011ferler<\/h2>\t\t\t\t<\/div>\n\t\t\t\t<\/div>\n\t\t\t\t<div class=\"elementor-element elementor-element-2092e3b3 elementor-widget-divider--view-line elementor-widget elementor-widget-divider\" data-id=\"2092e3b3\" data-element_type=\"widget\" data-widget_type=\"divider.default\">\n\t\t\t\t<div class=\"elementor-widget-container\">\n\t\t\t\t\t\t\t<div class=\"elementor-divider\">\n\t\t\t<span class=\"elementor-divider-separator\">\n\t\t\t\t\t\t<\/span>\n\t\t<\/div>\n\t\t\t\t\t\t<\/div>\n\t\t\t\t<\/div>\n\t\t\t\t\t<\/div>\n\t\t<\/div>\n\t\t\t\t\t<\/div>\n\t\t<\/section>\n\t\t\t\t<section class=\"elementor-section elementor-top-section elementor-element elementor-element-d76d987 elementor-section-boxed elementor-section-height-default elementor-section-height-default\" data-id=\"d76d987\" data-element_type=\"section\">\n\t\t\t\t\t\t<div class=\"elementor-container elementor-column-gap-default\">\n\t\t\t\t\t<div class=\"elementor-column elementor-col-100 elementor-top-column elementor-element elementor-element-acd741f\" data-id=\"acd741f\" data-element_type=\"column\">\n\t\t\t<div class=\"elementor-widget-wrap elementor-element-populated\">\n\t\t\t\t\t\t<div class=\"elementor-element elementor-element-dd538b4 elementor-widget elementor-widget-text-editor\" data-id=\"dd538b4\" data-element_type=\"widget\" data-widget_type=\"text-editor.default\">\n\t\t\t\t<div class=\"elementor-widget-container\">\n\t\t\t\t\t\t\t\t\t<h3>Misyon<\/h3><p>\u00dcniversitemizin ama\u00e7 ve de\u011ferleri do\u011frultusunda, toplumsal ve k\u00fclt\u00fcrel de\u011ferlere sayg\u0131l\u0131, bilgiyi uygulamaya d\u00f6n\u00fc\u015ft\u00fcrebilen, mesleki yeterlilik sahibi, analitik d\u00fc\u015f\u00fcnebilen, \u00e7\u00f6z\u00fcm odakl\u0131, ileti\u015fim becerisine sahip, b\u00f6lgesi ve \u00fclkesi i\u00e7in de\u011fer \u00fcretebilen bireyler yeti\u015ftirmektir.<\/p><h3>Vizyon<\/h3><p>\u00dcniversitemizin vizyonu do\u011frultusunda e\u011fitim ve ara\u015ft\u0131rma faaliyetlerinde yenilik\u00e7i ve \u00f6nc\u00fc, \u00e7a\u011f\u0131n gerektirdi\u011fi bilgi ve donan\u0131ma sahip, teorik ve uygulamal\u0131 e\u011fitim, staj ve di\u011fer bilimsel, k\u00fclt\u00fcrel, sosyal faaliyetlerden sa\u011flad\u0131\u011f\u0131 kazan\u0131mla \u00fclkemizde ve d\u00fcnyada ya\u015fanan geli\u015fmeleri kavrayan, ara\u015ft\u0131rmac\u0131, vizyon sahibi bireyler mezun etmektir.<\/p><h3 style=\"margin-top: 1.43478em;line-height: 1.21739\">Temel De\u011ferler<\/h3><p>Bilimsellik, Yenilik\u00e7ilik ve\u00a0 Giri\u015fimcilik, Kat\u0131l\u0131mc\u0131l\u0131m ve Payla\u015f\u0131mc\u0131l\u0131k, \u00d6\u011frenme Odakl\u0131l\u0131k, Eme\u011fe sayg\u0131 g\u00f6sterme ve ba\u015far\u0131y\u0131 takdir etme, Ulusal ve evrensel de\u011ferlere ba\u011fl\u0131l\u0131k, Toplumsal, k\u00fclt\u00fcrel, \u00e7evresel ve sanatsal duyarl\u0131l\u0131k<\/p><p>\u00a0<\/p>\t\t\t\t\t\t\t\t<\/div>\n\t\t\t\t<\/div>\n\t\t\t\t\t<\/div>\n\t\t<\/div>\n\t\t\t\t\t<\/div>\n\t\t<\/section>\n\t\t\t\t<\/div>\n\t\t","protected":false},"excerpt":{"rendered":"<p>Misyon, Vizyon ve Temel De\u011ferler Misyon \u00dcniversitemizin ama\u00e7 ve de\u011ferleri do\u011frultusunda, toplumsal ve k\u00fclt\u00fcrel de\u011ferlere sayg\u0131l\u0131, bilgiyi uygulamaya d\u00f6n\u00fc\u015ft\u00fcrebilen, mesleki yeterlilik sahibi, analitik d\u00fc\u015f\u00fcnebilen, \u00e7\u00f6z\u00fcm odakl\u0131, ileti\u015fim becerisine sahip, b\u00f6lgesi ve \u00fclkesi i\u00e7in de\u011fer \u00fcretebilen bireyler yeti\u015ftirmektir. Vizyon \u00dcniversitemizin vizyonu do\u011frultusunda e\u011fitim ve ara\u015ft\u0131rma faaliyetlerinde yenilik\u00e7i ve \u00f6nc\u00fc, \u00e7a\u011f\u0131n gerektirdi\u011fi bilgi ve donan\u0131ma sahip, teorik [&hellip;]<\/p>\n","protected":false},"author":1,"featured_media":0,"parent":0,"menu_order":0,"comment_status":"closed","ping_status":"closed","template":"elementor_header_footer","meta":{"footnotes":""},"class_list":["post-5743","page","type-page","status-publish","hentry"],"_links":{"self":[{"href":"https:\/\/atauni.edu.tr\/uygulamali-bilimler-fakultesi\/wp-json\/wp\/v2\/pages\/5743","targetHints":{"allow":["GET"]}}],"collection":[{"href":"https:\/\/atauni.edu.tr\/uygulamali-bilimler-fakultesi\/wp-json\/wp\/v2\/pages"}],"about":[{"href":"https:\/\/atauni.edu.tr\/uygulamali-bilimler-fakultesi\/wp-json\/wp\/v2\/types\/page"}],"author":[{"embeddable":true,"href":"https:\/\/atauni.edu.tr\/uygulamali-bilimler-fakultesi\/wp-json\/wp\/v2\/users\/1"}],"replies":[{"embeddable":true,"href":"https:\/\/atauni.edu.tr\/uygulamali-bilimler-fakultesi\/wp-json\/wp\/v2\/comments?post=5743"}],"version-history":[{"count":40,"href":"https:\/\/atauni.edu.tr\/uygulamali-bilimler-fakultesi\/wp-json\/wp\/v2\/pages\/5743\/revisions"}],"predecessor-version":[{"id":9482,"href":"https:\/\/atauni.edu.tr\/uygulamali-bilimler-fakultesi\/wp-json\/wp\/v2\/pages\/5743\/revisions\/9482"}],"wp:attachment":[{"href":"https:\/\/atauni.edu.tr\/uygulamali-bilimler-fakultesi\/wp-json\/wp\/v2\/media?parent=5743"}],"curies":[{"name":"wp","href":"https:\/\/api.w.org\/{rel}","templated":true}]}}