{"id":6946,"date":"2022-01-03T13:52:33","date_gmt":"2022-01-03T10:52:33","guid":{"rendered":"https:\/\/birimler.atauni.edu.tr\/uygulamali-bilimler-fakultesi\/?page_id=6946"},"modified":"2022-02-03T11:54:42","modified_gmt":"2022-02-03T08:54:42","slug":"olanaklar","status":"publish","type":"page","link":"https:\/\/atauni.edu.tr\/uygulamali-bilimler-fakultesi\/olanaklar\/","title":{"rendered":"Olanaklar"},"content":{"rendered":"\t\t<div data-elementor-type=\"wp-page\" data-elementor-id=\"6946\" class=\"elementor elementor-6946\" data-elementor-post-type=\"page\">\n\t\t\t\t\t\t<section class=\"elementor-section elementor-top-section elementor-element elementor-element-1daf169 elementor-section-boxed elementor-section-height-default elementor-section-height-default\" data-id=\"1daf169\" data-element_type=\"section\">\n\t\t\t\t\t\t<div class=\"elementor-container elementor-column-gap-default\">\n\t\t\t\t\t<div class=\"elementor-column elementor-col-100 elementor-top-column elementor-element elementor-element-c1ba7f6\" data-id=\"c1ba7f6\" data-element_type=\"column\">\n\t\t\t<div class=\"elementor-widget-wrap elementor-element-populated\">\n\t\t\t\t\t\t<div class=\"elementor-element elementor-element-ed027a6 elementor-widget elementor-widget-text-editor\" data-id=\"ed027a6\" data-element_type=\"widget\" data-widget_type=\"text-editor.default\">\n\t\t\t\t<div class=\"elementor-widget-container\">\n\t\t\t\t\t\t\t\t\t<p><a style=\"background-color: #ffffff\" href=\"https:\/\/eob.atauni.edu.tr\/wp-content\/uploads\/2021\/07\/ATATURK-UNIVERSITESI-ENGELLI-OGRENCI-EGITIM-OGRETIM-VE-SINAV-UYGULAMA-ESASLARI-1.pdf\">Atat\u00fcrk \u00dcniversitesi Engelli \u00d6\u011frenci E\u011fitim \u00d6\u011fretim ve S\u0131nav Uygulama Esaslar\u0131<\/a><\/p><ul><li>Engelli \u00f6\u011frencilerimizin talebi halinde s\u0131n\u0131f ortam\u0131nda yap\u0131lan dersler kamera ile kay\u0131t alt\u0131na al\u0131n\u0131p s\u00f6z konusu kay\u0131t kendisine verilebilir.<\/li><li>Engelli \u00f6\u011frencilerimizin talebi halinde s\u0131nav sorular\u0131n\u0131 gruplara ayr\u0131labilir ve s\u0131nav uygulan\u0131rken soru gruplar\u0131 aras\u0131nda ara verilebilir.<\/li><li>Engelli \u00f6\u011frencilerimizin talebi halinde s\u0131navlar\u0131ndaki sorularda kelime, bilgi ve kavramlar\u0131n resimleri sorularda ilgili k\u0131s\u0131mlara eklenebilir.<\/li><li>Engelli \u00f6\u011frencilerimizin talebi halinde ders notlar\u0131n\u0131 ve\/veya sunumlar\u0131 d\u00f6nem ba\u015flang\u0131c\u0131nda (d\u00f6nemin ilk iki haftas\u0131 i\u00e7erisinde) veya her dersten en az 48 saat \u00f6nce \u00e7\u0131kt\u0131 olarak ve\/veya elektronik formatta kendisine verilebilir.<\/li><li>Engelli \u00f6\u011frencilerimizin talebi halinde gereksinimlerine uygun olarak, yaz\u0131l\u0131 s\u0131nav yerine s\u00f6zl\u00fc s\u0131nav yap\u0131labilir, s\u0131nav\u0131 kabartma alfabe [Braille] ile haz\u0131rlanabilir ve\/veya cevapland\u0131rma imkan\u0131 sa\u011flanabilir, s\u0131nav ka\u011f\u0131d\u0131 daha b\u00fcy\u00fck yaz\u0131 tipi boyutunda verilebilir veya s\u0131nav bilgisayar\/tablet ortam\u0131nda yap\u0131labilir.<\/li><li>Engelli \u00f6\u011frencilerimizin talebi halinde s\u0131navlarda sorular\u0131 okumas\u0131 amac\u0131yla okuyucu ve\/veya \u00f6\u011frencinin sorulara verece\u011fi cevaplar\u0131 i\u015faretleyecek, s\u00f6yleyece\u011fi i\u015flemleri yaz\u0131l\u0131 olarak yapacak i\u015faretleyici sa\u011flanabilir.<\/li><li>Engelli \u00f6\u011frencilerimizin talebi halinde s\u0131navlar\u0131nda normal s\u0131nav s\u00fcresinin %50\u2019sine kadar, 60 sorunun alt\u0131ndaki s\u0131navlarda 20 dakika, 60 soru ve \u00fcst\u00fcndeki s\u0131navlarda 30 dakika ek s\u00fcre veya ihtiyaca uygun ek s\u00fcreler verilebilir.<\/li><li>Engelli \u00f6\u011frencilerimizin talebi halinde dersin detayl\u0131 plan\u0131n\u0131, haftal\u0131k i\u015flenecek konular\u0131, \u00f6devleri, de\u011ferlendirme \u00f6l\u00e7\u00fctlerini, devam zorunluluklar\u0131n\u0131, beklentileri vb. detayl\u0131 bir \u015fekilde a\u00e7\u0131klayan izlenceyi\/program\u0131 tercihine g\u00f6re yaz\u0131l\u0131 ve\/veya elektronik formatta sa\u011flanabilir.<\/li><li>Engelli \u00f6\u011frencilerimizin talebi halinde akran deste\u011fi ile derslerin tekrar\u0131n\u0131 sa\u011flamak veya farkl\u0131 formatlarda bireysel destek vermek ve\/veya destek e\u011fitim s\u0131n\u0131flar\u0131 yoluyla destek talep ettikleri konularda\/derslerde bireysel olarak destek verilebilir.<\/li><li>Engelli \u00f6\u011frencilerimizin talebi halinde ders s\u00fcresince anlat\u0131lanlarla ilgili not tutan bir g\u00f6revli ayarlanabilir ve tutulan bu notlar\u0131n engelli \u00f6\u011frencilere dersten sonra \u00f6\u011frencilerin tercihlerine g\u00f6re yaz\u0131l\u0131 ve\/veya elektronik formatta ula\u015ft\u0131r\u0131lmas\u0131n\u0131 sa\u011flanabilir.<\/li><li>Engelli \u00f6\u011frencilerimizin talebi halinde yabanc\u0131 dil derslerinde s\u0131n\u0131f i\u00e7inde verimli bir \u015fekilde dersi takip edememeleri durumunda ders d\u0131\u015f\u0131 zamanlarda destek olabilecek ders partneri sa\u011flanabilir.<\/li><li>Engelli \u00f6\u011frencilerimizin talebi halinde film, video gibi g\u00f6rsele dayal\u0131 e\u011fitsel materyallerde altyaz\u0131 ya da i\u015fitsel materyallerde ses kay\u0131tlar\u0131n\u0131n yaz\u0131l\u0131 d\u00f6k\u00fcmleri sa\u011flanabilir.<\/li><li>Engelli \u00f6\u011frencilerimizin talebi halinde film, video gibi g\u00f6rsele dayal\u0131 e\u011fitsel materyallerde sesli betimleme hizmeti sa\u011flanabilir ve\/veya bu materyallerin sesli betimlemeli \u015fekilleri kullan\u0131labilir.<\/li><li>Engelli \u00f6\u011frencilerimizin talebi halinde yaz\u0131l\u0131 materyalleri sese d\u00f6n\u00fc\u015ft\u00fcren teknolojik materyaller \u00fcniversite i\u00e7erisinde engelli \u00f6\u011frencilerin kullan\u0131m\u0131na sunulabilir ve\/veya \u00f6\u011frencilerin bu teknolojik materyalleri \u00f6d\u00fcn\u00e7 alabilmeleri sa\u011flanabilir.<\/li><li>Engelli \u00f6\u011frencilerimizin talebi halinde Ders Bilgi Sistemi\u2019nde yer alan ve di\u011fer \u00f6\u011frencilere kapal\u0131 bulunan eski g\u00f6rsel ve i\u015fitsel ders kay\u0131tlar\u0131na eri\u015fim imkan\u0131 sa\u011flanabilir.<\/li><\/ul>\t\t\t\t\t\t\t\t<\/div>\n\t\t\t\t<\/div>\n\t\t\t\t\t<\/div>\n\t\t<\/div>\n\t\t\t\t\t<\/div>\n\t\t<\/section>\n\t\t\t\t<\/div>\n\t\t","protected":false},"excerpt":{"rendered":"<p>Atat\u00fcrk \u00dcniversitesi Engelli \u00d6\u011frenci E\u011fitim \u00d6\u011fretim ve S\u0131nav Uygulama Esaslar\u0131 Engelli \u00f6\u011frencilerimizin talebi halinde s\u0131n\u0131f ortam\u0131nda yap\u0131lan dersler kamera ile kay\u0131t alt\u0131na al\u0131n\u0131p s\u00f6z konusu kay\u0131t kendisine verilebilir. Engelli \u00f6\u011frencilerimizin talebi halinde s\u0131nav sorular\u0131n\u0131 gruplara ayr\u0131labilir ve s\u0131nav uygulan\u0131rken soru gruplar\u0131 aras\u0131nda ara verilebilir. Engelli \u00f6\u011frencilerimizin talebi halinde s\u0131navlar\u0131ndaki sorularda kelime, bilgi ve kavramlar\u0131n resimleri [&hellip;]<\/p>\n","protected":false},"author":442,"featured_media":0,"parent":0,"menu_order":0,"comment_status":"closed","ping_status":"closed","template":"","meta":{"footnotes":""},"class_list":["post-6946","page","type-page","status-publish","hentry"],"_links":{"self":[{"href":"https:\/\/atauni.edu.tr\/uygulamali-bilimler-fakultesi\/wp-json\/wp\/v2\/pages\/6946","targetHints":{"allow":["GET"]}}],"collection":[{"href":"https:\/\/atauni.edu.tr\/uygulamali-bilimler-fakultesi\/wp-json\/wp\/v2\/pages"}],"about":[{"href":"https:\/\/atauni.edu.tr\/uygulamali-bilimler-fakultesi\/wp-json\/wp\/v2\/types\/page"}],"author":[{"embeddable":true,"href":"https:\/\/atauni.edu.tr\/uygulamali-bilimler-fakultesi\/wp-json\/wp\/v2\/users\/442"}],"replies":[{"embeddable":true,"href":"https:\/\/atauni.edu.tr\/uygulamali-bilimler-fakultesi\/wp-json\/wp\/v2\/comments?post=6946"}],"version-history":[{"count":16,"href":"https:\/\/atauni.edu.tr\/uygulamali-bilimler-fakultesi\/wp-json\/wp\/v2\/pages\/6946\/revisions"}],"predecessor-version":[{"id":7999,"href":"https:\/\/atauni.edu.tr\/uygulamali-bilimler-fakultesi\/wp-json\/wp\/v2\/pages\/6946\/revisions\/7999"}],"wp:attachment":[{"href":"https:\/\/atauni.edu.tr\/uygulamali-bilimler-fakultesi\/wp-json\/wp\/v2\/media?parent=6946"}],"curies":[{"name":"wp","href":"https:\/\/api.w.org\/{rel}","templated":true}]}}