{"id":8600,"date":"2022-04-25T14:56:59","date_gmt":"2022-04-25T11:56:59","guid":{"rendered":"https:\/\/birimler.atauni.edu.tr\/uygulamali-bilimler-fakultesi\/?page_id=8600"},"modified":"2025-11-03T11:34:24","modified_gmt":"2025-11-03T08:34:24","slug":"organizasyon-semasi","status":"publish","type":"page","link":"https:\/\/atauni.edu.tr\/uygulamali-bilimler-fakultesi\/organizasyon-semasi\/","title":{"rendered":"Organizasyon \u015eemas\u0131"},"content":{"rendered":"\t\t<div data-elementor-type=\"wp-page\" data-elementor-id=\"8600\" class=\"elementor elementor-8600\" data-elementor-post-type=\"page\">\n\t\t\t\t\t\t<section class=\"elementor-section elementor-top-section elementor-element elementor-element-7efcc96 elementor-section-boxed elementor-section-height-default elementor-section-height-default\" data-id=\"7efcc96\" data-element_type=\"section\">\n\t\t\t\t\t\t<div class=\"elementor-container elementor-column-gap-default\">\n\t\t\t\t\t<div class=\"elementor-column elementor-col-100 elementor-top-column elementor-element elementor-element-352c2cd\" data-id=\"352c2cd\" data-element_type=\"column\">\n\t\t\t<div class=\"elementor-widget-wrap elementor-element-populated\">\n\t\t\t\t\t\t<div class=\"elementor-element elementor-element-e31f58d elementor-widget elementor-widget-html\" data-id=\"e31f58d\" data-element_type=\"widget\" data-widget_type=\"html.default\">\n\t\t\t\t<div class=\"elementor-widget-container\">\n\t\t\t\t\t<div class=\"org-wrapper\">\r\n  <!-- Ba\u015fl\u0131k -->\r\n  <div class=\"level level-title\">\r\n    <div class=\"node faculty\">\r\n      Uygulamal\u0131 Bilimler Fak\u00fcltesi Organizasyon \u015eemas\u0131\r\n    <\/div>\r\n  <\/div>\r\n\r\n  <!-- Dekan -->\r\n  <div class=\"level level-top\">\r\n    <div class=\"node dean\">\r\n      Prof. Dr. Muhammet Dursun KAYA<br \/>Dekan\r\n    <\/div>\r\n  <\/div>\r\n\r\n  <!-- Alt seviye: Sekreter + Yard\u0131mc\u0131lar -->\r\n  <div class=\"level level-mid\">\r\n    <div class=\"node secretary\">\r\n      <b>Ya\u015far MARAL<\/b><br \/>Fak\u00fclte Sekreteri\r\n    <\/div>\r\n    <div class=\"node deputy\">\r\n      <b>Do\u00e7. Dr. Abdullatif KABAN<\/b><br \/>Dekan Yard\u0131mc\u0131s\u0131\r\n    <\/div>\r\n    <div class=\"node deputy\">\r\n      <b>Do\u00e7. Dr. Hamza POLAT<\/b><br \/>Dekan Yard\u0131mc\u0131s\u0131\r\n    <\/div>\r\n  <\/div>\r\n\r\n  <!-- Sekreterin alt\u0131ndaki memurlar -->\r\n  <div class=\"level level-bottom\">\r\n    <div class=\"node staff\"><b><u>Yaz\u0131 - \u00d6zl\u00fck \u0130\u015fleri<\/u><\/b><br \/>Fatma KELE\u015e AYAN<br \/>(Memur)<\/div>\r\n    <div class=\"node staff\"><b><u>\u0130dari - Mali \u0130\u015fler<\/u><\/b><br \/>Ebru TURANLI<br \/>(Bilgisayar \u0130\u015fletmeni)<\/div>\r\n    <div class=\"node staff\"><b><u>\u00d6\u011frenci \u0130\u015fleri<\/u><\/b><br \/>Musa MENG\u0130<br \/>(Bilgisayar \u0130\u015fletmeni)<\/div>\r\n    <div class=\"node staff\"><b><u>Ta\u015f\u0131n\u0131r Kay\u0131t Kontrol<\/u><\/b><br \/>Yavuz AKY\u00dcZ<br \/>(Ambar Memuru)<\/div>\r\n    <div class=\"node staff\"><b><u>B\u00f6l\u00fcm Sekreterli\u011fi<\/u><\/b><br \/>Canan DO\u011eRU<br \/>(\u0130\u015f\u00e7i)<\/div>\r\n    <div class=\"node staff\"><b><u>Tekniker<\/u><\/b><br \/>Davut BULDUK<br \/>(Tekniker)<\/div>\r\n  <\/div>\r\n<\/div>\t\t\t\t<\/div>\n\t\t\t\t<\/div>\n\t\t\t\t\t<\/div>\n\t\t<\/div>\n\t\t\t\t\t<\/div>\n\t\t<\/section>\n\t\t\t\t<\/div>\n\t\t","protected":false},"excerpt":{"rendered":"<p>Uygulamal\u0131 Bilimler Fak\u00fcltesi Organizasyon \u015eemas\u0131 Prof. Dr. Muhammet Dursun KAYADekan Ya\u015far MARALFak\u00fclte Sekreteri Do\u00e7. Dr. Abdullatif KABANDekan Yard\u0131mc\u0131s\u0131 Do\u00e7. Dr. Hamza POLATDekan Yard\u0131mc\u0131s\u0131 Yaz\u0131 &#8211; \u00d6zl\u00fck \u0130\u015fleriFatma KELE\u015e AYAN(Memur) \u0130dari &#8211; Mali \u0130\u015flerEbru TURANLI(Bilgisayar \u0130\u015fletmeni) \u00d6\u011frenci \u0130\u015fleriMusa MENG\u0130(Bilgisayar \u0130\u015fletmeni) Ta\u015f\u0131n\u0131r Kay\u0131t KontrolYavuz AKY\u00dcZ(Ambar Memuru) B\u00f6l\u00fcm Sekreterli\u011fiCanan DO\u011eRU(\u0130\u015f\u00e7i) TeknikerDavut BULDUK(Tekniker)<\/p>\n","protected":false},"author":442,"featured_media":0,"parent":0,"menu_order":0,"comment_status":"closed","ping_status":"closed","template":"","meta":{"footnotes":""},"class_list":["post-8600","page","type-page","status-publish","hentry"],"_links":{"self":[{"href":"https:\/\/atauni.edu.tr\/uygulamali-bilimler-fakultesi\/wp-json\/wp\/v2\/pages\/8600","targetHints":{"allow":["GET"]}}],"collection":[{"href":"https:\/\/atauni.edu.tr\/uygulamali-bilimler-fakultesi\/wp-json\/wp\/v2\/pages"}],"about":[{"href":"https:\/\/atauni.edu.tr\/uygulamali-bilimler-fakultesi\/wp-json\/wp\/v2\/types\/page"}],"author":[{"embeddable":true,"href":"https:\/\/atauni.edu.tr\/uygulamali-bilimler-fakultesi\/wp-json\/wp\/v2\/users\/442"}],"replies":[{"embeddable":true,"href":"https:\/\/atauni.edu.tr\/uygulamali-bilimler-fakultesi\/wp-json\/wp\/v2\/comments?post=8600"}],"version-history":[{"count":28,"href":"https:\/\/atauni.edu.tr\/uygulamali-bilimler-fakultesi\/wp-json\/wp\/v2\/pages\/8600\/revisions"}],"predecessor-version":[{"id":12364,"href":"https:\/\/atauni.edu.tr\/uygulamali-bilimler-fakultesi\/wp-json\/wp\/v2\/pages\/8600\/revisions\/12364"}],"wp:attachment":[{"href":"https:\/\/atauni.edu.tr\/uygulamali-bilimler-fakultesi\/wp-json\/wp\/v2\/media?parent=8600"}],"curies":[{"name":"wp","href":"https:\/\/api.w.org\/{rel}","templated":true}]}}