{"id":5762,"date":"2021-07-13T12:55:48","date_gmt":"2021-07-13T09:55:48","guid":{"rendered":"https:\/\/portaltest.atauni.edu.tr\/bilgisayar-muhendisligi\/?page_id=5762"},"modified":"2021-09-13T10:25:33","modified_gmt":"2021-09-13T07:25:33","slug":"lisans-ders-listesi","status":"publish","type":"page","link":"https:\/\/atauni.edu.tr\/veri-bilimi-ve-analitigi-bolumu-bolumu\/lisans-ders-listesi\/","title":{"rendered":"Ders Listesi"},"content":{"rendered":"\t\t<div data-elementor-type=\"wp-page\" data-elementor-id=\"5762\" class=\"elementor elementor-5762\" data-elementor-post-type=\"page\">\n\t\t\t\t\t\t<section class=\"elementor-section elementor-top-section elementor-element elementor-element-730d320 elementor-section-boxed elementor-section-height-default elementor-section-height-default\" data-id=\"730d320\" data-element_type=\"section\">\n\t\t\t\t\t\t<div class=\"elementor-container elementor-column-gap-default\">\n\t\t\t\t\t<div class=\"elementor-column elementor-col-100 elementor-top-column elementor-element elementor-element-753d0860\" data-id=\"753d0860\" data-element_type=\"column\">\n\t\t\t<div class=\"elementor-widget-wrap\">\n\t\t\t\t\t\t\t<\/div>\n\t\t<\/div>\n\t\t\t\t\t<\/div>\n\t\t<\/section>\n\t\t\t\t<section class=\"elementor-section elementor-top-section elementor-element elementor-element-9be811a elementor-section-boxed elementor-section-height-default elementor-section-height-default\" data-id=\"9be811a\" data-element_type=\"section\">\n\t\t\t\t\t\t<div class=\"elementor-container elementor-column-gap-default\">\n\t\t\t\t\t<div class=\"elementor-column elementor-col-100 elementor-top-column elementor-element elementor-element-1ed847b7\" data-id=\"1ed847b7\" data-element_type=\"column\">\n\t\t\t<div class=\"elementor-widget-wrap elementor-element-populated\">\n\t\t\t\t\t\t<div class=\"elementor-element elementor-element-4ce0d07f elementor-widget elementor-widget-heading\" data-id=\"4ce0d07f\" data-element_type=\"widget\" data-widget_type=\"heading.default\">\n\t\t\t\t<div class=\"elementor-widget-container\">\n\t\t\t\t\t<h2 class=\"elementor-heading-title elementor-size-default\">Lisans Ders Listesi<\/h2>\t\t\t\t<\/div>\n\t\t\t\t<\/div>\n\t\t\t\t<div class=\"elementor-element elementor-element-63260862 elementor-widget-divider--view-line elementor-widget elementor-widget-divider\" data-id=\"63260862\" data-element_type=\"widget\" data-widget_type=\"divider.default\">\n\t\t\t\t<div class=\"elementor-widget-container\">\n\t\t\t\t\t\t\t<div class=\"elementor-divider\">\n\t\t\t<span class=\"elementor-divider-separator\">\n\t\t\t\t\t\t<\/span>\n\t\t<\/div>\n\t\t\t\t\t\t<\/div>\n\t\t\t\t<\/div>\n\t\t\t\t\t<\/div>\n\t\t<\/div>\n\t\t\t\t\t<\/div>\n\t\t<\/section>\n\t\t\t\t<section class=\"elementor-section elementor-top-section elementor-element elementor-element-ff12562 elementor-section-boxed elementor-section-height-default elementor-section-height-default\" data-id=\"ff12562\" data-element_type=\"section\">\n\t\t\t\t\t\t<div class=\"elementor-container elementor-column-gap-default\">\n\t\t\t\t\t<div class=\"elementor-column elementor-col-100 elementor-top-column elementor-element elementor-element-2aa5f38\" data-id=\"2aa5f38\" data-element_type=\"column\">\n\t\t\t<div class=\"elementor-widget-wrap elementor-element-populated\">\n\t\t\t\t\t\t<div class=\"elementor-element elementor-element-3f6c81d elementor-widget elementor-widget-text-editor\" data-id=\"3f6c81d\" data-element_type=\"widget\" data-widget_type=\"text-editor.default\">\n\t\t\t\t<div class=\"elementor-widget-container\">\n\t\t\t\t\t\t\t\t\t<p>Veri Bilimi ve Analiti\u011fi B\u00f6l\u00fcm\u00fc, \u00f6\u011frencilere veri toplama, analiz etme ve yorumlama becerileri kazand\u0131rmay\u0131 hedefleyen bir program sunar. Bu b\u00f6l\u00fcmde verilen dersler, \u00f6\u011frencilerin b\u00fcy\u00fck veri setlerini anlamland\u0131rarak i\u015f d\u00fcnyas\u0131na katk\u0131da bulunmalar\u0131n\u0131 sa\u011flar.<\/p>\n<p>Ders liste i\u00e7eri\u011fi i\u00e7erisinde;<\/p>\n<ul>\n<li>Temel matematik ve istatistik konular\u0131<\/li>\n<li>Veri yap\u0131lar\u0131 ve algoritmalar\u0131<\/li>\n<li>Programlama dilleri ve veri analiz ara\u00e7lar\u0131<\/li>\n<li>Machine learning ve derin \u00f6\u011frenme teknikleri<\/li>\n<li>Veri g\u00f6rselle\u015ftirme ve raporlama<\/li>\n<li>\u0130\u015f zekas\u0131 ve veri madencili\u011fi<\/li>\n<li>Bilgisayar a\u011flar\u0131 ve siber g\u00fcvenlik<\/li>\n<li>Yapay zeka ve do\u011fal dil i\u015fleme<\/li>\n<\/ul>\n<p>gibi konular bulunur. Bu dersler sayesinde \u00f6\u011frenciler, verileri analiz ederek i\u015fletmeler i\u00e7in de\u011fer katacak kararlar alabilirler.<\/p>\t\t\t\t\t\t\t\t<\/div>\n\t\t\t\t<\/div>\n\t\t\t\t\t<\/div>\n\t\t<\/div>\n\t\t\t\t\t<\/div>\n\t\t<\/section>\n\t\t\t\t<\/div>\n\t\t","protected":false},"excerpt":{"rendered":"<p>Lisans Ders Listesi Lorem Ipsum Nedir? Lorem Ipsum, dizgi ve bask\u0131 end\u00fcstrisinde kullan\u0131lan m\u0131g\u0131r metinlerdir. Lorem Ipsum, ad\u0131 bilinmeyen bir matbaac\u0131n\u0131n bir hurufat numune kitab\u0131 olu\u015fturmak \u00fczere bir yaz\u0131 galerisini alarak kar\u0131\u015ft\u0131rd\u0131\u011f\u0131 1500&#8217;lerden beri end\u00fcstri standard\u0131 sahte metinler olarak kullan\u0131lm\u0131\u015ft\u0131r. Be\u015fy\u00fcz y\u0131l boyunca varl\u0131\u011f\u0131n\u0131 s\u00fcrd\u00fcrmekle kalmam\u0131\u015f, ayn\u0131 zamanda pek de\u011fi\u015fmeden elektronik dizgiye de s\u0131\u00e7ram\u0131\u015ft\u0131r. 1960&#8217;larda [&hellip;]<\/p>\n","protected":false},"author":1,"featured_media":0,"parent":0,"menu_order":0,"comment_status":"closed","ping_status":"closed","template":"elementor_header_footer","meta":{"footnotes":""},"class_list":["post-5762","page","type-page","status-publish","hentry"],"_links":{"self":[{"href":"https:\/\/atauni.edu.tr\/veri-bilimi-ve-analitigi-bolumu-bolumu\/wp-json\/wp\/v2\/pages\/5762","targetHints":{"allow":["GET"]}}],"collection":[{"href":"https:\/\/atauni.edu.tr\/veri-bilimi-ve-analitigi-bolumu-bolumu\/wp-json\/wp\/v2\/pages"}],"about":[{"href":"https:\/\/atauni.edu.tr\/veri-bilimi-ve-analitigi-bolumu-bolumu\/wp-json\/wp\/v2\/types\/page"}],"author":[{"embeddable":true,"href":"https:\/\/atauni.edu.tr\/veri-bilimi-ve-analitigi-bolumu-bolumu\/wp-json\/wp\/v2\/users\/1"}],"replies":[{"embeddable":true,"href":"https:\/\/atauni.edu.tr\/veri-bilimi-ve-analitigi-bolumu-bolumu\/wp-json\/wp\/v2\/comments?post=5762"}],"version-history":[{"count":11,"href":"https:\/\/atauni.edu.tr\/veri-bilimi-ve-analitigi-bolumu-bolumu\/wp-json\/wp\/v2\/pages\/5762\/revisions"}],"predecessor-version":[{"id":6123,"href":"https:\/\/atauni.edu.tr\/veri-bilimi-ve-analitigi-bolumu-bolumu\/wp-json\/wp\/v2\/pages\/5762\/revisions\/6123"}],"wp:attachment":[{"href":"https:\/\/atauni.edu.tr\/veri-bilimi-ve-analitigi-bolumu-bolumu\/wp-json\/wp\/v2\/media?parent=5762"}],"curies":[{"name":"wp","href":"https:\/\/api.w.org\/{rel}","templated":true}]}}