{"id":5728,"date":"2021-07-13T11:33:38","date_gmt":"2021-07-13T08:33:38","guid":{"rendered":"https:\/\/portaltest.atauni.edu.tr\/bilgisayar-muhendisligi\/?page_id=5728"},"modified":"2025-10-10T13:32:54","modified_gmt":"2025-10-10T10:32:54","slug":"bolum-tanitimi","status":"publish","type":"page","link":"https:\/\/atauni.edu.tr\/veri-bilimi-ve-analitigi\/bolum-tanitimi\/","title":{"rendered":"B\u00f6l\u00fcm Tan\u0131t\u0131m\u0131"},"content":{"rendered":"\t\t<div data-elementor-type=\"wp-page\" data-elementor-id=\"5728\" class=\"elementor elementor-5728\" data-elementor-post-type=\"page\">\n\t\t\t\t\t\t<section class=\"elementor-section elementor-top-section elementor-element elementor-element-730d320 elementor-section-boxed elementor-section-height-default elementor-section-height-default\" data-id=\"730d320\" data-element_type=\"section\">\n\t\t\t\t\t\t<div class=\"elementor-container elementor-column-gap-default\">\n\t\t\t\t\t<div class=\"elementor-column elementor-col-100 elementor-top-column elementor-element elementor-element-753d0860\" data-id=\"753d0860\" data-element_type=\"column\">\n\t\t\t<div class=\"elementor-widget-wrap\">\n\t\t\t\t\t\t\t<\/div>\n\t\t<\/div>\n\t\t\t\t\t<\/div>\n\t\t<\/section>\n\t\t\t\t<section class=\"elementor-section elementor-top-section elementor-element elementor-element-9be811a elementor-section-boxed elementor-section-height-default elementor-section-height-default\" data-id=\"9be811a\" data-element_type=\"section\">\n\t\t\t\t\t\t<div class=\"elementor-container elementor-column-gap-default\">\n\t\t\t\t\t<div class=\"elementor-column elementor-col-100 elementor-top-column elementor-element elementor-element-1ed847b7\" data-id=\"1ed847b7\" data-element_type=\"column\">\n\t\t\t<div class=\"elementor-widget-wrap elementor-element-populated\">\n\t\t\t\t\t\t<div class=\"elementor-element elementor-element-4ce0d07f elementor-widget elementor-widget-heading\" data-id=\"4ce0d07f\" data-element_type=\"widget\" data-widget_type=\"heading.default\">\n\t\t\t\t<div class=\"elementor-widget-container\">\n\t\t\t\t\t<h2 class=\"elementor-heading-title elementor-size-default\">B\u00f6l\u00fcm Tan\u0131t\u0131m\u0131<\/h2>\t\t\t\t<\/div>\n\t\t\t\t<\/div>\n\t\t\t\t<div class=\"elementor-element elementor-element-63260862 elementor-widget-divider--view-line elementor-widget elementor-widget-divider\" data-id=\"63260862\" data-element_type=\"widget\" data-widget_type=\"divider.default\">\n\t\t\t\t<div class=\"elementor-widget-container\">\n\t\t\t\t\t\t\t<div class=\"elementor-divider\">\n\t\t\t<span class=\"elementor-divider-separator\">\n\t\t\t\t\t\t<\/span>\n\t\t<\/div>\n\t\t\t\t\t\t<\/div>\n\t\t\t\t<\/div>\n\t\t\t\t\t<\/div>\n\t\t<\/div>\n\t\t\t\t\t<\/div>\n\t\t<\/section>\n\t\t\t\t<section class=\"elementor-section elementor-top-section elementor-element elementor-element-681db8b elementor-section-boxed elementor-section-height-default elementor-section-height-default\" data-id=\"681db8b\" data-element_type=\"section\">\n\t\t\t\t\t\t<div class=\"elementor-container elementor-column-gap-default\">\n\t\t\t\t\t<div class=\"elementor-column elementor-col-100 elementor-top-column elementor-element elementor-element-ad4dac5\" data-id=\"ad4dac5\" data-element_type=\"column\">\n\t\t\t<div class=\"elementor-widget-wrap elementor-element-populated\">\n\t\t\t\t\t\t<div class=\"elementor-element elementor-element-2f96b3d elementor-widget elementor-widget-text-editor\" data-id=\"2f96b3d\" data-element_type=\"widget\" data-widget_type=\"text-editor.default\">\n\t\t\t\t<div class=\"elementor-widget-container\">\n\t\t\t\t\t\t\t\t\t<p><strong>ATAT\u00dcRK \u00dcN\u0130VERS\u0130TES\u0130 FEN FAK\u00dcLTES\u0130<\/strong><\/p><p><strong>Veri Bilimi ve Analiti\u011fi B\u00f6l\u00fcm\u00fc<\/strong><\/p><p>Atat\u00fcrk \u00dcniversitesi Fen Fak\u00fcltesi Veri Bilimi ve Analiti\u011fi B\u00f6l\u00fcm\u00fc\u2019nde, d\u00f6rt y\u0131l boyunca, \u00f6\u011frencilerimiz teorik ve uygulamal\u0131 istatistik derslerininin yan\u0131 s\u0131ra bilgisayar programlama dilini ve matematik derslerini okurlar. \u00d6te taraftan b\u00f6l\u00fcm i\u00e7erisinde sunulan se\u00e7meli dersler ile veri bilimi ve analiti\u011fini belirli uygulamal\u0131 bran\u015flar\u0131nda uzmanla\u015fma olana\u011f\u0131na da sahiplerdir. B\u00f6l\u00fcm\u00fcm\u00fczdeki e\u011fitim ve \u00f6\u011fretim anlay\u0131\u015f\u0131, bilhassa \u00f6\u011frencilerimize bilgisayar programlamalar\u0131, istatistiksel yakla\u015f\u0131mlar\u0131 ve metotlar\u0131 ger\u00e7ek d\u00fcnya problemlerinin \u00e7\u00f6z\u00fcm\u00fcne daha etkin bir \u015fekilde uygulayabilme becerileri kazand\u0131rmak y\u00f6n\u00fcnde, \u00f6\u011fretim \u00fcyelerimiz taraf\u0131ndan s\u00fcreki g\u00fcncellenerek, geli\u015ftirilmeye \u00e7al\u0131\u015f\u0131l\u0131r.<\/p><p>2025 y\u0131l\u0131nda ilk kez 30 \u00f6\u011frenci alarak e\u011fitim \u00f6\u011fretime ba\u015flayan b\u00f6l\u00fcm\u00fcm\u00fczde 3 \u00f6\u011fretim \u00fcyesi mevcuttur. Bu \u00f6\u011fretim \u00fcyeleri e\u011fitim ve \u00f6\u011fretim faaliyetlerinin yan\u0131s\u0131ra muhtelif alanlarda ara\u015ft\u0131rma projeleri y\u00fcr\u00fctmekte ve istatistik ve bilgisayar programlamada dan\u0131\u015fmanl\u0131k hizmetleri vermektelerdir. B\u00f6l\u00fcm\u00fcmzde \u00f6\u011frencilerin kullan\u0131m\u0131na a\u00e7\u0131k bir bilgisayar laboratuar\u0131 mevcuttur. Bilgisayar sistemimizde \u00e7e\u015fitli istatistiksel yaz\u0131l\u0131m paketleri ve ba\u015fka gerekli yaz\u0131l\u0131mlar y\u00fckl\u00fcd\u00fcr. Ayr\u0131ca \u00fcniversitemizin merkezi bilgisayar laboratuarlar\u0131 ve ba\u015fka birimlerin bilgisayar laboratuarlar\u0131 da \u00f6\u011frencilerimizin kullan\u0131m\u0131na belli d\u00fczenlemeler dahilinde a\u00e7\u0131kt\u0131r.<\/p><p>Atat\u00fcrk \u00dcniversitesi Fen Fak\u00fcltesi Veri Bilimi ve Analiti\u011fi B\u00f6l\u00fcm\u00fc olarak hedefimiz, mezunlar\u0131m\u0131z\u0131n hem ulusal hem de uluslararas\u0131 \u00f6l\u00e7ekte piyasa ko\u015fullar\u0131n\u0131n gerektirdi\u011fi nitelikleri kazanmalar\u0131n\u0131 sa\u011flamak ve devlet kurumlar\u0131nda, \u00f6zel \u015firketlerde ve \u00fcniverstelerde \u00f6ncelikle tercih edilmelerine vesile olmakt\u0131r.<\/p>\t\t\t\t\t\t\t\t<\/div>\n\t\t\t\t<\/div>\n\t\t\t\t\t<\/div>\n\t\t<\/div>\n\t\t\t\t\t<\/div>\n\t\t<\/section>\n\t\t\t\t<\/div>\n\t\t","protected":false},"excerpt":{"rendered":"<p>B\u00f6l\u00fcm Tan\u0131t\u0131m\u0131 ATAT\u00dcRK \u00dcN\u0130VERS\u0130TES\u0130 FEN FAK\u00dcLTES\u0130 Veri Bilimi ve Analiti\u011fi B\u00f6l\u00fcm\u00fc Atat\u00fcrk \u00dcniversitesi Fen Fak\u00fcltesi Veri Bilimi ve Analiti\u011fi B\u00f6l\u00fcm\u00fc\u2019nde, d\u00f6rt y\u0131l boyunca, \u00f6\u011frencilerimiz teorik ve uygulamal\u0131 istatistik derslerininin yan\u0131 s\u0131ra bilgisayar programlama dilini ve matematik derslerini okurlar. \u00d6te taraftan b\u00f6l\u00fcm i\u00e7erisinde sunulan se\u00e7meli dersler ile veri bilimi ve analiti\u011fini belirli uygulamal\u0131 bran\u015flar\u0131nda uzmanla\u015fma olana\u011f\u0131na [&hellip;]<\/p>\n","protected":false},"author":1,"featured_media":0,"parent":0,"menu_order":0,"comment_status":"closed","ping_status":"closed","template":"elementor_header_footer","meta":{"footnotes":""},"class_list":["post-5728","page","type-page","status-publish","hentry"],"_links":{"self":[{"href":"https:\/\/atauni.edu.tr\/veri-bilimi-ve-analitigi\/wp-json\/wp\/v2\/pages\/5728","targetHints":{"allow":["GET"]}}],"collection":[{"href":"https:\/\/atauni.edu.tr\/veri-bilimi-ve-analitigi\/wp-json\/wp\/v2\/pages"}],"about":[{"href":"https:\/\/atauni.edu.tr\/veri-bilimi-ve-analitigi\/wp-json\/wp\/v2\/types\/page"}],"author":[{"embeddable":true,"href":"https:\/\/atauni.edu.tr\/veri-bilimi-ve-analitigi\/wp-json\/wp\/v2\/users\/1"}],"replies":[{"embeddable":true,"href":"https:\/\/atauni.edu.tr\/veri-bilimi-ve-analitigi\/wp-json\/wp\/v2\/comments?post=5728"}],"version-history":[{"count":23,"href":"https:\/\/atauni.edu.tr\/veri-bilimi-ve-analitigi\/wp-json\/wp\/v2\/pages\/5728\/revisions"}],"predecessor-version":[{"id":6352,"href":"https:\/\/atauni.edu.tr\/veri-bilimi-ve-analitigi\/wp-json\/wp\/v2\/pages\/5728\/revisions\/6352"}],"wp:attachment":[{"href":"https:\/\/atauni.edu.tr\/veri-bilimi-ve-analitigi\/wp-json\/wp\/v2\/media?parent=5728"}],"curies":[{"name":"wp","href":"https:\/\/api.w.org\/{rel}","templated":true}]}}