{"id":6071,"date":"2021-08-27T15:45:02","date_gmt":"2021-08-27T12:45:02","guid":{"rendered":"https:\/\/birimler.atauni.edu.tr\/istatistik\/?page_id=6071"},"modified":"2025-10-10T13:49:31","modified_gmt":"2025-10-10T10:49:31","slug":"bolum-kurulu-kararlari","status":"publish","type":"page","link":"https:\/\/atauni.edu.tr\/veri-bilimi-ve-analitigi\/bolum-kurulu-kararlari\/","title":{"rendered":"B\u00f6l\u00fcm Kurulu Kararlar\u0131"},"content":{"rendered":"\t\t<div data-elementor-type=\"wp-page\" data-elementor-id=\"6071\" class=\"elementor elementor-6071\" data-elementor-post-type=\"page\">\n\t\t\t\t\t\t<section class=\"elementor-section elementor-top-section elementor-element elementor-element-730d320 elementor-section-boxed elementor-section-height-default elementor-section-height-default\" data-id=\"730d320\" data-element_type=\"section\">\n\t\t\t\t\t\t<div class=\"elementor-container elementor-column-gap-default\">\n\t\t\t\t\t<div class=\"elementor-column elementor-col-100 elementor-top-column elementor-element elementor-element-753d0860\" data-id=\"753d0860\" data-element_type=\"column\">\n\t\t\t<div class=\"elementor-widget-wrap\">\n\t\t\t\t\t\t\t<\/div>\n\t\t<\/div>\n\t\t\t\t\t<\/div>\n\t\t<\/section>\n\t\t\t\t<section class=\"elementor-section elementor-top-section elementor-element elementor-element-9be811a elementor-section-boxed elementor-section-height-default elementor-section-height-default\" data-id=\"9be811a\" data-element_type=\"section\">\n\t\t\t\t\t\t<div class=\"elementor-container elementor-column-gap-default\">\n\t\t\t\t\t<div class=\"elementor-column elementor-col-100 elementor-top-column elementor-element elementor-element-1ed847b7\" data-id=\"1ed847b7\" data-element_type=\"column\">\n\t\t\t<div class=\"elementor-widget-wrap elementor-element-populated\">\n\t\t\t\t\t\t<div class=\"elementor-element elementor-element-4ce0d07f elementor-widget elementor-widget-heading\" data-id=\"4ce0d07f\" data-element_type=\"widget\" data-widget_type=\"heading.default\">\n\t\t\t\t<div class=\"elementor-widget-container\">\n\t\t\t\t\t<h2 class=\"elementor-heading-title elementor-size-default\">B\u00f6l\u00fcm Kurulu Kararlar\u0131<\/h2>\t\t\t\t<\/div>\n\t\t\t\t<\/div>\n\t\t\t\t<div class=\"elementor-element elementor-element-63260862 elementor-widget-divider--view-line elementor-widget elementor-widget-divider\" data-id=\"63260862\" data-element_type=\"widget\" data-widget_type=\"divider.default\">\n\t\t\t\t<div class=\"elementor-widget-container\">\n\t\t\t\t\t\t\t<div class=\"elementor-divider\">\n\t\t\t<span class=\"elementor-divider-separator\">\n\t\t\t\t\t\t<\/span>\n\t\t<\/div>\n\t\t\t\t\t\t<\/div>\n\t\t\t\t<\/div>\n\t\t\t\t\t<\/div>\n\t\t<\/div>\n\t\t\t\t\t<\/div>\n\t\t<\/section>\n\t\t\t\t<section class=\"elementor-section elementor-top-section elementor-element elementor-element-681db8b elementor-section-boxed elementor-section-height-default elementor-section-height-default\" data-id=\"681db8b\" data-element_type=\"section\">\n\t\t\t\t\t\t<div class=\"elementor-container elementor-column-gap-default\">\n\t\t\t\t\t<div class=\"elementor-column elementor-col-100 elementor-top-column elementor-element elementor-element-ad4dac5\" data-id=\"ad4dac5\" data-element_type=\"column\">\n\t\t\t<div class=\"elementor-widget-wrap elementor-element-populated\">\n\t\t\t\t\t\t<div class=\"elementor-element elementor-element-2f96b3d elementor-widget elementor-widget-text-editor\" data-id=\"2f96b3d\" data-element_type=\"widget\" data-widget_type=\"text-editor.default\">\n\t\t\t\t<div class=\"elementor-widget-container\">\n\t\t\t\t\t\t\t\t\t<p>\u00a0<\/p><h2>B\u00f6l\u00fcm Kurulu Kararlar\u0131<\/h2><p>Atat\u00fcrk \u00dcniversitesi Veri Bilimi ve Analiti\u011fi b\u00f6l\u00fcm\u00fcn\u00fcn faaliyetlerini d\u00fczenleyen ve y\u00fcr\u00fct\u00fclen \u00e7al\u0131\u015fmalar hakk\u0131nda al\u0131nan kararlar, B\u00f6l\u00fcm Kurulu Kararlar\u0131 alt\u0131nda toplanmaktad\u0131r. Bu kararlar, b\u00f6l\u00fcm\u00fcn i\u00e7 i\u015fleyi\u015fini, \u00f6\u011frenci ve akademik personel konular\u0131n\u0131, e\u011fitim-\u00f6\u011fretim faaliyetlerini ve di\u011fer ilgili hususlar\u0131 kapsamaktad\u0131r.<\/p><p>B\u00f6l\u00fcm kurulunun ald\u0131\u011f\u0131 kararlar, \u00fcniversitenin genel politikalar\u0131 ve yasal d\u00fczenlemelerle uyumlu olarak olu\u015fturulmakta ve uygulanmaktad\u0131r. Kararlar, b\u00f6l\u00fcm\u00fcn geli\u015fimine katk\u0131 sa\u011flamak, e\u011fitim kalitesini art\u0131rmak ve \u00f6\u011frencilerin akademik \u00e9xito\u00fcn\u00fc desteklemek amac\u0131yla belirlenmektedir.<\/p><p>B\u00f6l\u00fcm Kurulu Kararlar\u0131 aras\u0131nda; ders m\u00fcfredat\u0131n\u0131n g\u00fcncellenmesi, yeni derslerin eklenmesi, akademik personel atamalar\u0131, \u00f6\u011frenci exchange programlar\u0131 gibi konular yer alabilir. Ayr\u0131ca, b\u00f6l\u00fcm\u00fcn idari ve mali i\u015fleyi\u015fine ili\u015fkin kararlar da bu kapsamda ele al\u0131nmaktad\u0131r.<\/p><p>Kararlar, b\u00f6l\u00fcm i\u00e7inden veya d\u0131\u015f\u0131ndan gelen talepler \u00fczerine ya da b\u00f6l\u00fcm kurulunun g\u00fcndemine al\u0131nan konularda olu\u015fabilmektedir. Al\u0131nan kararlar\u0131n takip ve de\u011ferlendirilmesi i\u00e7in gerekli ad\u0131mlar at\u0131lmaktad\u0131r.<\/p><p>\u00a0<\/p>\t\t\t\t\t\t\t\t<\/div>\n\t\t\t\t<\/div>\n\t\t\t\t\t<\/div>\n\t\t<\/div>\n\t\t\t\t\t<\/div>\n\t\t<\/section>\n\t\t\t\t<\/div>\n\t\t","protected":false},"excerpt":{"rendered":"<p>B\u00f6l\u00fcm Kurulu Kararlar\u0131 \u00a0 B\u00f6l\u00fcm Kurulu Kararlar\u0131 Atat\u00fcrk \u00dcniversitesi Veri Bilimi ve Analiti\u011fi b\u00f6l\u00fcm\u00fcn\u00fcn faaliyetlerini d\u00fczenleyen ve y\u00fcr\u00fct\u00fclen \u00e7al\u0131\u015fmalar hakk\u0131nda al\u0131nan kararlar, B\u00f6l\u00fcm Kurulu Kararlar\u0131 alt\u0131nda toplanmaktad\u0131r. Bu kararlar, b\u00f6l\u00fcm\u00fcn i\u00e7 i\u015fleyi\u015fini, \u00f6\u011frenci ve akademik personel konular\u0131n\u0131, e\u011fitim-\u00f6\u011fretim faaliyetlerini ve di\u011fer ilgili hususlar\u0131 kapsamaktad\u0131r. B\u00f6l\u00fcm kurulunun ald\u0131\u011f\u0131 kararlar, \u00fcniversitenin genel politikalar\u0131 ve yasal d\u00fczenlemelerle uyumlu [&hellip;]<\/p>\n","protected":false},"author":1,"featured_media":0,"parent":0,"menu_order":0,"comment_status":"closed","ping_status":"closed","template":"elementor_header_footer","meta":{"footnotes":""},"class_list":["post-6071","page","type-page","status-publish","hentry"],"_links":{"self":[{"href":"https:\/\/atauni.edu.tr\/veri-bilimi-ve-analitigi\/wp-json\/wp\/v2\/pages\/6071","targetHints":{"allow":["GET"]}}],"collection":[{"href":"https:\/\/atauni.edu.tr\/veri-bilimi-ve-analitigi\/wp-json\/wp\/v2\/pages"}],"about":[{"href":"https:\/\/atauni.edu.tr\/veri-bilimi-ve-analitigi\/wp-json\/wp\/v2\/types\/page"}],"author":[{"embeddable":true,"href":"https:\/\/atauni.edu.tr\/veri-bilimi-ve-analitigi\/wp-json\/wp\/v2\/users\/1"}],"replies":[{"embeddable":true,"href":"https:\/\/atauni.edu.tr\/veri-bilimi-ve-analitigi\/wp-json\/wp\/v2\/comments?post=6071"}],"version-history":[{"count":13,"href":"https:\/\/atauni.edu.tr\/veri-bilimi-ve-analitigi\/wp-json\/wp\/v2\/pages\/6071\/revisions"}],"predecessor-version":[{"id":6376,"href":"https:\/\/atauni.edu.tr\/veri-bilimi-ve-analitigi\/wp-json\/wp\/v2\/pages\/6071\/revisions\/6376"}],"wp:attachment":[{"href":"https:\/\/atauni.edu.tr\/veri-bilimi-ve-analitigi\/wp-json\/wp\/v2\/media?parent=6071"}],"curies":[{"name":"wp","href":"https:\/\/api.w.org\/{rel}","templated":true}]}}