{"id":6308,"date":"2025-08-11T19:19:04","date_gmt":"2025-08-11T16:19:04","guid":{"rendered":"https:\/\/birimler.atauni.edu.tr\/istatistik\/?page_id=6308"},"modified":"2025-11-11T09:12:57","modified_gmt":"2025-11-11T06:12:57","slug":"duyurular","status":"publish","type":"page","link":"https:\/\/atauni.edu.tr\/veri-bilimi-ve-analitigi\/duyurular\/","title":{"rendered":"Duyurular"},"content":{"rendered":"\t\t<div data-elementor-type=\"wp-page\" data-elementor-id=\"6308\" class=\"elementor elementor-6308\" data-elementor-post-type=\"page\">\n\t\t\t\t\t\t<section class=\"elementor-section elementor-top-section elementor-element elementor-element-3cfb6c68 elementor-section-boxed elementor-section-height-default elementor-section-height-default\" data-id=\"3cfb6c68\" data-element_type=\"section\">\n\t\t\t\t\t\t<div class=\"elementor-container elementor-column-gap-default\">\n\t\t\t\t\t<div class=\"elementor-column elementor-col-100 elementor-top-column elementor-element elementor-element-7ca50c69\" data-id=\"7ca50c69\" data-element_type=\"column\">\n\t\t\t<div class=\"elementor-widget-wrap elementor-element-populated\">\n\t\t\t\t\t\t<div class=\"elementor-element elementor-element-1704e194 elementor-widget elementor-widget-text-editor\" data-id=\"1704e194\" data-element_type=\"widget\" data-widget_type=\"text-editor.default\">\n\t\t\t\t<div class=\"elementor-widget-container\">\n\t\t\t\t\t\t\t\t\t<p>2025-2026 G\u00fcz d\u00f6nemi Vize S\u0131nav Program\u0131 yay\u0131nland\u0131.<\/p>\n<p><a href=\"https:\/\/birimler.atauni.edu.tr\/veri-bilimi-ve-analitigi\/wp-content\/uploads\/sites\/497\/2025\/11\/VBA-Sinav-takvimi-Vize-GU\u0308Z-2025-2026.docx\">VBA S\u0131nav takvimi (Vize) GU\u0308Z 2025-2026<\/a><\/p>\n<p><!-- \/wp:shortcode --><\/p>\t\t\t\t\t\t\t\t<\/div>\n\t\t\t\t<\/div>\n\t\t\t\t\t<\/div>\n\t\t<\/div>\n\t\t\t\t\t<\/div>\n\t\t<\/section>\n\t\t\t\t<section class=\"elementor-section elementor-top-section elementor-element elementor-element-b9a5e53 elementor-section-boxed elementor-section-height-default elementor-section-height-default\" data-id=\"b9a5e53\" data-element_type=\"section\">\n\t\t\t\t\t\t<div class=\"elementor-container elementor-column-gap-default\">\n\t\t\t\t\t<div class=\"elementor-column elementor-col-100 elementor-top-column elementor-element elementor-element-3e766b8\" data-id=\"3e766b8\" data-element_type=\"column\">\n\t\t\t<div class=\"elementor-widget-wrap elementor-element-populated\">\n\t\t\t\t\t\t<div class=\"elementor-element elementor-element-14bc2eb elementor-widget elementor-widget-pdf_viewer\" data-id=\"14bc2eb\" data-element_type=\"widget\" data-widget_type=\"pdf_viewer.default\">\n\t\t\t\t<div class=\"elementor-widget-container\">\n\t\t\t\t\t<iframe src=\"https:\/\/docs.google.com\/viewer?url=https:\/\/birimler.atauni.edu.tr\/istatistik\/wp-content\/uploads\/sites\/497\/2025\/10\/2025-2026-Guz-Donemi-Ders_Programi.pdf&amp;embedded=true\" style=\"display: block; margin-left: auto; margin-right: auto; width: 640px; height: 1020px;\" frameborder=\"1\" marginheight=\"0px\" marginwidth=\"0px\" allowfullscreen><\/iframe>\t\t\t\t<\/div>\n\t\t\t\t<\/div>\n\t\t\t\t\t<\/div>\n\t\t<\/div>\n\t\t\t\t\t<\/div>\n\t\t<\/section>\n\t\t\t\t<\/div>\n\t\t","protected":false},"excerpt":{"rendered":"<p>2025-2026 G\u00fcz d\u00f6nemi Vize S\u0131nav Program\u0131 yay\u0131nland\u0131. VBA S\u0131nav takvimi (Vize) GU\u0308Z 2025-2026<\/p>\n","protected":false},"author":1,"featured_media":0,"parent":0,"menu_order":0,"comment_status":"closed","ping_status":"closed","template":"","meta":{"footnotes":""},"class_list":["post-6308","page","type-page","status-publish","hentry"],"_links":{"self":[{"href":"https:\/\/atauni.edu.tr\/veri-bilimi-ve-analitigi\/wp-json\/wp\/v2\/pages\/6308","targetHints":{"allow":["GET"]}}],"collection":[{"href":"https:\/\/atauni.edu.tr\/veri-bilimi-ve-analitigi\/wp-json\/wp\/v2\/pages"}],"about":[{"href":"https:\/\/atauni.edu.tr\/veri-bilimi-ve-analitigi\/wp-json\/wp\/v2\/types\/page"}],"author":[{"embeddable":true,"href":"https:\/\/atauni.edu.tr\/veri-bilimi-ve-analitigi\/wp-json\/wp\/v2\/users\/1"}],"replies":[{"embeddable":true,"href":"https:\/\/atauni.edu.tr\/veri-bilimi-ve-analitigi\/wp-json\/wp\/v2\/comments?post=6308"}],"version-history":[{"count":12,"href":"https:\/\/atauni.edu.tr\/veri-bilimi-ve-analitigi\/wp-json\/wp\/v2\/pages\/6308\/revisions"}],"predecessor-version":[{"id":6393,"href":"https:\/\/atauni.edu.tr\/veri-bilimi-ve-analitigi\/wp-json\/wp\/v2\/pages\/6308\/revisions\/6393"}],"wp:attachment":[{"href":"https:\/\/atauni.edu.tr\/veri-bilimi-ve-analitigi\/wp-json\/wp\/v2\/media?parent=6308"}],"curies":[{"name":"wp","href":"https:\/\/api.w.org\/{rel}","templated":true}]}}