{"id":10010,"date":"2023-11-13T11:52:25","date_gmt":"2023-11-13T08:52:25","guid":{"rendered":"https:\/\/birimler.atauni.edu.tr\/veteriner-fakultesi\/?page_id=10010"},"modified":"2026-04-01T10:26:19","modified_gmt":"2026-04-01T07:26:19","slug":"sinav-takvimi","status":"publish","type":"page","link":"https:\/\/atauni.edu.tr\/veteriner-fakultesi\/sinav-takvimi\/","title":{"rendered":"S\u0131nav Takvimi"},"content":{"rendered":"\t\t<div data-elementor-type=\"wp-page\" data-elementor-id=\"10010\" class=\"elementor elementor-10010\" data-elementor-post-type=\"page\">\n\t\t\t\t<div class=\"elementor-element elementor-element-65800ec e-flex e-con-boxed e-con e-parent\" data-id=\"65800ec\" data-element_type=\"container\">\n\t\t\t\t\t<div class=\"e-con-inner\">\n\t\t\t\t<div class=\"elementor-element elementor-element-2697d4b elementor-widget-divider--view-line elementor-widget elementor-widget-divider\" data-id=\"2697d4b\" data-element_type=\"widget\" data-widget_type=\"divider.default\">\n\t\t\t\t<div class=\"elementor-widget-container\">\n\t\t\t\t\t\t\t<div class=\"elementor-divider\">\n\t\t\t<span class=\"elementor-divider-separator\">\n\t\t\t\t\t\t<\/span>\n\t\t<\/div>\n\t\t\t\t\t\t<\/div>\n\t\t\t\t<\/div>\n\t\t\t\t<div class=\"elementor-element elementor-element-1ddbda9 elementor-widget elementor-widget-heading\" data-id=\"1ddbda9\" data-element_type=\"widget\" data-widget_type=\"heading.default\">\n\t\t\t\t<div class=\"elementor-widget-container\">\n\t\t\t\t\t<h2 class=\"elementor-heading-title elementor-size-default\"><a href=\"https:\/\/atauni.edu.tr\/veteriner-fakultesi\/wp-content\/uploads\/sites\/76\/2026\/03\/25-26-Bahar-Ara-Sinav-son.pdf\">2025-2026 E\u011fitim-\u00d6\u011fretim Y\u0131l\u0131 Bahar D\u00f6nemi Ara S\u0131nav Program\u0131<\/a><\/h2>\t\t\t\t<\/div>\n\t\t\t\t<\/div>\n\t\t\t\t<div class=\"elementor-element elementor-element-33a017e elementor-widget-divider--view-line elementor-widget elementor-widget-divider\" data-id=\"33a017e\" data-element_type=\"widget\" data-widget_type=\"divider.default\">\n\t\t\t\t<div class=\"elementor-widget-container\">\n\t\t\t\t\t\t\t<div class=\"elementor-divider\">\n\t\t\t<span class=\"elementor-divider-separator\">\n\t\t\t\t\t\t<\/span>\n\t\t<\/div>\n\t\t\t\t\t\t<\/div>\n\t\t\t\t<\/div>\n\t\t\t\t\t<\/div>\n\t\t\t\t<\/div>\n\t\t<div class=\"elementor-element elementor-element-a3839a1 e-flex e-con-boxed e-con e-parent\" data-id=\"a3839a1\" data-element_type=\"container\">\n\t\t\t\t\t<div class=\"e-con-inner\">\n\t\t\t\t<div class=\"elementor-element elementor-element-0bafcbc elementor-widget-divider--view-line elementor-widget elementor-widget-divider\" data-id=\"0bafcbc\" data-element_type=\"widget\" data-widget_type=\"divider.default\">\n\t\t\t\t<div class=\"elementor-widget-container\">\n\t\t\t\t\t\t\t<div class=\"elementor-divider\">\n\t\t\t<span class=\"elementor-divider-separator\">\n\t\t\t\t\t\t<\/span>\n\t\t<\/div>\n\t\t\t\t\t\t<\/div>\n\t\t\t\t<\/div>\n\t\t\t\t<div class=\"elementor-element elementor-element-82bb63a elementor-widget elementor-widget-heading\" data-id=\"82bb63a\" data-element_type=\"widget\" data-widget_type=\"heading.default\">\n\t\t\t\t<div class=\"elementor-widget-container\">\n\t\t\t\t\t<h2 class=\"elementor-heading-title elementor-size-default\"><a href=\"https:\/\/birimler.atauni.edu.tr\/veteriner-fakultesi\/wp-content\/uploads\/sites\/76\/2025\/12\/2025-2026-GUZ-DONEMI-FINAL-ve-BUTUNLEME-SINAV-PROGRAMI-1.pdf\">2025-2026 <span style=\"color: var( --e-global-color-accent );letter-spacing: 0px\">G\u00fcz Yar\u0131y\u0131l\u0131 Final ve B\u00fct\u00fcnleme S\u0131nav Takvimi<\/span><span style=\"color: var( --e-global-color-accent );letter-spacing: 0px\"><\/span><br><\/a><\/h2>\t\t\t\t<\/div>\n\t\t\t\t<\/div>\n\t\t\t\t<div class=\"elementor-element elementor-element-e7e5c51 elementor-widget-divider--view-line elementor-widget elementor-widget-divider\" data-id=\"e7e5c51\" data-element_type=\"widget\" data-widget_type=\"divider.default\">\n\t\t\t\t<div class=\"elementor-widget-container\">\n\t\t\t\t\t\t\t<div class=\"elementor-divider\">\n\t\t\t<span class=\"elementor-divider-separator\">\n\t\t\t\t\t\t<\/span>\n\t\t<\/div>\n\t\t\t\t\t\t<\/div>\n\t\t\t\t<\/div>\n\t\t\t\t\t<\/div>\n\t\t\t\t<\/div>\n\t\t<div class=\"elementor-element elementor-element-ef6175a e-flex e-con-boxed e-con e-parent\" data-id=\"ef6175a\" data-element_type=\"container\">\n\t\t\t\t\t<div class=\"e-con-inner\">\n\t\t\t\t<div class=\"elementor-element elementor-element-039f62a elementor-widget-divider--view-line elementor-widget elementor-widget-divider\" data-id=\"039f62a\" data-element_type=\"widget\" data-widget_type=\"divider.default\">\n\t\t\t\t<div class=\"elementor-widget-container\">\n\t\t\t\t\t\t\t<div class=\"elementor-divider\">\n\t\t\t<span class=\"elementor-divider-separator\">\n\t\t\t\t\t\t<\/span>\n\t\t<\/div>\n\t\t\t\t\t\t<\/div>\n\t\t\t\t<\/div>\n\t\t\t\t<div class=\"elementor-element elementor-element-c7a50a5 elementor-widget elementor-widget-heading\" data-id=\"c7a50a5\" data-element_type=\"widget\" data-widget_type=\"heading.default\">\n\t\t\t\t<div class=\"elementor-widget-container\">\n\t\t\t\t\t<h2 class=\"elementor-heading-title elementor-size-default\"><a href=\"http:\/\/birimler.atauni.edu.tr\/veteriner-fakultesi\/wp-content\/uploads\/sites\/76\/2025\/11\/2025-2026-Egitim-Ogretim-Yili-Guz-Yariyili-Ara-Sinav-Programi.pdf\">2025-2026 <span style=\"color: var( --e-global-color-accent );letter-spacing: 0px\">G\u00fcz Yar\u0131y\u0131l\u0131 Ara S\u0131nav Takvimi<\/span><span style=\"color: var( --e-global-color-accent );letter-spacing: 0px\"><\/span><br><\/a><\/h2>\t\t\t\t<\/div>\n\t\t\t\t<\/div>\n\t\t\t\t<div class=\"elementor-element elementor-element-4f94c71 elementor-widget-divider--view-line elementor-widget elementor-widget-divider\" data-id=\"4f94c71\" data-element_type=\"widget\" data-widget_type=\"divider.default\">\n\t\t\t\t<div class=\"elementor-widget-container\">\n\t\t\t\t\t\t\t<div class=\"elementor-divider\">\n\t\t\t<span class=\"elementor-divider-separator\">\n\t\t\t\t\t\t<\/span>\n\t\t<\/div>\n\t\t\t\t\t\t<\/div>\n\t\t\t\t<\/div>\n\t\t\t\t\t<\/div>\n\t\t\t\t<\/div>\n\t\t<div class=\"elementor-element elementor-element-9eb2c1b e-flex e-con-boxed e-con e-parent\" data-id=\"9eb2c1b\" data-element_type=\"container\">\n\t\t\t\t\t<div class=\"e-con-inner\">\n\t\t\t\t<div class=\"elementor-element elementor-element-ac71b1f elementor-widget-divider--view-line elementor-widget elementor-widget-divider\" data-id=\"ac71b1f\" data-element_type=\"widget\" data-widget_type=\"divider.default\">\n\t\t\t\t<div class=\"elementor-widget-container\">\n\t\t\t\t\t\t\t<div class=\"elementor-divider\">\n\t\t\t<span class=\"elementor-divider-separator\">\n\t\t\t\t\t\t<\/span>\n\t\t<\/div>\n\t\t\t\t\t\t<\/div>\n\t\t\t\t<\/div>\n\t\t\t\t<div class=\"elementor-element elementor-element-c9fc73f elementor-widget elementor-widget-heading\" data-id=\"c9fc73f\" data-element_type=\"widget\" data-widget_type=\"heading.default\">\n\t\t\t\t<div class=\"elementor-widget-container\">\n\t\t\t\t\t<h2 class=\"elementor-heading-title elementor-size-default\"><a href=\"http:\/\/birimler.atauni.edu.tr\/veteriner-fakultesi\/wp-content\/uploads\/sites\/76\/2025\/05\/2425baharfinalbut.pdf\">2024-2025 <span style=\"color: var( --e-global-color-accent );letter-spacing: 0px\">Bahar Yar\u0131y\u0131l\u0131 Final ve B\u00fct\u00fcnleme S\u0131nav Takvimi<\/span><span style=\"color: var( --e-global-color-accent );letter-spacing: 0px\"><\/span><br><\/a><\/h2>\t\t\t\t<\/div>\n\t\t\t\t<\/div>\n\t\t\t\t<div class=\"elementor-element elementor-element-93b737e elementor-widget-divider--view-line elementor-widget elementor-widget-divider\" data-id=\"93b737e\" data-element_type=\"widget\" data-widget_type=\"divider.default\">\n\t\t\t\t<div class=\"elementor-widget-container\">\n\t\t\t\t\t\t\t<div class=\"elementor-divider\">\n\t\t\t<span class=\"elementor-divider-separator\">\n\t\t\t\t\t\t<\/span>\n\t\t<\/div>\n\t\t\t\t\t\t<\/div>\n\t\t\t\t<\/div>\n\t\t\t\t\t<\/div>\n\t\t\t\t<\/div>\n\t\t<div class=\"elementor-element elementor-element-cff5133 e-flex e-con-boxed e-con e-parent\" data-id=\"cff5133\" data-element_type=\"container\">\n\t\t\t\t\t<div class=\"e-con-inner\">\n\t\t\t\t<div class=\"elementor-element elementor-element-5a3ab16 elementor-widget-divider--view-line elementor-widget elementor-widget-divider\" data-id=\"5a3ab16\" data-element_type=\"widget\" data-widget_type=\"divider.default\">\n\t\t\t\t<div class=\"elementor-widget-container\">\n\t\t\t\t\t\t\t<div class=\"elementor-divider\">\n\t\t\t<span class=\"elementor-divider-separator\">\n\t\t\t\t\t\t<\/span>\n\t\t<\/div>\n\t\t\t\t\t\t<\/div>\n\t\t\t\t<\/div>\n\t\t\t\t<div class=\"elementor-element elementor-element-2bc40d7 elementor-widget elementor-widget-heading\" data-id=\"2bc40d7\" data-element_type=\"widget\" data-widget_type=\"heading.default\">\n\t\t\t\t<div class=\"elementor-widget-container\">\n\t\t\t\t\t<h2 class=\"elementor-heading-title elementor-size-default\"><a href=\"http:\/\/birimler.atauni.edu.tr\/veteriner-fakultesi\/wp-content\/uploads\/sites\/76\/2024\/11\/2024-2025-Egitim-Ogretim-Yili-Guz-Yariyili-Ara-Sinav-Programi-son.pdf\">2024-2025 <span style=\"color: var( --e-global-color-accent );letter-spacing: 0px\">G\u00fcz \nYar\u0131y\u0131l\u0131 Ara S\u0131nav Takvimi<\/span><span style=\"color: var( --e-global-color-accent );letter-spacing: 0px\"><\/span><br><\/a><\/h2>\t\t\t\t<\/div>\n\t\t\t\t<\/div>\n\t\t\t\t<div class=\"elementor-element elementor-element-90416dc elementor-widget-divider--view-line elementor-widget elementor-widget-divider\" data-id=\"90416dc\" data-element_type=\"widget\" data-widget_type=\"divider.default\">\n\t\t\t\t<div class=\"elementor-widget-container\">\n\t\t\t\t\t\t\t<div class=\"elementor-divider\">\n\t\t\t<span class=\"elementor-divider-separator\">\n\t\t\t\t\t\t<\/span>\n\t\t<\/div>\n\t\t\t\t\t\t<\/div>\n\t\t\t\t<\/div>\n\t\t\t\t\t<\/div>\n\t\t\t\t<\/div>\n\t\t<div class=\"elementor-element elementor-element-de976ae e-flex e-con-boxed e-con e-parent\" data-id=\"de976ae\" data-element_type=\"container\">\n\t\t\t\t\t<div class=\"e-con-inner\">\n\t\t\t\t<div class=\"elementor-element elementor-element-87ff97e elementor-widget-divider--view-line elementor-widget elementor-widget-divider\" data-id=\"87ff97e\" data-element_type=\"widget\" data-widget_type=\"divider.default\">\n\t\t\t\t<div class=\"elementor-widget-container\">\n\t\t\t\t\t\t\t<div class=\"elementor-divider\">\n\t\t\t<span class=\"elementor-divider-separator\">\n\t\t\t\t\t\t<\/span>\n\t\t<\/div>\n\t\t\t\t\t\t<\/div>\n\t\t\t\t<\/div>\n\t\t\t\t<div class=\"elementor-element elementor-element-1cef3e8 elementor-widget elementor-widget-heading\" data-id=\"1cef3e8\" data-element_type=\"widget\" data-widget_type=\"heading.default\">\n\t\t\t\t<div class=\"elementor-widget-container\">\n\t\t\t\t\t<h2 class=\"elementor-heading-title elementor-size-default\"><a href=\"http:\/\/birimler.atauni.edu.tr\/veteriner-fakultesi\/wp-content\/uploads\/sites\/76\/2024\/05\/2023-2024-EGITIM-OGRETIM-YILI-BAHAR-YARIYILI-YARIYIL-SONU-VE-BUTUNLEME-SINAV-PROGRAMI.pdf\">2023-2024 Bahar Yar\u0131y\u0131l\u0131 Final ve B\u00fct\u00fcnleme S\u0131nav Takvimi<\/a><\/h2>\t\t\t\t<\/div>\n\t\t\t\t<\/div>\n\t\t\t\t<div class=\"elementor-element elementor-element-304f455 elementor-widget-divider--view-line elementor-widget elementor-widget-divider\" data-id=\"304f455\" data-element_type=\"widget\" data-widget_type=\"divider.default\">\n\t\t\t\t<div class=\"elementor-widget-container\">\n\t\t\t\t\t\t\t<div class=\"elementor-divider\">\n\t\t\t<span class=\"elementor-divider-separator\">\n\t\t\t\t\t\t<\/span>\n\t\t<\/div>\n\t\t\t\t\t\t<\/div>\n\t\t\t\t<\/div>\n\t\t\t\t\t<\/div>\n\t\t\t\t<\/div>\n\t\t<div class=\"elementor-element elementor-element-7bd233f e-flex e-con-boxed e-con e-parent\" data-id=\"7bd233f\" data-element_type=\"container\">\n\t\t\t\t\t<div class=\"e-con-inner\">\n\t\t\t\t<div class=\"elementor-element elementor-element-b257d84 elementor-widget-divider--view-line elementor-widget elementor-widget-divider\" data-id=\"b257d84\" data-element_type=\"widget\" data-widget_type=\"divider.default\">\n\t\t\t\t<div class=\"elementor-widget-container\">\n\t\t\t\t\t\t\t<div class=\"elementor-divider\">\n\t\t\t<span class=\"elementor-divider-separator\">\n\t\t\t\t\t\t<\/span>\n\t\t<\/div>\n\t\t\t\t\t\t<\/div>\n\t\t\t\t<\/div>\n\t\t\t\t<div class=\"elementor-element elementor-element-b5f2e0f elementor-widget elementor-widget-heading\" data-id=\"b5f2e0f\" data-element_type=\"widget\" data-widget_type=\"heading.default\">\n\t\t\t\t<div class=\"elementor-widget-container\">\n\t\t\t\t\t<h2 class=\"elementor-heading-title elementor-size-default\"><a href=\"http:\/\/birimler.atauni.edu.tr\/veteriner-fakultesi\/wp-content\/uploads\/sites\/76\/2020\/07\/2023-2024-EGITIM-OGRETIM-YILI-BAHAR-DONEMI-ARA-SINAV-PROGRAMI.pdf\">2023-2024 Bahar Yar\u0131y\u0131l\u0131 Ara S\u0131nav Takvimi<\/a><\/h2>\t\t\t\t<\/div>\n\t\t\t\t<\/div>\n\t\t\t\t<div class=\"elementor-element elementor-element-1bf87e3 elementor-widget-divider--view-line elementor-widget elementor-widget-divider\" data-id=\"1bf87e3\" data-element_type=\"widget\" data-widget_type=\"divider.default\">\n\t\t\t\t<div class=\"elementor-widget-container\">\n\t\t\t\t\t\t\t<div class=\"elementor-divider\">\n\t\t\t<span class=\"elementor-divider-separator\">\n\t\t\t\t\t\t<\/span>\n\t\t<\/div>\n\t\t\t\t\t\t<\/div>\n\t\t\t\t<\/div>\n\t\t\t\t\t<\/div>\n\t\t\t\t<\/div>\n\t\t<div class=\"elementor-element elementor-element-b9a3f6e e-flex e-con-boxed e-con e-parent\" data-id=\"b9a3f6e\" data-element_type=\"container\">\n\t\t\t\t\t<div class=\"e-con-inner\">\n\t\t\t\t<div class=\"elementor-element elementor-element-f924b9b elementor-widget-divider--view-line elementor-widget elementor-widget-divider\" data-id=\"f924b9b\" data-element_type=\"widget\" data-widget_type=\"divider.default\">\n\t\t\t\t<div class=\"elementor-widget-container\">\n\t\t\t\t\t\t\t<div class=\"elementor-divider\">\n\t\t\t<span class=\"elementor-divider-separator\">\n\t\t\t\t\t\t<\/span>\n\t\t<\/div>\n\t\t\t\t\t\t<\/div>\n\t\t\t\t<\/div>\n\t\t\t\t<div class=\"elementor-element elementor-element-4259040 elementor-widget elementor-widget-heading\" data-id=\"4259040\" data-element_type=\"widget\" data-widget_type=\"heading.default\">\n\t\t\t\t<div class=\"elementor-widget-container\">\n\t\t\t\t\t<h2 class=\"elementor-heading-title elementor-size-default\"><a href=\"http:\/\/birimler.atauni.edu.tr\/veteriner-fakultesi\/wp-content\/uploads\/sites\/76\/2020\/07\/23-24-Guz-Sinav-takvimi.pdf\">2023-2024 G\u00fcz Yar\u0131y\u0131l\u0131 S\u0131nav Takvimi<\/a><\/h2>\t\t\t\t<\/div>\n\t\t\t\t<\/div>\n\t\t\t\t<div class=\"elementor-element elementor-element-eec22ca elementor-widget-divider--view-line elementor-widget elementor-widget-divider\" data-id=\"eec22ca\" data-element_type=\"widget\" data-widget_type=\"divider.default\">\n\t\t\t\t<div class=\"elementor-widget-container\">\n\t\t\t\t\t\t\t<div class=\"elementor-divider\">\n\t\t\t<span class=\"elementor-divider-separator\">\n\t\t\t\t\t\t<\/span>\n\t\t<\/div>\n\t\t\t\t\t\t<\/div>\n\t\t\t\t<\/div>\n\t\t\t\t\t<\/div>\n\t\t\t\t<\/div>\n\t\t\t\t<\/div>\n\t\t","protected":false},"excerpt":{"rendered":"<p>2025-2026 E\u011fitim-\u00d6\u011fretim Y\u0131l\u0131 Bahar D\u00f6nemi Ara S\u0131nav Program\u0131 2025-2026 G\u00fcz Yar\u0131y\u0131l\u0131 Final ve B\u00fct\u00fcnleme S\u0131nav Takvimi 2025-2026 G\u00fcz Yar\u0131y\u0131l\u0131 Ara S\u0131nav Takvimi 2024-2025 Bahar Yar\u0131y\u0131l\u0131 Final ve B\u00fct\u00fcnleme S\u0131nav Takvimi 2024-2025 G\u00fcz Yar\u0131y\u0131l\u0131 Ara S\u0131nav Takvimi 2023-2024 Bahar Yar\u0131y\u0131l\u0131 Final ve B\u00fct\u00fcnleme S\u0131nav Takvimi 2023-2024 Bahar Yar\u0131y\u0131l\u0131 Ara S\u0131nav Takvimi 2023-2024 G\u00fcz Yar\u0131y\u0131l\u0131 S\u0131nav Takvimi<\/p>\n","protected":false},"author":65,"featured_media":0,"parent":0,"menu_order":0,"comment_status":"closed","ping_status":"closed","template":"","meta":{"footnotes":""},"class_list":["post-10010","page","type-page","status-publish","hentry"],"_links":{"self":[{"href":"https:\/\/atauni.edu.tr\/veteriner-fakultesi\/wp-json\/wp\/v2\/pages\/10010","targetHints":{"allow":["GET"]}}],"collection":[{"href":"https:\/\/atauni.edu.tr\/veteriner-fakultesi\/wp-json\/wp\/v2\/pages"}],"about":[{"href":"https:\/\/atauni.edu.tr\/veteriner-fakultesi\/wp-json\/wp\/v2\/types\/page"}],"author":[{"embeddable":true,"href":"https:\/\/atauni.edu.tr\/veteriner-fakultesi\/wp-json\/wp\/v2\/users\/65"}],"replies":[{"embeddable":true,"href":"https:\/\/atauni.edu.tr\/veteriner-fakultesi\/wp-json\/wp\/v2\/comments?post=10010"}],"version-history":[{"count":85,"href":"https:\/\/atauni.edu.tr\/veteriner-fakultesi\/wp-json\/wp\/v2\/pages\/10010\/revisions"}],"predecessor-version":[{"id":21848,"href":"https:\/\/atauni.edu.tr\/veteriner-fakultesi\/wp-json\/wp\/v2\/pages\/10010\/revisions\/21848"}],"wp:attachment":[{"href":"https:\/\/atauni.edu.tr\/veteriner-fakultesi\/wp-json\/wp\/v2\/media?parent=10010"}],"curies":[{"name":"wp","href":"https:\/\/api.w.org\/{rel}","templated":true}]}}