{"id":12907,"date":"2024-01-02T10:35:12","date_gmt":"2024-01-02T07:35:12","guid":{"rendered":"https:\/\/birimler.atauni.edu.tr\/veteriner-fakultesi\/?page_id=12907"},"modified":"2026-02-10T16:01:08","modified_gmt":"2026-02-10T13:01:08","slug":"ders-programlari","status":"publish","type":"page","link":"https:\/\/atauni.edu.tr\/veteriner-fakultesi\/ders-programlari\/","title":{"rendered":"Ders Programlar\u0131"},"content":{"rendered":"\t\t<div data-elementor-type=\"wp-page\" data-elementor-id=\"12907\" class=\"elementor elementor-12907\" data-elementor-post-type=\"page\">\n\t\t\t\t<div class=\"elementor-element elementor-element-65800ec e-flex e-con-boxed e-con e-parent\" data-id=\"65800ec\" data-element_type=\"container\">\n\t\t\t\t\t<div class=\"e-con-inner\">\n\t\t\t\t<div class=\"elementor-element elementor-element-2697d4b elementor-widget-divider--view-line elementor-widget elementor-widget-divider\" data-id=\"2697d4b\" data-element_type=\"widget\" data-widget_type=\"divider.default\">\n\t\t\t\t<div class=\"elementor-widget-container\">\n\t\t\t\t\t\t\t<div class=\"elementor-divider\">\n\t\t\t<span class=\"elementor-divider-separator\">\n\t\t\t\t\t\t<\/span>\n\t\t<\/div>\n\t\t\t\t\t\t<\/div>\n\t\t\t\t<\/div>\n\t\t\t\t<div class=\"elementor-element elementor-element-e05e2ce elementor-widget elementor-widget-heading\" data-id=\"e05e2ce\" data-element_type=\"widget\" data-widget_type=\"heading.default\">\n\t\t\t\t<div class=\"elementor-widget-container\">\n\t\t\t\t\t<h2 class=\"elementor-heading-title elementor-size-medium\"><a href=\"http:\/\/birimler.atauni.edu.tr\/veteriner-fakultesi\/wp-content\/uploads\/sites\/76\/2026\/01\/2025-2026-EGITIM-OGRETIM-YILI-BAHAR-YARIYILI-DERS-PROGRAMI-1.pdf\">2025-2026 Bahar Ders Program\u0131<\/a><\/h2>\t\t\t\t<\/div>\n\t\t\t\t<\/div>\n\t\t\t\t<div class=\"elementor-element elementor-element-33a017e elementor-widget-divider--view-line elementor-widget elementor-widget-divider\" data-id=\"33a017e\" data-element_type=\"widget\" data-widget_type=\"divider.default\">\n\t\t\t\t<div class=\"elementor-widget-container\">\n\t\t\t\t\t\t\t<div class=\"elementor-divider\">\n\t\t\t<span class=\"elementor-divider-separator\">\n\t\t\t\t\t\t<\/span>\n\t\t<\/div>\n\t\t\t\t\t\t<\/div>\n\t\t\t\t<\/div>\n\t\t\t\t\t<\/div>\n\t\t\t\t<\/div>\n\t\t<div class=\"elementor-element elementor-element-19f1ea9 e-flex e-con-boxed e-con e-parent\" data-id=\"19f1ea9\" data-element_type=\"container\">\n\t\t\t\t\t<div class=\"e-con-inner\">\n\t\t\t\t<div class=\"elementor-element elementor-element-418ed75 elementor-widget elementor-widget-heading\" data-id=\"418ed75\" data-element_type=\"widget\" data-widget_type=\"heading.default\">\n\t\t\t\t<div class=\"elementor-widget-container\">\n\t\t\t\t\t<h2 class=\"elementor-heading-title elementor-size-medium\"><a href=\"http:\/\/birimler.atauni.edu.tr\/veteriner-fakultesi\/wp-content\/uploads\/sites\/76\/2025\/09\/2025-2026-EGITIM-OGRETIM-YILI-GUZ-YARIYILI-DERS-PROGRAMI.pdf\">2025-2026 G\u00fcz Ders Program\u0131<\/a><\/h2>\t\t\t\t<\/div>\n\t\t\t\t<\/div>\n\t\t\t\t<div class=\"elementor-element elementor-element-6dce44b elementor-widget-divider--view-line elementor-widget elementor-widget-divider\" data-id=\"6dce44b\" data-element_type=\"widget\" data-widget_type=\"divider.default\">\n\t\t\t\t<div class=\"elementor-widget-container\">\n\t\t\t\t\t\t\t<div class=\"elementor-divider\">\n\t\t\t<span class=\"elementor-divider-separator\">\n\t\t\t\t\t\t<\/span>\n\t\t<\/div>\n\t\t\t\t\t\t<\/div>\n\t\t\t\t<\/div>\n\t\t\t\t\t<\/div>\n\t\t\t\t<\/div>\n\t\t<div class=\"elementor-element elementor-element-9a96969 e-flex e-con-boxed e-con e-parent\" data-id=\"9a96969\" data-element_type=\"container\">\n\t\t\t\t\t<div class=\"e-con-inner\">\n\t\t\t\t<div class=\"elementor-element elementor-element-c2d3a75 elementor-widget elementor-widget-heading\" data-id=\"c2d3a75\" data-element_type=\"widget\" data-widget_type=\"heading.default\">\n\t\t\t\t<div class=\"elementor-widget-container\">\n\t\t\t\t\t<h2 class=\"elementor-heading-title elementor-size-medium\"><a href=\"http:\/\/birimler.atauni.edu.tr\/veteriner-fakultesi\/wp-content\/uploads\/sites\/76\/2025\/05\/2024-2025-Bahar-Ders-Programi.pdf\">2024-2025 Bahar Ders Program\u0131<\/a><\/h2>\t\t\t\t<\/div>\n\t\t\t\t<\/div>\n\t\t\t\t<div class=\"elementor-element elementor-element-973a314 elementor-widget-divider--view-line elementor-widget elementor-widget-divider\" data-id=\"973a314\" data-element_type=\"widget\" data-widget_type=\"divider.default\">\n\t\t\t\t<div class=\"elementor-widget-container\">\n\t\t\t\t\t\t\t<div class=\"elementor-divider\">\n\t\t\t<span class=\"elementor-divider-separator\">\n\t\t\t\t\t\t<\/span>\n\t\t<\/div>\n\t\t\t\t\t\t<\/div>\n\t\t\t\t<\/div>\n\t\t\t\t\t<\/div>\n\t\t\t\t<\/div>\n\t\t<div class=\"elementor-element elementor-element-2e2bace e-flex e-con-boxed e-con e-parent\" data-id=\"2e2bace\" data-element_type=\"container\">\n\t\t\t\t\t<div class=\"e-con-inner\">\n\t\t\t\t<div class=\"elementor-element elementor-element-d48090e elementor-widget elementor-widget-heading\" data-id=\"d48090e\" data-element_type=\"widget\" data-widget_type=\"heading.default\">\n\t\t\t\t<div class=\"elementor-widget-container\">\n\t\t\t\t\t<h2 class=\"elementor-heading-title elementor-size-medium\"><a href=\"http:\/\/birimler.atauni.edu.tr\/veteriner-fakultesi\/wp-content\/uploads\/sites\/76\/2020\/07\/2024-2025-Guz-Ders-Programi.pdf\">2024-2025 G\u00fcz Ders Program\u0131<\/a><\/h2>\t\t\t\t<\/div>\n\t\t\t\t<\/div>\n\t\t\t\t<div class=\"elementor-element elementor-element-260678f elementor-widget-divider--view-line elementor-widget elementor-widget-divider\" data-id=\"260678f\" data-element_type=\"widget\" data-widget_type=\"divider.default\">\n\t\t\t\t<div class=\"elementor-widget-container\">\n\t\t\t\t\t\t\t<div class=\"elementor-divider\">\n\t\t\t<span class=\"elementor-divider-separator\">\n\t\t\t\t\t\t<\/span>\n\t\t<\/div>\n\t\t\t\t\t\t<\/div>\n\t\t\t\t<\/div>\n\t\t\t\t\t<\/div>\n\t\t\t\t<\/div>\n\t\t<div class=\"elementor-element elementor-element-9e15f8a e-flex e-con-boxed e-con e-parent\" data-id=\"9e15f8a\" data-element_type=\"container\">\n\t\t\t\t\t<div class=\"e-con-inner\">\n\t\t\t\t<div class=\"elementor-element elementor-element-c160904 elementor-widget elementor-widget-heading\" data-id=\"c160904\" data-element_type=\"widget\" data-widget_type=\"heading.default\">\n\t\t\t\t<div class=\"elementor-widget-container\">\n\t\t\t\t\t<h2 class=\"elementor-heading-title elementor-size-medium\"><a href=\"http:\/\/birimler.atauni.edu.tr\/veteriner-fakultesi\/wp-content\/uploads\/sites\/76\/2020\/07\/22-23-Bahar-Sinav-takvimi.pdf\">2022-2023 Bahar Ders Program\u0131<\/a><\/h2>\t\t\t\t<\/div>\n\t\t\t\t<\/div>\n\t\t\t\t<div class=\"elementor-element elementor-element-7392919 elementor-widget-divider--view-line elementor-widget elementor-widget-divider\" data-id=\"7392919\" data-element_type=\"widget\" data-widget_type=\"divider.default\">\n\t\t\t\t<div class=\"elementor-widget-container\">\n\t\t\t\t\t\t\t<div class=\"elementor-divider\">\n\t\t\t<span class=\"elementor-divider-separator\">\n\t\t\t\t\t\t<\/span>\n\t\t<\/div>\n\t\t\t\t\t\t<\/div>\n\t\t\t\t<\/div>\n\t\t\t\t\t<\/div>\n\t\t\t\t<\/div>\n\t\t<div class=\"elementor-element elementor-element-ab03046 e-flex e-con-boxed e-con e-parent\" data-id=\"ab03046\" data-element_type=\"container\">\n\t\t\t\t\t<div class=\"e-con-inner\">\n\t\t\t\t<div class=\"elementor-element elementor-element-48e7e4b elementor-widget elementor-widget-heading\" data-id=\"48e7e4b\" data-element_type=\"widget\" data-widget_type=\"heading.default\">\n\t\t\t\t<div class=\"elementor-widget-container\">\n\t\t\t\t\t<h2 class=\"elementor-heading-title elementor-size-medium\"><a href=\"http:\/\/birimler.atauni.edu.tr\/veteriner-fakultesi\/wp-content\/uploads\/sites\/76\/2020\/07\/22-23-Guz-Sinav-takvimi.pdf\">2022-2023 G\u00fcz Ders Program\u0131<\/a><\/h2>\t\t\t\t<\/div>\n\t\t\t\t<\/div>\n\t\t\t\t<div class=\"elementor-element elementor-element-c337144 elementor-widget-divider--view-line elementor-widget elementor-widget-divider\" data-id=\"c337144\" data-element_type=\"widget\" data-widget_type=\"divider.default\">\n\t\t\t\t<div class=\"elementor-widget-container\">\n\t\t\t\t\t\t\t<div class=\"elementor-divider\">\n\t\t\t<span class=\"elementor-divider-separator\">\n\t\t\t\t\t\t<\/span>\n\t\t<\/div>\n\t\t\t\t\t\t<\/div>\n\t\t\t\t<\/div>\n\t\t\t\t\t<\/div>\n\t\t\t\t<\/div>\n\t\t<div class=\"elementor-element elementor-element-646ce0d e-flex e-con-boxed e-con e-parent\" data-id=\"646ce0d\" data-element_type=\"container\">\n\t\t\t\t\t<div class=\"e-con-inner\">\n\t\t\t\t<div class=\"elementor-element elementor-element-873b0ec elementor-widget elementor-widget-heading\" data-id=\"873b0ec\" data-element_type=\"widget\" data-widget_type=\"heading.default\">\n\t\t\t\t<div class=\"elementor-widget-container\">\n\t\t\t\t\t<h2 class=\"elementor-heading-title elementor-size-medium\"><a href=\"http:\/\/birimler.atauni.edu.tr\/veteriner-fakultesi\/wp-content\/uploads\/sites\/76\/2020\/07\/21-22-Bahar-Sinav-takvimi.pdf\">2021-2022 Bahar Ders Program\u0131<\/a><\/h2>\t\t\t\t<\/div>\n\t\t\t\t<\/div>\n\t\t\t\t<div class=\"elementor-element elementor-element-3724ab9 elementor-widget-divider--view-line elementor-widget elementor-widget-divider\" data-id=\"3724ab9\" data-element_type=\"widget\" data-widget_type=\"divider.default\">\n\t\t\t\t<div class=\"elementor-widget-container\">\n\t\t\t\t\t\t\t<div class=\"elementor-divider\">\n\t\t\t<span class=\"elementor-divider-separator\">\n\t\t\t\t\t\t<\/span>\n\t\t<\/div>\n\t\t\t\t\t\t<\/div>\n\t\t\t\t<\/div>\n\t\t\t\t\t<\/div>\n\t\t\t\t<\/div>\n\t\t\t\t<\/div>\n\t\t","protected":false},"excerpt":{"rendered":"<p>2025-2026 Bahar Ders Program\u0131 2025-2026 G\u00fcz Ders Program\u0131 2024-2025 Bahar Ders Program\u0131 2024-2025 G\u00fcz Ders Program\u0131 2022-2023 Bahar Ders Program\u0131 2022-2023 G\u00fcz Ders Program\u0131 2021-2022 Bahar Ders Program\u0131<\/p>\n","protected":false},"author":65,"featured_media":0,"parent":0,"menu_order":0,"comment_status":"closed","ping_status":"closed","template":"","meta":{"footnotes":""},"class_list":["post-12907","page","type-page","status-publish","hentry"],"_links":{"self":[{"href":"https:\/\/atauni.edu.tr\/veteriner-fakultesi\/wp-json\/wp\/v2\/pages\/12907","targetHints":{"allow":["GET"]}}],"collection":[{"href":"https:\/\/atauni.edu.tr\/veteriner-fakultesi\/wp-json\/wp\/v2\/pages"}],"about":[{"href":"https:\/\/atauni.edu.tr\/veteriner-fakultesi\/wp-json\/wp\/v2\/types\/page"}],"author":[{"embeddable":true,"href":"https:\/\/atauni.edu.tr\/veteriner-fakultesi\/wp-json\/wp\/v2\/users\/65"}],"replies":[{"embeddable":true,"href":"https:\/\/atauni.edu.tr\/veteriner-fakultesi\/wp-json\/wp\/v2\/comments?post=12907"}],"version-history":[{"count":58,"href":"https:\/\/atauni.edu.tr\/veteriner-fakultesi\/wp-json\/wp\/v2\/pages\/12907\/revisions"}],"predecessor-version":[{"id":21385,"href":"https:\/\/atauni.edu.tr\/veteriner-fakultesi\/wp-json\/wp\/v2\/pages\/12907\/revisions\/21385"}],"wp:attachment":[{"href":"https:\/\/atauni.edu.tr\/veteriner-fakultesi\/wp-json\/wp\/v2\/media?parent=12907"}],"curies":[{"name":"wp","href":"https:\/\/api.w.org\/{rel}","templated":true}]}}