{"id":13834,"date":"2024-01-13T16:25:13","date_gmt":"2024-01-13T13:25:13","guid":{"rendered":"https:\/\/birimler.atauni.edu.tr\/veteriner-fakultesi\/?page_id=13834"},"modified":"2024-01-13T16:31:41","modified_gmt":"2024-01-13T13:31:41","slug":"hayvan-hastanesi-gorev-tanimlari","status":"publish","type":"page","link":"https:\/\/atauni.edu.tr\/veteriner-fakultesi\/hayvan-hastanesi-gorev-tanimlari\/","title":{"rendered":"Hayvan Hastanesi G\u00f6rev Tan\u0131mlar\u0131"},"content":{"rendered":"\t\t<div data-elementor-type=\"wp-page\" data-elementor-id=\"13834\" class=\"elementor elementor-13834\" data-elementor-post-type=\"page\">\n\t\t\t\t<div class=\"elementor-element elementor-element-4d68d1b e-flex e-con-boxed e-con e-parent\" data-id=\"4d68d1b\" data-element_type=\"container\">\n\t\t\t\t\t<div class=\"e-con-inner\">\n\t\t<div class=\"elementor-element elementor-element-4519971 e-flex e-con-boxed e-con e-child\" data-id=\"4519971\" data-element_type=\"container\">\n\t\t\t\t\t<div class=\"e-con-inner\">\n\t\t\t\t<div class=\"elementor-element elementor-element-b3fb7ee e-n-tabs-mobile elementor-widget elementor-widget-n-tabs\" data-id=\"b3fb7ee\" data-element_type=\"widget\" data-settings=\"{&quot;tabs_justify_horizontal&quot;:&quot;center&quot;,&quot;horizontal_scroll&quot;:&quot;disable&quot;}\" data-widget_type=\"nested-tabs.default\">\n\t\t\t\t<div class=\"elementor-widget-container\">\n\t\t\t\t\t\t\t<div class=\"e-n-tabs\" data-widget-number=\"188725230\" aria-label=\"Sekmeler. Enter ve Space ile \u00f6geleri a\u00e7abilir, Escape ile \u00f6geleri kapatabilir ve Y\u00f6n tu\u015flar\u0131 ile \u00f6geler aras\u0131nda gezinebilirsiniz.\">\n\t\t\t<div class=\"e-n-tabs-heading\" role=\"tablist\">\n\t\t\t\t\t<button id=\"e-n-tab-title-1887252301\" data-tab-title-id=\"e-n-tab-title-1887252301\" class=\"e-n-tab-title elementor-animation-push\" aria-selected=\"true\" data-tab-index=\"1\" role=\"tab\" tabindex=\"0\" aria-controls=\"e-n-tab-content-1887252301\" style=\"--n-tabs-title-order: 1;\">\n\t\t\t\t\t\t<span class=\"e-n-tab-title-text\">\n\t\t\t\tHayvan Hastanesi G\u00f6rev Tan\u0131mlar\u0131\t\t\t<\/span>\n\t\t<\/button>\n\t\t\t\t\t<\/div>\n\t\t\t<div class=\"e-n-tabs-content\">\n\t\t\t\t<div id=\"e-n-tab-content-1887252301\" role=\"tabpanel\" aria-labelledby=\"e-n-tab-title-1887252301\" data-tab-index=\"1\" style=\"--n-tabs-title-order: 1;\" class=\"e-active elementor-element elementor-element-f6553e0 e-con-full e-flex e-con e-child\" data-id=\"f6553e0\" data-element_type=\"container\">\n\t\t\t\t<div class=\"elementor-element elementor-element-bd9b23f elementor-align-center elementor-icon-list--layout-traditional elementor-list-item-link-full_width elementor-widget elementor-widget-icon-list\" data-id=\"bd9b23f\" data-element_type=\"widget\" data-widget_type=\"icon-list.default\">\n\t\t\t\t<div class=\"elementor-widget-container\">\n\t\t\t\t\t\t\t<ul class=\"elementor-icon-list-items\">\n\t\t\t\t\t\t\t<li class=\"elementor-icon-list-item\">\n\t\t\t\t\t\t\t\t\t\t\t<a href=\"http:\/\/birimler.atauni.edu.tr\/veteriner-fakultesi\/wp-content\/uploads\/sites\/76\/2020\/07\/ATAUNI.HH_.02.pdf\">\n\n\t\t\t\t\t\t\t\t\t\t\t\t<span class=\"elementor-icon-list-icon\">\n\t\t\t\t\t\t\t<i aria-hidden=\"true\" class=\"fas fa-dot-circle\"><\/i>\t\t\t\t\t\t<\/span>\n\t\t\t\t\t\t\t\t\t\t<span class=\"elementor-icon-list-text\">Laborant<\/span>\n\t\t\t\t\t\t\t\t\t\t\t<\/a>\n\t\t\t\t\t\t\t\t\t<\/li>\n\t\t\t\t\t\t\t\t<li class=\"elementor-icon-list-item\">\n\t\t\t\t\t\t\t\t\t\t\t<a href=\"http:\/\/birimler.atauni.edu.tr\/veteriner-fakultesi\/wp-content\/uploads\/sites\/76\/2020\/07\/ATAUNI.HH_.03.pdf\">\n\n\t\t\t\t\t\t\t\t\t\t\t\t<span class=\"elementor-icon-list-icon\">\n\t\t\t\t\t\t\t<i aria-hidden=\"true\" class=\"fas fa-dot-circle\"><\/i>\t\t\t\t\t\t<\/span>\n\t\t\t\t\t\t\t\t\t\t<span class=\"elementor-icon-list-text\">Sorumlu \u00d6\u011fretim \u00dcyesi<\/span>\n\t\t\t\t\t\t\t\t\t\t\t<\/a>\n\t\t\t\t\t\t\t\t\t<\/li>\n\t\t\t\t\t\t\t\t<li class=\"elementor-icon-list-item\">\n\t\t\t\t\t\t\t\t\t\t\t<a href=\"http:\/\/birimler.atauni.edu.tr\/veteriner-fakultesi\/wp-content\/uploads\/sites\/76\/2020\/07\/ATAUNI.HH_.04.pdf\">\n\n\t\t\t\t\t\t\t\t\t\t\t\t<span class=\"elementor-icon-list-icon\">\n\t\t\t\t\t\t\t<i aria-hidden=\"true\" class=\"fas fa-dot-circle\"><\/i>\t\t\t\t\t\t<\/span>\n\t\t\t\t\t\t\t\t\t\t<span class=\"elementor-icon-list-text\">Veteriner Sa\u011fl\u0131k Teknikeri<\/span>\n\t\t\t\t\t\t\t\t\t\t\t<\/a>\n\t\t\t\t\t\t\t\t\t<\/li>\n\t\t\t\t\t\t\t\t<li class=\"elementor-icon-list-item\">\n\t\t\t\t\t\t\t\t\t\t\t<a href=\"http:\/\/birimler.atauni.edu.tr\/veteriner-fakultesi\/wp-content\/uploads\/sites\/76\/2020\/07\/ATAUNI.HH_.06.pdf\">\n\n\t\t\t\t\t\t\t\t\t\t\t\t<span class=\"elementor-icon-list-icon\">\n\t\t\t\t\t\t\t<i aria-hidden=\"true\" class=\"fas fa-dot-circle\"><\/i>\t\t\t\t\t\t<\/span>\n\t\t\t\t\t\t\t\t\t\t<span class=\"elementor-icon-list-text\">Eczane ve Sarf Malzeme Sorumlusu<\/span>\n\t\t\t\t\t\t\t\t\t\t\t<\/a>\n\t\t\t\t\t\t\t\t\t<\/li>\n\t\t\t\t\t\t\t\t<li class=\"elementor-icon-list-item\">\n\t\t\t\t\t\t\t\t\t\t\t<a href=\"http:\/\/birimler.atauni.edu.tr\/veteriner-fakultesi\/wp-content\/uploads\/sites\/76\/2020\/07\/ATAUNI.HH_.07.pdf\">\n\n\t\t\t\t\t\t\t\t\t\t\t\t<span class=\"elementor-icon-list-icon\">\n\t\t\t\t\t\t\t<i aria-hidden=\"true\" class=\"fas fa-dot-circle\"><\/i>\t\t\t\t\t\t<\/span>\n\t\t\t\t\t\t\t\t\t\t<span class=\"elementor-icon-list-text\">Doktora\/Y\u00fcksek Lisans \u00d6\u011frencisi<\/span>\n\t\t\t\t\t\t\t\t\t\t\t<\/a>\n\t\t\t\t\t\t\t\t\t<\/li>\n\t\t\t\t\t\t\t\t<li class=\"elementor-icon-list-item\">\n\t\t\t\t\t\t\t\t\t\t\t<a href=\"http:\/\/birimler.atauni.edu.tr\/veteriner-fakultesi\/wp-content\/uploads\/sites\/76\/2020\/07\/ATAUNI.HH_.10.pdf\">\n\n\t\t\t\t\t\t\t\t\t\t\t\t<span class=\"elementor-icon-list-icon\">\n\t\t\t\t\t\t\t<i aria-hidden=\"true\" class=\"fas fa-dot-circle\"><\/i>\t\t\t\t\t\t<\/span>\n\t\t\t\t\t\t\t\t\t\t<span class=\"elementor-icon-list-text\">Ba\u015fhekim Yard\u0131mc\u0131s\u0131<\/span>\n\t\t\t\t\t\t\t\t\t\t\t<\/a>\n\t\t\t\t\t\t\t\t\t<\/li>\n\t\t\t\t\t\t\t\t<li class=\"elementor-icon-list-item\">\n\t\t\t\t\t\t\t\t\t\t\t<a href=\"http:\/\/birimler.atauni.edu.tr\/veteriner-fakultesi\/wp-content\/uploads\/sites\/76\/2020\/07\/ATAUNI.HH_.11.pdf\">\n\n\t\t\t\t\t\t\t\t\t\t\t\t<span class=\"elementor-icon-list-icon\">\n\t\t\t\t\t\t\t<i aria-hidden=\"true\" class=\"fas fa-dot-circle\"><\/i>\t\t\t\t\t\t<\/span>\n\t\t\t\t\t\t\t\t\t\t<span class=\"elementor-icon-list-text\">Ba\u015fhekim<\/span>\n\t\t\t\t\t\t\t\t\t\t\t<\/a>\n\t\t\t\t\t\t\t\t\t<\/li>\n\t\t\t\t\t\t\t\t<li class=\"elementor-icon-list-item\">\n\t\t\t\t\t\t\t\t\t\t\t<a href=\"http:\/\/birimler.atauni.edu.tr\/veteriner-fakultesi\/wp-content\/uploads\/sites\/76\/2020\/07\/ATAUNI.HH_.15.pdf\">\n\n\t\t\t\t\t\t\t\t\t\t\t\t<span class=\"elementor-icon-list-icon\">\n\t\t\t\t\t\t\t<i aria-hidden=\"true\" class=\"fas fa-dot-circle\"><\/i>\t\t\t\t\t\t<\/span>\n\t\t\t\t\t\t\t\t\t\t<span class=\"elementor-icon-list-text\">Hastane M\u00fcd\u00fcr\u00fc<\/span>\n\t\t\t\t\t\t\t\t\t\t\t<\/a>\n\t\t\t\t\t\t\t\t\t<\/li>\n\t\t\t\t\t\t\t\t<li class=\"elementor-icon-list-item\">\n\t\t\t\t\t\t\t\t\t\t\t<a href=\"http:\/\/birimler.atauni.edu.tr\/veteriner-fakultesi\/wp-content\/uploads\/sites\/76\/2020\/07\/ATAUNI.HH_.18.pdf\">\n\n\t\t\t\t\t\t\t\t\t\t\t\t<span class=\"elementor-icon-list-icon\">\n\t\t\t\t\t\t\t<i aria-hidden=\"true\" class=\"fas fa-dot-circle\"><\/i>\t\t\t\t\t\t<\/span>\n\t\t\t\t\t\t\t\t\t\t<span class=\"elementor-icon-list-text\">\u0130cap N\u00f6bet\u00e7isi Veteriner Hekim<\/span>\n\t\t\t\t\t\t\t\t\t\t\t<\/a>\n\t\t\t\t\t\t\t\t\t<\/li>\n\t\t\t\t\t\t\t\t<li class=\"elementor-icon-list-item\">\n\t\t\t\t\t\t\t\t\t\t\t<a href=\"http:\/\/birimler.atauni.edu.tr\/veteriner-fakultesi\/wp-content\/uploads\/sites\/76\/2020\/07\/ATAUNI.HH_.19.pdf\">\n\n\t\t\t\t\t\t\t\t\t\t\t\t<span class=\"elementor-icon-list-icon\">\n\t\t\t\t\t\t\t<i aria-hidden=\"true\" class=\"fas fa-dot-circle\"><\/i>\t\t\t\t\t\t<\/span>\n\t\t\t\t\t\t\t\t\t\t<span class=\"elementor-icon-list-text\">N\u00f6bet\u00e7i Veteriner Hekim<\/span>\n\t\t\t\t\t\t\t\t\t\t\t<\/a>\n\t\t\t\t\t\t\t\t\t<\/li>\n\t\t\t\t\t\t\t\t<li class=\"elementor-icon-list-item\">\n\t\t\t\t\t\t\t\t\t\t\t<a href=\"http:\/\/birimler.atauni.edu.tr\/veteriner-fakultesi\/wp-content\/uploads\/sites\/76\/2020\/07\/ATAUNI.HH_.26.pdf\">\n\n\t\t\t\t\t\t\t\t\t\t\t\t<span class=\"elementor-icon-list-icon\">\n\t\t\t\t\t\t\t<i aria-hidden=\"true\" class=\"fas fa-dot-circle\"><\/i>\t\t\t\t\t\t<\/span>\n\t\t\t\t\t\t\t\t\t\t<span class=\"elementor-icon-list-text\">T\u0131bbi At\u0131k Personeli<\/span>\n\t\t\t\t\t\t\t\t\t\t\t<\/a>\n\t\t\t\t\t\t\t\t\t<\/li>\n\t\t\t\t\t\t\t\t<li class=\"elementor-icon-list-item\">\n\t\t\t\t\t\t\t\t\t\t\t<a href=\"http:\/\/birimler.atauni.edu.tr\/veteriner-fakultesi\/wp-content\/uploads\/sites\/76\/2020\/07\/ATAUNI.HH_.05.pdf\">\n\n\t\t\t\t\t\t\t\t\t\t\t\t<span class=\"elementor-icon-list-icon\">\n\t\t\t\t\t\t\t<i aria-hidden=\"true\" class=\"fas fa-dot-circle\"><\/i>\t\t\t\t\t\t<\/span>\n\t\t\t\t\t\t\t\t\t\t<span class=\"elementor-icon-list-text\">Hasta Kay\u0131t Kabul Memuru<\/span>\n\t\t\t\t\t\t\t\t\t\t\t<\/a>\n\t\t\t\t\t\t\t\t\t<\/li>\n\t\t\t\t\t\t<\/ul>\n\t\t\t\t\t\t<\/div>\n\t\t\t\t<\/div>\n\t\t\t\t<\/div>\n\t\t\t\t\t<\/div>\n\t\t<\/div>\n\t\t\t\t\t\t<\/div>\n\t\t\t\t<\/div>\n\t\t\t\t\t<\/div>\n\t\t\t\t<\/div>\n\t\t\t\t\t<\/div>\n\t\t\t\t<\/div>\n\t\t\t\t<\/div>\n\t\t","protected":false},"excerpt":{"rendered":"<p>Hayvan Hastanesi G\u00f6rev Tan\u0131mlar\u0131 Laborant Sorumlu \u00d6\u011fretim \u00dcyesi Veteriner Sa\u011fl\u0131k Teknikeri Eczane ve Sarf Malzeme Sorumlusu Doktora\/Y\u00fcksek Lisans \u00d6\u011frencisi Ba\u015fhekim Yard\u0131mc\u0131s\u0131 Ba\u015fhekim Hastane M\u00fcd\u00fcr\u00fc \u0130cap N\u00f6bet\u00e7isi Veteriner Hekim N\u00f6bet\u00e7i Veteriner Hekim T\u0131bbi At\u0131k Personeli Hasta Kay\u0131t Kabul Memuru Laborant Sorumlu \u00d6\u011fretim \u00dcyesi Veteriner Sa\u011fl\u0131k Teknikeri Eczane ve Sarf Malzeme Sorumlusu Doktora\/Y\u00fcksek Lisans \u00d6\u011frencisi Ba\u015fhekim Yard\u0131mc\u0131s\u0131 [&hellip;]<\/p>\n","protected":false},"author":65,"featured_media":0,"parent":0,"menu_order":0,"comment_status":"closed","ping_status":"closed","template":"","meta":{"footnotes":""},"class_list":["post-13834","page","type-page","status-publish","hentry"],"_links":{"self":[{"href":"https:\/\/atauni.edu.tr\/veteriner-fakultesi\/wp-json\/wp\/v2\/pages\/13834","targetHints":{"allow":["GET"]}}],"collection":[{"href":"https:\/\/atauni.edu.tr\/veteriner-fakultesi\/wp-json\/wp\/v2\/pages"}],"about":[{"href":"https:\/\/atauni.edu.tr\/veteriner-fakultesi\/wp-json\/wp\/v2\/types\/page"}],"author":[{"embeddable":true,"href":"https:\/\/atauni.edu.tr\/veteriner-fakultesi\/wp-json\/wp\/v2\/users\/65"}],"replies":[{"embeddable":true,"href":"https:\/\/atauni.edu.tr\/veteriner-fakultesi\/wp-json\/wp\/v2\/comments?post=13834"}],"version-history":[{"count":16,"href":"https:\/\/atauni.edu.tr\/veteriner-fakultesi\/wp-json\/wp\/v2\/pages\/13834\/revisions"}],"predecessor-version":[{"id":13863,"href":"https:\/\/atauni.edu.tr\/veteriner-fakultesi\/wp-json\/wp\/v2\/pages\/13834\/revisions\/13863"}],"wp:attachment":[{"href":"https:\/\/atauni.edu.tr\/veteriner-fakultesi\/wp-json\/wp\/v2\/media?parent=13834"}],"curies":[{"name":"wp","href":"https:\/\/api.w.org\/{rel}","templated":true}]}}