{"id":15127,"date":"2024-06-25T19:03:54","date_gmt":"2024-06-25T16:03:54","guid":{"rendered":"https:\/\/birimler.atauni.edu.tr\/veteriner-fakultesi\/?page_id=15127"},"modified":"2024-06-26T16:55:44","modified_gmt":"2024-06-26T13:55:44","slug":"vedek-2","status":"publish","type":"page","link":"https:\/\/atauni.edu.tr\/veteriner-fakultesi\/vedek-2\/","title":{"rendered":"Vedek"},"content":{"rendered":"\t\t<div data-elementor-type=\"wp-page\" data-elementor-id=\"15127\" class=\"elementor elementor-15127\" data-elementor-post-type=\"page\">\n\t\t\t\t<div class=\"elementor-element elementor-element-460ca35 e-flex e-con-boxed e-con e-parent\" data-id=\"460ca35\" data-element_type=\"container\">\n\t\t\t\t\t<div class=\"e-con-inner\">\n\t\t<div class=\"elementor-element elementor-element-21345eb e-con-full e-flex e-con e-child\" data-id=\"21345eb\" data-element_type=\"container\">\n\t\t\t\t<div class=\"elementor-element elementor-element-9812e08 elementor-widget-divider--separator-type-pattern elementor-widget-divider--view-line elementor-widget elementor-widget-divider\" data-id=\"9812e08\" data-element_type=\"widget\" data-widget_type=\"divider.default\">\n\t\t\t\t<div class=\"elementor-widget-container\">\n\t\t\t\t\t\t\t<div class=\"elementor-divider\" style=\"--divider-pattern-url: url(&quot;data:image\/svg+xml,%3Csvg xmlns=&#039;http:\/\/www.w3.org\/2000\/svg&#039; preserveAspectRatio=&#039;none&#039; overflow=&#039;visible&#039; height=&#039;100%&#039; viewBox=&#039;0 0 24 24&#039; fill=&#039;none&#039; stroke=&#039;black&#039; stroke-width=&#039;1&#039; stroke-linecap=&#039;square&#039; stroke-miterlimit=&#039;10&#039;%3E%3Cpolyline points=&#039;0,6 6,6 6,18 18,18 18,6 24,6 \t&#039;\/%3E%3C\/svg%3E&quot;);\">\n\t\t\t<span class=\"elementor-divider-separator\">\n\t\t\t\t\t\t<\/span>\n\t\t<\/div>\n\t\t\t\t\t\t<\/div>\n\t\t\t\t<\/div>\n\t\t\t\t<div class=\"elementor-element elementor-element-e3e1ba7 elementor-widget elementor-widget-text-editor\" data-id=\"e3e1ba7\" data-element_type=\"widget\" data-widget_type=\"text-editor.default\">\n\t\t\t\t<div class=\"elementor-widget-container\">\n\t\t\t\t\t\t\t\t\t<p><span style=\"color: #000000\">Veteriner Hekimli\u011fi E\u011fitim Kurumlar\u0131 ve Programlar\u0131 De\u011ferlendirme ve Akreditasyon Derne\u011fi (VEDEK), veteriner hekimli\u011fi e\u011fitim kurumlar\u0131 ve programlar\u0131 i\u00e7in akreditasyon, de\u011ferlendirme ve bilgilendirme \u00e7al\u0131\u015fmalar\u0131 yaparak T\u00fcrkiye\u2019de veteriner hekimli\u011fi e\u011fitiminin kalitesinin y\u00fckseltilmesine katk\u0131da bulunmak amac\u0131yla faaliyet g\u00f6steren bir sivil toplum kurulu\u015fudur.<\/span><\/p><p><span style=\"color: #000000\">Derne\u011fimiz, Y\u00fcksek \u00d6\u011fretim Kurulu\u2019nun, \u201c2547 say\u0131l\u0131 Y\u00fcksek\u00f6\u011fretim Kanunu\u201dnun 7 ve 65\u2019inci maddelerine dayanarak haz\u0131rlad\u0131klar\u0131 ve 20.09.2005 tarih ve 25942 Say\u0131l\u0131 Resmi Gazetede yay\u0131nlanan \u201cY\u00fcksek\u00f6\u011fretim Kurumlar\u0131nda Akademik De\u011ferlendirme ve Kalite Geli\u015ftirme\u201d Y\u00f6netmeli\u011fi kapsam\u0131nda 07.06.2010 tarihinde kurulmu\u015ftur.<\/span><\/p><p><span style=\"color: #000000\">VEDEK taraf\u0131ndan yap\u0131lan yetkilendirme ba\u015fvurusu sonras\u0131nda Y\u00fcksek\u00f6\u011fretim Kalite Kurulu\u2019nca ger\u00e7ekle\u015ftirilen de\u011ferlendirmeler neticesinde Veteriner Hekimli\u011fi E\u011fitim Kurumlar\u0131 ve Programlar\u0131 De\u011ferlendirme ve Akreditasyon Derne\u011fine s\u00fcreli olarak ve faaliyetlerin tekrar de\u011ferlendirilmesi ko\u015fuluyla \u201cKalite De\u011ferlendirme Tescil Belgesi\u201d verilmi\u015f ve akreditasyon \u00e7al\u0131\u015fmalar\u0131nda yetkilendirilmi\u015ftir.<\/span><\/p>\t\t\t\t\t\t\t\t<\/div>\n\t\t\t\t<\/div>\n\t\t\t\t<\/div>\n\t\t<div class=\"elementor-element elementor-element-3600a6a e-con-full e-flex e-con e-child\" data-id=\"3600a6a\" data-element_type=\"container\">\n\t\t\t\t<div class=\"elementor-element elementor-element-ff79041 elementor-widget elementor-widget-image\" data-id=\"ff79041\" data-element_type=\"widget\" data-widget_type=\"image.default\">\n\t\t\t\t<div class=\"elementor-widget-container\">\n\t\t\t\t\t\t\t\t\t\t\t\t\t\t\t<img decoding=\"async\" width=\"149\" height=\"102\" src=\"http:\/\/atauni.edu.tr\/veteriner-fakultesi\/wp-content\/uploads\/sites\/76\/2020\/07\/VEDEK-e1699864121752.png\" class=\"attachment-2048x2048 size-2048x2048 wp-image-9450\" alt=\"\" \/>\t\t\t\t\t\t\t\t\t\t\t\t\t\t\t<\/div>\n\t\t\t\t<\/div>\n\t\t\t\t<\/div>\n\t\t\t\t\t<\/div>\n\t\t\t\t<\/div>\n\t\t<div class=\"elementor-element elementor-element-4ca802f e-flex e-con-boxed e-con e-parent\" data-id=\"4ca802f\" data-element_type=\"container\">\n\t\t\t\t\t<div class=\"e-con-inner\">\n\t\t\t\t<div class=\"elementor-element elementor-element-9c2e068 elementor-widget-divider--view-line elementor-widget elementor-widget-divider\" data-id=\"9c2e068\" data-element_type=\"widget\" data-widget_type=\"divider.default\">\n\t\t\t\t<div class=\"elementor-widget-container\">\n\t\t\t\t\t\t\t<div class=\"elementor-divider\">\n\t\t\t<span class=\"elementor-divider-separator\">\n\t\t\t\t\t\t<\/span>\n\t\t<\/div>\n\t\t\t\t\t\t<\/div>\n\t\t\t\t<\/div>\n\t\t\t\t<div class=\"elementor-element elementor-element-af86111 elementor-widget elementor-widget-heading\" data-id=\"af86111\" data-element_type=\"widget\" data-widget_type=\"heading.default\">\n\t\t\t\t<div class=\"elementor-widget-container\">\n\t\t\t\t\t<h2 class=\"elementor-heading-title elementor-size-default\"><a href=\"https:\/\/www.vedek.org.tr\/tarihce\">Fak\u00fcltemizin Akreditasyon S\u00fcreci<\/a><\/h2>\t\t\t\t<\/div>\n\t\t\t\t<\/div>\n\t\t\t\t\t<\/div>\n\t\t\t\t<\/div>\n\t\t<div class=\"elementor-element elementor-element-bbc4bf3 e-flex e-con-boxed e-con e-parent\" data-id=\"bbc4bf3\" data-element_type=\"container\">\n\t\t\t\t\t<div class=\"e-con-inner\">\n\t\t\t\t<div class=\"elementor-element elementor-element-25a4fb1 elementor-widget elementor-widget-text-editor\" data-id=\"25a4fb1\" data-element_type=\"widget\" data-widget_type=\"text-editor.default\">\n\t\t\t\t<div class=\"elementor-widget-container\">\n\t\t\t\t\t\t\t\t\t<p style=\"text-align: center\"><strong><span style=\"color: #000000;text-align: var(--text-align);letter-spacing: 0px\">22.03.2019 <\/span><\/strong><span style=\"text-align: var(--text-align);letter-spacing: 0px;color: #000000\">tarihli Y\u00f6netim Kurulunda fak\u00fcltemizin <\/span><span style=\"text-align: var(--text-align);letter-spacing: 0px;color: #000000\">akreditasyon ba\u015fvurusu kabul edilerek i\u015fleme al\u0131nd\u0131.<\/span><\/p><p style=\"text-align: center\"><span style=\"color: #000000;text-align: var(--text-align);letter-spacing: 0px\">\u00a0<\/span><strong><span style=\"color: #000000;text-align: var(--text-align);letter-spacing: 0px\">14 \u015eubat 2020 <\/span><\/strong><span style=\"color: #000000;text-align: var(--text-align);letter-spacing: 0px\">tarihli VAK ve ayn\u0131 tarihli Y\u00f6netim Kurulu kararlar\u0131 ile fak\u00fcltemiz <\/span><span style=\"color: #000000;text-align: var(--text-align);letter-spacing: 0px\">TVHEDS-2.SDS\u2019ine g\u00f6re 2 y\u0131l <\/span><span style=\"color: #000000;text-align: var(--text-align);letter-spacing: 0px\">s\u00fcre ile \u015fartl\u0131 akredite edildi.<\/span><\/p>\t\t\t\t\t\t\t\t<\/div>\n\t\t\t\t<\/div>\n\t\t\t\t\t<\/div>\n\t\t\t\t<\/div>\n\t\t\t\t<\/div>\n\t\t","protected":false},"excerpt":{"rendered":"<p>Veteriner Hekimli\u011fi E\u011fitim Kurumlar\u0131 ve Programlar\u0131 De\u011ferlendirme ve Akreditasyon Derne\u011fi (VEDEK), veteriner hekimli\u011fi e\u011fitim kurumlar\u0131 ve programlar\u0131 i\u00e7in akreditasyon, de\u011ferlendirme ve bilgilendirme \u00e7al\u0131\u015fmalar\u0131 yaparak T\u00fcrkiye\u2019de veteriner hekimli\u011fi e\u011fitiminin kalitesinin y\u00fckseltilmesine katk\u0131da bulunmak amac\u0131yla faaliyet g\u00f6steren bir sivil toplum kurulu\u015fudur. Derne\u011fimiz, Y\u00fcksek \u00d6\u011fretim Kurulu\u2019nun, \u201c2547 say\u0131l\u0131 Y\u00fcksek\u00f6\u011fretim Kanunu\u201dnun 7 ve 65\u2019inci maddelerine dayanarak haz\u0131rlad\u0131klar\u0131 ve 20.09.2005 [&hellip;]<\/p>\n","protected":false},"author":65,"featured_media":0,"parent":0,"menu_order":0,"comment_status":"closed","ping_status":"closed","template":"","meta":{"footnotes":""},"class_list":["post-15127","page","type-page","status-publish","hentry"],"_links":{"self":[{"href":"https:\/\/atauni.edu.tr\/veteriner-fakultesi\/wp-json\/wp\/v2\/pages\/15127","targetHints":{"allow":["GET"]}}],"collection":[{"href":"https:\/\/atauni.edu.tr\/veteriner-fakultesi\/wp-json\/wp\/v2\/pages"}],"about":[{"href":"https:\/\/atauni.edu.tr\/veteriner-fakultesi\/wp-json\/wp\/v2\/types\/page"}],"author":[{"embeddable":true,"href":"https:\/\/atauni.edu.tr\/veteriner-fakultesi\/wp-json\/wp\/v2\/users\/65"}],"replies":[{"embeddable":true,"href":"https:\/\/atauni.edu.tr\/veteriner-fakultesi\/wp-json\/wp\/v2\/comments?post=15127"}],"version-history":[{"count":55,"href":"https:\/\/atauni.edu.tr\/veteriner-fakultesi\/wp-json\/wp\/v2\/pages\/15127\/revisions"}],"predecessor-version":[{"id":15184,"href":"https:\/\/atauni.edu.tr\/veteriner-fakultesi\/wp-json\/wp\/v2\/pages\/15127\/revisions\/15184"}],"wp:attachment":[{"href":"https:\/\/atauni.edu.tr\/veteriner-fakultesi\/wp-json\/wp\/v2\/media?parent=15127"}],"curies":[{"name":"wp","href":"https:\/\/api.w.org\/{rel}","templated":true}]}}