{"id":15561,"date":"2024-10-17T12:01:47","date_gmt":"2024-10-17T09:01:47","guid":{"rendered":"https:\/\/birimler.atauni.edu.tr\/veteriner-fakultesi\/?page_id=15561"},"modified":"2025-08-07T12:12:30","modified_gmt":"2025-08-07T09:12:30","slug":"cizelge","status":"publish","type":"page","link":"https:\/\/atauni.edu.tr\/veteriner-fakultesi\/cizelge\/","title":{"rendered":"N\u00f6bet \u00c7izelgesi"},"content":{"rendered":"\t\t<div data-elementor-type=\"wp-page\" data-elementor-id=\"15561\" class=\"elementor elementor-15561\" data-elementor-post-type=\"page\">\n\t\t\t\t<div class=\"elementor-element elementor-element-a799ab2 e-flex e-con-boxed e-con e-parent\" data-id=\"a799ab2\" data-element_type=\"container\">\n\t\t\t\t\t<div class=\"e-con-inner\">\n\t\t\t\t<div class=\"elementor-element elementor-element-0ac0e18 elementor-widget-divider--view-line elementor-widget elementor-widget-divider\" data-id=\"0ac0e18\" data-element_type=\"widget\" data-widget_type=\"divider.default\">\n\t\t\t\t<div class=\"elementor-widget-container\">\n\t\t\t\t\t\t\t<div class=\"elementor-divider\">\n\t\t\t<span class=\"elementor-divider-separator\">\n\t\t\t\t\t\t<\/span>\n\t\t<\/div>\n\t\t\t\t\t\t<\/div>\n\t\t\t\t<\/div>\n\t\t\t\t<div class=\"elementor-element elementor-element-1b75ccb elementor-widget elementor-widget-heading\" data-id=\"1b75ccb\" data-element_type=\"widget\" data-widget_type=\"heading.default\">\n\t\t\t\t<div class=\"elementor-widget-container\">\n\t\t\t\t\t<h2 class=\"elementor-heading-title elementor-size-medium\">N\u00f6bet \u00c7izelgelerimiz<\/h2>\t\t\t\t<\/div>\n\t\t\t\t<\/div>\n\t\t\t\t<div class=\"elementor-element elementor-element-e55b2f7 elementor-widget-divider--view-line elementor-widget elementor-widget-divider\" data-id=\"e55b2f7\" data-element_type=\"widget\" data-widget_type=\"divider.default\">\n\t\t\t\t<div class=\"elementor-widget-container\">\n\t\t\t\t\t\t\t<div class=\"elementor-divider\">\n\t\t\t<span class=\"elementor-divider-separator\">\n\t\t\t\t\t\t<\/span>\n\t\t<\/div>\n\t\t\t\t\t\t<\/div>\n\t\t\t\t<\/div>\n\t\t\t\t\t<\/div>\n\t\t\t\t<\/div>\n\t\t<div class=\"elementor-element elementor-element-f306d27 e-flex e-con-boxed e-con e-parent\" data-id=\"f306d27\" data-element_type=\"container\">\n\t\t\t\t\t<div class=\"e-con-inner\">\n\t\t\t\t<div class=\"elementor-element elementor-element-43cd99a e-n-tabs-mobile elementor-widget elementor-widget-n-tabs\" data-id=\"43cd99a\" data-element_type=\"widget\" data-settings=\"{&quot;horizontal_scroll&quot;:&quot;disable&quot;}\" data-widget_type=\"nested-tabs.default\">\n\t\t\t\t<div class=\"elementor-widget-container\">\n\t\t\t\t\t\t\t<div class=\"e-n-tabs\" data-widget-number=\"71096730\" aria-label=\"Sekmeler. Enter ve Space ile \u00f6geleri a\u00e7abilir, Escape ile \u00f6geleri kapatabilir ve Y\u00f6n tu\u015flar\u0131 ile \u00f6geler aras\u0131nda gezinebilirsiniz.\">\n\t\t\t<div class=\"e-n-tabs-heading\" role=\"tablist\">\n\t\t\t\t\t<button id=\"e-n-tab-title-710967301\" data-tab-title-id=\"e-n-tab-title-710967301\" class=\"e-n-tab-title\" aria-selected=\"true\" data-tab-index=\"1\" role=\"tab\" tabindex=\"0\" aria-controls=\"e-n-tab-content-710967301\" style=\"--n-tabs-title-order: 1;\">\n\t\t\t\t\t\t<span class=\"e-n-tab-title-text\">\n\t\t\t\tCerrahi N\u00f6bet \u00c7izelgesi\t\t\t<\/span>\n\t\t<\/button>\n\t\t\t\t<button id=\"e-n-tab-title-710967302\" data-tab-title-id=\"e-n-tab-title-710967302\" class=\"e-n-tab-title\" aria-selected=\"false\" data-tab-index=\"2\" role=\"tab\" tabindex=\"-1\" aria-controls=\"e-n-tab-content-710967302\" style=\"--n-tabs-title-order: 2;\">\n\t\t\t\t\t\t<span class=\"e-n-tab-title-text\">\n\t\t\t\tDo\u011fum ve Jinekoloji N\u00f6bet \u00c7izelgesi\t\t\t<\/span>\n\t\t<\/button>\n\t\t\t\t<button id=\"e-n-tab-title-710967303\" data-tab-title-id=\"e-n-tab-title-710967303\" class=\"e-n-tab-title\" aria-selected=\"false\" data-tab-index=\"3\" role=\"tab\" tabindex=\"-1\" aria-controls=\"e-n-tab-content-710967303\" style=\"--n-tabs-title-order: 3;\">\n\t\t\t\t\t\t<span class=\"e-n-tab-title-text\">\n\t\t\t\t\u0130\u00e7 Hastal\u0131klar\u0131 N\u00f6bet \u00c7izelgesi\t\t\t<\/span>\n\t\t<\/button>\n\t\t\t\t\t<\/div>\n\t\t\t<div class=\"e-n-tabs-content\">\n\t\t\t\t<div id=\"e-n-tab-content-710967301\" role=\"tabpanel\" aria-labelledby=\"e-n-tab-title-710967301\" data-tab-index=\"1\" style=\"--n-tabs-title-order: 1;\" class=\"e-active elementor-element elementor-element-61519a9 e-con-full e-flex e-con e-child\" data-id=\"61519a9\" data-element_type=\"container\">\n\t\t<div class=\"elementor-element elementor-element-efe37c2 e-flex e-con-boxed e-con e-child\" data-id=\"efe37c2\" data-element_type=\"container\">\n\t\t\t\t\t<div class=\"e-con-inner\">\n\t\t\t\t<div class=\"elementor-element elementor-element-a3fc630 elementor-widget elementor-widget-image\" data-id=\"a3fc630\" data-element_type=\"widget\" data-widget_type=\"image.default\">\n\t\t\t\t<div class=\"elementor-widget-container\">\n\t\t\t\t\t\t\t\t\t\t\t\t\t\t\t<img fetchpriority=\"high\" decoding=\"async\" width=\"794\" height=\"224\" src=\"https:\/\/atauni.edu.tr\/veteriner-fakultesi\/wp-content\/uploads\/sites\/76\/2025\/08\/cerrahi-nobet-cizelgesi-agustos-2025.png\" class=\"attachment-large size-large wp-image-19855\" alt=\"\" srcset=\"https:\/\/atauni.edu.tr\/veteriner-fakultesi\/wp-content\/uploads\/sites\/76\/2025\/08\/cerrahi-nobet-cizelgesi-agustos-2025.png 794w, https:\/\/atauni.edu.tr\/veteriner-fakultesi\/wp-content\/uploads\/sites\/76\/2025\/08\/cerrahi-nobet-cizelgesi-agustos-2025-300x85.png 300w, https:\/\/atauni.edu.tr\/veteriner-fakultesi\/wp-content\/uploads\/sites\/76\/2025\/08\/cerrahi-nobet-cizelgesi-agustos-2025-768x217.png 768w, https:\/\/atauni.edu.tr\/veteriner-fakultesi\/wp-content\/uploads\/sites\/76\/2025\/08\/cerrahi-nobet-cizelgesi-agustos-2025-600x169.png 600w, https:\/\/atauni.edu.tr\/veteriner-fakultesi\/wp-content\/uploads\/sites\/76\/2025\/08\/cerrahi-nobet-cizelgesi-agustos-2025-560x158.png 560w\" sizes=\"(max-width: 794px) 100vw, 794px\" \/>\t\t\t\t\t\t\t\t\t\t\t\t\t\t\t<\/div>\n\t\t\t\t<\/div>\n\t\t\t\t\t<\/div>\n\t\t\t\t<\/div>\n\t\t\t\t<\/div>\n\t\t<div id=\"e-n-tab-content-710967302\" role=\"tabpanel\" aria-labelledby=\"e-n-tab-title-710967302\" data-tab-index=\"2\" style=\"--n-tabs-title-order: 2;\" class=\" elementor-element elementor-element-505aeb1 e-con-full e-flex e-con e-child\" data-id=\"505aeb1\" data-element_type=\"container\">\n\t\t<div class=\"elementor-element elementor-element-8daf74c e-flex e-con-boxed e-con e-child\" data-id=\"8daf74c\" data-element_type=\"container\">\n\t\t\t\t\t<div class=\"e-con-inner\">\n\t\t\t\t<div class=\"elementor-element elementor-element-98a602a elementor-widget elementor-widget-image\" data-id=\"98a602a\" data-element_type=\"widget\" data-widget_type=\"image.default\">\n\t\t\t\t<div class=\"elementor-widget-container\">\n\t\t\t\t\t\t\t\t\t\t\t\t\t\t\t<img decoding=\"async\" width=\"795\" height=\"462\" src=\"https:\/\/atauni.edu.tr\/veteriner-fakultesi\/wp-content\/uploads\/sites\/76\/2025\/08\/Dogum-nobet-cizelgesi-agustos-2025.png\" class=\"attachment-large size-large wp-image-19856\" alt=\"\" srcset=\"https:\/\/atauni.edu.tr\/veteriner-fakultesi\/wp-content\/uploads\/sites\/76\/2025\/08\/Dogum-nobet-cizelgesi-agustos-2025.png 795w, https:\/\/atauni.edu.tr\/veteriner-fakultesi\/wp-content\/uploads\/sites\/76\/2025\/08\/Dogum-nobet-cizelgesi-agustos-2025-300x174.png 300w, https:\/\/atauni.edu.tr\/veteriner-fakultesi\/wp-content\/uploads\/sites\/76\/2025\/08\/Dogum-nobet-cizelgesi-agustos-2025-768x446.png 768w, https:\/\/atauni.edu.tr\/veteriner-fakultesi\/wp-content\/uploads\/sites\/76\/2025\/08\/Dogum-nobet-cizelgesi-agustos-2025-600x349.png 600w, https:\/\/atauni.edu.tr\/veteriner-fakultesi\/wp-content\/uploads\/sites\/76\/2025\/08\/Dogum-nobet-cizelgesi-agustos-2025-560x325.png 560w\" sizes=\"(max-width: 795px) 100vw, 795px\" \/>\t\t\t\t\t\t\t\t\t\t\t\t\t\t\t<\/div>\n\t\t\t\t<\/div>\n\t\t\t\t\t<\/div>\n\t\t\t\t<\/div>\n\t\t\t\t<\/div>\n\t\t<div id=\"e-n-tab-content-710967303\" role=\"tabpanel\" aria-labelledby=\"e-n-tab-title-710967303\" data-tab-index=\"3\" style=\"--n-tabs-title-order: 3;\" class=\" elementor-element elementor-element-b982dab e-con-full e-flex e-con e-child\" data-id=\"b982dab\" data-element_type=\"container\">\n\t\t<div class=\"elementor-element elementor-element-da4429b e-flex e-con-boxed e-con e-child\" data-id=\"da4429b\" data-element_type=\"container\">\n\t\t\t\t\t<div class=\"e-con-inner\">\n\t\t\t\t<div class=\"elementor-element elementor-element-ddb2406 elementor-widget elementor-widget-image\" data-id=\"ddb2406\" data-element_type=\"widget\" data-widget_type=\"image.default\">\n\t\t\t\t<div class=\"elementor-widget-container\">\n\t\t\t\t\t\t\t\t\t\t\t\t\t\t\t<img decoding=\"async\" width=\"803\" height=\"616\" src=\"https:\/\/atauni.edu.tr\/veteriner-fakultesi\/wp-content\/uploads\/sites\/76\/2025\/08\/Dahiliye-nobet-cizelgesi-agustos-2025.png\" class=\"attachment-large size-large wp-image-19854\" alt=\"\" srcset=\"https:\/\/atauni.edu.tr\/veteriner-fakultesi\/wp-content\/uploads\/sites\/76\/2025\/08\/Dahiliye-nobet-cizelgesi-agustos-2025.png 803w, https:\/\/atauni.edu.tr\/veteriner-fakultesi\/wp-content\/uploads\/sites\/76\/2025\/08\/Dahiliye-nobet-cizelgesi-agustos-2025-300x230.png 300w, https:\/\/atauni.edu.tr\/veteriner-fakultesi\/wp-content\/uploads\/sites\/76\/2025\/08\/Dahiliye-nobet-cizelgesi-agustos-2025-768x589.png 768w, https:\/\/atauni.edu.tr\/veteriner-fakultesi\/wp-content\/uploads\/sites\/76\/2025\/08\/Dahiliye-nobet-cizelgesi-agustos-2025-600x460.png 600w, https:\/\/atauni.edu.tr\/veteriner-fakultesi\/wp-content\/uploads\/sites\/76\/2025\/08\/Dahiliye-nobet-cizelgesi-agustos-2025-560x430.png 560w\" sizes=\"(max-width: 803px) 100vw, 803px\" \/>\t\t\t\t\t\t\t\t\t\t\t\t\t\t\t<\/div>\n\t\t\t\t<\/div>\n\t\t\t\t\t<\/div>\n\t\t\t\t<\/div>\n\t\t\t\t<\/div>\n\t\t\t\t\t<\/div>\n\t\t<\/div>\n\t\t\t\t\t\t<\/div>\n\t\t\t\t<\/div>\n\t\t\t\t\t<\/div>\n\t\t\t\t<\/div>\n\t\t<div class=\"elementor-element elementor-element-e5f1e03 e-flex e-con-boxed e-con e-parent\" data-id=\"e5f1e03\" data-element_type=\"container\">\n\t\t\t\t\t<div class=\"e-con-inner\">\n\t\t\t\t<div class=\"elementor-element elementor-element-cae1114 elementor-widget-divider--view-line elementor-widget elementor-widget-divider\" data-id=\"cae1114\" data-element_type=\"widget\" data-widget_type=\"divider.default\">\n\t\t\t\t<div class=\"elementor-widget-container\">\n\t\t\t\t\t\t\t<div class=\"elementor-divider\">\n\t\t\t<span class=\"elementor-divider-separator\">\n\t\t\t\t\t\t<\/span>\n\t\t<\/div>\n\t\t\t\t\t\t<\/div>\n\t\t\t\t<\/div>\n\t\t\t\t<div class=\"elementor-element elementor-element-9786a97 elementor-widget elementor-widget-heading\" data-id=\"9786a97\" data-element_type=\"widget\" data-widget_type=\"heading.default\">\n\t\t\t\t<div class=\"elementor-widget-container\">\n\t\t\t\t\t<h2 class=\"elementor-heading-title elementor-size-medium\">Acil Servisi N\u00f6bet \u00c7izelgemiz<\/h2>\t\t\t\t<\/div>\n\t\t\t\t<\/div>\n\t\t\t\t<div class=\"elementor-element elementor-element-db4cfb0 elementor-widget-divider--view-line elementor-widget elementor-widget-divider\" data-id=\"db4cfb0\" data-element_type=\"widget\" data-widget_type=\"divider.default\">\n\t\t\t\t<div class=\"elementor-widget-container\">\n\t\t\t\t\t\t\t<div class=\"elementor-divider\">\n\t\t\t<span class=\"elementor-divider-separator\">\n\t\t\t\t\t\t<\/span>\n\t\t<\/div>\n\t\t\t\t\t\t<\/div>\n\t\t\t\t<\/div>\n\t\t\t\t\t<\/div>\n\t\t\t\t<\/div>\n\t\t<div class=\"elementor-element elementor-element-d6bb7dd e-flex e-con-boxed e-con e-parent\" data-id=\"d6bb7dd\" data-element_type=\"container\">\n\t\t\t\t\t<div class=\"e-con-inner\">\n\t\t\t\t<div class=\"elementor-element elementor-element-afc96e9 elementor-widget elementor-widget-image-gallery\" data-id=\"afc96e9\" data-element_type=\"widget\" data-widget_type=\"image-gallery.default\">\n\t\t\t\t<div class=\"elementor-widget-container\">\n\t\t\t\t\t\t\t<div class=\"elementor-image-gallery\">\n\t\t\t\n\t\t<style type=\"text\/css\">\n\t\t\t#gallery-1 {\n\t\t\t\tmargin: auto;\n\t\t\t}\n\t\t\t#gallery-1 .gallery-item {\n\t\t\t\tfloat: left;\n\t\t\t\tmargin-top: 10px;\n\t\t\t\ttext-align: center;\n\t\t\t\twidth: 100%;\n\t\t\t}\n\t\t\t#gallery-1 img {\n\t\t\t\tborder: 2px solid #cfcfcf;\n\t\t\t}\n\t\t\t#gallery-1 .gallery-caption {\n\t\t\t\tmargin-left: 0;\n\t\t\t}\n\t\t\t\/* see gallery_shortcode() in wp-includes\/media.php *\/\n\t\t<\/style>\n\t\t<div id='gallery-1' class='gallery galleryid-15561 gallery-columns-1 gallery-size-large'><dl class='gallery-item'>\n\t\t\t<dt class='gallery-icon landscape'>\n\t\t\t\t<a data-elementor-open-lightbox=\"yes\" data-elementor-lightbox-slideshow=\"afc96e9\" data-elementor-lightbox-title=\"Acil n\u00f6bet \u00e7izelgesi A\u011fustos2025\" data-e-action-hash=\"#elementor-action%3Aaction%3Dlightbox%26settings%3DeyJpZCI6MTk4NTMsInVybCI6Imh0dHBzOlwvXC9hdGF1bmkuZWR1LnRyXC92ZXRlcmluZXItZmFrdWx0ZXNpXC93cC1jb250ZW50XC91cGxvYWRzXC9zaXRlc1wvNzZcLzIwMjVcLzA4XC9BY2lsLW5vYmV0LWNpemVsZ2VzaS1BZ3VzdG9zMjAyNS5wbmciLCJzbGlkZXNob3ciOiJhZmM5NmU5In0%3D\" href='https:\/\/atauni.edu.tr\/veteriner-fakultesi\/wp-content\/uploads\/sites\/76\/2025\/08\/Acil-nobet-cizelgesi-Agustos2025.png'><img loading=\"lazy\" decoding=\"async\" width=\"1024\" height=\"465\" src=\"https:\/\/atauni.edu.tr\/veteriner-fakultesi\/wp-content\/uploads\/sites\/76\/2025\/08\/Acil-nobet-cizelgesi-Agustos2025-1024x465.png\" class=\"attachment-large size-large\" alt=\"\" srcset=\"https:\/\/atauni.edu.tr\/veteriner-fakultesi\/wp-content\/uploads\/sites\/76\/2025\/08\/Acil-nobet-cizelgesi-Agustos2025-1024x465.png 1024w, https:\/\/atauni.edu.tr\/veteriner-fakultesi\/wp-content\/uploads\/sites\/76\/2025\/08\/Acil-nobet-cizelgesi-Agustos2025-300x136.png 300w, https:\/\/atauni.edu.tr\/veteriner-fakultesi\/wp-content\/uploads\/sites\/76\/2025\/08\/Acil-nobet-cizelgesi-Agustos2025-768x349.png 768w, https:\/\/atauni.edu.tr\/veteriner-fakultesi\/wp-content\/uploads\/sites\/76\/2025\/08\/Acil-nobet-cizelgesi-Agustos2025-600x272.png 600w, https:\/\/atauni.edu.tr\/veteriner-fakultesi\/wp-content\/uploads\/sites\/76\/2025\/08\/Acil-nobet-cizelgesi-Agustos2025-560x254.png 560w, https:\/\/atauni.edu.tr\/veteriner-fakultesi\/wp-content\/uploads\/sites\/76\/2025\/08\/Acil-nobet-cizelgesi-Agustos2025.png 1289w\" sizes=\"(max-width: 1024px) 100vw, 1024px\" \/><\/a>\n\t\t\t<\/dt><\/dl><br style=\"clear: both\" \/>\n\t\t<\/div>\n\t\t<\/div>\n\t\t\t\t\t\t<\/div>\n\t\t\t\t<\/div>\n\t\t\t\t\t<\/div>\n\t\t\t\t<\/div>\n\t\t<div class=\"elementor-element elementor-element-d88579f e-flex e-con-boxed e-con e-parent\" data-id=\"d88579f\" data-element_type=\"container\">\n\t\t\t\t\t<div class=\"e-con-inner\">\n\t\t\t\t<div class=\"elementor-element elementor-element-321fccc elementor-widget elementor-widget-heading\" data-id=\"321fccc\" data-element_type=\"widget\" data-widget_type=\"heading.default\">\n\t\t\t\t<div class=\"elementor-widget-container\">\n\t\t\t\t\t<h1 class=\"elementor-heading-title elementor-size-medium\">Not:<br><span style=\"color: var( --e-global-color-accent );letter-spacing: 0px\">Lisans-lisans\u00fcst\u00fc ders, resmi g\u00f6rev vb. durumlarda, n\u00f6bet\u00e7i hekim yerine uygun olan uzman hekim taraf\u0131ndan klinik hizmeti verilecektir.<\/span><\/h1>\t\t\t\t<\/div>\n\t\t\t\t<\/div>\n\t\t\t\t\t<\/div>\n\t\t\t\t<\/div>\n\t\t\t\t<\/div>\n\t\t","protected":false},"excerpt":{"rendered":"<p>N\u00f6bet \u00c7izelgelerimiz Cerrahi N\u00f6bet \u00c7izelgesi Do\u011fum ve Jinekoloji N\u00f6bet \u00c7izelgesi \u0130\u00e7 Hastal\u0131klar\u0131 N\u00f6bet \u00c7izelgesi Acil Servisi N\u00f6bet \u00c7izelgemiz #gallery-1 { margin: auto; } #gallery-1 .gallery-item { float: left; margin-top: 10px; text-align: center; width: 100%; } #gallery-1 img { border: 2px solid #cfcfcf; } #gallery-1 .gallery-caption { margin-left: 0; } \/* see gallery_shortcode() in wp-includes\/media.php *\/ [&hellip;]<\/p>\n","protected":false},"author":65,"featured_media":0,"parent":0,"menu_order":0,"comment_status":"closed","ping_status":"closed","template":"","meta":{"footnotes":""},"class_list":["post-15561","page","type-page","status-publish","hentry"],"_links":{"self":[{"href":"https:\/\/atauni.edu.tr\/veteriner-fakultesi\/wp-json\/wp\/v2\/pages\/15561","targetHints":{"allow":["GET"]}}],"collection":[{"href":"https:\/\/atauni.edu.tr\/veteriner-fakultesi\/wp-json\/wp\/v2\/pages"}],"about":[{"href":"https:\/\/atauni.edu.tr\/veteriner-fakultesi\/wp-json\/wp\/v2\/types\/page"}],"author":[{"embeddable":true,"href":"https:\/\/atauni.edu.tr\/veteriner-fakultesi\/wp-json\/wp\/v2\/users\/65"}],"replies":[{"embeddable":true,"href":"https:\/\/atauni.edu.tr\/veteriner-fakultesi\/wp-json\/wp\/v2\/comments?post=15561"}],"version-history":[{"count":82,"href":"https:\/\/atauni.edu.tr\/veteriner-fakultesi\/wp-json\/wp\/v2\/pages\/15561\/revisions"}],"predecessor-version":[{"id":19859,"href":"https:\/\/atauni.edu.tr\/veteriner-fakultesi\/wp-json\/wp\/v2\/pages\/15561\/revisions\/19859"}],"wp:attachment":[{"href":"https:\/\/atauni.edu.tr\/veteriner-fakultesi\/wp-json\/wp\/v2\/media?parent=15561"}],"curies":[{"name":"wp","href":"https:\/\/api.w.org\/{rel}","templated":true}]}}