{"id":19556,"date":"2025-06-25T13:45:02","date_gmt":"2025-06-25T10:45:02","guid":{"rendered":"https:\/\/birimler.atauni.edu.tr\/veteriner-fakultesi\/?page_id=19556"},"modified":"2025-08-13T15:30:32","modified_gmt":"2025-08-13T12:30:32","slug":"etkinlikler","status":"publish","type":"page","link":"https:\/\/atauni.edu.tr\/veteriner-fakultesi\/etkinlikler\/","title":{"rendered":"Etkinlikler"},"content":{"rendered":"<form method=\"get\" class=\"row g-3\" style=\"margin-bottom: 20px;\"><div class=\"col-md-3\"><input type=\"text\" name=\"etkinlik_ara\" class=\"form-control\" placeholder=\"Etkinlik ara...\" value=\"\"><\/div><div class=\"col-md-3\"><input type=\"date\" name=\"baslangic_tarihi\" class=\"form-control\" value=\"\"><\/div><div class=\"col-md-3\"><input type=\"date\" name=\"bitis_tarihi\" class=\"form-control\" value=\"\"><\/div><div class=\"col-md-3\"><button type=\"submit\" class=\"btn btn-secondary w-50\">Filtrele<\/button><\/div><\/form><div class=\"etkinlikler-grid-container\" style=\"display: grid; grid-template-columns: repeat(3, 1fr); gap: 20px;\"><div class=\"etkinlik-grid-item\"><div class=\"etkinlik-thumbnail\"><img fetchpriority=\"high\" decoding=\"async\" width=\"300\" height=\"300\" src=\"https:\/\/atauni.edu.tr\/veteriner-fakultesi\/wp-content\/uploads\/sites\/76\/2025\/12\/Kaynakyonetimi1-300x300.jpg\" class=\"img-fluid wp-post-image\" alt=\"\" srcset=\"https:\/\/atauni.edu.tr\/veteriner-fakultesi\/wp-content\/uploads\/sites\/76\/2025\/12\/Kaynakyonetimi1-300x300.jpg 300w, https:\/\/atauni.edu.tr\/veteriner-fakultesi\/wp-content\/uploads\/sites\/76\/2025\/12\/Kaynakyonetimi1-1024x1024.jpg 1024w, https:\/\/atauni.edu.tr\/veteriner-fakultesi\/wp-content\/uploads\/sites\/76\/2025\/12\/Kaynakyonetimi1-150x150.jpg 150w, https:\/\/atauni.edu.tr\/veteriner-fakultesi\/wp-content\/uploads\/sites\/76\/2025\/12\/Kaynakyonetimi1-768x768.jpg 768w, https:\/\/atauni.edu.tr\/veteriner-fakultesi\/wp-content\/uploads\/sites\/76\/2025\/12\/Kaynakyonetimi1-600x600.jpg 600w, https:\/\/atauni.edu.tr\/veteriner-fakultesi\/wp-content\/uploads\/sites\/76\/2025\/12\/Kaynakyonetimi1-560x560.jpg 560w, https:\/\/atauni.edu.tr\/veteriner-fakultesi\/wp-content\/uploads\/sites\/76\/2025\/12\/Kaynakyonetimi1.jpg 1080w\" sizes=\"(max-width: 300px) 100vw, 300px\" \/><\/div><div class=\"etkinlik-datee\"><span class=\"day\">25<\/span><span class=\"month\">Aral\u0131k<\/span><span class=\"year\">2025<\/span><\/div><a href=\"https:\/\/atauni.edu.tr\/veteriner-fakultesi\/2025\/12\/25\/fakultemiz-bilimsel-arastirma-ve-proje-toplulugu-vetbap-tarafindan-kaynak-yonetimi-egitimi-adli-egitim-etkinligi-yapilmistir\/\" class=\"etkinlik-titlee\">Fak\u00fcltemiz Bilimsel Ara\u015ft\u0131rma ve Proje Toplulu\u011fu (VETBAP) taraf\u0131ndan &#8220;Kaynak Y\u00f6netimi E\u011fitimi&#8221; adl\u0131 e\u011fitim etkinli\u011fi yap\u0131lm\u0131\u015ft\u0131r.<\/a><\/div><div class=\"etkinlik-grid-item\"><div class=\"etkinlik-thumbnail\"><img decoding=\"async\" width=\"300\" height=\"137\" src=\"https:\/\/atauni.edu.tr\/veteriner-fakultesi\/wp-content\/uploads\/sites\/76\/2025\/12\/WhatsApp-Image-2025-12-09-at-15.58.50-scaled-e1765369025640-300x137.jpeg\" class=\"img-fluid wp-post-image\" alt=\"\" srcset=\"https:\/\/atauni.edu.tr\/veteriner-fakultesi\/wp-content\/uploads\/sites\/76\/2025\/12\/WhatsApp-Image-2025-12-09-at-15.58.50-scaled-e1765369025640-300x137.jpeg 300w, https:\/\/atauni.edu.tr\/veteriner-fakultesi\/wp-content\/uploads\/sites\/76\/2025\/12\/WhatsApp-Image-2025-12-09-at-15.58.50-scaled-e1765369025640-1024x467.jpeg 1024w, https:\/\/atauni.edu.tr\/veteriner-fakultesi\/wp-content\/uploads\/sites\/76\/2025\/12\/WhatsApp-Image-2025-12-09-at-15.58.50-scaled-e1765369025640-768x350.jpeg 768w, https:\/\/atauni.edu.tr\/veteriner-fakultesi\/wp-content\/uploads\/sites\/76\/2025\/12\/WhatsApp-Image-2025-12-09-at-15.58.50-scaled-e1765369025640-1536x700.jpeg 1536w, https:\/\/atauni.edu.tr\/veteriner-fakultesi\/wp-content\/uploads\/sites\/76\/2025\/12\/WhatsApp-Image-2025-12-09-at-15.58.50-scaled-e1765369025640-600x273.jpeg 600w, https:\/\/atauni.edu.tr\/veteriner-fakultesi\/wp-content\/uploads\/sites\/76\/2025\/12\/WhatsApp-Image-2025-12-09-at-15.58.50-scaled-e1765369025640-560x255.jpeg 560w, https:\/\/atauni.edu.tr\/veteriner-fakultesi\/wp-content\/uploads\/sites\/76\/2025\/12\/WhatsApp-Image-2025-12-09-at-15.58.50-scaled-e1765369025640.jpeg 1920w\" sizes=\"(max-width: 300px) 100vw, 300px\" \/><\/div><div class=\"etkinlik-datee\"><span class=\"day\">10<\/span><span class=\"month\">Aral\u0131k<\/span><span class=\"year\">2025<\/span><\/div><a href=\"https:\/\/atauni.edu.tr\/veteriner-fakultesi\/2025\/12\/10\/fakultemiz-bilimsel-arastirma-ve-proje-toplulugu-vetbap-tarafindan-literatur-taramasi-adli-egitim-etkinligi-yapilmistir\/\" class=\"etkinlik-titlee\">Fak\u00fcltemiz Bilimsel Ara\u015ft\u0131rma ve Proje Toplulu\u011fu (VETBAP) taraf\u0131ndan &#8220;Literat\u00fcr Taramas\u0131&#8221; adl\u0131 e\u011fitim etkinli\u011fi yap\u0131lm\u0131\u015ft\u0131r.<\/a><\/div><div class=\"etkinlik-grid-item\"><div class=\"etkinlik-thumbnail\"><img decoding=\"async\" width=\"300\" height=\"169\" src=\"https:\/\/atauni.edu.tr\/veteriner-fakultesi\/wp-content\/uploads\/sites\/76\/2025\/12\/WhatsApp-Image-2025-12-02-at-13.53.56-300x169.jpeg\" class=\"img-fluid wp-post-image\" alt=\"\" srcset=\"https:\/\/atauni.edu.tr\/veteriner-fakultesi\/wp-content\/uploads\/sites\/76\/2025\/12\/WhatsApp-Image-2025-12-02-at-13.53.56-300x169.jpeg 300w, https:\/\/atauni.edu.tr\/veteriner-fakultesi\/wp-content\/uploads\/sites\/76\/2025\/12\/WhatsApp-Image-2025-12-02-at-13.53.56-1024x576.jpeg 1024w, https:\/\/atauni.edu.tr\/veteriner-fakultesi\/wp-content\/uploads\/sites\/76\/2025\/12\/WhatsApp-Image-2025-12-02-at-13.53.56-768x432.jpeg 768w, https:\/\/atauni.edu.tr\/veteriner-fakultesi\/wp-content\/uploads\/sites\/76\/2025\/12\/WhatsApp-Image-2025-12-02-at-13.53.56-1536x864.jpeg 1536w, https:\/\/atauni.edu.tr\/veteriner-fakultesi\/wp-content\/uploads\/sites\/76\/2025\/12\/WhatsApp-Image-2025-12-02-at-13.53.56-600x338.jpeg 600w, https:\/\/atauni.edu.tr\/veteriner-fakultesi\/wp-content\/uploads\/sites\/76\/2025\/12\/WhatsApp-Image-2025-12-02-at-13.53.56-560x315.jpeg 560w, https:\/\/atauni.edu.tr\/veteriner-fakultesi\/wp-content\/uploads\/sites\/76\/2025\/12\/WhatsApp-Image-2025-12-02-at-13.53.56.jpeg 1600w\" sizes=\"(max-width: 300px) 100vw, 300px\" \/><\/div><div class=\"etkinlik-datee\"><span class=\"day\">02<\/span><span class=\"month\">Aral\u0131k<\/span><span class=\"year\">2025<\/span><\/div><a href=\"https:\/\/atauni.edu.tr\/veteriner-fakultesi\/2025\/12\/02\/fakultemiz-dekani-prof-dr-mustafa-sinan-aktas-ve-dekan-yardimcisi-doc-dr-murat-genc-sinif-temsilcileri-ile-bir-araya-geldi\/\" class=\"etkinlik-titlee\">Fak\u00fcltemiz Dekan\u0131 Prof. Dr. Mustafa Sinan Akta\u015f ve Dekan Yard\u0131mc\u0131s\u0131 Do\u00e7. Dr. Murat Gen\u00e7 S\u0131n\u0131f Temsilcileri \u0130le Bir Araya Geldi.<\/a><\/div><div class=\"etkinlik-grid-item\"><div class=\"etkinlik-thumbnail\"><img loading=\"lazy\" decoding=\"async\" width=\"300\" height=\"199\" src=\"https:\/\/atauni.edu.tr\/veteriner-fakultesi\/wp-content\/uploads\/sites\/76\/2023\/12\/duyuru-300x199.png\" class=\"img-fluid wp-post-image\" alt=\"\" srcset=\"https:\/\/atauni.edu.tr\/veteriner-fakultesi\/wp-content\/uploads\/sites\/76\/2023\/12\/duyuru-300x199.png 300w, https:\/\/atauni.edu.tr\/veteriner-fakultesi\/wp-content\/uploads\/sites\/76\/2023\/12\/duyuru.png 560w\" sizes=\"(max-width: 300px) 100vw, 300px\" \/><\/div><div class=\"etkinlik-datee\"><span class=\"day\">02<\/span><span class=\"month\">Aral\u0131k<\/span><span class=\"year\">2025<\/span><\/div><a href=\"https:\/\/atauni.edu.tr\/veteriner-fakultesi\/2025\/12\/02\/sahada-ogren-sigirlarda-ve-buzagilarda-biyoguvenlik-etkinligi-duzenlendi\/\" class=\"etkinlik-titlee\">Sahada \u00d6\u011fren: S\u0131\u011f\u0131rlarda ve Buza\u011f\u0131larda Biyog\u00fcvenlik Etkinli\u011fi D\u00fczenlendi<\/a><\/div><div class=\"etkinlik-grid-item\"><div class=\"etkinlik-thumbnail\"><img loading=\"lazy\" decoding=\"async\" width=\"240\" height=\"300\" src=\"https:\/\/atauni.edu.tr\/veteriner-fakultesi\/wp-content\/uploads\/sites\/76\/2025\/11\/WhatsApp-Gorsel-2025-11-03-saat-11.25.06_cdc2ca22-240x300.jpg\" class=\"img-fluid wp-post-image\" alt=\"\" srcset=\"https:\/\/atauni.edu.tr\/veteriner-fakultesi\/wp-content\/uploads\/sites\/76\/2025\/11\/WhatsApp-Gorsel-2025-11-03-saat-11.25.06_cdc2ca22-240x300.jpg 240w, https:\/\/atauni.edu.tr\/veteriner-fakultesi\/wp-content\/uploads\/sites\/76\/2025\/11\/WhatsApp-Gorsel-2025-11-03-saat-11.25.06_cdc2ca22-820x1024.jpg 820w, https:\/\/atauni.edu.tr\/veteriner-fakultesi\/wp-content\/uploads\/sites\/76\/2025\/11\/WhatsApp-Gorsel-2025-11-03-saat-11.25.06_cdc2ca22-768x959.jpg 768w, https:\/\/atauni.edu.tr\/veteriner-fakultesi\/wp-content\/uploads\/sites\/76\/2025\/11\/WhatsApp-Gorsel-2025-11-03-saat-11.25.06_cdc2ca22-1230x1536.jpg 1230w, https:\/\/atauni.edu.tr\/veteriner-fakultesi\/wp-content\/uploads\/sites\/76\/2025\/11\/WhatsApp-Gorsel-2025-11-03-saat-11.25.06_cdc2ca22-480x600.jpg 480w, https:\/\/atauni.edu.tr\/veteriner-fakultesi\/wp-content\/uploads\/sites\/76\/2025\/11\/WhatsApp-Gorsel-2025-11-03-saat-11.25.06_cdc2ca22-448x560.jpg 448w, https:\/\/atauni.edu.tr\/veteriner-fakultesi\/wp-content\/uploads\/sites\/76\/2025\/11\/WhatsApp-Gorsel-2025-11-03-saat-11.25.06_cdc2ca22.jpg 1281w\" sizes=\"(max-width: 240px) 100vw, 240px\" \/><\/div><div class=\"etkinlik-datee\"><span class=\"day\">03<\/span><span class=\"month\">Kas\u0131m<\/span><span class=\"year\">2025<\/span><\/div><a href=\"https:\/\/atauni.edu.tr\/veteriner-fakultesi\/2025\/11\/03\/sapi-tani-surunu-koru-biyoguvenlikte-dogru-adimlar\/\" class=\"etkinlik-titlee\">\u015eap&#8217;\u0131 Tan\u0131, S\u00fcr\u00fcn\u00fc Koru: Biyog\u00fcvenlikte Do\u011fru Ad\u0131mlar<\/a><\/div><div class=\"etkinlik-grid-item\"><div class=\"etkinlik-thumbnail\"><img loading=\"lazy\" decoding=\"async\" width=\"300\" height=\"200\" src=\"https:\/\/atauni.edu.tr\/veteriner-fakultesi\/wp-content\/uploads\/sites\/76\/2025\/10\/WhatsApp-Gorsel-2025-10-03-saat-16.57.33_650556b4-300x200.jpg\" class=\"img-fluid wp-post-image\" alt=\"\" srcset=\"https:\/\/atauni.edu.tr\/veteriner-fakultesi\/wp-content\/uploads\/sites\/76\/2025\/10\/WhatsApp-Gorsel-2025-10-03-saat-16.57.33_650556b4-300x200.jpg 300w, https:\/\/atauni.edu.tr\/veteriner-fakultesi\/wp-content\/uploads\/sites\/76\/2025\/10\/WhatsApp-Gorsel-2025-10-03-saat-16.57.33_650556b4-1024x682.jpg 1024w, https:\/\/atauni.edu.tr\/veteriner-fakultesi\/wp-content\/uploads\/sites\/76\/2025\/10\/WhatsApp-Gorsel-2025-10-03-saat-16.57.33_650556b4-768x512.jpg 768w, https:\/\/atauni.edu.tr\/veteriner-fakultesi\/wp-content\/uploads\/sites\/76\/2025\/10\/WhatsApp-Gorsel-2025-10-03-saat-16.57.33_650556b4-1536x1023.jpg 1536w, https:\/\/atauni.edu.tr\/veteriner-fakultesi\/wp-content\/uploads\/sites\/76\/2025\/10\/WhatsApp-Gorsel-2025-10-03-saat-16.57.33_650556b4-1200x800.jpg 1200w, https:\/\/atauni.edu.tr\/veteriner-fakultesi\/wp-content\/uploads\/sites\/76\/2025\/10\/WhatsApp-Gorsel-2025-10-03-saat-16.57.33_650556b4-600x400.jpg 600w, https:\/\/atauni.edu.tr\/veteriner-fakultesi\/wp-content\/uploads\/sites\/76\/2025\/10\/WhatsApp-Gorsel-2025-10-03-saat-16.57.33_650556b4-560x373.jpg 560w, https:\/\/atauni.edu.tr\/veteriner-fakultesi\/wp-content\/uploads\/sites\/76\/2025\/10\/WhatsApp-Gorsel-2025-10-03-saat-16.57.33_650556b4.jpg 1600w\" sizes=\"(max-width: 300px) 100vw, 300px\" \/><\/div><div class=\"etkinlik-datee\"><span class=\"day\">03<\/span><span class=\"month\">Ekim<\/span><span class=\"year\">2025<\/span><\/div><a href=\"https:\/\/atauni.edu.tr\/veteriner-fakultesi\/2025\/10\/03\/veteriner-fakultesinde-uluslararasi-kongre-duzenlendi\/\" class=\"etkinlik-titlee\">Veteriner Fak\u00fcltesinde Uluslararas\u0131 Kongre D\u00fczenlendi.<\/a><\/div><div class=\"etkinlik-grid-item\"><div class=\"etkinlik-thumbnail\"><img loading=\"lazy\" decoding=\"async\" width=\"300\" height=\"225\" src=\"https:\/\/atauni.edu.tr\/veteriner-fakultesi\/wp-content\/uploads\/sites\/76\/2025\/09\/WhatsApp-Gorsel-2025-09-22-saat-09.47.25_14797cab-300x225.jpg\" class=\"img-fluid wp-post-image\" alt=\"\" srcset=\"https:\/\/atauni.edu.tr\/veteriner-fakultesi\/wp-content\/uploads\/sites\/76\/2025\/09\/WhatsApp-Gorsel-2025-09-22-saat-09.47.25_14797cab-300x225.jpg 300w, https:\/\/atauni.edu.tr\/veteriner-fakultesi\/wp-content\/uploads\/sites\/76\/2025\/09\/WhatsApp-Gorsel-2025-09-22-saat-09.47.25_14797cab-1024x768.jpg 1024w, https:\/\/atauni.edu.tr\/veteriner-fakultesi\/wp-content\/uploads\/sites\/76\/2025\/09\/WhatsApp-Gorsel-2025-09-22-saat-09.47.25_14797cab-768x576.jpg 768w, https:\/\/atauni.edu.tr\/veteriner-fakultesi\/wp-content\/uploads\/sites\/76\/2025\/09\/WhatsApp-Gorsel-2025-09-22-saat-09.47.25_14797cab-1536x1152.jpg 1536w, https:\/\/atauni.edu.tr\/veteriner-fakultesi\/wp-content\/uploads\/sites\/76\/2025\/09\/WhatsApp-Gorsel-2025-09-22-saat-09.47.25_14797cab-600x450.jpg 600w, https:\/\/atauni.edu.tr\/veteriner-fakultesi\/wp-content\/uploads\/sites\/76\/2025\/09\/WhatsApp-Gorsel-2025-09-22-saat-09.47.25_14797cab-560x420.jpg 560w, https:\/\/atauni.edu.tr\/veteriner-fakultesi\/wp-content\/uploads\/sites\/76\/2025\/09\/WhatsApp-Gorsel-2025-09-22-saat-09.47.25_14797cab.jpg 1600w\" sizes=\"(max-width: 300px) 100vw, 300px\" \/><\/div><div class=\"etkinlik-datee\"><span class=\"day\">25<\/span><span class=\"month\">Eyl\u00fcl<\/span><span class=\"year\">2025<\/span><\/div><a href=\"https:\/\/atauni.edu.tr\/veteriner-fakultesi\/2025\/09\/25\/saglik-bilimlerinde-dis-kaynakli-projelerde-bilgi-paylasimi-isimli-panel-gerceklestirildi\/\" class=\"etkinlik-titlee\">&#8220;Sa\u011fl\u0131k Bilimlerinde D\u0131\u015f Kaynakl\u0131 Projelerde Bilgi Payla\u015f\u0131m\u0131&#8221; \u0130simli Panel Ger\u00e7ekle\u015ftirildi.<\/a><\/div><div class=\"etkinlik-grid-item\"><div class=\"etkinlik-thumbnail\"><img loading=\"lazy\" decoding=\"async\" width=\"300\" height=\"120\" src=\"https:\/\/atauni.edu.tr\/veteriner-fakultesi\/wp-content\/uploads\/sites\/76\/2025\/09\/Dis-kaynakli-projelerde-bilgi-paylasimi-Kapak-1-300x120.jpg\" class=\"img-fluid wp-post-image\" alt=\"\" srcset=\"https:\/\/atauni.edu.tr\/veteriner-fakultesi\/wp-content\/uploads\/sites\/76\/2025\/09\/Dis-kaynakli-projelerde-bilgi-paylasimi-Kapak-1-300x120.jpg 300w, https:\/\/atauni.edu.tr\/veteriner-fakultesi\/wp-content\/uploads\/sites\/76\/2025\/09\/Dis-kaynakli-projelerde-bilgi-paylasimi-Kapak-1-1024x411.jpg 1024w, https:\/\/atauni.edu.tr\/veteriner-fakultesi\/wp-content\/uploads\/sites\/76\/2025\/09\/Dis-kaynakli-projelerde-bilgi-paylasimi-Kapak-1-768x308.jpg 768w, https:\/\/atauni.edu.tr\/veteriner-fakultesi\/wp-content\/uploads\/sites\/76\/2025\/09\/Dis-kaynakli-projelerde-bilgi-paylasimi-Kapak-1-600x241.jpg 600w, https:\/\/atauni.edu.tr\/veteriner-fakultesi\/wp-content\/uploads\/sites\/76\/2025\/09\/Dis-kaynakli-projelerde-bilgi-paylasimi-Kapak-1-560x225.jpg 560w, https:\/\/atauni.edu.tr\/veteriner-fakultesi\/wp-content\/uploads\/sites\/76\/2025\/09\/Dis-kaynakli-projelerde-bilgi-paylasimi-Kapak-1.jpg 1280w\" sizes=\"(max-width: 300px) 100vw, 300px\" \/><\/div><div class=\"etkinlik-datee\"><span class=\"day\">16<\/span><span class=\"month\">Eyl\u00fcl<\/span><span class=\"year\">2025<\/span><\/div><a href=\"https:\/\/atauni.edu.tr\/veteriner-fakultesi\/2025\/09\/16\/20013\/\" class=\"etkinlik-titlee\"><\/a><\/div><div class=\"etkinlik-grid-item\"><div class=\"etkinlik-thumbnail\"><img loading=\"lazy\" decoding=\"async\" width=\"300\" height=\"120\" src=\"https:\/\/atauni.edu.tr\/veteriner-fakultesi\/wp-content\/uploads\/sites\/76\/2025\/05\/Farma2425sempozyumKapak-300x120.jpg\" class=\"img-fluid wp-post-image\" alt=\"\" srcset=\"https:\/\/atauni.edu.tr\/veteriner-fakultesi\/wp-content\/uploads\/sites\/76\/2025\/05\/Farma2425sempozyumKapak-300x120.jpg 300w, https:\/\/atauni.edu.tr\/veteriner-fakultesi\/wp-content\/uploads\/sites\/76\/2025\/05\/Farma2425sempozyumKapak-1024x411.jpg 1024w, https:\/\/atauni.edu.tr\/veteriner-fakultesi\/wp-content\/uploads\/sites\/76\/2025\/05\/Farma2425sempozyumKapak-768x308.jpg 768w, https:\/\/atauni.edu.tr\/veteriner-fakultesi\/wp-content\/uploads\/sites\/76\/2025\/05\/Farma2425sempozyumKapak-600x241.jpg 600w, https:\/\/atauni.edu.tr\/veteriner-fakultesi\/wp-content\/uploads\/sites\/76\/2025\/05\/Farma2425sempozyumKapak-560x225.jpg 560w, https:\/\/atauni.edu.tr\/veteriner-fakultesi\/wp-content\/uploads\/sites\/76\/2025\/05\/Farma2425sempozyumKapak.jpg 1280w\" sizes=\"(max-width: 300px) 100vw, 300px\" \/><\/div><div class=\"etkinlik-datee\"><span class=\"day\">28<\/span><span class=\"month\">May\u0131s<\/span><span class=\"year\">2025<\/span><\/div><a href=\"https:\/\/atauni.edu.tr\/veteriner-fakultesi\/2025\/05\/28\/farmakolojisempozyum2425bahar\/\" class=\"etkinlik-titlee\">&#8220;Vakalara Bilimsel Bir Yakla\u015f\u0131m: Veteriner Hekim Adaylar\u0131n\u0131n Farmakolojik Bak\u0131\u015f A\u00e7\u0131s\u0131&#8221; \u0130simli Sempozyum D\u00fczenlendi!<\/a><\/div><\/div><div class=\"pagination\" style=\"margin-top: 20px;\"><span aria-current=\"page\" class=\"page-numbers current\">1<\/span>\n<a class=\"page-numbers\" href=\"https:\/\/atauni.edu.tr\/veteriner-fakultesi\/wp-json\/wp\/v2\/pages\/19556\/page\/2\/\">2<\/a>\n<a class=\"next page-numbers\" href=\"https:\/\/atauni.edu.tr\/veteriner-fakultesi\/wp-json\/wp\/v2\/pages\/19556\/page\/2\/\">Sonraki &raquo;<\/a><\/div>\n\n\n\n<p><\/p>\n","protected":false},"excerpt":{"rendered":"","protected":false},"author":8,"featured_media":0,"parent":0,"menu_order":0,"comment_status":"closed","ping_status":"closed","template":"","meta":{"footnotes":""},"class_list":["post-19556","page","type-page","status-publish","hentry"],"_links":{"self":[{"href":"https:\/\/atauni.edu.tr\/veteriner-fakultesi\/wp-json\/wp\/v2\/pages\/19556","targetHints":{"allow":["GET"]}}],"collection":[{"href":"https:\/\/atauni.edu.tr\/veteriner-fakultesi\/wp-json\/wp\/v2\/pages"}],"about":[{"href":"https:\/\/atauni.edu.tr\/veteriner-fakultesi\/wp-json\/wp\/v2\/types\/page"}],"author":[{"embeddable":true,"href":"https:\/\/atauni.edu.tr\/veteriner-fakultesi\/wp-json\/wp\/v2\/users\/8"}],"replies":[{"embeddable":true,"href":"https:\/\/atauni.edu.tr\/veteriner-fakultesi\/wp-json\/wp\/v2\/comments?post=19556"}],"version-history":[{"count":2,"href":"https:\/\/atauni.edu.tr\/veteriner-fakultesi\/wp-json\/wp\/v2\/pages\/19556\/revisions"}],"predecessor-version":[{"id":19869,"href":"https:\/\/atauni.edu.tr\/veteriner-fakultesi\/wp-json\/wp\/v2\/pages\/19556\/revisions\/19869"}],"wp:attachment":[{"href":"https:\/\/atauni.edu.tr\/veteriner-fakultesi\/wp-json\/wp\/v2\/media?parent=19556"}],"curies":[{"name":"wp","href":"https:\/\/api.w.org\/{rel}","templated":true}]}}