{"id":5743,"date":"2021-07-13T11:47:21","date_gmt":"2021-07-13T08:47:21","guid":{"rendered":"https:\/\/portaltest.atauni.edu.tr\/muhendislik-fakultesi\/?page_id=5743"},"modified":"2023-12-06T14:39:12","modified_gmt":"2023-12-06T11:39:12","slug":"misyon-vizyon-ve-temel-degerler","status":"publish","type":"page","link":"https:\/\/atauni.edu.tr\/veteriner-fakultesi\/misyon-vizyon-ve-temel-degerler\/","title":{"rendered":"Misyon, Vizyon ve Temel De\u011ferler"},"content":{"rendered":"\t\t<div data-elementor-type=\"wp-page\" data-elementor-id=\"5743\" class=\"elementor elementor-5743\" data-elementor-post-type=\"page\">\n\t\t\t\t\t\t<section class=\"elementor-section elementor-top-section elementor-element elementor-element-46c2cb5d elementor-section-boxed elementor-section-height-default elementor-section-height-default\" data-id=\"46c2cb5d\" data-element_type=\"section\">\n\t\t\t\t\t\t<div class=\"elementor-container elementor-column-gap-default\">\n\t\t\t\t\t<div class=\"elementor-column elementor-col-100 elementor-top-column elementor-element elementor-element-299813e7\" data-id=\"299813e7\" data-element_type=\"column\">\n\t\t\t<div class=\"elementor-widget-wrap elementor-element-populated\">\n\t\t\t\t\t\t<div class=\"elementor-element elementor-element-3ec495a9 elementor-widget elementor-widget-heading\" data-id=\"3ec495a9\" data-element_type=\"widget\" data-widget_type=\"heading.default\">\n\t\t\t\t<div class=\"elementor-widget-container\">\n\t\t\t\t\t<h2 class=\"elementor-heading-title elementor-size-default\">Misyon, Vizyon ve Temel De\u011ferler<\/h2>\t\t\t\t<\/div>\n\t\t\t\t<\/div>\n\t\t\t\t<div class=\"elementor-element elementor-element-2092e3b3 elementor-widget-divider--view-line elementor-widget elementor-widget-divider\" data-id=\"2092e3b3\" data-element_type=\"widget\" data-widget_type=\"divider.default\">\n\t\t\t\t<div class=\"elementor-widget-container\">\n\t\t\t\t\t\t\t<div class=\"elementor-divider\">\n\t\t\t<span class=\"elementor-divider-separator\">\n\t\t\t\t\t\t<\/span>\n\t\t<\/div>\n\t\t\t\t\t\t<\/div>\n\t\t\t\t<\/div>\n\t\t\t\t\t<\/div>\n\t\t<\/div>\n\t\t\t\t\t<\/div>\n\t\t<\/section>\n\t\t\t\t<section class=\"elementor-section elementor-top-section elementor-element elementor-element-d76d987 elementor-section-boxed elementor-section-height-default elementor-section-height-default\" data-id=\"d76d987\" data-element_type=\"section\">\n\t\t\t\t\t\t<div class=\"elementor-container elementor-column-gap-default\">\n\t\t\t\t\t<div class=\"elementor-column elementor-col-100 elementor-top-column elementor-element elementor-element-acd741f\" data-id=\"acd741f\" data-element_type=\"column\">\n\t\t\t<div class=\"elementor-widget-wrap elementor-element-populated\">\n\t\t\t\t\t\t<div class=\"elementor-element elementor-element-dd538b4 elementor-widget elementor-widget-text-editor\" data-id=\"dd538b4\" data-element_type=\"widget\" data-widget_type=\"text-editor.default\">\n\t\t\t\t<div class=\"elementor-widget-container\">\n\t\t\t\t\t\t\t\t\t<p><strong>M\u0130SYON:<\/strong>\u00a0Atat\u00fcrk \u00dcniversitesi Veteriner Fak\u00fcltesi, T\u00fcrkiye Cumhuriyeti\u2019nin yenilik\u00e7i ve ilkeli e\u011fitim prensipleri do\u011frultusunda bilimsel ve entellekt\u00fcel alanda g\u00fcnceli takip eden, bu ama\u00e7la gerekli yeterlilik ve donan\u0131ma sahip, b\u00f6lge hayvanc\u0131l\u0131\u011f\u0131 ba\u015fta olmak \u00fczere \u00fclke hayvanc\u0131l\u0131\u011f\u0131na katk\u0131 sa\u011flayan, h\u0131zl\u0131 ve do\u011fru karar verebilme yetene\u011fine sahip ara\u015ft\u0131rmac\u0131 veteriner hekimler yeti\u015ftirmeyi ama\u00e7lar.<\/p><p><strong>V\u0130ZYON:<em>\u00a0<\/em><\/strong>Atat\u00fcrk \u00dcniversitesi Veteriner Fak\u00fcltesi, b\u00f6lge hayvanc\u0131l\u0131\u011f\u0131 ve \u00fclke hayvanc\u0131l\u0131\u011f\u0131na katk\u0131 sa\u011flamaya, \u2018\u2019tek t\u0131p\u2019\u2019 yakla\u015f\u0131m\u0131na uygun olarak insan sa\u011fl\u0131\u011f\u0131, hayvan sa\u011fl\u0131\u011f\u0131 ve yeti\u015ftiricili\u011fi ile ilgili ya\u015fanan sorunlar\u0131n k\u00f6kenine inerek, \u2018\u2019bilimsellik\u2019\u2019 ilkesinden taviz vermeden hizmet etmeyi ama\u00e7lar. Bu ama\u00e7 do\u011frultusunda fak\u00fcltemiz, ulusal ve uluslararas\u0131 d\u00fczeyde literat\u00fcrleri ve metotlar\u0131 takip ederek g\u00fcnceli yakalayan, Veteriner Hekimlik mesle\u011fine ve hayvan sa\u011fl\u0131\u011f\u0131na yeni geli\u015fmelerle katk\u0131da bulunan, \u00e7a\u011fda\u015f, yenilik\u00e7i, alan\u0131nda tan\u0131nan ve tercih edilen, kaliteli hizmet ve e\u011fitimi ilke haline getirmi\u015f bir fak\u00fclte olmay\u0131 ama\u00e7lamaktad\u0131r.<\/p><p><strong>DE\u011eERLER\u0130M\u0130Z:\u00a0<\/strong>Atat\u00fcrk \u00dcniversitesi Veteriner Fak\u00fcltesi<\/p><p>Ald\u0131\u011f\u0131 karar ve uygulamalarda bilimsel kriter ve do\u011frular\u0131 temel al\u0131r.<\/p><ul><li>Yenilik\u00e7ilik ve Giri\u015fimcilik: Etkinli\u011fini art\u0131racak alanlarda yeni ve farkl\u0131 uygulamalar\u0131 hayata ge\u00e7irir.<\/li><li>Kat\u0131l\u0131mc\u0131l\u0131k ve Payla\u015f\u0131mc\u0131l\u0131k: Kararlar kat\u0131l\u0131ml\u0131 \u015fekilde al\u0131n\u0131r, bilgiler \u015feffaf \u015fekilde payla\u015f\u0131l\u0131r.<\/li><li>\u00d6\u011frenme Odakl\u0131l\u0131k: T\u00fcm bireylerin \u00f6\u011frenme deneyimlerini kolayla\u015ft\u0131r\u0131r ve geli\u015ftirir.<\/li><li>Eme\u011fe sayg\u0131 g\u00f6sterme ve ba\u015far\u0131y\u0131 takdir etme: G\u00f6sterilen \u00e7abalara sayg\u0131 g\u00f6sterilir ve ba\u015far\u0131lar tan\u0131n\u0131r.<\/li><li>Ulusal ve evrensel de\u011ferlere ba\u011fl\u0131l\u0131k: \u00dclkemizin de\u011ferlerine ba\u011fl\u0131l\u0131\u011f\u0131n yan\u0131nda evrensel de\u011ferlere de sahip \u00e7\u0131k\u0131l\u0131r.<\/li><li>Toplumsal, k\u00fclt\u00fcrel, \u00e7evresel ve sanatsal duyarl\u0131l\u0131k: Toplumsal alanlardaki sorun ve ihtiya\u00e7lara kar\u015f\u0131 duyarl\u0131 davran\u0131l\u0131r.<\/li><\/ul><p>\u00a0<\/p>\t\t\t\t\t\t\t\t<\/div>\n\t\t\t\t<\/div>\n\t\t\t\t\t<\/div>\n\t\t<\/div>\n\t\t\t\t\t<\/div>\n\t\t<\/section>\n\t\t\t\t<\/div>\n\t\t","protected":false},"excerpt":{"rendered":"<p>Misyon, Vizyon ve Temel De\u011ferler M\u0130SYON:\u00a0Atat\u00fcrk \u00dcniversitesi Veteriner Fak\u00fcltesi, T\u00fcrkiye Cumhuriyeti\u2019nin yenilik\u00e7i ve ilkeli e\u011fitim prensipleri do\u011frultusunda bilimsel ve entellekt\u00fcel alanda g\u00fcnceli takip eden, bu ama\u00e7la gerekli yeterlilik ve donan\u0131ma sahip, b\u00f6lge hayvanc\u0131l\u0131\u011f\u0131 ba\u015fta olmak \u00fczere \u00fclke hayvanc\u0131l\u0131\u011f\u0131na katk\u0131 sa\u011flayan, h\u0131zl\u0131 ve do\u011fru karar verebilme yetene\u011fine sahip ara\u015ft\u0131rmac\u0131 veteriner hekimler yeti\u015ftirmeyi ama\u00e7lar. V\u0130ZYON:\u00a0Atat\u00fcrk \u00dcniversitesi Veteriner [&hellip;]<\/p>\n","protected":false},"author":1,"featured_media":0,"parent":0,"menu_order":0,"comment_status":"closed","ping_status":"closed","template":"elementor_header_footer","meta":{"footnotes":""},"class_list":["post-5743","page","type-page","status-publish","hentry"],"_links":{"self":[{"href":"https:\/\/atauni.edu.tr\/veteriner-fakultesi\/wp-json\/wp\/v2\/pages\/5743","targetHints":{"allow":["GET"]}}],"collection":[{"href":"https:\/\/atauni.edu.tr\/veteriner-fakultesi\/wp-json\/wp\/v2\/pages"}],"about":[{"href":"https:\/\/atauni.edu.tr\/veteriner-fakultesi\/wp-json\/wp\/v2\/types\/page"}],"author":[{"embeddable":true,"href":"https:\/\/atauni.edu.tr\/veteriner-fakultesi\/wp-json\/wp\/v2\/users\/1"}],"replies":[{"embeddable":true,"href":"https:\/\/atauni.edu.tr\/veteriner-fakultesi\/wp-json\/wp\/v2\/comments?post=5743"}],"version-history":[{"count":17,"href":"https:\/\/atauni.edu.tr\/veteriner-fakultesi\/wp-json\/wp\/v2\/pages\/5743\/revisions"}],"predecessor-version":[{"id":11609,"href":"https:\/\/atauni.edu.tr\/veteriner-fakultesi\/wp-json\/wp\/v2\/pages\/5743\/revisions\/11609"}],"wp:attachment":[{"href":"https:\/\/atauni.edu.tr\/veteriner-fakultesi\/wp-json\/wp\/v2\/media?parent=5743"}],"curies":[{"name":"wp","href":"https:\/\/api.w.org\/{rel}","templated":true}]}}