{"id":5774,"date":"2021-07-13T13:54:52","date_gmt":"2021-07-13T10:54:52","guid":{"rendered":"https:\/\/portaltest.atauni.edu.tr\/muhendislik-fakultesi\/?page_id=5774"},"modified":"2021-12-10T16:21:24","modified_gmt":"2021-12-10T13:21:24","slug":"tarihce","status":"publish","type":"page","link":"https:\/\/atauni.edu.tr\/veteriner-fakultesi\/tarihce\/","title":{"rendered":"Tarih\u00e7e"},"content":{"rendered":"\t\t<div data-elementor-type=\"wp-page\" data-elementor-id=\"5774\" class=\"elementor elementor-5774\" data-elementor-post-type=\"page\">\n\t\t\t\t\t\t<section class=\"elementor-section elementor-top-section elementor-element elementor-element-46c2cb5d elementor-section-boxed elementor-section-height-default elementor-section-height-default\" data-id=\"46c2cb5d\" data-element_type=\"section\">\n\t\t\t\t\t\t<div class=\"elementor-container elementor-column-gap-default\">\n\t\t\t\t\t<div class=\"elementor-column elementor-col-100 elementor-top-column elementor-element elementor-element-299813e7\" data-id=\"299813e7\" data-element_type=\"column\">\n\t\t\t<div class=\"elementor-widget-wrap elementor-element-populated\">\n\t\t\t\t\t\t<div class=\"elementor-element elementor-element-3ec495a9 elementor-widget elementor-widget-heading\" data-id=\"3ec495a9\" data-element_type=\"widget\" data-widget_type=\"heading.default\">\n\t\t\t\t<div class=\"elementor-widget-container\">\n\t\t\t\t\t<h2 class=\"elementor-heading-title elementor-size-default\">Tarih\u00e7e<\/h2>\t\t\t\t<\/div>\n\t\t\t\t<\/div>\n\t\t\t\t<div class=\"elementor-element elementor-element-2092e3b3 elementor-widget-divider--view-line elementor-widget elementor-widget-divider\" data-id=\"2092e3b3\" data-element_type=\"widget\" data-widget_type=\"divider.default\">\n\t\t\t\t<div class=\"elementor-widget-container\">\n\t\t\t\t\t\t\t<div class=\"elementor-divider\">\n\t\t\t<span class=\"elementor-divider-separator\">\n\t\t\t\t\t\t<\/span>\n\t\t<\/div>\n\t\t\t\t\t\t<\/div>\n\t\t\t\t<\/div>\n\t\t\t\t\t<\/div>\n\t\t<\/div>\n\t\t\t\t\t<\/div>\n\t\t<\/section>\n\t\t\t\t<section class=\"elementor-section elementor-top-section elementor-element elementor-element-a00ea8d elementor-section-boxed elementor-section-height-default elementor-section-height-default\" data-id=\"a00ea8d\" data-element_type=\"section\">\n\t\t\t\t\t\t<div class=\"elementor-container elementor-column-gap-default\">\n\t\t\t\t\t<div class=\"elementor-column elementor-col-100 elementor-top-column elementor-element elementor-element-0ad1be4\" data-id=\"0ad1be4\" data-element_type=\"column\">\n\t\t\t<div class=\"elementor-widget-wrap elementor-element-populated\">\n\t\t\t\t\t\t<div class=\"elementor-element elementor-element-c133bed elementor-widget elementor-widget-text-editor\" data-id=\"c133bed\" data-element_type=\"widget\" data-widget_type=\"text-editor.default\">\n\t\t\t\t<div class=\"elementor-widget-container\">\n\t\t\t\t\t\t\t\t\t<p>T\u00fcrkiye\u2019de Veteriner Hekimli\u011fi \u00f6\u011fretimine 1842 y\u0131l\u0131nda askeri veteriner hekim Godlewsky taraf\u0131ndan a\u00e7\u0131lan&nbsp;Askeri Baytar Mektebi&nbsp;ile \u0130stanbul\u2019da ba\u015flanm\u0131\u015ft\u0131r. \u0130lk sivil Veteriner Okulu 1889 y\u0131l\u0131nda yine \u0130stanbul\u2019da kurulmu\u015ftur. Askeri ve sivil Veteriner Okullar\u0131 1921 y\u0131l\u0131nda birle\u015ftirilmi\u015f, 1928 y\u0131l\u0131nda&nbsp;Y\u00fcksek Baytar Mektebi&nbsp;ad\u0131n\u0131 alm\u0131\u015ft\u0131r. Ankara\u2019da 1933 y\u0131l\u0131nda Y\u00fcksek Ziraat Enstit\u00fcs\u00fc\u2019n\u00fcn a\u00e7\u0131lmas\u0131n\u0131n ard\u0131ndan, \u0130stanbul\u2019da bulunan&nbsp;Y\u00fcksek Baytar Mektebi&nbsp;Ankara\u2019ya nakledilmi\u015ftir.&nbsp;Ziraat &nbsp;Vek\u00e2leti Vazife ve<em>&nbsp;<\/em>Te\u015fkilat Kanunu\u2019nun 1937\u2019de y\u00fcr\u00fcrl\u00fc\u011fe konmas\u0131yla yasada ge\u00e7en \u201cveteriner\u201d s\u00f6zc\u00fc\u011f\u00fcne uygun olarak Baytar Fak\u00fcltesinin ad\u0131 \u201cVeteriner &nbsp;Fak\u00fcltesi\u201d&nbsp;olarak deg\u0306is\u0327tirilmis\u0327tir.<\/p>\n<p>Atat\u00fcrk &nbsp;\u00dcniversitesi Veteriner Fak\u00fcltesi 30\/05\/1997 tarih ve 97\/9535 say\u0131l\u0131 Bakanlar &nbsp;Kurulu Kararnamesiyle Erzurum\u2019da kurulmu\u015f olup, 04 A\u011fustos 1999 tarihinde de &nbsp;kurucu Dekan olarak Prof. Dr. \u0130smet PAM\u0130R atanm\u0131\u015ft\u0131r. Y\u00fcksek\u00f6\u011fretim Kurulu &nbsp;Ba\u015fkanl\u0131\u011f\u0131n\u0131n 25\/01\/2000 tarihli Y\u00fcr\u00fctme Kurulu toplant\u0131s\u0131nda 2547 say\u0131l\u0131 &nbsp;Kanun\u2019un 2880 say\u0131l\u0131 Kanun\u2019la de\u011fi\u015fik 7\/d-2 maddesi uyar\u0131nca 3 B\u00f6l\u00fcm, 19 &nbsp;Anabilim Dal\u0131 kurulmas\u0131 uygun g\u00f6r\u00fclm\u00fc\u015ft\u00fcr. S\u00f6z konusu b\u00f6l\u00fcm ve anabilim &nbsp;dallar\u0131; Veteriner hekimlik alanlar\u0131nda gerek lisans ve gerekse y\u00fcksek lisans &nbsp;e\u011fitim ve \u00f6\u011fretiminde s\u00f6z sahibi olan Avrupa Birli\u011fi\u2019ne akreditasyon &nbsp;\u00e7al\u0131\u015fmalar\u0131n\u0131 Avrupa Birli\u011fi ad\u0131na y\u00fcr\u00fcten Avrupa Veteriner E\u011fitim Kurumlar\u0131 &nbsp;Birli\u011fi (EAEVE) (European Association of Establishments for Veterinary &nbsp;Education) ve Avrupa Veterinerler Federasyonu (FVE) (Federation of &nbsp;Veterinarians of Europe)\u2019nun \u00f6nerileri do\u011frultusunda Dekanl\u0131\u011f\u0131m\u0131z\u0131n teklifi ile &nbsp;13\/04\/2007 tarihli Y\u00fcksek\u00f6\u011fretim Genel Kurulu toplant\u0131s\u0131nda incelenmi\u015f ve 2547 &nbsp;say\u0131l\u0131 Kanun\u2019un 2880 say\u0131l\u0131 Kanun\u2019la de\u011fi\u015fik 7\/d-2 maddesi uyar\u0131nca Fak\u00fcltemiz &nbsp;b\u00fcnyesinde 3 olan b\u00f6l\u00fcm say\u0131s\u0131 5, 19 olan Anabilim Dal\u0131 say\u0131s\u0131 ise 20 olmu\u015ftur. &nbsp;Ayr\u0131ca G\u0131da Hijyeni ve Teknolojisi B\u00f6l\u00fcm\u00fc b\u00fcnyesinde Veteriner Halk Sa\u011fl\u0131\u011f\u0131 &nbsp;Anabilim Dal\u0131\u2019n\u0131n a\u00e7\u0131lmas\u0131yla Fak\u00fcltemizde Anabilim Dal\u0131 say\u0131s\u0131 21\u2019e &nbsp;\u00e7\u0131kar\u0131lm\u0131\u015ft\u0131r.&nbsp;<\/p>\t\t\t\t\t\t\t\t<\/div>\n\t\t\t\t<\/div>\n\t\t\t\t\t<\/div>\n\t\t<\/div>\n\t\t\t\t\t<\/div>\n\t\t<\/section>\n\t\t\t\t<\/div>\n\t\t","protected":false},"excerpt":{"rendered":"<p>Tarih\u00e7e T\u00fcrkiye\u2019de Veteriner Hekimli\u011fi \u00f6\u011fretimine 1842 y\u0131l\u0131nda askeri veteriner hekim Godlewsky taraf\u0131ndan a\u00e7\u0131lan&nbsp;Askeri Baytar Mektebi&nbsp;ile \u0130stanbul\u2019da ba\u015flanm\u0131\u015ft\u0131r. \u0130lk sivil Veteriner Okulu 1889 y\u0131l\u0131nda yine \u0130stanbul\u2019da kurulmu\u015ftur. Askeri ve sivil Veteriner Okullar\u0131 1921 y\u0131l\u0131nda birle\u015ftirilmi\u015f, 1928 y\u0131l\u0131nda&nbsp;Y\u00fcksek Baytar Mektebi&nbsp;ad\u0131n\u0131 alm\u0131\u015ft\u0131r. Ankara\u2019da 1933 y\u0131l\u0131nda Y\u00fcksek Ziraat Enstit\u00fcs\u00fc\u2019n\u00fcn a\u00e7\u0131lmas\u0131n\u0131n ard\u0131ndan, \u0130stanbul\u2019da bulunan&nbsp;Y\u00fcksek Baytar Mektebi&nbsp;Ankara\u2019ya nakledilmi\u015ftir.&nbsp;Ziraat &nbsp;Vek\u00e2leti Vazife ve&nbsp;Te\u015fkilat [&hellip;]<\/p>\n","protected":false},"author":1,"featured_media":0,"parent":0,"menu_order":0,"comment_status":"closed","ping_status":"closed","template":"elementor_header_footer","meta":{"footnotes":""},"class_list":["post-5774","page","type-page","status-publish","hentry"],"_links":{"self":[{"href":"https:\/\/atauni.edu.tr\/veteriner-fakultesi\/wp-json\/wp\/v2\/pages\/5774","targetHints":{"allow":["GET"]}}],"collection":[{"href":"https:\/\/atauni.edu.tr\/veteriner-fakultesi\/wp-json\/wp\/v2\/pages"}],"about":[{"href":"https:\/\/atauni.edu.tr\/veteriner-fakultesi\/wp-json\/wp\/v2\/types\/page"}],"author":[{"embeddable":true,"href":"https:\/\/atauni.edu.tr\/veteriner-fakultesi\/wp-json\/wp\/v2\/users\/1"}],"replies":[{"embeddable":true,"href":"https:\/\/atauni.edu.tr\/veteriner-fakultesi\/wp-json\/wp\/v2\/comments?post=5774"}],"version-history":[{"count":26,"href":"https:\/\/atauni.edu.tr\/veteriner-fakultesi\/wp-json\/wp\/v2\/pages\/5774\/revisions"}],"predecessor-version":[{"id":6654,"href":"https:\/\/atauni.edu.tr\/veteriner-fakultesi\/wp-json\/wp\/v2\/pages\/5774\/revisions\/6654"}],"wp:attachment":[{"href":"https:\/\/atauni.edu.tr\/veteriner-fakultesi\/wp-json\/wp\/v2\/media?parent=5774"}],"curies":[{"name":"wp","href":"https:\/\/api.w.org\/{rel}","templated":true}]}}