{"id":6707,"date":"2021-12-13T10:42:55","date_gmt":"2021-12-13T07:42:55","guid":{"rendered":"https:\/\/birimler.atauni.edu.tr\/veteriner-fakultesi\/?page_id=6707"},"modified":"2021-12-13T10:46:34","modified_gmt":"2021-12-13T07:46:34","slug":"klinik-bilimler-bolumu","status":"publish","type":"page","link":"https:\/\/atauni.edu.tr\/veteriner-fakultesi\/klinik-bilimler-bolumu\/","title":{"rendered":"KL\u0130N\u0130K B\u0130L\u0130MLER B\u00d6L\u00dcM\u00dc"},"content":{"rendered":"\t\t<div data-elementor-type=\"wp-page\" data-elementor-id=\"6707\" class=\"elementor elementor-6707\" data-elementor-post-type=\"page\">\n\t\t\t\t\t\t<section class=\"elementor-section elementor-top-section elementor-element elementor-element-5213490 elementor-section-boxed elementor-section-height-default elementor-section-height-default\" data-id=\"5213490\" data-element_type=\"section\">\n\t\t\t\t\t\t<div class=\"elementor-container elementor-column-gap-default\">\n\t\t\t\t\t<div class=\"elementor-column elementor-col-100 elementor-top-column elementor-element elementor-element-d4fe40a\" data-id=\"d4fe40a\" data-element_type=\"column\">\n\t\t\t<div class=\"elementor-widget-wrap elementor-element-populated\">\n\t\t\t\t\t\t<div class=\"elementor-element elementor-element-e8d3782 elementor-widget elementor-widget-heading\" data-id=\"e8d3782\" data-element_type=\"widget\" data-widget_type=\"heading.default\">\n\t\t\t\t<div class=\"elementor-widget-container\">\n\t\t\t\t\t<h2 class=\"elementor-heading-title elementor-size-default\">Cerrahi Anabilim Dal\u0131<\/h2>\t\t\t\t<\/div>\n\t\t\t\t<\/div>\n\t\t\t\t\t<\/div>\n\t\t<\/div>\n\t\t\t\t\t<\/div>\n\t\t<\/section>\n\t\t\t\t<section class=\"elementor-section elementor-top-section elementor-element elementor-element-f77da4e elementor-section-boxed elementor-section-height-default elementor-section-height-default\" data-id=\"f77da4e\" data-element_type=\"section\">\n\t\t\t\t\t\t<div class=\"elementor-container elementor-column-gap-default\">\n\t\t\t\t\t<div class=\"elementor-column elementor-col-100 elementor-top-column elementor-element elementor-element-b30fe32\" data-id=\"b30fe32\" data-element_type=\"column\">\n\t\t\t<div class=\"elementor-widget-wrap elementor-element-populated\">\n\t\t\t\t\t\t<div class=\"elementor-element elementor-element-433c040 elementor-widget elementor-widget-heading\" data-id=\"433c040\" data-element_type=\"widget\" data-widget_type=\"heading.default\">\n\t\t\t\t<div class=\"elementor-widget-container\">\n\t\t\t\t\t<h2 class=\"elementor-heading-title elementor-size-default\">\u0130\u00e7 Hastal\u0131klar\u0131 Anabilim Dal\u0131<\/h2>\t\t\t\t<\/div>\n\t\t\t\t<\/div>\n\t\t\t\t\t<\/div>\n\t\t<\/div>\n\t\t\t\t\t<\/div>\n\t\t<\/section>\n\t\t\t\t<section class=\"elementor-section elementor-top-section elementor-element elementor-element-2ff194d elementor-section-boxed elementor-section-height-default elementor-section-height-default\" data-id=\"2ff194d\" data-element_type=\"section\">\n\t\t\t\t\t\t<div class=\"elementor-container elementor-column-gap-default\">\n\t\t\t\t\t<div class=\"elementor-column elementor-col-100 elementor-top-column elementor-element elementor-element-80538c3\" data-id=\"80538c3\" data-element_type=\"column\">\n\t\t\t<div class=\"elementor-widget-wrap elementor-element-populated\">\n\t\t\t\t\t\t<div class=\"elementor-element elementor-element-eb9e3c8 elementor-widget elementor-widget-heading\" data-id=\"eb9e3c8\" data-element_type=\"widget\" data-widget_type=\"heading.default\">\n\t\t\t\t<div class=\"elementor-widget-container\">\n\t\t\t\t\t<h2 class=\"elementor-heading-title elementor-size-default\">Do\u011fum ve Jinekoloji Anabilim Dal\u0131<\/h2>\t\t\t\t<\/div>\n\t\t\t\t<\/div>\n\t\t\t\t\t<\/div>\n\t\t<\/div>\n\t\t\t\t\t<\/div>\n\t\t<\/section>\n\t\t\t\t<section class=\"elementor-section elementor-top-section elementor-element elementor-element-53c93df elementor-section-boxed elementor-section-height-default elementor-section-height-default\" data-id=\"53c93df\" data-element_type=\"section\">\n\t\t\t\t\t\t<div class=\"elementor-container elementor-column-gap-default\">\n\t\t\t\t\t<div class=\"elementor-column elementor-col-100 elementor-top-column elementor-element elementor-element-ac697ef\" data-id=\"ac697ef\" data-element_type=\"column\">\n\t\t\t<div class=\"elementor-widget-wrap elementor-element-populated\">\n\t\t\t\t\t\t<div class=\"elementor-element elementor-element-6afd678 elementor-widget elementor-widget-heading\" data-id=\"6afd678\" data-element_type=\"widget\" data-widget_type=\"heading.default\">\n\t\t\t\t<div class=\"elementor-widget-container\">\n\t\t\t\t\t<h2 class=\"elementor-heading-title elementor-size-default\">D\u00f6lerme ve Suni Tohumlama Anabilim Dal\u0131<\/h2>\t\t\t\t<\/div>\n\t\t\t\t<\/div>\n\t\t\t\t\t<\/div>\n\t\t<\/div>\n\t\t\t\t\t<\/div>\n\t\t<\/section>\n\t\t\t\t<\/div>\n\t\t","protected":false},"excerpt":{"rendered":"<p>Cerrahi Anabilim Dal\u0131 \u0130\u00e7 Hastal\u0131klar\u0131 Anabilim Dal\u0131 Do\u011fum ve Jinekoloji Anabilim Dal\u0131 D\u00f6lerme ve Suni Tohumlama Anabilim Dal\u0131<\/p>\n","protected":false},"author":65,"featured_media":0,"parent":0,"menu_order":0,"comment_status":"closed","ping_status":"closed","template":"","meta":{"footnotes":""},"class_list":["post-6707","page","type-page","status-publish","hentry"],"_links":{"self":[{"href":"https:\/\/atauni.edu.tr\/veteriner-fakultesi\/wp-json\/wp\/v2\/pages\/6707","targetHints":{"allow":["GET"]}}],"collection":[{"href":"https:\/\/atauni.edu.tr\/veteriner-fakultesi\/wp-json\/wp\/v2\/pages"}],"about":[{"href":"https:\/\/atauni.edu.tr\/veteriner-fakultesi\/wp-json\/wp\/v2\/types\/page"}],"author":[{"embeddable":true,"href":"https:\/\/atauni.edu.tr\/veteriner-fakultesi\/wp-json\/wp\/v2\/users\/65"}],"replies":[{"embeddable":true,"href":"https:\/\/atauni.edu.tr\/veteriner-fakultesi\/wp-json\/wp\/v2\/comments?post=6707"}],"version-history":[{"count":4,"href":"https:\/\/atauni.edu.tr\/veteriner-fakultesi\/wp-json\/wp\/v2\/pages\/6707\/revisions"}],"predecessor-version":[{"id":6711,"href":"https:\/\/atauni.edu.tr\/veteriner-fakultesi\/wp-json\/wp\/v2\/pages\/6707\/revisions\/6711"}],"wp:attachment":[{"href":"https:\/\/atauni.edu.tr\/veteriner-fakultesi\/wp-json\/wp\/v2\/media?parent=6707"}],"curies":[{"name":"wp","href":"https:\/\/api.w.org\/{rel}","templated":true}]}}