{"id":6717,"date":"2021-12-13T10:51:14","date_gmt":"2021-12-13T07:51:14","guid":{"rendered":"https:\/\/birimler.atauni.edu.tr\/veteriner-fakultesi\/?page_id=6717"},"modified":"2021-12-13T10:55:06","modified_gmt":"2021-12-13T07:55:06","slug":"zootekni-ve-hayvan-besleme-bolumu","status":"publish","type":"page","link":"https:\/\/atauni.edu.tr\/veteriner-fakultesi\/zootekni-ve-hayvan-besleme-bolumu\/","title":{"rendered":"ZOOTEKN\u0130 VE HAYVAN BESLEME B\u00d6L\u00dcM\u00dc"},"content":{"rendered":"\t\t<div data-elementor-type=\"wp-page\" data-elementor-id=\"6717\" class=\"elementor elementor-6717\" data-elementor-post-type=\"page\">\n\t\t\t\t\t\t<section class=\"elementor-section elementor-top-section elementor-element elementor-element-decd42b elementor-section-boxed elementor-section-height-default elementor-section-height-default\" data-id=\"decd42b\" data-element_type=\"section\">\n\t\t\t\t\t\t<div class=\"elementor-container elementor-column-gap-default\">\n\t\t\t\t\t<div class=\"elementor-column elementor-col-100 elementor-top-column elementor-element elementor-element-c3c97cf\" data-id=\"c3c97cf\" data-element_type=\"column\">\n\t\t\t<div class=\"elementor-widget-wrap elementor-element-populated\">\n\t\t\t\t\t\t<div class=\"elementor-element elementor-element-fdf669c elementor-widget elementor-widget-heading\" data-id=\"fdf669c\" data-element_type=\"widget\" data-widget_type=\"heading.default\">\n\t\t\t\t<div class=\"elementor-widget-container\">\n\t\t\t\t\t<h2 class=\"elementor-heading-title elementor-size-default\">Zootekni Anabilim Dal\u0131<\/h2>\t\t\t\t<\/div>\n\t\t\t\t<\/div>\n\t\t\t\t\t<\/div>\n\t\t<\/div>\n\t\t\t\t\t<\/div>\n\t\t<\/section>\n\t\t\t\t<section class=\"elementor-section elementor-top-section elementor-element elementor-element-a6d6e93 elementor-section-boxed elementor-section-height-default elementor-section-height-default\" data-id=\"a6d6e93\" data-element_type=\"section\">\n\t\t\t\t\t\t<div class=\"elementor-container elementor-column-gap-default\">\n\t\t\t\t\t<div class=\"elementor-column elementor-col-100 elementor-top-column elementor-element elementor-element-5875d80\" data-id=\"5875d80\" data-element_type=\"column\">\n\t\t\t<div class=\"elementor-widget-wrap elementor-element-populated\">\n\t\t\t\t\t\t<div class=\"elementor-element elementor-element-ff287a8 elementor-widget elementor-widget-heading\" data-id=\"ff287a8\" data-element_type=\"widget\" data-widget_type=\"heading.default\">\n\t\t\t\t<div class=\"elementor-widget-container\">\n\t\t\t\t\t<h2 class=\"elementor-heading-title elementor-size-default\">Hayvan Besleme ve Besleme Hastal\u0131klar\u0131 Anabilim Dal\u0131<\/h2>\t\t\t\t<\/div>\n\t\t\t\t<\/div>\n\t\t\t\t\t<\/div>\n\t\t<\/div>\n\t\t\t\t\t<\/div>\n\t\t<\/section>\n\t\t\t\t<section class=\"elementor-section elementor-top-section elementor-element elementor-element-6a367f2 elementor-section-boxed elementor-section-height-default elementor-section-height-default\" data-id=\"6a367f2\" data-element_type=\"section\">\n\t\t\t\t\t\t<div class=\"elementor-container elementor-column-gap-default\">\n\t\t\t\t\t<div class=\"elementor-column elementor-col-100 elementor-top-column elementor-element elementor-element-5bb070d\" data-id=\"5bb070d\" data-element_type=\"column\">\n\t\t\t<div class=\"elementor-widget-wrap elementor-element-populated\">\n\t\t\t\t\t\t<div class=\"elementor-element elementor-element-e4cb04b elementor-widget elementor-widget-heading\" data-id=\"e4cb04b\" data-element_type=\"widget\" data-widget_type=\"heading.default\">\n\t\t\t\t<div class=\"elementor-widget-container\">\n\t\t\t\t\t<h2 class=\"elementor-heading-title elementor-size-default\">Biyometri Anabilim Dal\u0131<\/h2>\t\t\t\t<\/div>\n\t\t\t\t<\/div>\n\t\t\t\t\t<\/div>\n\t\t<\/div>\n\t\t\t\t\t<\/div>\n\t\t<\/section>\n\t\t\t\t<section class=\"elementor-section elementor-top-section elementor-element elementor-element-810dad6 elementor-section-boxed elementor-section-height-default elementor-section-height-default\" data-id=\"810dad6\" data-element_type=\"section\">\n\t\t\t\t\t\t<div class=\"elementor-container elementor-column-gap-default\">\n\t\t\t\t\t<div class=\"elementor-column elementor-col-100 elementor-top-column elementor-element elementor-element-a361c2f\" data-id=\"a361c2f\" data-element_type=\"column\">\n\t\t\t<div class=\"elementor-widget-wrap elementor-element-populated\">\n\t\t\t\t\t\t<div class=\"elementor-element elementor-element-d2ad059 elementor-widget elementor-widget-heading\" data-id=\"d2ad059\" data-element_type=\"widget\" data-widget_type=\"heading.default\">\n\t\t\t\t<div class=\"elementor-widget-container\">\n\t\t\t\t\t<h2 class=\"elementor-heading-title elementor-size-default\">Genetik Anabilim Dal\u0131<\/h2>\t\t\t\t<\/div>\n\t\t\t\t<\/div>\n\t\t\t\t\t<\/div>\n\t\t<\/div>\n\t\t\t\t\t<\/div>\n\t\t<\/section>\n\t\t\t\t<section class=\"elementor-section elementor-top-section elementor-element elementor-element-fa906db elementor-section-boxed elementor-section-height-default elementor-section-height-default\" data-id=\"fa906db\" data-element_type=\"section\">\n\t\t\t\t\t\t<div class=\"elementor-container elementor-column-gap-default\">\n\t\t\t\t\t<div class=\"elementor-column elementor-col-100 elementor-top-column elementor-element elementor-element-456e0e3\" data-id=\"456e0e3\" data-element_type=\"column\">\n\t\t\t<div class=\"elementor-widget-wrap elementor-element-populated\">\n\t\t\t\t\t\t<div class=\"elementor-element elementor-element-c0b8ebe elementor-widget elementor-widget-heading\" data-id=\"c0b8ebe\" data-element_type=\"widget\" data-widget_type=\"heading.default\">\n\t\t\t\t<div class=\"elementor-widget-container\">\n\t\t\t\t\t<h2 class=\"elementor-heading-title elementor-size-default\">Hayvan Sa\u011fl\u0131\u011f\u0131 ve Ekonometrisi Anabilim Dal\u0131<\/h2>\t\t\t\t<\/div>\n\t\t\t\t<\/div>\n\t\t\t\t\t<\/div>\n\t\t<\/div>\n\t\t\t\t\t<\/div>\n\t\t<\/section>\n\t\t\t\t<\/div>\n\t\t","protected":false},"excerpt":{"rendered":"<p>Zootekni Anabilim Dal\u0131 Hayvan Besleme ve Besleme Hastal\u0131klar\u0131 Anabilim Dal\u0131 Biyometri Anabilim Dal\u0131 Genetik Anabilim Dal\u0131 Hayvan Sa\u011fl\u0131\u011f\u0131 ve Ekonometrisi Anabilim Dal\u0131<\/p>\n","protected":false},"author":65,"featured_media":0,"parent":0,"menu_order":0,"comment_status":"closed","ping_status":"closed","template":"","meta":{"footnotes":""},"class_list":["post-6717","page","type-page","status-publish","hentry"],"_links":{"self":[{"href":"https:\/\/atauni.edu.tr\/veteriner-fakultesi\/wp-json\/wp\/v2\/pages\/6717","targetHints":{"allow":["GET"]}}],"collection":[{"href":"https:\/\/atauni.edu.tr\/veteriner-fakultesi\/wp-json\/wp\/v2\/pages"}],"about":[{"href":"https:\/\/atauni.edu.tr\/veteriner-fakultesi\/wp-json\/wp\/v2\/types\/page"}],"author":[{"embeddable":true,"href":"https:\/\/atauni.edu.tr\/veteriner-fakultesi\/wp-json\/wp\/v2\/users\/65"}],"replies":[{"embeddable":true,"href":"https:\/\/atauni.edu.tr\/veteriner-fakultesi\/wp-json\/wp\/v2\/comments?post=6717"}],"version-history":[{"count":4,"href":"https:\/\/atauni.edu.tr\/veteriner-fakultesi\/wp-json\/wp\/v2\/pages\/6717\/revisions"}],"predecessor-version":[{"id":6721,"href":"https:\/\/atauni.edu.tr\/veteriner-fakultesi\/wp-json\/wp\/v2\/pages\/6717\/revisions\/6721"}],"wp:attachment":[{"href":"https:\/\/atauni.edu.tr\/veteriner-fakultesi\/wp-json\/wp\/v2\/media?parent=6717"}],"curies":[{"name":"wp","href":"https:\/\/api.w.org\/{rel}","templated":true}]}}