{"id":9655,"date":"2023-11-13T11:42:18","date_gmt":"2023-11-13T08:42:18","guid":{"rendered":"https:\/\/birimler.atauni.edu.tr\/veteriner-fakultesi\/?page_id=9655"},"modified":"2023-11-13T12:47:00","modified_gmt":"2023-11-13T09:47:00","slug":"bolumler","status":"publish","type":"page","link":"https:\/\/atauni.edu.tr\/veteriner-fakultesi\/bolumler\/","title":{"rendered":"B\u00f6l\u00fcmler"},"content":{"rendered":"\t\t<div data-elementor-type=\"wp-page\" data-elementor-id=\"9655\" class=\"elementor elementor-9655\" data-elementor-post-type=\"page\">\n\t\t\t\t\t\t<section class=\"elementor-section elementor-top-section elementor-element elementor-element-df97a58 elementor-section-boxed elementor-section-height-default elementor-section-height-default\" data-id=\"df97a58\" data-element_type=\"section\">\n\t\t\t\t\t\t<div class=\"elementor-container elementor-column-gap-default\">\n\t\t\t\t\t<div class=\"elementor-column elementor-col-100 elementor-top-column elementor-element elementor-element-be8390b\" data-id=\"be8390b\" data-element_type=\"column\">\n\t\t\t<div class=\"elementor-widget-wrap elementor-element-populated\">\n\t\t\t\t\t\t<section class=\"elementor-section elementor-inner-section elementor-element elementor-element-37c292b elementor-section-boxed elementor-section-height-default elementor-section-height-default\" data-id=\"37c292b\" data-element_type=\"section\">\n\t\t\t\t\t\t<div class=\"elementor-container elementor-column-gap-default\">\n\t\t\t\t\t<div class=\"elementor-column elementor-col-50 elementor-inner-column elementor-element elementor-element-c814125\" data-id=\"c814125\" data-element_type=\"column\">\n\t\t\t<div class=\"elementor-widget-wrap elementor-element-populated\">\n\t\t\t\t\t\t<div class=\"elementor-element elementor-element-d604f32 elementor-widget elementor-widget-heading\" data-id=\"d604f32\" data-element_type=\"widget\" data-widget_type=\"heading.default\">\n\t\t\t\t<div class=\"elementor-widget-container\">\n\t\t\t\t\t<h2 class=\"elementor-heading-title elementor-size-default\"><a href=\"https:\/\/birimler.atauni.edu.tr\/veteriner-hekimligi-temel-bilimler-bolumu\/\">Temel Bilimler B\u00f6l\u00fcm\u00fc<\/a><\/h2>\t\t\t\t<\/div>\n\t\t\t\t<\/div>\n\t\t\t\t\t<\/div>\n\t\t<\/div>\n\t\t\t\t<div class=\"elementor-column elementor-col-50 elementor-inner-column elementor-element elementor-element-e6975bb\" data-id=\"e6975bb\" data-element_type=\"column\">\n\t\t\t<div class=\"elementor-widget-wrap\">\n\t\t\t\t\t\t\t<\/div>\n\t\t<\/div>\n\t\t\t\t\t<\/div>\n\t\t<\/section>\n\t\t\t\t\t<\/div>\n\t\t<\/div>\n\t\t\t\t\t<\/div>\n\t\t<\/section>\n\t\t\t\t<\/div>\n\t\t","protected":false},"excerpt":{"rendered":"<p>Temel Bilimler B\u00f6l\u00fcm\u00fc<\/p>\n","protected":false},"author":65,"featured_media":0,"parent":0,"menu_order":0,"comment_status":"closed","ping_status":"closed","template":"","meta":{"footnotes":""},"class_list":["post-9655","page","type-page","status-publish","hentry"],"_links":{"self":[{"href":"https:\/\/atauni.edu.tr\/veteriner-fakultesi\/wp-json\/wp\/v2\/pages\/9655","targetHints":{"allow":["GET"]}}],"collection":[{"href":"https:\/\/atauni.edu.tr\/veteriner-fakultesi\/wp-json\/wp\/v2\/pages"}],"about":[{"href":"https:\/\/atauni.edu.tr\/veteriner-fakultesi\/wp-json\/wp\/v2\/types\/page"}],"author":[{"embeddable":true,"href":"https:\/\/atauni.edu.tr\/veteriner-fakultesi\/wp-json\/wp\/v2\/users\/65"}],"replies":[{"embeddable":true,"href":"https:\/\/atauni.edu.tr\/veteriner-fakultesi\/wp-json\/wp\/v2\/comments?post=9655"}],"version-history":[{"count":4,"href":"https:\/\/atauni.edu.tr\/veteriner-fakultesi\/wp-json\/wp\/v2\/pages\/9655\/revisions"}],"predecessor-version":[{"id":10114,"href":"https:\/\/atauni.edu.tr\/veteriner-fakultesi\/wp-json\/wp\/v2\/pages\/9655\/revisions\/10114"}],"wp:attachment":[{"href":"https:\/\/atauni.edu.tr\/veteriner-fakultesi\/wp-json\/wp\/v2\/media?parent=9655"}],"curies":[{"name":"wp","href":"https:\/\/api.w.org\/{rel}","templated":true}]}}