{"id":5638,"date":"2021-07-13T09:49:25","date_gmt":"2021-07-13T06:49:25","guid":{"rendered":"https:\/\/portaltest.atauni.edu.tr\/bilgisayar-muhendisligi\/?page_id=5638"},"modified":"2022-12-20T11:18:58","modified_gmt":"2022-12-20T08:18:58","slug":"tarihce","status":"publish","type":"page","link":"https:\/\/atauni.edu.tr\/veterinerlikte-asi-ve-biyolojik-urun-gelistirme-uygulama-ve-arastirma-merkezi\/tarihce\/","title":{"rendered":"Tarih\u00e7e"},"content":{"rendered":"<h2>Tarih\u00e7e<\/h2>\n<p>Ara\u015ft\u0131rma merkezimiz, modern teknolojiyi uygulayarak, hayvan ve zoonotik hastal\u0131klar\u0131n kontrol\u00fc i\u00e7in ara\u015ft\u0131rma, hastal\u0131k g\u00f6zetimi, te\u015fhis, a\u015f\u0131 ve biyolojik geli\u015ftirme ve \u00fcretim yapmak amac\u0131yla Resm\u00ee Gazete\u2019nin 21.02.2021 tarihli ve 31402 say\u0131l\u0131 karar\u0131nca kurulmu\u015f ve faaliyetlerine ba\u015flam\u0131\u015ft\u0131r. Bu kapsamda merkezimizde a\u015fa\u011f\u0131da verilen faaliyetler y\u00fcr\u00fct\u00fclmektedir:<\/p>\n<p>-Veteriner sahadan gelecek \u00f6rneklerden bakteriyolojik k\u00fclt\u00fcr, identifikasyon ve antibiyogram testleri yapmak,<\/p>\n<p>-Veteriner saha i\u00e7in PCR temelli molek\u00fcler analizler yapmak,<\/p>\n<p>-Deneme hayvan\u0131 \u00e7al\u0131\u015fma sonu\u00e7lar\u0131n\u0131n ve mikroorganizman\u0131n olu\u015fturdu\u011fu immun parametrelerin serolojik (ELISA) ve ak\u0131\u015f sitometrisi ile belirlemek,<\/p>\n<p>-Protein ve h\u00fccre k\u00fclt\u00fcr\u00fc analizleri yapmakt\u0131r.<\/p>\n","protected":false},"excerpt":{"rendered":"<p>Tarih\u00e7e Ara\u015ft\u0131rma merkezimiz, modern teknolojiyi uygulayarak, hayvan ve zoonotik hastal\u0131klar\u0131n kontrol\u00fc i\u00e7in ara\u015ft\u0131rma, hastal\u0131k g\u00f6zetimi, te\u015fhis, a\u015f\u0131 ve biyolojik geli\u015ftirme ve \u00fcretim yapmak amac\u0131yla Resm\u00ee Gazete\u2019nin 21.02.2021 tarihli ve 31402 say\u0131l\u0131 karar\u0131nca kurulmu\u015f ve faaliyetlerine ba\u015flam\u0131\u015ft\u0131r. Bu kapsamda merkezimizde a\u015fa\u011f\u0131da verilen faaliyetler y\u00fcr\u00fct\u00fclmektedir: -Veteriner sahadan gelecek \u00f6rneklerden bakteriyolojik k\u00fclt\u00fcr, identifikasyon ve antibiyogram testleri yapmak, -Veteriner [&hellip;]<\/p>\n","protected":false},"author":1,"featured_media":0,"parent":0,"menu_order":0,"comment_status":"closed","ping_status":"closed","template":"","meta":{"footnotes":""},"class_list":["post-5638","page","type-page","status-publish","hentry"],"_links":{"self":[{"href":"https:\/\/atauni.edu.tr\/veterinerlikte-asi-ve-biyolojik-urun-gelistirme-uygulama-ve-arastirma-merkezi\/wp-json\/wp\/v2\/pages\/5638","targetHints":{"allow":["GET"]}}],"collection":[{"href":"https:\/\/atauni.edu.tr\/veterinerlikte-asi-ve-biyolojik-urun-gelistirme-uygulama-ve-arastirma-merkezi\/wp-json\/wp\/v2\/pages"}],"about":[{"href":"https:\/\/atauni.edu.tr\/veterinerlikte-asi-ve-biyolojik-urun-gelistirme-uygulama-ve-arastirma-merkezi\/wp-json\/wp\/v2\/types\/page"}],"author":[{"embeddable":true,"href":"https:\/\/atauni.edu.tr\/veterinerlikte-asi-ve-biyolojik-urun-gelistirme-uygulama-ve-arastirma-merkezi\/wp-json\/wp\/v2\/users\/1"}],"replies":[{"embeddable":true,"href":"https:\/\/atauni.edu.tr\/veterinerlikte-asi-ve-biyolojik-urun-gelistirme-uygulama-ve-arastirma-merkezi\/wp-json\/wp\/v2\/comments?post=5638"}],"version-history":[{"count":26,"href":"https:\/\/atauni.edu.tr\/veterinerlikte-asi-ve-biyolojik-urun-gelistirme-uygulama-ve-arastirma-merkezi\/wp-json\/wp\/v2\/pages\/5638\/revisions"}],"predecessor-version":[{"id":6192,"href":"https:\/\/atauni.edu.tr\/veterinerlikte-asi-ve-biyolojik-urun-gelistirme-uygulama-ve-arastirma-merkezi\/wp-json\/wp\/v2\/pages\/5638\/revisions\/6192"}],"wp:attachment":[{"href":"https:\/\/atauni.edu.tr\/veterinerlikte-asi-ve-biyolojik-urun-gelistirme-uygulama-ve-arastirma-merkezi\/wp-json\/wp\/v2\/media?parent=5638"}],"curies":[{"name":"wp","href":"https:\/\/api.w.org\/{rel}","templated":true}]}}