{"id":5682,"date":"2021-07-13T10:10:01","date_gmt":"2021-07-13T07:10:01","guid":{"rendered":"https:\/\/portaltest.atauni.edu.tr\/bilgisayar-muhendisligi\/?page_id=5682"},"modified":"2022-12-20T11:16:02","modified_gmt":"2022-12-20T08:16:02","slug":"misyon-vizyon-ve-temel-degerler","status":"publish","type":"page","link":"https:\/\/atauni.edu.tr\/veterinerlikte-asi-ve-biyolojik-urun-gelistirme-uygulama-ve-arastirma-merkezi\/misyon-vizyon-ve-temel-degerler\/","title":{"rendered":"Misyon, Vizyon ve Temel De\u011ferler"},"content":{"rendered":"\t\t<div data-elementor-type=\"wp-page\" data-elementor-id=\"5682\" class=\"elementor elementor-5682\" data-elementor-post-type=\"page\">\n\t\t\t\t\t\t<section class=\"elementor-section elementor-top-section elementor-element elementor-element-730d320 elementor-section-boxed elementor-section-height-default elementor-section-height-default\" data-id=\"730d320\" data-element_type=\"section\">\n\t\t\t\t\t\t<div class=\"elementor-container elementor-column-gap-default\">\n\t\t\t\t\t<div class=\"elementor-column elementor-col-100 elementor-top-column elementor-element elementor-element-753d0860\" data-id=\"753d0860\" data-element_type=\"column\">\n\t\t\t<div class=\"elementor-widget-wrap\">\n\t\t\t\t\t\t\t<\/div>\n\t\t<\/div>\n\t\t\t\t\t<\/div>\n\t\t<\/section>\n\t\t\t\t<section class=\"elementor-section elementor-top-section elementor-element elementor-element-9be811a elementor-section-boxed elementor-section-height-default elementor-section-height-default\" data-id=\"9be811a\" data-element_type=\"section\">\n\t\t\t\t\t\t<div class=\"elementor-container elementor-column-gap-default\">\n\t\t\t\t\t<div class=\"elementor-column elementor-col-100 elementor-top-column elementor-element elementor-element-1ed847b7\" data-id=\"1ed847b7\" data-element_type=\"column\">\n\t\t\t<div class=\"elementor-widget-wrap elementor-element-populated\">\n\t\t\t\t\t\t<div class=\"elementor-element elementor-element-4ce0d07f elementor-widget elementor-widget-heading\" data-id=\"4ce0d07f\" data-element_type=\"widget\" data-widget_type=\"heading.default\">\n\t\t\t\t<div class=\"elementor-widget-container\">\n\t\t\t\t\t<h2 class=\"elementor-heading-title elementor-size-default\">Misyon, Vizyon ve Temel De\u011ferler<\/h2>\t\t\t\t<\/div>\n\t\t\t\t<\/div>\n\t\t\t\t<div class=\"elementor-element elementor-element-63260862 elementor-widget-divider--view-line elementor-widget elementor-widget-divider\" data-id=\"63260862\" data-element_type=\"widget\" data-widget_type=\"divider.default\">\n\t\t\t\t<div class=\"elementor-widget-container\">\n\t\t\t\t\t\t\t<div class=\"elementor-divider\">\n\t\t\t<span class=\"elementor-divider-separator\">\n\t\t\t\t\t\t<\/span>\n\t\t<\/div>\n\t\t\t\t\t\t<\/div>\n\t\t\t\t<\/div>\n\t\t\t\t\t<\/div>\n\t\t<\/div>\n\t\t\t\t\t<\/div>\n\t\t<\/section>\n\t\t\t\t<section class=\"elementor-section elementor-top-section elementor-element elementor-element-681db8b elementor-section-boxed elementor-section-height-default elementor-section-height-default\" data-id=\"681db8b\" data-element_type=\"section\">\n\t\t\t\t\t\t<div class=\"elementor-container elementor-column-gap-default\">\n\t\t\t\t\t<div class=\"elementor-column elementor-col-100 elementor-top-column elementor-element elementor-element-ad4dac5\" data-id=\"ad4dac5\" data-element_type=\"column\">\n\t\t\t<div class=\"elementor-widget-wrap elementor-element-populated\">\n\t\t\t\t\t\t<div class=\"elementor-element elementor-element-2f96b3d elementor-widget elementor-widget-text-editor\" data-id=\"2f96b3d\" data-element_type=\"widget\" data-widget_type=\"text-editor.default\">\n\t\t\t\t<div class=\"elementor-widget-container\">\n\t\t\t\t\t\t\t\t\t<div><h2>Misyon<\/h2><p>Uluslararas\u0131 en iyi uygulamalara dayal\u0131 modern teknolojiyi uygulayarak, hayvan ve zoonotik hastal\u0131klar\u0131n kontrol\u00fc i\u00e7in ara\u015ft\u0131rma, hastal\u0131k g\u00f6zetimi, te\u015fhis, a\u015f\u0131 ve <\/p><p>biyolojik \u00fcr\u00fcn geli\u015ftirme ve \u00fcretimi yapmak.<\/p><\/div><div><h2>Vizyon<\/h2><p>Ara\u015ft\u0131rma, te\u015fhis, a\u015f\u0131 geli\u015ftirme ve \u00fcretimde m\u00fckemmellik ile d\u00fcnyada ilk tercih edilen ve ara\u015ft\u0131r\u0131lan veteriner ara\u015ft\u0131rma enstit\u00fcs\u00fc olmak.<\/p><h2><strong>Temel De\u011ferler<\/strong><\/h2><p>M\u00fckemmellik: Uluslararas\u0131 standartlar\u0131 ve m\u00fc\u015fteri memnuniyetini kar\u015f\u0131layan \u00fcr\u00fcn ve hizmetler geli\u015ftirmek.<\/p><p>D\u00fcr\u00fcstl\u00fck: Hizmet sunumunda iyi davran\u0131\u015f ve karakterli olmak.<\/p><p>A\u011f Olu\u015fturma ve \u0130\u015fbirli\u011fi: Kurum ve kurulu\u015flarla iyi \u00e7al\u0131\u015fma ili\u015fkileri kurmak, bilgi ve kaynak payla\u015f\u0131m\u0131 yapmak.<\/p><p>Hesap Verebilirlik: Sorumluluk ve ba\u011fl\u0131l\u0131k duygular\u0131na sahip olmak.<\/p><\/div>\t\t\t\t\t\t\t\t<\/div>\n\t\t\t\t<\/div>\n\t\t\t\t\t<\/div>\n\t\t<\/div>\n\t\t\t\t\t<\/div>\n\t\t<\/section>\n\t\t\t\t<\/div>\n\t\t","protected":false},"excerpt":{"rendered":"<p>Misyon, Vizyon ve Temel De\u011ferler Misyon Uluslararas\u0131 en iyi uygulamalara dayal\u0131 modern teknolojiyi uygulayarak, hayvan ve zoonotik hastal\u0131klar\u0131n kontrol\u00fc i\u00e7in ara\u015ft\u0131rma, hastal\u0131k g\u00f6zetimi, te\u015fhis, a\u015f\u0131 ve biyolojik \u00fcr\u00fcn geli\u015ftirme ve \u00fcretimi yapmak. Vizyon Ara\u015ft\u0131rma, te\u015fhis, a\u015f\u0131 geli\u015ftirme ve \u00fcretimde m\u00fckemmellik ile d\u00fcnyada ilk tercih edilen ve ara\u015ft\u0131r\u0131lan veteriner ara\u015ft\u0131rma enstit\u00fcs\u00fc olmak. Temel De\u011ferler M\u00fckemmellik: Uluslararas\u0131 [&hellip;]<\/p>\n","protected":false},"author":1,"featured_media":0,"parent":0,"menu_order":0,"comment_status":"closed","ping_status":"closed","template":"elementor_header_footer","meta":{"footnotes":""},"class_list":["post-5682","page","type-page","status-publish","hentry"],"_links":{"self":[{"href":"https:\/\/atauni.edu.tr\/veterinerlikte-asi-ve-biyolojik-urun-gelistirme-uygulama-ve-arastirma-merkezi\/wp-json\/wp\/v2\/pages\/5682","targetHints":{"allow":["GET"]}}],"collection":[{"href":"https:\/\/atauni.edu.tr\/veterinerlikte-asi-ve-biyolojik-urun-gelistirme-uygulama-ve-arastirma-merkezi\/wp-json\/wp\/v2\/pages"}],"about":[{"href":"https:\/\/atauni.edu.tr\/veterinerlikte-asi-ve-biyolojik-urun-gelistirme-uygulama-ve-arastirma-merkezi\/wp-json\/wp\/v2\/types\/page"}],"author":[{"embeddable":true,"href":"https:\/\/atauni.edu.tr\/veterinerlikte-asi-ve-biyolojik-urun-gelistirme-uygulama-ve-arastirma-merkezi\/wp-json\/wp\/v2\/users\/1"}],"replies":[{"embeddable":true,"href":"https:\/\/atauni.edu.tr\/veterinerlikte-asi-ve-biyolojik-urun-gelistirme-uygulama-ve-arastirma-merkezi\/wp-json\/wp\/v2\/comments?post=5682"}],"version-history":[{"count":14,"href":"https:\/\/atauni.edu.tr\/veterinerlikte-asi-ve-biyolojik-urun-gelistirme-uygulama-ve-arastirma-merkezi\/wp-json\/wp\/v2\/pages\/5682\/revisions"}],"predecessor-version":[{"id":6188,"href":"https:\/\/atauni.edu.tr\/veterinerlikte-asi-ve-biyolojik-urun-gelistirme-uygulama-ve-arastirma-merkezi\/wp-json\/wp\/v2\/pages\/5682\/revisions\/6188"}],"wp:attachment":[{"href":"https:\/\/atauni.edu.tr\/veterinerlikte-asi-ve-biyolojik-urun-gelistirme-uygulama-ve-arastirma-merkezi\/wp-json\/wp\/v2\/media?parent=5682"}],"curies":[{"name":"wp","href":"https:\/\/api.w.org\/{rel}","templated":true}]}}