{"id":5682,"date":"2021-07-13T10:10:01","date_gmt":"2021-07-13T07:10:01","guid":{"rendered":"https:\/\/portaltest.atauni.edu.tr\/sosyal-bilimler-enstitusu\/?page_id=5682"},"modified":"2025-03-12T11:41:12","modified_gmt":"2025-03-12T08:41:12","slug":"tipografi-hiyerarsi","status":"publish","type":"page","link":"https:\/\/atauni.edu.tr\/web-kilavuzu\/tipografi-hiyerarsi\/","title":{"rendered":"Tipografi &#8211; Hiyerar\u015fi"},"content":{"rendered":"\t\t<div data-elementor-type=\"wp-page\" data-elementor-id=\"5682\" class=\"elementor elementor-5682\" data-elementor-post-type=\"page\">\n\t\t\t\t\t\t<section class=\"elementor-section elementor-top-section elementor-element elementor-element-730d320 elementor-section-boxed elementor-section-height-default elementor-section-height-default\" data-id=\"730d320\" data-element_type=\"section\">\n\t\t\t\t\t\t<div class=\"elementor-container elementor-column-gap-default\">\n\t\t\t\t\t<div class=\"elementor-column elementor-col-100 elementor-top-column elementor-element elementor-element-753d0860\" data-id=\"753d0860\" data-element_type=\"column\">\n\t\t\t<div class=\"elementor-widget-wrap elementor-element-populated\">\n\t\t\t\t\t\t<div class=\"elementor-element elementor-element-c1c29ba elementor-widget elementor-widget-spacer\" data-id=\"c1c29ba\" data-element_type=\"widget\" data-widget_type=\"spacer.default\">\n\t\t\t\t<div class=\"elementor-widget-container\">\n\t\t\t\t\t\t\t<div class=\"elementor-spacer\">\n\t\t\t<div class=\"elementor-spacer-inner\"><\/div>\n\t\t<\/div>\n\t\t\t\t\t\t<\/div>\n\t\t\t\t<\/div>\n\t\t\t\t\t<\/div>\n\t\t<\/div>\n\t\t\t\t\t<\/div>\n\t\t<\/section>\n\t\t\t\t<section class=\"elementor-section elementor-top-section elementor-element elementor-element-6288857 elementor-section-boxed elementor-section-height-default elementor-section-height-default\" data-id=\"6288857\" data-element_type=\"section\">\n\t\t\t\t\t\t<div class=\"elementor-container elementor-column-gap-default\">\n\t\t\t\t\t<div class=\"elementor-column elementor-col-100 elementor-top-column elementor-element elementor-element-04723dd\" data-id=\"04723dd\" data-element_type=\"column\">\n\t\t\t<div class=\"elementor-widget-wrap elementor-element-populated\">\n\t\t\t\t\t\t<div class=\"elementor-element elementor-element-35cdeaa elementor-widget elementor-widget-heading\" data-id=\"35cdeaa\" data-element_type=\"widget\" data-widget_type=\"heading.default\">\n\t\t\t\t<div class=\"elementor-widget-container\">\n\t\t\t\t\t<h2 class=\"elementor-heading-title elementor-size-default\">Tipografi<\/h2>\t\t\t\t<\/div>\n\t\t\t\t<\/div>\n\t\t\t\t<div class=\"elementor-element elementor-element-2175942 elementor-widget-divider--view-line elementor-widget elementor-widget-divider\" data-id=\"2175942\" data-element_type=\"widget\" data-widget_type=\"divider.default\">\n\t\t\t\t<div class=\"elementor-widget-container\">\n\t\t\t\t\t\t\t<div class=\"elementor-divider\">\n\t\t\t<span class=\"elementor-divider-separator\">\n\t\t\t\t\t\t<\/span>\n\t\t<\/div>\n\t\t\t\t\t\t<\/div>\n\t\t\t\t<\/div>\n\t\t\t\t\t<\/div>\n\t\t<\/div>\n\t\t\t\t\t<\/div>\n\t\t<\/section>\n\t\t\t\t<section class=\"elementor-section elementor-top-section elementor-element elementor-element-8bf70cc elementor-section-boxed elementor-section-height-default elementor-section-height-default\" data-id=\"8bf70cc\" data-element_type=\"section\">\n\t\t\t\t\t\t<div class=\"elementor-container elementor-column-gap-default\">\n\t\t\t\t\t<div class=\"elementor-column elementor-col-100 elementor-top-column elementor-element elementor-element-80544de\" data-id=\"80544de\" data-element_type=\"column\">\n\t\t\t<div class=\"elementor-widget-wrap elementor-element-populated\">\n\t\t\t\t\t\t<div class=\"elementor-element elementor-element-bed1356 elementor-widget elementor-widget-text-editor\" data-id=\"bed1356\" data-element_type=\"widget\" data-widget_type=\"text-editor.default\">\n\t\t\t\t<div class=\"elementor-widget-container\">\n\t\t\t\t\t\t\t\t\t<p>Web tasar\u0131m\u0131nda tipografi, i\u00e7eri\u011fin okunabilirli\u011fini, eri\u015filebilirli\u011fini ve estetik b\u00fct\u00fcnl\u00fc\u011f\u00fcn\u00fc do\u011frudan etkileyen temel bir unsurdur. Do\u011fru tipografi se\u00e7imi, kullan\u0131c\u0131lar\u0131n bilgiyi kolayca alg\u0131lamas\u0131n\u0131 sa\u011flarken, web sitesinin profesyonel ve kurumsal kimli\u011fini destekler. Yaz\u0131 tipi, punto b\u00fcy\u00fckl\u00fc\u011f\u00fc, sat\u0131r aral\u0131\u011f\u0131 ve renk kontrast\u0131 gibi tipografik unsurlar, kullan\u0131c\u0131 deneyimini iyile\u015ftirerek ziyaret\u00e7ilerin sitede daha uzun s\u00fcre kalmas\u0131na katk\u0131da bulunur. Ayr\u0131ca, marka veya kurum kimli\u011fini g\u00fc\u00e7lendirmek i\u00e7in belirli bir tipografik stilin tutarl\u0131 kullan\u0131m\u0131 b\u00fcy\u00fck \u00f6nem ta\u015f\u0131r. Son olarak, iyi tasarlanm\u0131\u015f bir tipografi hiyerar\u015fisi, bilgilerin \u00f6nceliklendirilmesini kolayla\u015ft\u0131rarak ziyaret\u00e7ilerin i\u00e7eri\u011fe h\u0131zl\u0131 ve etkili bir \u015fekilde ula\u015fmas\u0131n\u0131 sa\u011flar.<\/p>\t\t\t\t\t\t\t\t<\/div>\n\t\t\t\t<\/div>\n\t\t\t\t\t<\/div>\n\t\t<\/div>\n\t\t\t\t\t<\/div>\n\t\t<\/section>\n\t\t\t\t<section class=\"elementor-section elementor-top-section elementor-element elementor-element-de46d0a elementor-section-boxed elementor-section-height-default elementor-section-height-default\" data-id=\"de46d0a\" data-element_type=\"section\">\n\t\t\t\t\t\t<div class=\"elementor-container elementor-column-gap-default\">\n\t\t\t\t\t<div class=\"elementor-column elementor-col-100 elementor-top-column elementor-element elementor-element-6c86836\" data-id=\"6c86836\" data-element_type=\"column\">\n\t\t\t<div class=\"elementor-widget-wrap elementor-element-populated\">\n\t\t\t\t\t\t<div class=\"elementor-element elementor-element-50251fc elementor-widget elementor-widget-heading\" data-id=\"50251fc\" data-element_type=\"widget\" data-widget_type=\"heading.default\">\n\t\t\t\t<div class=\"elementor-widget-container\">\n\t\t\t\t\t<h2 class=\"elementor-heading-title elementor-size-default\">Tipografik Hiyerar\u015fi<\/h2>\t\t\t\t<\/div>\n\t\t\t\t<\/div>\n\t\t\t\t<div class=\"elementor-element elementor-element-2d93842 elementor-widget-divider--view-line elementor-widget elementor-widget-divider\" data-id=\"2d93842\" data-element_type=\"widget\" data-widget_type=\"divider.default\">\n\t\t\t\t<div class=\"elementor-widget-container\">\n\t\t\t\t\t\t\t<div class=\"elementor-divider\">\n\t\t\t<span class=\"elementor-divider-separator\">\n\t\t\t\t\t\t<\/span>\n\t\t<\/div>\n\t\t\t\t\t\t<\/div>\n\t\t\t\t<\/div>\n\t\t\t\t\t<\/div>\n\t\t<\/div>\n\t\t\t\t\t<\/div>\n\t\t<\/section>\n\t\t\t\t<section class=\"elementor-section elementor-top-section elementor-element elementor-element-7e3d04b elementor-section-boxed elementor-section-height-default elementor-section-height-default\" data-id=\"7e3d04b\" data-element_type=\"section\">\n\t\t\t\t\t\t<div class=\"elementor-container elementor-column-gap-default\">\n\t\t\t\t\t<div class=\"elementor-column elementor-col-100 elementor-top-column elementor-element elementor-element-34eb857\" data-id=\"34eb857\" data-element_type=\"column\">\n\t\t\t<div class=\"elementor-widget-wrap elementor-element-populated\">\n\t\t\t\t\t\t<div class=\"elementor-element elementor-element-44e012d elementor-widget elementor-widget-text-editor\" data-id=\"44e012d\" data-element_type=\"widget\" data-widget_type=\"text-editor.default\">\n\t\t\t\t<div class=\"elementor-widget-container\">\n\t\t\t\t\t\t\t\t\t<p>Tipografik hiyerar\u015fi, web sitelerinde bilgilerin d\u00fczenli, anla\u015f\u0131l\u0131r ve kolay eri\u015filebilir olmas\u0131n\u0131 sa\u011flayarak kullan\u0131c\u0131 deneyimini do\u011frudan etkiler. Ba\u015fl\u0131k, alt ba\u015fl\u0131k ve g\u00f6vde metni gibi farkl\u0131 tipografik seviyeler, i\u00e7eri\u011fin g\u00f6rsel olarak ayr\u0131\u015ft\u0131r\u0131lmas\u0131n\u0131 ve kullan\u0131c\u0131lar\u0131n \u00f6nemli bilgilere h\u0131zla ula\u015fmas\u0131n\u0131 kolayla\u015ft\u0131r\u0131r. Do\u011fru boyut, a\u011f\u0131rl\u0131k ve bo\u015fluk kullan\u0131m\u0131 sayesinde metinler daha okunakl\u0131 hale gelir, b\u00f6ylece ziyaret\u00e7ilerin siteyi terk etme oran\u0131 azal\u0131r ve etkile\u015fim s\u00fcresi artar. Vurgulanan anahtar bilgiler, dikkat \u00e7ekici ve y\u00f6nlendirici bir yap\u0131 olu\u015ftururken, d\u00fczensiz veya zay\u0131f tipografik hiyerar\u015fi, bilgi karma\u015fas\u0131na yol a\u00e7arak kullan\u0131c\u0131 deneyimini olumsuz etkileyebilir. Bu nedenle, ba\u015far\u0131l\u0131 bir tipografik d\u00fczen, web sitesinin hem estetik hem de i\u015flevsellik a\u00e7\u0131s\u0131ndan g\u00fc\u00e7l\u00fc olmas\u0131n\u0131 sa\u011flar.<\/p>\t\t\t\t\t\t\t\t<\/div>\n\t\t\t\t<\/div>\n\t\t\t\t\t<\/div>\n\t\t<\/div>\n\t\t\t\t\t<\/div>\n\t\t<\/section>\n\t\t\t\t<section class=\"elementor-section elementor-top-section elementor-element elementor-element-67f5bf3 elementor-section-boxed elementor-section-height-default elementor-section-height-default\" data-id=\"67f5bf3\" data-element_type=\"section\">\n\t\t\t\t\t\t<div class=\"elementor-container elementor-column-gap-default\">\n\t\t\t\t\t<div class=\"elementor-column elementor-col-100 elementor-top-column elementor-element elementor-element-f446e17\" data-id=\"f446e17\" data-element_type=\"column\">\n\t\t\t<div class=\"elementor-widget-wrap elementor-element-populated\">\n\t\t\t\t\t\t<div class=\"elementor-element elementor-element-ec74ca5 elementor-widget elementor-widget-spacer\" data-id=\"ec74ca5\" data-element_type=\"widget\" data-widget_type=\"spacer.default\">\n\t\t\t\t<div class=\"elementor-widget-container\">\n\t\t\t\t\t\t\t<div class=\"elementor-spacer\">\n\t\t\t<div class=\"elementor-spacer-inner\"><\/div>\n\t\t<\/div>\n\t\t\t\t\t\t<\/div>\n\t\t\t\t<\/div>\n\t\t\t\t\t<\/div>\n\t\t<\/div>\n\t\t\t\t\t<\/div>\n\t\t<\/section>\n\t\t\t\t<section class=\"elementor-section elementor-top-section elementor-element elementor-element-17de4a0 elementor-section-boxed elementor-section-height-default elementor-section-height-default\" data-id=\"17de4a0\" data-element_type=\"section\">\n\t\t\t\t\t\t<div class=\"elementor-container elementor-column-gap-default\">\n\t\t\t\t\t<div class=\"elementor-column elementor-col-100 elementor-top-column elementor-element elementor-element-17a0a66\" data-id=\"17a0a66\" data-element_type=\"column\">\n\t\t\t<div class=\"elementor-widget-wrap elementor-element-populated\">\n\t\t\t\t\t\t<div class=\"elementor-element elementor-element-2664c44 elementor-widget elementor-widget-heading\" data-id=\"2664c44\" data-element_type=\"widget\" data-widget_type=\"heading.default\">\n\t\t\t\t<div class=\"elementor-widget-container\">\n\t\t\t\t\t<h2 class=\"elementor-heading-title elementor-size-default\">ATAUN\u0130 Web Fontu - Source Sans Pro<\/h2>\t\t\t\t<\/div>\n\t\t\t\t<\/div>\n\t\t\t\t<div class=\"elementor-element elementor-element-118ecc4 elementor-widget-divider--view-line elementor-widget elementor-widget-divider\" data-id=\"118ecc4\" data-element_type=\"widget\" data-widget_type=\"divider.default\">\n\t\t\t\t<div class=\"elementor-widget-container\">\n\t\t\t\t\t\t\t<div class=\"elementor-divider\">\n\t\t\t<span class=\"elementor-divider-separator\">\n\t\t\t\t\t\t<\/span>\n\t\t<\/div>\n\t\t\t\t\t\t<\/div>\n\t\t\t\t<\/div>\n\t\t\t\t\t<\/div>\n\t\t<\/div>\n\t\t\t\t\t<\/div>\n\t\t<\/section>\n\t\t\t\t<section class=\"elementor-section elementor-top-section elementor-element elementor-element-5f20970 elementor-section-boxed elementor-section-height-default elementor-section-height-default\" data-id=\"5f20970\" data-element_type=\"section\">\n\t\t\t\t\t\t<div class=\"elementor-container elementor-column-gap-default\">\n\t\t\t\t\t<div class=\"elementor-column elementor-col-100 elementor-top-column elementor-element elementor-element-9e06218\" data-id=\"9e06218\" data-element_type=\"column\">\n\t\t\t<div class=\"elementor-widget-wrap elementor-element-populated\">\n\t\t\t\t\t\t<div class=\"elementor-element elementor-element-cb6e081 elementor-widget elementor-widget-text-editor\" data-id=\"cb6e081\" data-element_type=\"widget\" data-widget_type=\"text-editor.default\">\n\t\t\t\t<div class=\"elementor-widget-container\">\n\t\t\t\t\t\t\t\t\t<p>Source Sans Pro, Adobe taraf\u0131ndan geli\u015ftirilen, a\u00e7\u0131k kaynakl\u0131 ve modern bir sans-serif yaz\u0131 tipidir. Web tasar\u0131m\u0131nda tercih edilmesinin bir\u00e7ok avantaj\u0131 bulunmaktad\u0131r:<\/p><ul><li><strong>Y\u00fcksek Okunabilirlik:<\/strong> Source Sans Pro, optimize edilmi\u015f harf yap\u0131s\u0131 ve dengeli karakter aral\u0131klar\u0131 sayesinde ekran \u00fczerinde rahat bir okuma deneyimi sunar. Uzun metinlerde bile g\u00f6z yormaz ve ak\u0131c\u0131 bir g\u00f6r\u00fcn\u00fcm sa\u011flar.<\/li><li><strong>Modern ve Profesyonel Estetik:<\/strong> Minimalist ve temiz tasar\u0131m\u0131, akademik, kurumsal ve ticari web siteleri i\u00e7in modern ve profesyonel bir g\u00f6r\u00fcn\u00fcm olu\u015fturur.<\/li><li><strong>\u00c7ok Y\u00f6nl\u00fc Kullan\u0131m:<\/strong> Farkl\u0131 a\u011f\u0131rl\u0131k se\u00e7enekleri (Light, Regular, Semi-Bold, Bold, Black) sayesinde ba\u015fl\u0131klarda, g\u00f6vde metinlerinde ve vurgulamalarda esnek bir kullan\u0131m imk\u00e2n\u0131 sunar.<\/li><li><strong>H\u0131zl\u0131 Y\u00fckleme ve Performans:<\/strong> Google Fonts arac\u0131l\u0131\u011f\u0131yla kolayca entegre edilebilen ve optimize edilmi\u015f bir font olmas\u0131, web sitelerinin performans\u0131n\u0131 olumsuz etkilemeden h\u0131zl\u0131 y\u00fcklenmesine katk\u0131 sa\u011flar.<\/li><li><strong>\u00c7oklu Dil Deste\u011fi:<\/strong> Latin alfabesinin yan\u0131 s\u0131ra geni\u015f karakter setine sahip olmas\u0131, \u00e7ok dilli web sitelerinde sorunsuz kullan\u0131m avantaj\u0131 sunar.<\/li><\/ul>\t\t\t\t\t\t\t\t<\/div>\n\t\t\t\t<\/div>\n\t\t\t\t\t<\/div>\n\t\t<\/div>\n\t\t\t\t\t<\/div>\n\t\t<\/section>\n\t\t\t\t<section class=\"elementor-section elementor-top-section elementor-element elementor-element-8c54a07 elementor-section-boxed elementor-section-height-default elementor-section-height-default\" data-id=\"8c54a07\" data-element_type=\"section\">\n\t\t\t\t\t\t<div class=\"elementor-container elementor-column-gap-default\">\n\t\t\t\t\t<div class=\"elementor-column elementor-col-100 elementor-top-column elementor-element elementor-element-35728be\" data-id=\"35728be\" data-element_type=\"column\">\n\t\t\t<div class=\"elementor-widget-wrap elementor-element-populated\">\n\t\t\t\t\t\t<div class=\"elementor-element elementor-element-98d3efb elementor-widget elementor-widget-spacer\" data-id=\"98d3efb\" data-element_type=\"widget\" data-widget_type=\"spacer.default\">\n\t\t\t\t<div class=\"elementor-widget-container\">\n\t\t\t\t\t\t\t<div class=\"elementor-spacer\">\n\t\t\t<div class=\"elementor-spacer-inner\"><\/div>\n\t\t<\/div>\n\t\t\t\t\t\t<\/div>\n\t\t\t\t<\/div>\n\t\t\t\t\t<\/div>\n\t\t<\/div>\n\t\t\t\t\t<\/div>\n\t\t<\/section>\n\t\t\t\t<\/div>\n\t\t","protected":false},"excerpt":{"rendered":"<p>Tipografi Web tasar\u0131m\u0131nda tipografi, i\u00e7eri\u011fin okunabilirli\u011fini, eri\u015filebilirli\u011fini ve estetik b\u00fct\u00fcnl\u00fc\u011f\u00fcn\u00fc do\u011frudan etkileyen temel bir unsurdur. Do\u011fru tipografi se\u00e7imi, kullan\u0131c\u0131lar\u0131n bilgiyi kolayca alg\u0131lamas\u0131n\u0131 sa\u011flarken, web sitesinin profesyonel ve kurumsal kimli\u011fini destekler. Yaz\u0131 tipi, punto b\u00fcy\u00fckl\u00fc\u011f\u00fc, sat\u0131r aral\u0131\u011f\u0131 ve renk kontrast\u0131 gibi tipografik unsurlar, kullan\u0131c\u0131 deneyimini iyile\u015ftirerek ziyaret\u00e7ilerin sitede daha uzun s\u00fcre kalmas\u0131na katk\u0131da bulunur. Ayr\u0131ca, marka [&hellip;]<\/p>\n","protected":false},"author":1,"featured_media":0,"parent":0,"menu_order":0,"comment_status":"closed","ping_status":"closed","template":"elementor_header_footer","meta":{"footnotes":""},"class_list":["post-5682","page","type-page","status-publish","hentry"],"_links":{"self":[{"href":"https:\/\/atauni.edu.tr\/web-kilavuzu\/wp-json\/wp\/v2\/pages\/5682","targetHints":{"allow":["GET"]}}],"collection":[{"href":"https:\/\/atauni.edu.tr\/web-kilavuzu\/wp-json\/wp\/v2\/pages"}],"about":[{"href":"https:\/\/atauni.edu.tr\/web-kilavuzu\/wp-json\/wp\/v2\/types\/page"}],"author":[{"embeddable":true,"href":"https:\/\/atauni.edu.tr\/web-kilavuzu\/wp-json\/wp\/v2\/users\/1"}],"replies":[{"embeddable":true,"href":"https:\/\/atauni.edu.tr\/web-kilavuzu\/wp-json\/wp\/v2\/comments?post=5682"}],"version-history":[{"count":44,"href":"https:\/\/atauni.edu.tr\/web-kilavuzu\/wp-json\/wp\/v2\/pages\/5682\/revisions"}],"predecessor-version":[{"id":8892,"href":"https:\/\/atauni.edu.tr\/web-kilavuzu\/wp-json\/wp\/v2\/pages\/5682\/revisions\/8892"}],"wp:attachment":[{"href":"https:\/\/atauni.edu.tr\/web-kilavuzu\/wp-json\/wp\/v2\/media?parent=5682"}],"curies":[{"name":"wp","href":"https:\/\/api.w.org\/{rel}","templated":true}]}}