{"id":7724,"date":"2025-02-14T13:04:42","date_gmt":"2025-02-14T10:04:42","guid":{"rendered":"https:\/\/birimler.atauni.edu.tr\/web-kilavuzu\/?page_id=7724"},"modified":"2025-03-12T11:44:09","modified_gmt":"2025-03-12T08:44:09","slug":"bolucu-standartlari","status":"publish","type":"page","link":"https:\/\/atauni.edu.tr\/web-kilavuzu\/bolucu-standartlari\/","title":{"rendered":"B\u00f6l\u00fcc\u00fc Standartlar\u0131"},"content":{"rendered":"\t\t<div data-elementor-type=\"wp-page\" data-elementor-id=\"7724\" class=\"elementor elementor-7724\" data-elementor-post-type=\"page\">\n\t\t\t\t\t\t<section class=\"elementor-section elementor-top-section elementor-element elementor-element-730d320 elementor-section-boxed elementor-section-height-default elementor-section-height-default\" data-id=\"730d320\" data-element_type=\"section\">\n\t\t\t\t\t\t<div class=\"elementor-container elementor-column-gap-default\">\n\t\t\t\t\t<div class=\"elementor-column elementor-col-100 elementor-top-column elementor-element elementor-element-753d0860\" data-id=\"753d0860\" data-element_type=\"column\">\n\t\t\t<div class=\"elementor-widget-wrap elementor-element-populated\">\n\t\t\t\t\t\t<div class=\"elementor-element elementor-element-594102d elementor-widget elementor-widget-spacer\" data-id=\"594102d\" data-element_type=\"widget\" data-widget_type=\"spacer.default\">\n\t\t\t\t<div class=\"elementor-widget-container\">\n\t\t\t\t\t\t\t<div class=\"elementor-spacer\">\n\t\t\t<div class=\"elementor-spacer-inner\"><\/div>\n\t\t<\/div>\n\t\t\t\t\t\t<\/div>\n\t\t\t\t<\/div>\n\t\t\t\t\t<\/div>\n\t\t<\/div>\n\t\t\t\t\t<\/div>\n\t\t<\/section>\n\t\t\t\t<section class=\"elementor-section elementor-top-section elementor-element elementor-element-20bc3f7 elementor-section-boxed elementor-section-height-default elementor-section-height-default\" data-id=\"20bc3f7\" data-element_type=\"section\">\n\t\t\t\t\t\t<div class=\"elementor-container elementor-column-gap-default\">\n\t\t\t\t\t<div class=\"elementor-column elementor-col-100 elementor-top-column elementor-element elementor-element-f6f9c3a\" data-id=\"f6f9c3a\" data-element_type=\"column\">\n\t\t\t<div class=\"elementor-widget-wrap elementor-element-populated\">\n\t\t\t\t\t\t<div class=\"elementor-element elementor-element-ec231a7 elementor-widget elementor-widget-heading\" data-id=\"ec231a7\" data-element_type=\"widget\" data-widget_type=\"heading.default\">\n\t\t\t\t<div class=\"elementor-widget-container\">\n\t\t\t\t\t<h2 class=\"elementor-heading-title elementor-size-default\">B\u00f6l\u00fcc\u00fc Kullan\u0131m Standartlar\u0131<\/h2>\t\t\t\t<\/div>\n\t\t\t\t<\/div>\n\t\t\t\t<div class=\"elementor-element elementor-element-cf195ba elementor-widget-divider--view-line elementor-widget elementor-widget-divider\" data-id=\"cf195ba\" data-element_type=\"widget\" data-widget_type=\"divider.default\">\n\t\t\t\t<div class=\"elementor-widget-container\">\n\t\t\t\t\t\t\t<div class=\"elementor-divider\">\n\t\t\t<span class=\"elementor-divider-separator\">\n\t\t\t\t\t\t<\/span>\n\t\t<\/div>\n\t\t\t\t\t\t<\/div>\n\t\t\t\t<\/div>\n\t\t\t\t\t<\/div>\n\t\t<\/div>\n\t\t\t\t\t<\/div>\n\t\t<\/section>\n\t\t\t\t<section class=\"elementor-section elementor-top-section elementor-element elementor-element-ced6b8d elementor-section-boxed elementor-section-height-default elementor-section-height-default\" data-id=\"ced6b8d\" data-element_type=\"section\">\n\t\t\t\t\t\t<div class=\"elementor-container elementor-column-gap-default\">\n\t\t\t\t\t<div class=\"elementor-column elementor-col-100 elementor-top-column elementor-element elementor-element-674bd00\" data-id=\"674bd00\" data-element_type=\"column\">\n\t\t\t<div class=\"elementor-widget-wrap elementor-element-populated\">\n\t\t\t\t\t\t<div class=\"elementor-element elementor-element-5d1b581 elementor-widget elementor-widget-text-editor\" data-id=\"5d1b581\" data-element_type=\"widget\" data-widget_type=\"text-editor.default\">\n\t\t\t\t<div class=\"elementor-widget-container\">\n\t\t\t\t\t\t\t\t\t<p>Her Ba\u015fl\u0131ktan Sonra B\u00f6l\u00fcc\u00fc kullan\u0131lmal\u0131d\u0131r. B\u00f6l\u00fcc\u00fcn\u00fcn renk de\u011feri ba\u015fl\u0131k ile ayn\u0131 olmal\u0131d\u0131r. \u0130htiya\u00e7 halinde ifadeleri b\u00f6lmek i\u00e7inde kullan\u0131labilir ancak bu durumla s\u0131k kar\u015f\u0131la\u015f\u0131lmaz.<\/p>\t\t\t\t\t\t\t\t<\/div>\n\t\t\t\t<\/div>\n\t\t\t\t\t<\/div>\n\t\t<\/div>\n\t\t\t\t\t<\/div>\n\t\t<\/section>\n\t\t\t\t<section class=\"elementor-section elementor-top-section elementor-element elementor-element-f9343e3 elementor-section-boxed elementor-section-height-default elementor-section-height-default\" data-id=\"f9343e3\" data-element_type=\"section\">\n\t\t\t\t\t\t<div class=\"elementor-container elementor-column-gap-default\">\n\t\t\t\t\t<div class=\"elementor-column elementor-col-100 elementor-top-column elementor-element elementor-element-de37395\" data-id=\"de37395\" data-element_type=\"column\">\n\t\t\t<div class=\"elementor-widget-wrap elementor-element-populated\">\n\t\t\t\t\t\t<div class=\"elementor-element elementor-element-29f3b23 elementor-widget elementor-widget-spacer\" data-id=\"29f3b23\" data-element_type=\"widget\" data-widget_type=\"spacer.default\">\n\t\t\t\t<div class=\"elementor-widget-container\">\n\t\t\t\t\t\t\t<div class=\"elementor-spacer\">\n\t\t\t<div class=\"elementor-spacer-inner\"><\/div>\n\t\t<\/div>\n\t\t\t\t\t\t<\/div>\n\t\t\t\t<\/div>\n\t\t\t\t\t<\/div>\n\t\t<\/div>\n\t\t\t\t\t<\/div>\n\t\t<\/section>\n\t\t\t\t<section class=\"elementor-section elementor-top-section elementor-element elementor-element-343e14a elementor-section-boxed elementor-section-height-default elementor-section-height-default\" data-id=\"343e14a\" data-element_type=\"section\">\n\t\t\t\t\t\t<div class=\"elementor-container elementor-column-gap-default\">\n\t\t\t\t\t<div class=\"elementor-column elementor-col-33 elementor-top-column elementor-element elementor-element-e003c6a\" data-id=\"e003c6a\" data-element_type=\"column\">\n\t\t\t<div class=\"elementor-widget-wrap elementor-element-populated\">\n\t\t\t\t\t\t<div class=\"elementor-element elementor-element-fbf6af4 elementor-widget elementor-widget-heading\" data-id=\"fbf6af4\" data-element_type=\"widget\" data-widget_type=\"heading.default\">\n\t\t\t\t<div class=\"elementor-widget-container\">\n\t\t\t\t\t<h2 class=\"elementor-heading-title elementor-size-default\">B\u00f6l\u00fcc\u00fc D\u00fczenle<\/h2>\t\t\t\t<\/div>\n\t\t\t\t<\/div>\n\t\t\t\t<div class=\"elementor-element elementor-element-e61fbff elementor-widget-divider--view-line elementor-widget elementor-widget-divider\" data-id=\"e61fbff\" data-element_type=\"widget\" data-widget_type=\"divider.default\">\n\t\t\t\t<div class=\"elementor-widget-container\">\n\t\t\t\t\t\t\t<div class=\"elementor-divider\">\n\t\t\t<span class=\"elementor-divider-separator\">\n\t\t\t\t\t\t<\/span>\n\t\t<\/div>\n\t\t\t\t\t\t<\/div>\n\t\t\t\t<\/div>\n\t\t\t\t<div class=\"elementor-element elementor-element-9d994b0 elementor-widget elementor-widget-text-editor\" data-id=\"9d994b0\" data-element_type=\"widget\" data-widget_type=\"text-editor.default\">\n\t\t\t\t<div class=\"elementor-widget-container\">\n\t\t\t\t\t\t\t\t\t<p>B\u00f6l\u00fcc\u00fc d\u00fczenleme k\u0131sm\u0131nda i\u00e7erik mutlaka % 100\u00a0 ve ortal\u0131 olarak kullan\u0131lmal\u0131d\u0131r.<\/p>\t\t\t\t\t\t\t\t<\/div>\n\t\t\t\t<\/div>\n\t\t\t\t<div class=\"elementor-element elementor-element-a3515fd elementor-widget elementor-widget-spacer\" data-id=\"a3515fd\" data-element_type=\"widget\" data-widget_type=\"spacer.default\">\n\t\t\t\t<div class=\"elementor-widget-container\">\n\t\t\t\t\t\t\t<div class=\"elementor-spacer\">\n\t\t\t<div class=\"elementor-spacer-inner\"><\/div>\n\t\t<\/div>\n\t\t\t\t\t\t<\/div>\n\t\t\t\t<\/div>\n\t\t\t\t<div class=\"elementor-element elementor-element-391fa66 elementor-widget elementor-widget-image\" data-id=\"391fa66\" data-element_type=\"widget\" data-widget_type=\"image.default\">\n\t\t\t\t<div class=\"elementor-widget-container\">\n\t\t\t\t\t\t\t\t\t\t\t\t\t\t\t<img fetchpriority=\"high\" decoding=\"async\" width=\"568\" height=\"768\" src=\"https:\/\/atauni.edu.tr\/web-kilavuzu\/wp-content\/uploads\/sites\/792\/2025\/02\/Ekran-Resmi-2025-02-14-13.08.08.png\" class=\"attachment-large size-large wp-image-7733\" alt=\"\" srcset=\"https:\/\/atauni.edu.tr\/web-kilavuzu\/wp-content\/uploads\/sites\/792\/2025\/02\/Ekran-Resmi-2025-02-14-13.08.08.png 568w, https:\/\/atauni.edu.tr\/web-kilavuzu\/wp-content\/uploads\/sites\/792\/2025\/02\/Ekran-Resmi-2025-02-14-13.08.08-222x300.png 222w, https:\/\/atauni.edu.tr\/web-kilavuzu\/wp-content\/uploads\/sites\/792\/2025\/02\/Ekran-Resmi-2025-02-14-13.08.08-444x600.png 444w, https:\/\/atauni.edu.tr\/web-kilavuzu\/wp-content\/uploads\/sites\/792\/2025\/02\/Ekran-Resmi-2025-02-14-13.08.08-414x560.png 414w\" sizes=\"(max-width: 568px) 100vw, 568px\" \/>\t\t\t\t\t\t\t\t\t\t\t\t\t\t\t<\/div>\n\t\t\t\t<\/div>\n\t\t\t\t\t<\/div>\n\t\t<\/div>\n\t\t\t\t<div class=\"elementor-column elementor-col-33 elementor-top-column elementor-element elementor-element-36c4e7a\" data-id=\"36c4e7a\" data-element_type=\"column\">\n\t\t\t<div class=\"elementor-widget-wrap elementor-element-populated\">\n\t\t\t\t\t\t<div class=\"elementor-element elementor-element-ec03bfa elementor-widget elementor-widget-heading\" data-id=\"ec03bfa\" data-element_type=\"widget\" data-widget_type=\"heading.default\">\n\t\t\t\t<div class=\"elementor-widget-container\">\n\t\t\t\t\t<h2 class=\"elementor-heading-title elementor-size-default\">Be\u015fincil Ba\u015fl\u0131k B\u00f6l\u00fcc\u00fc Kulan\u0131m\u0131<\/h2>\t\t\t\t<\/div>\n\t\t\t\t<\/div>\n\t\t\t\t<div class=\"elementor-element elementor-element-050ff7b elementor-widget-divider--view-line elementor-widget elementor-widget-divider\" data-id=\"050ff7b\" data-element_type=\"widget\" data-widget_type=\"divider.default\">\n\t\t\t\t<div class=\"elementor-widget-container\">\n\t\t\t\t\t\t\t<div class=\"elementor-divider\">\n\t\t\t<span class=\"elementor-divider-separator\">\n\t\t\t\t\t\t<\/span>\n\t\t<\/div>\n\t\t\t\t\t\t<\/div>\n\t\t\t\t<\/div>\n\t\t\t\t<div class=\"elementor-element elementor-element-522e4b0 elementor-widget elementor-widget-text-editor\" data-id=\"522e4b0\" data-element_type=\"widget\" data-widget_type=\"text-editor.default\">\n\t\t\t\t<div class=\"elementor-widget-container\">\n\t\t\t\t\t\t\t\t\t<p>Be\u015fincil Ba\u015fl\u0131k t\u00fcr\u00fc hari\u00e7 t\u00fcm kullan\u0131m alanlar\u0131nda a\u011f\u0131rl\u0131k de\u011feri 0,5 olarak kullan\u0131lmal\u0131d\u0131r. Ayr\u0131ca renk kodu ayr\u0131c\u0131n\u0131n kullan\u0131ld\u0131\u011f\u0131 zemine g\u00f6re a\u00e7\u0131k de\u011ferle de\u011fi\u015febilir.<\/p>\t\t\t\t\t\t\t\t<\/div>\n\t\t\t\t<\/div>\n\t\t\t\t<div class=\"elementor-element elementor-element-ffb64b8 elementor-widget elementor-widget-image\" data-id=\"ffb64b8\" data-element_type=\"widget\" data-widget_type=\"image.default\">\n\t\t\t\t<div class=\"elementor-widget-container\">\n\t\t\t\t\t\t\t\t\t\t\t\t\t\t\t<img decoding=\"async\" width=\"586\" height=\"744\" src=\"https:\/\/atauni.edu.tr\/web-kilavuzu\/wp-content\/uploads\/sites\/792\/2025\/02\/Ekran-Resmi-2025-02-14-13.08.29.png\" class=\"attachment-large size-large wp-image-7734\" alt=\"\" srcset=\"https:\/\/atauni.edu.tr\/web-kilavuzu\/wp-content\/uploads\/sites\/792\/2025\/02\/Ekran-Resmi-2025-02-14-13.08.29.png 586w, https:\/\/atauni.edu.tr\/web-kilavuzu\/wp-content\/uploads\/sites\/792\/2025\/02\/Ekran-Resmi-2025-02-14-13.08.29-236x300.png 236w, https:\/\/atauni.edu.tr\/web-kilavuzu\/wp-content\/uploads\/sites\/792\/2025\/02\/Ekran-Resmi-2025-02-14-13.08.29-473x600.png 473w, https:\/\/atauni.edu.tr\/web-kilavuzu\/wp-content\/uploads\/sites\/792\/2025\/02\/Ekran-Resmi-2025-02-14-13.08.29-441x560.png 441w\" sizes=\"(max-width: 586px) 100vw, 586px\" \/>\t\t\t\t\t\t\t\t\t\t\t\t\t\t\t<\/div>\n\t\t\t\t<\/div>\n\t\t\t\t\t<\/div>\n\t\t<\/div>\n\t\t\t\t<div class=\"elementor-column elementor-col-33 elementor-top-column elementor-element elementor-element-dcb8fc7\" data-id=\"dcb8fc7\" data-element_type=\"column\">\n\t\t\t<div class=\"elementor-widget-wrap elementor-element-populated\">\n\t\t\t\t\t\t<div class=\"elementor-element elementor-element-b014c1a elementor-widget elementor-widget-heading\" data-id=\"b014c1a\" data-element_type=\"widget\" data-widget_type=\"heading.default\">\n\t\t\t\t<div class=\"elementor-widget-container\">\n\t\t\t\t\t<h2 class=\"elementor-heading-title elementor-size-default\">Be\u015fincil Ba\u015fl\u0131k B\u00f6l\u00fcc\u00fc Kulan\u0131m\u0131<\/h2>\t\t\t\t<\/div>\n\t\t\t\t<\/div>\n\t\t\t\t<div class=\"elementor-element elementor-element-0ebbfac elementor-widget-divider--view-line elementor-widget elementor-widget-divider\" data-id=\"0ebbfac\" data-element_type=\"widget\" data-widget_type=\"divider.default\">\n\t\t\t\t<div class=\"elementor-widget-container\">\n\t\t\t\t\t\t\t<div class=\"elementor-divider\">\n\t\t\t<span class=\"elementor-divider-separator\">\n\t\t\t\t\t\t<\/span>\n\t\t<\/div>\n\t\t\t\t\t\t<\/div>\n\t\t\t\t<\/div>\n\t\t\t\t<div class=\"elementor-element elementor-element-5891e9c elementor-widget elementor-widget-text-editor\" data-id=\"5891e9c\" data-element_type=\"widget\" data-widget_type=\"text-editor.default\">\n\t\t\t\t<div class=\"elementor-widget-container\">\n\t\t\t\t\t\t\t\t\t<p>Be\u015fincil Ba\u015fl\u0131k t\u00fcr\u00fcn\u00fcn kullan\u0131m\u0131nda b\u00f6l\u00fcc\u00fcn de\u011feri\u00a0 0,5 de\u011ferinden 1,5 de\u011ferine y\u00fckseltilmelidir. Ayr\u0131ca renk kodu ayr\u0131c\u0131n\u0131n kullan\u0131ld\u0131\u011f\u0131 zemine g\u00f6re a\u00e7\u0131k de\u011ferle de\u011fi\u015febilir.<\/p>\t\t\t\t\t\t\t\t<\/div>\n\t\t\t\t<\/div>\n\t\t\t\t<div class=\"elementor-element elementor-element-ecf17b7 elementor-widget elementor-widget-image\" data-id=\"ecf17b7\" data-element_type=\"widget\" data-widget_type=\"image.default\">\n\t\t\t\t<div class=\"elementor-widget-container\">\n\t\t\t\t\t\t\t\t\t\t\t\t\t\t\t<img decoding=\"async\" width=\"590\" height=\"742\" src=\"https:\/\/atauni.edu.tr\/web-kilavuzu\/wp-content\/uploads\/sites\/792\/2025\/02\/Ekran-Resmi-2025-02-14-13.10.23.png\" class=\"attachment-large size-large wp-image-7739\" alt=\"\" srcset=\"https:\/\/atauni.edu.tr\/web-kilavuzu\/wp-content\/uploads\/sites\/792\/2025\/02\/Ekran-Resmi-2025-02-14-13.10.23.png 590w, https:\/\/atauni.edu.tr\/web-kilavuzu\/wp-content\/uploads\/sites\/792\/2025\/02\/Ekran-Resmi-2025-02-14-13.10.23-239x300.png 239w, https:\/\/atauni.edu.tr\/web-kilavuzu\/wp-content\/uploads\/sites\/792\/2025\/02\/Ekran-Resmi-2025-02-14-13.10.23-477x600.png 477w, https:\/\/atauni.edu.tr\/web-kilavuzu\/wp-content\/uploads\/sites\/792\/2025\/02\/Ekran-Resmi-2025-02-14-13.10.23-445x560.png 445w\" sizes=\"(max-width: 590px) 100vw, 590px\" \/>\t\t\t\t\t\t\t\t\t\t\t\t\t\t\t<\/div>\n\t\t\t\t<\/div>\n\t\t\t\t\t<\/div>\n\t\t<\/div>\n\t\t\t\t\t<\/div>\n\t\t<\/section>\n\t\t\t\t<section class=\"elementor-section elementor-top-section elementor-element elementor-element-6759e1c elementor-section-boxed elementor-section-height-default elementor-section-height-default\" data-id=\"6759e1c\" data-element_type=\"section\">\n\t\t\t\t\t\t<div class=\"elementor-container elementor-column-gap-default\">\n\t\t\t\t\t<div class=\"elementor-column elementor-col-100 elementor-top-column elementor-element elementor-element-67bfdd1\" data-id=\"67bfdd1\" data-element_type=\"column\">\n\t\t\t<div class=\"elementor-widget-wrap elementor-element-populated\">\n\t\t\t\t\t\t<div class=\"elementor-element elementor-element-f4fc3d8 elementor-widget elementor-widget-spacer\" data-id=\"f4fc3d8\" data-element_type=\"widget\" data-widget_type=\"spacer.default\">\n\t\t\t\t<div class=\"elementor-widget-container\">\n\t\t\t\t\t\t\t<div class=\"elementor-spacer\">\n\t\t\t<div class=\"elementor-spacer-inner\"><\/div>\n\t\t<\/div>\n\t\t\t\t\t\t<\/div>\n\t\t\t\t<\/div>\n\t\t\t\t\t<\/div>\n\t\t<\/div>\n\t\t\t\t\t<\/div>\n\t\t<\/section>\n\t\t\t\t<\/div>\n\t\t","protected":false},"excerpt":{"rendered":"<p>B\u00f6l\u00fcc\u00fc Kullan\u0131m Standartlar\u0131 Her Ba\u015fl\u0131ktan Sonra B\u00f6l\u00fcc\u00fc kullan\u0131lmal\u0131d\u0131r. B\u00f6l\u00fcc\u00fcn\u00fcn renk de\u011feri ba\u015fl\u0131k ile ayn\u0131 olmal\u0131d\u0131r. \u0130htiya\u00e7 halinde ifadeleri b\u00f6lmek i\u00e7inde kullan\u0131labilir ancak bu durumla s\u0131k kar\u015f\u0131la\u015f\u0131lmaz. B\u00f6l\u00fcc\u00fc D\u00fczenle B\u00f6l\u00fcc\u00fc d\u00fczenleme k\u0131sm\u0131nda i\u00e7erik mutlaka % 100\u00a0 ve ortal\u0131 olarak kullan\u0131lmal\u0131d\u0131r. Be\u015fincil Ba\u015fl\u0131k B\u00f6l\u00fcc\u00fc Kulan\u0131m\u0131 Be\u015fincil Ba\u015fl\u0131k t\u00fcr\u00fc hari\u00e7 t\u00fcm kullan\u0131m alanlar\u0131nda a\u011f\u0131rl\u0131k de\u011feri 0,5 olarak kullan\u0131lmal\u0131d\u0131r. [&hellip;]<\/p>\n","protected":false},"author":239,"featured_media":0,"parent":0,"menu_order":0,"comment_status":"closed","ping_status":"closed","template":"elementor_header_footer","meta":{"footnotes":""},"class_list":["post-7724","page","type-page","status-publish","hentry"],"_links":{"self":[{"href":"https:\/\/atauni.edu.tr\/web-kilavuzu\/wp-json\/wp\/v2\/pages\/7724","targetHints":{"allow":["GET"]}}],"collection":[{"href":"https:\/\/atauni.edu.tr\/web-kilavuzu\/wp-json\/wp\/v2\/pages"}],"about":[{"href":"https:\/\/atauni.edu.tr\/web-kilavuzu\/wp-json\/wp\/v2\/types\/page"}],"author":[{"embeddable":true,"href":"https:\/\/atauni.edu.tr\/web-kilavuzu\/wp-json\/wp\/v2\/users\/239"}],"replies":[{"embeddable":true,"href":"https:\/\/atauni.edu.tr\/web-kilavuzu\/wp-json\/wp\/v2\/comments?post=7724"}],"version-history":[{"count":13,"href":"https:\/\/atauni.edu.tr\/web-kilavuzu\/wp-json\/wp\/v2\/pages\/7724\/revisions"}],"predecessor-version":[{"id":8898,"href":"https:\/\/atauni.edu.tr\/web-kilavuzu\/wp-json\/wp\/v2\/pages\/7724\/revisions\/8898"}],"wp:attachment":[{"href":"https:\/\/atauni.edu.tr\/web-kilavuzu\/wp-json\/wp\/v2\/media?parent=7724"}],"curies":[{"name":"wp","href":"https:\/\/api.w.org\/{rel}","templated":true}]}}