{"id":8160,"date":"2025-02-19T09:50:15","date_gmt":"2025-02-19T06:50:15","guid":{"rendered":"https:\/\/birimler.atauni.edu.tr\/web-kilavuzu\/?page_id=8160"},"modified":"2025-03-12T11:44:51","modified_gmt":"2025-03-12T08:44:51","slug":"pdf-ekleme","status":"publish","type":"page","link":"https:\/\/atauni.edu.tr\/web-kilavuzu\/pdf-ekleme\/","title":{"rendered":"PFD Ekleme"},"content":{"rendered":"\t\t<div data-elementor-type=\"wp-page\" data-elementor-id=\"8160\" class=\"elementor elementor-8160\" data-elementor-post-type=\"page\">\n\t\t\t\t\t\t<section class=\"elementor-section elementor-top-section elementor-element elementor-element-f3de08f elementor-section-boxed elementor-section-height-default elementor-section-height-default\" data-id=\"f3de08f\" data-element_type=\"section\">\n\t\t\t\t\t\t<div class=\"elementor-container elementor-column-gap-default\">\n\t\t\t\t\t<div class=\"elementor-column elementor-col-100 elementor-top-column elementor-element elementor-element-4b40160\" data-id=\"4b40160\" data-element_type=\"column\">\n\t\t\t<div class=\"elementor-widget-wrap elementor-element-populated\">\n\t\t\t\t\t\t<div class=\"elementor-element elementor-element-3196281 elementor-widget elementor-widget-spacer\" data-id=\"3196281\" data-element_type=\"widget\" data-widget_type=\"spacer.default\">\n\t\t\t\t<div class=\"elementor-widget-container\">\n\t\t\t\t\t\t\t<div class=\"elementor-spacer\">\n\t\t\t<div class=\"elementor-spacer-inner\"><\/div>\n\t\t<\/div>\n\t\t\t\t\t\t<\/div>\n\t\t\t\t<\/div>\n\t\t\t\t\t<\/div>\n\t\t<\/div>\n\t\t\t\t\t<\/div>\n\t\t<\/section>\n\t\t\t\t<section class=\"elementor-section elementor-top-section elementor-element elementor-element-dd35285 elementor-section-boxed elementor-section-height-default elementor-section-height-default\" data-id=\"dd35285\" data-element_type=\"section\">\n\t\t\t\t\t\t<div class=\"elementor-container elementor-column-gap-default\">\n\t\t\t\t\t<div class=\"elementor-column elementor-col-100 elementor-top-column elementor-element elementor-element-990b2a3\" data-id=\"990b2a3\" data-element_type=\"column\">\n\t\t\t<div class=\"elementor-widget-wrap elementor-element-populated\">\n\t\t\t\t\t\t<div class=\"elementor-element elementor-element-74234e6 elementor-widget elementor-widget-heading\" data-id=\"74234e6\" data-element_type=\"widget\" data-widget_type=\"heading.default\">\n\t\t\t\t<div class=\"elementor-widget-container\">\n\t\t\t\t\t<h2 class=\"elementor-heading-title elementor-size-default\">PDF Ekleme<\/h2>\t\t\t\t<\/div>\n\t\t\t\t<\/div>\n\t\t\t\t<div class=\"elementor-element elementor-element-a0990c9 elementor-widget-divider--view-line elementor-widget elementor-widget-divider\" data-id=\"a0990c9\" data-element_type=\"widget\" data-widget_type=\"divider.default\">\n\t\t\t\t<div class=\"elementor-widget-container\">\n\t\t\t\t\t\t\t<div class=\"elementor-divider\">\n\t\t\t<span class=\"elementor-divider-separator\">\n\t\t\t\t\t\t<\/span>\n\t\t<\/div>\n\t\t\t\t\t\t<\/div>\n\t\t\t\t<\/div>\n\t\t\t\t\t<\/div>\n\t\t<\/div>\n\t\t\t\t\t<\/div>\n\t\t<\/section>\n\t\t\t\t<section class=\"elementor-section elementor-top-section elementor-element elementor-element-fe6523f elementor-section-boxed elementor-section-height-default elementor-section-height-default\" data-id=\"fe6523f\" data-element_type=\"section\">\n\t\t\t\t\t\t<div class=\"elementor-container elementor-column-gap-default\">\n\t\t\t\t\t<div class=\"elementor-column elementor-col-100 elementor-top-column elementor-element elementor-element-885d670\" data-id=\"885d670\" data-element_type=\"column\">\n\t\t\t<div class=\"elementor-widget-wrap elementor-element-populated\">\n\t\t\t\t\t\t<div class=\"elementor-element elementor-element-6e74992 elementor-widget elementor-widget-text-editor\" data-id=\"6e74992\" data-element_type=\"widget\" data-widget_type=\"text-editor.default\">\n\t\t\t\t<div class=\"elementor-widget-container\">\n\t\t\t\t\t\t\t\t\t<p>Eklemek istedi\u011finiz PDF lerde atat\u00fcrk \u00dcniversitesi Logolar\u0131n\u0131n g\u00fcncel olmas\u0131na dikkat ediniz. eklemek istedi\u011finiz PDF dosyas\u0131n\u0131 ortamlara ekleyiniz. Ard\u0131ndan ba\u011flant\u0131 adresini kopyalay\u0131n\u0131z. PDF yi eklemek istedi\u011finiz sayfaya geliniz ve elementor ile d\u00fczenle se\u00e7ene\u011fine t\u0131klay\u0131n\u0131z. A\u00e7\u0131lan sayfada\u00a0 PDF yi koymak istedi\u011finiz yere yeni b\u00f6l\u00fcm a\u00e7\u0131n\u0131z. Ard\u0131ndan a\u015fa\u011f\u0131daki g\u00f6rsellerle anlat\u0131lm\u0131\u015f ad\u0131mlar\u0131 izleyiniz.<\/p>\t\t\t\t\t\t\t\t<\/div>\n\t\t\t\t<\/div>\n\t\t\t\t\t<\/div>\n\t\t<\/div>\n\t\t\t\t\t<\/div>\n\t\t<\/section>\n\t\t\t\t<section class=\"elementor-section elementor-top-section elementor-element elementor-element-46a10a1 elementor-section-boxed elementor-section-height-default elementor-section-height-default\" data-id=\"46a10a1\" data-element_type=\"section\">\n\t\t\t\t\t\t<div class=\"elementor-container elementor-column-gap-default\">\n\t\t\t\t\t<div class=\"elementor-column elementor-col-100 elementor-top-column elementor-element elementor-element-1e798ba\" data-id=\"1e798ba\" data-element_type=\"column\">\n\t\t\t<div class=\"elementor-widget-wrap elementor-element-populated\">\n\t\t\t\t\t\t<div class=\"elementor-element elementor-element-d0f60c3 elementor-widget elementor-widget-spacer\" data-id=\"d0f60c3\" data-element_type=\"widget\" data-widget_type=\"spacer.default\">\n\t\t\t\t<div class=\"elementor-widget-container\">\n\t\t\t\t\t\t\t<div class=\"elementor-spacer\">\n\t\t\t<div class=\"elementor-spacer-inner\"><\/div>\n\t\t<\/div>\n\t\t\t\t\t\t<\/div>\n\t\t\t\t<\/div>\n\t\t\t\t\t<\/div>\n\t\t<\/div>\n\t\t\t\t\t<\/div>\n\t\t<\/section>\n\t\t\t\t<section class=\"elementor-section elementor-top-section elementor-element elementor-element-e43b128 elementor-section-boxed elementor-section-height-default elementor-section-height-default\" data-id=\"e43b128\" data-element_type=\"section\">\n\t\t\t\t\t\t<div class=\"elementor-container elementor-column-gap-default\">\n\t\t\t\t\t<div class=\"elementor-column elementor-col-33 elementor-top-column elementor-element elementor-element-596dc6f\" data-id=\"596dc6f\" data-element_type=\"column\">\n\t\t\t<div class=\"elementor-widget-wrap elementor-element-populated\">\n\t\t\t\t\t\t<div class=\"elementor-element elementor-element-22c49c4 elementor-widget elementor-widget-image\" data-id=\"22c49c4\" data-element_type=\"widget\" data-widget_type=\"image.default\">\n\t\t\t\t<div class=\"elementor-widget-container\">\n\t\t\t\t\t\t\t\t\t\t\t\t\t\t\t<img fetchpriority=\"high\" decoding=\"async\" width=\"582\" height=\"709\" src=\"https:\/\/atauni.edu.tr\/web-kilavuzu\/wp-content\/uploads\/sites\/792\/2025\/02\/Ekran-Resmi-2025-02-19-09.59.43-e1739948604840.png\" class=\"attachment-large size-large wp-image-8170\" alt=\"\" srcset=\"https:\/\/atauni.edu.tr\/web-kilavuzu\/wp-content\/uploads\/sites\/792\/2025\/02\/Ekran-Resmi-2025-02-19-09.59.43-e1739948604840.png 582w, https:\/\/atauni.edu.tr\/web-kilavuzu\/wp-content\/uploads\/sites\/792\/2025\/02\/Ekran-Resmi-2025-02-19-09.59.43-e1739948604840-246x300.png 246w, https:\/\/atauni.edu.tr\/web-kilavuzu\/wp-content\/uploads\/sites\/792\/2025\/02\/Ekran-Resmi-2025-02-19-09.59.43-e1739948604840-493x600.png 493w, https:\/\/atauni.edu.tr\/web-kilavuzu\/wp-content\/uploads\/sites\/792\/2025\/02\/Ekran-Resmi-2025-02-19-09.59.43-e1739948604840-460x560.png 460w\" sizes=\"(max-width: 582px) 100vw, 582px\" \/>\t\t\t\t\t\t\t\t\t\t\t\t\t\t\t<\/div>\n\t\t\t\t<\/div>\n\t\t\t\t<div class=\"elementor-element elementor-element-ac060f9 elementor-widget elementor-widget-text-editor\" data-id=\"ac060f9\" data-element_type=\"widget\" data-widget_type=\"text-editor.default\">\n\t\t\t\t<div class=\"elementor-widget-container\">\n\t\t\t\t\t\t\t\t\t<p>PDFjs Viwer kutucu\u011funu s\u00fcr\u00fckleyip PDF nizi konumland\u0131rmak istedi\u011finiz b\u00f6l\u00fcme b\u0131rak\u0131n\u0131z.\u00a0<\/p>\t\t\t\t\t\t\t\t<\/div>\n\t\t\t\t<\/div>\n\t\t\t\t\t<\/div>\n\t\t<\/div>\n\t\t\t\t<div class=\"elementor-column elementor-col-33 elementor-top-column elementor-element elementor-element-6323851\" data-id=\"6323851\" data-element_type=\"column\">\n\t\t\t<div class=\"elementor-widget-wrap elementor-element-populated\">\n\t\t\t\t\t\t<div class=\"elementor-element elementor-element-647d271 elementor-widget elementor-widget-image\" data-id=\"647d271\" data-element_type=\"widget\" data-widget_type=\"image.default\">\n\t\t\t\t<div class=\"elementor-widget-container\">\n\t\t\t\t\t\t\t\t\t\t\t\t\t\t\t<img decoding=\"async\" width=\"560\" height=\"574\" src=\"https:\/\/atauni.edu.tr\/web-kilavuzu\/wp-content\/uploads\/sites\/792\/2025\/02\/Ekran-Resmi-2025-02-19-09.56.54.png\" class=\"attachment-large size-large wp-image-8169\" alt=\"\" srcset=\"https:\/\/atauni.edu.tr\/web-kilavuzu\/wp-content\/uploads\/sites\/792\/2025\/02\/Ekran-Resmi-2025-02-19-09.56.54.png 560w, https:\/\/atauni.edu.tr\/web-kilavuzu\/wp-content\/uploads\/sites\/792\/2025\/02\/Ekran-Resmi-2025-02-19-09.56.54-293x300.png 293w, https:\/\/atauni.edu.tr\/web-kilavuzu\/wp-content\/uploads\/sites\/792\/2025\/02\/Ekran-Resmi-2025-02-19-09.56.54-546x560.png 546w\" sizes=\"(max-width: 560px) 100vw, 560px\" \/>\t\t\t\t\t\t\t\t\t\t\t\t\t\t\t<\/div>\n\t\t\t\t<\/div>\n\t\t\t\t<div class=\"elementor-element elementor-element-b55c710 elementor-widget elementor-widget-text-editor\" data-id=\"b55c710\" data-element_type=\"widget\" data-widget_type=\"text-editor.default\">\n\t\t\t\t<div class=\"elementor-widget-container\">\n\t\t\t\t\t\t\t\t\t<p>Choose PDF se\u00e7ene\u011finden ortamdaki pdf nizi se\u00e7iniz. Ve geni\u015flik y\u00fckseklik ayarlar\u0131n\u0131 yap\u0131n\u0131z.<\/p>\t\t\t\t\t\t\t\t<\/div>\n\t\t\t\t<\/div>\n\t\t\t\t\t<\/div>\n\t\t<\/div>\n\t\t\t\t<div class=\"elementor-column elementor-col-33 elementor-top-column elementor-element elementor-element-41650c4\" data-id=\"41650c4\" data-element_type=\"column\">\n\t\t\t<div class=\"elementor-widget-wrap elementor-element-populated\">\n\t\t\t\t\t\t<div class=\"elementor-element elementor-element-643ac6f elementor-widget elementor-widget-image\" data-id=\"643ac6f\" data-element_type=\"widget\" data-widget_type=\"image.default\">\n\t\t\t\t<div class=\"elementor-widget-container\">\n\t\t\t\t\t\t\t\t\t\t\t\t\t\t\t<img decoding=\"async\" width=\"420\" height=\"104\" src=\"https:\/\/atauni.edu.tr\/web-kilavuzu\/wp-content\/uploads\/sites\/792\/2025\/02\/Ekran-Resmi-2025-02-19-10.02.20.png\" class=\"attachment-large size-large wp-image-8172\" alt=\"\" srcset=\"https:\/\/atauni.edu.tr\/web-kilavuzu\/wp-content\/uploads\/sites\/792\/2025\/02\/Ekran-Resmi-2025-02-19-10.02.20.png 420w, https:\/\/atauni.edu.tr\/web-kilavuzu\/wp-content\/uploads\/sites\/792\/2025\/02\/Ekran-Resmi-2025-02-19-10.02.20-300x74.png 300w\" sizes=\"(max-width: 420px) 100vw, 420px\" \/>\t\t\t\t\t\t\t\t\t\t\t\t\t\t\t<\/div>\n\t\t\t\t<\/div>\n\t\t\t\t<div class=\"elementor-element elementor-element-1c18a08 elementor-widget elementor-widget-text-editor\" data-id=\"1c18a08\" data-element_type=\"widget\" data-widget_type=\"text-editor.default\">\n\t\t\t\t<div class=\"elementor-widget-container\">\n\t\t\t\t\t\t\t\t\t<p>Yay\u0131nla tu\u015funa bas\u0131p yay\u0131nlama i\u015flemini yapt\u0131ktan sonra g\u00f6z ikonuna t\u0131klayarak yay\u0131ndaki halini kontrol ediniz.<\/p>\t\t\t\t\t\t\t\t<\/div>\n\t\t\t\t<\/div>\n\t\t\t\t<div class=\"elementor-element elementor-element-702a281 elementor-widget elementor-widget-video\" data-id=\"702a281\" data-element_type=\"widget\" data-settings=\"{&quot;youtube_url&quot;:&quot;https:\\\/\\\/youtu.be\\\/O47ZJ4sXzOc&quot;,&quot;video_type&quot;:&quot;youtube&quot;,&quot;controls&quot;:&quot;yes&quot;}\" data-widget_type=\"video.default\">\n\t\t\t\t<div class=\"elementor-widget-container\">\n\t\t\t\t\t\t\t<div class=\"elementor-wrapper elementor-open-inline\">\n\t\t\t<div class=\"elementor-video\"><\/div>\t\t<\/div>\n\t\t\t\t\t\t<\/div>\n\t\t\t\t<\/div>\n\t\t\t\t\t<\/div>\n\t\t<\/div>\n\t\t\t\t\t<\/div>\n\t\t<\/section>\n\t\t\t\t<section class=\"elementor-section elementor-top-section elementor-element elementor-element-af677ea elementor-section-boxed elementor-section-height-default elementor-section-height-default\" data-id=\"af677ea\" data-element_type=\"section\">\n\t\t\t\t\t\t<div class=\"elementor-container elementor-column-gap-default\">\n\t\t\t\t\t<div class=\"elementor-column elementor-col-100 elementor-top-column elementor-element elementor-element-dc21470\" data-id=\"dc21470\" data-element_type=\"column\">\n\t\t\t<div class=\"elementor-widget-wrap elementor-element-populated\">\n\t\t\t\t\t\t<div class=\"elementor-element elementor-element-8cfb515 elementor-widget elementor-widget-spacer\" data-id=\"8cfb515\" data-element_type=\"widget\" data-widget_type=\"spacer.default\">\n\t\t\t\t<div class=\"elementor-widget-container\">\n\t\t\t\t\t\t\t<div class=\"elementor-spacer\">\n\t\t\t<div class=\"elementor-spacer-inner\"><\/div>\n\t\t<\/div>\n\t\t\t\t\t\t<\/div>\n\t\t\t\t<\/div>\n\t\t\t\t\t<\/div>\n\t\t<\/div>\n\t\t\t\t\t<\/div>\n\t\t<\/section>\n\t\t\t\t<\/div>\n\t\t","protected":false},"excerpt":{"rendered":"<p>PDF Ekleme Eklemek istedi\u011finiz PDF lerde atat\u00fcrk \u00dcniversitesi Logolar\u0131n\u0131n g\u00fcncel olmas\u0131na dikkat ediniz. eklemek istedi\u011finiz PDF dosyas\u0131n\u0131 ortamlara ekleyiniz. Ard\u0131ndan ba\u011flant\u0131 adresini kopyalay\u0131n\u0131z. PDF yi eklemek istedi\u011finiz sayfaya geliniz ve elementor ile d\u00fczenle se\u00e7ene\u011fine t\u0131klay\u0131n\u0131z. A\u00e7\u0131lan sayfada\u00a0 PDF yi koymak istedi\u011finiz yere yeni b\u00f6l\u00fcm a\u00e7\u0131n\u0131z. Ard\u0131ndan a\u015fa\u011f\u0131daki g\u00f6rsellerle anlat\u0131lm\u0131\u015f ad\u0131mlar\u0131 izleyiniz. PDFjs Viwer kutucu\u011funu s\u00fcr\u00fckleyip [&hellip;]<\/p>\n","protected":false},"author":239,"featured_media":0,"parent":0,"menu_order":0,"comment_status":"closed","ping_status":"closed","template":"elementor_header_footer","meta":{"footnotes":""},"class_list":["post-8160","page","type-page","status-publish","hentry"],"_links":{"self":[{"href":"https:\/\/atauni.edu.tr\/web-kilavuzu\/wp-json\/wp\/v2\/pages\/8160","targetHints":{"allow":["GET"]}}],"collection":[{"href":"https:\/\/atauni.edu.tr\/web-kilavuzu\/wp-json\/wp\/v2\/pages"}],"about":[{"href":"https:\/\/atauni.edu.tr\/web-kilavuzu\/wp-json\/wp\/v2\/types\/page"}],"author":[{"embeddable":true,"href":"https:\/\/atauni.edu.tr\/web-kilavuzu\/wp-json\/wp\/v2\/users\/239"}],"replies":[{"embeddable":true,"href":"https:\/\/atauni.edu.tr\/web-kilavuzu\/wp-json\/wp\/v2\/comments?post=8160"}],"version-history":[{"count":143,"href":"https:\/\/atauni.edu.tr\/web-kilavuzu\/wp-json\/wp\/v2\/pages\/8160\/revisions"}],"predecessor-version":[{"id":8904,"href":"https:\/\/atauni.edu.tr\/web-kilavuzu\/wp-json\/wp\/v2\/pages\/8160\/revisions\/8904"}],"wp:attachment":[{"href":"https:\/\/atauni.edu.tr\/web-kilavuzu\/wp-json\/wp\/v2\/media?parent=8160"}],"curies":[{"name":"wp","href":"https:\/\/api.w.org\/{rel}","templated":true}]}}