{"id":8365,"date":"2025-02-19T12:54:54","date_gmt":"2025-02-19T09:54:54","guid":{"rendered":"https:\/\/birimler.atauni.edu.tr\/web-kilavuzu\/?page_id=8365"},"modified":"2025-03-12T11:46:13","modified_gmt":"2025-03-12T08:46:13","slug":"sayac-ekleme","status":"publish","type":"page","link":"https:\/\/atauni.edu.tr\/web-kilavuzu\/sayac-ekleme\/","title":{"rendered":"Saya\u00e7 Ekleme"},"content":{"rendered":"\t\t<div data-elementor-type=\"wp-page\" data-elementor-id=\"8365\" class=\"elementor elementor-8365\" data-elementor-post-type=\"page\">\n\t\t\t\t\t\t<section class=\"elementor-section elementor-top-section elementor-element elementor-element-f3de08f elementor-section-boxed elementor-section-height-default elementor-section-height-default\" data-id=\"f3de08f\" data-element_type=\"section\">\n\t\t\t\t\t\t<div class=\"elementor-container elementor-column-gap-default\">\n\t\t\t\t\t<div class=\"elementor-column elementor-col-100 elementor-top-column elementor-element elementor-element-4b40160\" data-id=\"4b40160\" data-element_type=\"column\">\n\t\t\t<div class=\"elementor-widget-wrap elementor-element-populated\">\n\t\t\t\t\t\t<div class=\"elementor-element elementor-element-3196281 elementor-widget elementor-widget-spacer\" data-id=\"3196281\" data-element_type=\"widget\" data-widget_type=\"spacer.default\">\n\t\t\t\t<div class=\"elementor-widget-container\">\n\t\t\t\t\t\t\t<div class=\"elementor-spacer\">\n\t\t\t<div class=\"elementor-spacer-inner\"><\/div>\n\t\t<\/div>\n\t\t\t\t\t\t<\/div>\n\t\t\t\t<\/div>\n\t\t\t\t\t<\/div>\n\t\t<\/div>\n\t\t\t\t\t<\/div>\n\t\t<\/section>\n\t\t\t\t<section class=\"elementor-section elementor-top-section elementor-element elementor-element-ebc4068 elementor-section-boxed elementor-section-height-default elementor-section-height-default\" data-id=\"ebc4068\" data-element_type=\"section\">\n\t\t\t\t\t\t<div class=\"elementor-container elementor-column-gap-default\">\n\t\t\t\t\t<div class=\"elementor-column elementor-col-100 elementor-top-column elementor-element elementor-element-37bdfbf\" data-id=\"37bdfbf\" data-element_type=\"column\">\n\t\t\t<div class=\"elementor-widget-wrap elementor-element-populated\">\n\t\t\t\t\t\t<div class=\"elementor-element elementor-element-14a4119 elementor-widget elementor-widget-heading\" data-id=\"14a4119\" data-element_type=\"widget\" data-widget_type=\"heading.default\">\n\t\t\t\t<div class=\"elementor-widget-container\">\n\t\t\t\t\t<h2 class=\"elementor-heading-title elementor-size-default\">Saya\u00e7 Ekleme<\/h2>\t\t\t\t<\/div>\n\t\t\t\t<\/div>\n\t\t\t\t<div class=\"elementor-element elementor-element-32235a2 elementor-widget-divider--view-line elementor-widget elementor-widget-divider\" data-id=\"32235a2\" data-element_type=\"widget\" data-widget_type=\"divider.default\">\n\t\t\t\t<div class=\"elementor-widget-container\">\n\t\t\t\t\t\t\t<div class=\"elementor-divider\">\n\t\t\t<span class=\"elementor-divider-separator\">\n\t\t\t\t\t\t<\/span>\n\t\t<\/div>\n\t\t\t\t\t\t<\/div>\n\t\t\t\t<\/div>\n\t\t\t\t<div class=\"elementor-element elementor-element-fa59772 elementor-widget elementor-widget-text-editor\" data-id=\"fa59772\" data-element_type=\"widget\" data-widget_type=\"text-editor.default\">\n\t\t\t\t<div class=\"elementor-widget-container\">\n\t\t\t\t\t\t\t\t\t<p>Web sitesine hareketli saya\u00e7 eklemek, kullan\u0131c\u0131 deneyimini art\u0131ran ve etkile\u015fimi g\u00fc\u00e7lendiren dinamik bir \u00f6\u011fedir.\u00a0<\/p>\t\t\t\t\t\t\t\t<\/div>\n\t\t\t\t<\/div>\n\t\t\t\t\t<\/div>\n\t\t<\/div>\n\t\t\t\t\t<\/div>\n\t\t<\/section>\n\t\t\t\t<section class=\"elementor-section elementor-top-section elementor-element elementor-element-2e3e408 elementor-section-boxed elementor-section-height-default elementor-section-height-default\" data-id=\"2e3e408\" data-element_type=\"section\">\n\t\t\t\t\t\t<div class=\"elementor-container elementor-column-gap-default\">\n\t\t\t\t\t<div class=\"elementor-column elementor-col-100 elementor-top-column elementor-element elementor-element-36729c9\" data-id=\"36729c9\" data-element_type=\"column\">\n\t\t\t<div class=\"elementor-widget-wrap elementor-element-populated\">\n\t\t\t\t\t\t<div class=\"elementor-element elementor-element-c028e32 elementor-widget elementor-widget-spacer\" data-id=\"c028e32\" data-element_type=\"widget\" data-widget_type=\"spacer.default\">\n\t\t\t\t<div class=\"elementor-widget-container\">\n\t\t\t\t\t\t\t<div class=\"elementor-spacer\">\n\t\t\t<div class=\"elementor-spacer-inner\"><\/div>\n\t\t<\/div>\n\t\t\t\t\t\t<\/div>\n\t\t\t\t<\/div>\n\t\t\t\t\t<\/div>\n\t\t<\/div>\n\t\t\t\t\t<\/div>\n\t\t<\/section>\n\t\t\t\t<section class=\"elementor-section elementor-top-section elementor-element elementor-element-933b47b elementor-section-boxed elementor-section-height-default elementor-section-height-default\" data-id=\"933b47b\" data-element_type=\"section\">\n\t\t\t\t\t\t<div class=\"elementor-container elementor-column-gap-default\">\n\t\t\t\t\t<div class=\"elementor-column elementor-col-20 elementor-top-column elementor-element elementor-element-514621a\" data-id=\"514621a\" data-element_type=\"column\">\n\t\t\t<div class=\"elementor-widget-wrap elementor-element-populated\">\n\t\t\t\t\t\t<div class=\"elementor-element elementor-element-f64c9f5 elementor-widget elementor-widget-image\" data-id=\"f64c9f5\" data-element_type=\"widget\" data-widget_type=\"image.default\">\n\t\t\t\t<div class=\"elementor-widget-container\">\n\t\t\t\t\t\t\t\t\t\t\t\t\t\t\t<img fetchpriority=\"high\" decoding=\"async\" width=\"582\" height=\"712\" src=\"https:\/\/atauni.edu.tr\/web-kilavuzu\/wp-content\/uploads\/sites\/792\/2025\/02\/Ekran-Resmi-2025-02-19-11.11.36.png\" class=\"attachment-large size-large wp-image-8252\" alt=\"\" srcset=\"https:\/\/atauni.edu.tr\/web-kilavuzu\/wp-content\/uploads\/sites\/792\/2025\/02\/Ekran-Resmi-2025-02-19-11.11.36.png 582w, https:\/\/atauni.edu.tr\/web-kilavuzu\/wp-content\/uploads\/sites\/792\/2025\/02\/Ekran-Resmi-2025-02-19-11.11.36-245x300.png 245w, https:\/\/atauni.edu.tr\/web-kilavuzu\/wp-content\/uploads\/sites\/792\/2025\/02\/Ekran-Resmi-2025-02-19-11.11.36-490x600.png 490w, https:\/\/atauni.edu.tr\/web-kilavuzu\/wp-content\/uploads\/sites\/792\/2025\/02\/Ekran-Resmi-2025-02-19-11.11.36-458x560.png 458w\" sizes=\"(max-width: 582px) 100vw, 582px\" \/>\t\t\t\t\t\t\t\t\t\t\t\t\t\t\t<\/div>\n\t\t\t\t<\/div>\n\t\t\t\t<div class=\"elementor-element elementor-element-258e5f9 elementor-widget elementor-widget-text-editor\" data-id=\"258e5f9\" data-element_type=\"widget\" data-widget_type=\"text-editor.default\">\n\t\t\t\t<div class=\"elementor-widget-container\">\n\t\t\t\t\t\t\t\t\t<p>Saya\u00e7 kutucu\u011funu s\u00fcr\u00fckleyip sayac\u0131n\u0131z\u0131 konumland\u0131rmak istedi\u011finiz b\u00f6l\u00fcme b\u0131rak\u0131n\u0131z.\u00a0<\/p>\t\t\t\t\t\t\t\t<\/div>\n\t\t\t\t<\/div>\n\t\t\t\t\t<\/div>\n\t\t<\/div>\n\t\t\t\t<div class=\"elementor-column elementor-col-20 elementor-top-column elementor-element elementor-element-87bf96c\" data-id=\"87bf96c\" data-element_type=\"column\">\n\t\t\t<div class=\"elementor-widget-wrap elementor-element-populated\">\n\t\t\t\t\t\t<div class=\"elementor-element elementor-element-53c2b99 elementor-widget elementor-widget-image\" data-id=\"53c2b99\" data-element_type=\"widget\" data-widget_type=\"image.default\">\n\t\t\t\t<div class=\"elementor-widget-container\">\n\t\t\t\t\t\t\t\t\t\t\t\t\t\t\t<img decoding=\"async\" width=\"491\" height=\"1024\" src=\"https:\/\/atauni.edu.tr\/web-kilavuzu\/wp-content\/uploads\/sites\/792\/2025\/02\/Ekran-Resmi-2025-02-19-11.12.43-491x1024.png\" class=\"attachment-large size-large wp-image-8253\" alt=\"\" srcset=\"https:\/\/atauni.edu.tr\/web-kilavuzu\/wp-content\/uploads\/sites\/792\/2025\/02\/Ekran-Resmi-2025-02-19-11.12.43-491x1024.png 491w, https:\/\/atauni.edu.tr\/web-kilavuzu\/wp-content\/uploads\/sites\/792\/2025\/02\/Ekran-Resmi-2025-02-19-11.12.43-144x300.png 144w, https:\/\/atauni.edu.tr\/web-kilavuzu\/wp-content\/uploads\/sites\/792\/2025\/02\/Ekran-Resmi-2025-02-19-11.12.43-288x600.png 288w, https:\/\/atauni.edu.tr\/web-kilavuzu\/wp-content\/uploads\/sites\/792\/2025\/02\/Ekran-Resmi-2025-02-19-11.12.43-269x560.png 269w, https:\/\/atauni.edu.tr\/web-kilavuzu\/wp-content\/uploads\/sites\/792\/2025\/02\/Ekran-Resmi-2025-02-19-11.12.43.png 570w\" sizes=\"(max-width: 491px) 100vw, 491px\" \/>\t\t\t\t\t\t\t\t\t\t\t\t\t\t\t<\/div>\n\t\t\t\t<\/div>\n\t\t\t\t<div class=\"elementor-element elementor-element-a606c68 elementor-widget elementor-widget-text-editor\" data-id=\"a606c68\" data-element_type=\"widget\" data-widget_type=\"text-editor.default\">\n\t\t\t\t<div class=\"elementor-widget-container\">\n\t\t\t\t\t\t\t\t\t<p>Ba\u015flang\u0131\u00e7 ve biti\u015f say\u0131lar\u0131n\u0131 belirleyiniz.<\/p>\t\t\t\t\t\t\t\t<\/div>\n\t\t\t\t<\/div>\n\t\t\t\t\t<\/div>\n\t\t<\/div>\n\t\t\t\t<div class=\"elementor-column elementor-col-20 elementor-top-column elementor-element elementor-element-ac0877e\" data-id=\"ac0877e\" data-element_type=\"column\">\n\t\t\t<div class=\"elementor-widget-wrap elementor-element-populated\">\n\t\t\t\t\t\t<div class=\"elementor-element elementor-element-2693d87 elementor-widget elementor-widget-image\" data-id=\"2693d87\" data-element_type=\"widget\" data-widget_type=\"image.default\">\n\t\t\t\t<div class=\"elementor-widget-container\">\n\t\t\t\t\t\t\t\t\t\t\t\t\t\t\t<img decoding=\"async\" width=\"360\" height=\"1024\" src=\"https:\/\/atauni.edu.tr\/web-kilavuzu\/wp-content\/uploads\/sites\/792\/2025\/02\/Ekran-Resmi-2025-02-19-11.10.56-360x1024.png\" class=\"attachment-large size-large wp-image-8251\" alt=\"\" srcset=\"https:\/\/atauni.edu.tr\/web-kilavuzu\/wp-content\/uploads\/sites\/792\/2025\/02\/Ekran-Resmi-2025-02-19-11.10.56-360x1024.png 360w, https:\/\/atauni.edu.tr\/web-kilavuzu\/wp-content\/uploads\/sites\/792\/2025\/02\/Ekran-Resmi-2025-02-19-11.10.56-105x300.png 105w, https:\/\/atauni.edu.tr\/web-kilavuzu\/wp-content\/uploads\/sites\/792\/2025\/02\/Ekran-Resmi-2025-02-19-11.10.56-540x1536.png 540w, https:\/\/atauni.edu.tr\/web-kilavuzu\/wp-content\/uploads\/sites\/792\/2025\/02\/Ekran-Resmi-2025-02-19-11.10.56-211x600.png 211w, https:\/\/atauni.edu.tr\/web-kilavuzu\/wp-content\/uploads\/sites\/792\/2025\/02\/Ekran-Resmi-2025-02-19-11.10.56-197x560.png 197w, https:\/\/atauni.edu.tr\/web-kilavuzu\/wp-content\/uploads\/sites\/792\/2025\/02\/Ekran-Resmi-2025-02-19-11.10.56.png 584w\" sizes=\"(max-width: 360px) 100vw, 360px\" \/>\t\t\t\t\t\t\t\t\t\t\t\t\t\t\t<\/div>\n\t\t\t\t<\/div>\n\t\t\t\t\t<\/div>\n\t\t<\/div>\n\t\t\t\t<div class=\"elementor-column elementor-col-20 elementor-top-column elementor-element elementor-element-673bd4e\" data-id=\"673bd4e\" data-element_type=\"column\">\n\t\t\t<div class=\"elementor-widget-wrap elementor-element-populated\">\n\t\t\t\t\t\t<div class=\"elementor-element elementor-element-565b258 elementor-widget elementor-widget-image\" data-id=\"565b258\" data-element_type=\"widget\" data-widget_type=\"image.default\">\n\t\t\t\t<div class=\"elementor-widget-container\">\n\t\t\t\t\t\t\t\t\t\t\t\t\t\t\t<img loading=\"lazy\" decoding=\"async\" width=\"342\" height=\"1024\" src=\"https:\/\/atauni.edu.tr\/web-kilavuzu\/wp-content\/uploads\/sites\/792\/2025\/02\/Ekran-Resmi-2025-02-19-11.10.42-342x1024.png\" class=\"attachment-large size-large wp-image-8250\" alt=\"\" srcset=\"https:\/\/atauni.edu.tr\/web-kilavuzu\/wp-content\/uploads\/sites\/792\/2025\/02\/Ekran-Resmi-2025-02-19-11.10.42-342x1024.png 342w, https:\/\/atauni.edu.tr\/web-kilavuzu\/wp-content\/uploads\/sites\/792\/2025\/02\/Ekran-Resmi-2025-02-19-11.10.42-100x300.png 100w, https:\/\/atauni.edu.tr\/web-kilavuzu\/wp-content\/uploads\/sites\/792\/2025\/02\/Ekran-Resmi-2025-02-19-11.10.42-513x1536.png 513w, https:\/\/atauni.edu.tr\/web-kilavuzu\/wp-content\/uploads\/sites\/792\/2025\/02\/Ekran-Resmi-2025-02-19-11.10.42-200x600.png 200w, https:\/\/atauni.edu.tr\/web-kilavuzu\/wp-content\/uploads\/sites\/792\/2025\/02\/Ekran-Resmi-2025-02-19-11.10.42-187x560.png 187w, https:\/\/atauni.edu.tr\/web-kilavuzu\/wp-content\/uploads\/sites\/792\/2025\/02\/Ekran-Resmi-2025-02-19-11.10.42.png 590w\" sizes=\"(max-width: 342px) 100vw, 342px\" \/>\t\t\t\t\t\t\t\t\t\t\t\t\t\t\t<\/div>\n\t\t\t\t<\/div>\n\t\t\t\t\t<\/div>\n\t\t<\/div>\n\t\t\t\t<div class=\"elementor-column elementor-col-20 elementor-top-column elementor-element elementor-element-c2ed79c\" data-id=\"c2ed79c\" data-element_type=\"column\">\n\t\t\t<div class=\"elementor-widget-wrap elementor-element-populated\">\n\t\t\t\t\t\t<div class=\"elementor-element elementor-element-6666024 elementor-widget elementor-widget-image\" data-id=\"6666024\" data-element_type=\"widget\" data-widget_type=\"image.default\">\n\t\t\t\t<div class=\"elementor-widget-container\">\n\t\t\t\t\t\t\t\t\t\t\t\t\t\t\t<img loading=\"lazy\" decoding=\"async\" width=\"420\" height=\"104\" src=\"https:\/\/atauni.edu.tr\/web-kilavuzu\/wp-content\/uploads\/sites\/792\/2025\/02\/Ekran-Resmi-2025-02-19-10.02.20.png\" class=\"attachment-large size-large wp-image-8172\" alt=\"\" srcset=\"https:\/\/atauni.edu.tr\/web-kilavuzu\/wp-content\/uploads\/sites\/792\/2025\/02\/Ekran-Resmi-2025-02-19-10.02.20.png 420w, https:\/\/atauni.edu.tr\/web-kilavuzu\/wp-content\/uploads\/sites\/792\/2025\/02\/Ekran-Resmi-2025-02-19-10.02.20-300x74.png 300w\" sizes=\"(max-width: 420px) 100vw, 420px\" \/>\t\t\t\t\t\t\t\t\t\t\t\t\t\t\t<\/div>\n\t\t\t\t<\/div>\n\t\t\t\t<div class=\"elementor-element elementor-element-c56652c elementor-widget elementor-widget-text-editor\" data-id=\"c56652c\" data-element_type=\"widget\" data-widget_type=\"text-editor.default\">\n\t\t\t\t<div class=\"elementor-widget-container\">\n\t\t\t\t\t\t\t\t\t<p>Yay\u0131nla tu\u015funa bas\u0131p yay\u0131nlama i\u015flemini yapt\u0131ktan sonra g\u00f6z ikonuna t\u0131klayarak yay\u0131ndaki halini kontrol ediniz.<\/p>\t\t\t\t\t\t\t\t<\/div>\n\t\t\t\t<\/div>\n\t\t\t\t\t<\/div>\n\t\t<\/div>\n\t\t\t\t\t<\/div>\n\t\t<\/section>\n\t\t\t\t<section class=\"elementor-section elementor-top-section elementor-element elementor-element-0de6ec4 elementor-section-boxed elementor-section-height-default elementor-section-height-default\" data-id=\"0de6ec4\" data-element_type=\"section\">\n\t\t\t\t\t\t<div class=\"elementor-container elementor-column-gap-default\">\n\t\t\t\t\t<div class=\"elementor-column elementor-col-100 elementor-top-column elementor-element elementor-element-bd5d265\" data-id=\"bd5d265\" data-element_type=\"column\">\n\t\t\t<div class=\"elementor-widget-wrap elementor-element-populated\">\n\t\t\t\t\t\t<div class=\"elementor-element elementor-element-e47f093 elementor-widget elementor-widget-spacer\" data-id=\"e47f093\" data-element_type=\"widget\" data-widget_type=\"spacer.default\">\n\t\t\t\t<div class=\"elementor-widget-container\">\n\t\t\t\t\t\t\t<div class=\"elementor-spacer\">\n\t\t\t<div class=\"elementor-spacer-inner\"><\/div>\n\t\t<\/div>\n\t\t\t\t\t\t<\/div>\n\t\t\t\t<\/div>\n\t\t\t\t\t<\/div>\n\t\t<\/div>\n\t\t\t\t\t<\/div>\n\t\t<\/section>\n\t\t\t\t<\/div>\n\t\t","protected":false},"excerpt":{"rendered":"<p>Saya\u00e7 Ekleme Web sitesine hareketli saya\u00e7 eklemek, kullan\u0131c\u0131 deneyimini art\u0131ran ve etkile\u015fimi g\u00fc\u00e7lendiren dinamik bir \u00f6\u011fedir.\u00a0 Saya\u00e7 kutucu\u011funu s\u00fcr\u00fckleyip sayac\u0131n\u0131z\u0131 konumland\u0131rmak istedi\u011finiz b\u00f6l\u00fcme b\u0131rak\u0131n\u0131z.\u00a0 Ba\u015flang\u0131\u00e7 ve biti\u015f say\u0131lar\u0131n\u0131 belirleyiniz. Yay\u0131nla tu\u015funa bas\u0131p yay\u0131nlama i\u015flemini yapt\u0131ktan sonra g\u00f6z ikonuna t\u0131klayarak yay\u0131ndaki halini kontrol ediniz.<\/p>\n","protected":false},"author":239,"featured_media":0,"parent":0,"menu_order":0,"comment_status":"closed","ping_status":"closed","template":"elementor_header_footer","meta":{"footnotes":""},"class_list":["post-8365","page","type-page","status-publish","hentry"],"_links":{"self":[{"href":"https:\/\/atauni.edu.tr\/web-kilavuzu\/wp-json\/wp\/v2\/pages\/8365","targetHints":{"allow":["GET"]}}],"collection":[{"href":"https:\/\/atauni.edu.tr\/web-kilavuzu\/wp-json\/wp\/v2\/pages"}],"about":[{"href":"https:\/\/atauni.edu.tr\/web-kilavuzu\/wp-json\/wp\/v2\/types\/page"}],"author":[{"embeddable":true,"href":"https:\/\/atauni.edu.tr\/web-kilavuzu\/wp-json\/wp\/v2\/users\/239"}],"replies":[{"embeddable":true,"href":"https:\/\/atauni.edu.tr\/web-kilavuzu\/wp-json\/wp\/v2\/comments?post=8365"}],"version-history":[{"count":7,"href":"https:\/\/atauni.edu.tr\/web-kilavuzu\/wp-json\/wp\/v2\/pages\/8365\/revisions"}],"predecessor-version":[{"id":8919,"href":"https:\/\/atauni.edu.tr\/web-kilavuzu\/wp-json\/wp\/v2\/pages\/8365\/revisions\/8919"}],"wp:attachment":[{"href":"https:\/\/atauni.edu.tr\/web-kilavuzu\/wp-json\/wp\/v2\/media?parent=8365"}],"curies":[{"name":"wp","href":"https:\/\/api.w.org\/{rel}","templated":true}]}}